{"id":14468,"date":"2024-04-05T20:54:14","date_gmt":"2024-04-05T18:54:14","guid":{"rendered":"https:\/\/jovoh.com\/wickeln-mit-wolle\/"},"modified":"2025-03-20T21:42:51","modified_gmt":"2025-03-20T20:42:51","slug":"wickeln-mit-wolle","status":"publish","type":"page","link":"https:\/\/jovoh.com\/de\/wickeln-mit-wolle\/","title":{"rendered":"Wickeln mit Wolle"},"content":{"rendered":"\n<div class=\"wp-block-columns is-layout-flex wp-container-core-columns-is-layout-9d6595d7 wp-block-columns-is-layout-flex\">\n<div class=\"wp-block-column is-layout-flow wp-block-column-is-layout-flow\">\n<div class=\"wp-block-cover\"><span aria-hidden=\"true\" class=\"wp-block-cover__background has-background-dim-10 has-background-dim\"><\/span><img loading=\"lazy\" decoding=\"async\" width=\"2560\" height=\"2560\" class=\"wp-block-cover__image-background wp-image-12253\" alt=\"\" src=\"https:\/\/jovoh.com\/wp-content\/uploads\/2023\/09\/IMG_9376-scaled.jpg\" data-object-fit=\"cover\" srcset=\"https:\/\/jovoh.com\/wp-content\/uploads\/2023\/09\/IMG_9376-scaled.jpg 2560w, https:\/\/jovoh.com\/wp-content\/uploads\/2023\/09\/IMG_9376-300x300.jpg 300w, https:\/\/jovoh.com\/wp-content\/uploads\/2023\/09\/IMG_9376-1024x1024.jpg 1024w, https:\/\/jovoh.com\/wp-content\/uploads\/2023\/09\/IMG_9376-150x150.jpg 150w, https:\/\/jovoh.com\/wp-content\/uploads\/2023\/09\/IMG_9376-768x768.jpg 768w, https:\/\/jovoh.com\/wp-content\/uploads\/2023\/09\/IMG_9376-1536x1536.jpg 1536w, https:\/\/jovoh.com\/wp-content\/uploads\/2023\/09\/IMG_9376-2048x2048.jpg 2048w, https:\/\/jovoh.com\/wp-content\/uploads\/2023\/09\/IMG_9376-600x600.jpg 600w, https:\/\/jovoh.com\/wp-content\/uploads\/2023\/09\/IMG_9376-100x100.jpg 100w\" sizes=\"auto, (max-width: 2560px) 100vw, 2560px\" \/><div class=\"wp-block-cover__inner-container is-layout-flow wp-block-cover-is-layout-flow\">\n<p class=\"has-text-align-center has-white-color has-text-color has-link-color has-large-font-size wp-elements-6f570e9dc231c1bd74ace05efb00a650\"><a href=\"https:\/\/jovoh.com\/de\/meine-erste-wollwindel-2\/\" data-type=\"link\" data-id=\"https:\/\/jovoh.com\/my-first-wool-nappy\/\" target=\"_blank\" rel=\"noreferrer noopener\">Erste Schritte<\/a><\/p>\n<\/div><\/div>\n<\/div>\n\n\n\n<div class=\"wp-block-column is-layout-flow wp-block-column-is-layout-flow\">\n<div class=\"wp-block-cover is-light\"><span aria-hidden=\"true\" class=\"wp-block-cover__background has-background-dim-10 has-background-dim\" style=\"background-color:#91806b\"><\/span><img loading=\"lazy\" decoding=\"async\" width=\"2560\" height=\"1707\" class=\"wp-block-cover__image-background wp-image-28969\" alt=\"Baby standing\" src=\"https:\/\/jovoh.com\/wp-content\/uploads\/2024\/12\/K5A8472-scaled.jpg\" style=\"object-position:12% 47%\" data-object-fit=\"cover\" data-object-position=\"12% 47%\" srcset=\"https:\/\/jovoh.com\/wp-content\/uploads\/2024\/12\/K5A8472-scaled.jpg 2560w, https:\/\/jovoh.com\/wp-content\/uploads\/2024\/12\/K5A8472-300x200.jpg 300w, https:\/\/jovoh.com\/wp-content\/uploads\/2024\/12\/K5A8472-1024x683.jpg 1024w, https:\/\/jovoh.com\/wp-content\/uploads\/2024\/12\/K5A8472-768x512.jpg 768w, https:\/\/jovoh.com\/wp-content\/uploads\/2024\/12\/K5A8472-1536x1024.jpg 1536w, https:\/\/jovoh.com\/wp-content\/uploads\/2024\/12\/K5A8472-2048x1365.jpg 2048w, https:\/\/jovoh.com\/wp-content\/uploads\/2024\/12\/K5A8472-600x400.jpg 600w\" sizes=\"auto, (max-width: 2560px) 100vw, 2560px\" \/><div class=\"wp-block-cover__inner-container is-layout-flow wp-block-cover-is-layout-flow\">\n<p class=\"has-text-align-center has-white-color has-text-color has-link-color has-large-font-size wp-elements-c14d2f8e7623b41b00d3b318594910ea\"><a href=\"https:\/\/jovoh.com\/de\/das-wickelsystem-von-jovoh\/\" data-type=\"link\" data-id=\"https:\/\/jovoh.com\/the-jovoh-system\/\" target=\"_blank\" rel=\"noreferrer noopener\">Das Wickelsystem von Jovoh<\/a><\/p>\n<\/div><\/div>\n<\/div>\n\n\n\n<div class=\"wp-block-column is-layout-flow wp-block-column-is-layout-flow\">\n<div class=\"wp-block-cover\"><span aria-hidden=\"true\" class=\"wp-block-cover__background has-background-dim-20 has-background-dim\" style=\"background-color:#857a6c\"><\/span><img loading=\"lazy\" decoding=\"async\" width=\"2560\" height=\"2560\" class=\"wp-block-cover__image-background wp-image-26166\" alt=\"Get started with wool - Caring for wool\" src=\"https:\/\/jovoh.com\/wp-content\/uploads\/2024\/10\/IMG_6688-scaled.jpg\" data-object-fit=\"cover\" srcset=\"https:\/\/jovoh.com\/wp-content\/uploads\/2024\/10\/IMG_6688-scaled.jpg 2560w, https:\/\/jovoh.com\/wp-content\/uploads\/2024\/10\/IMG_6688-300x300.jpg 300w, https:\/\/jovoh.com\/wp-content\/uploads\/2024\/10\/IMG_6688-1024x1024.jpg 1024w, https:\/\/jovoh.com\/wp-content\/uploads\/2024\/10\/IMG_6688-150x150.jpg 150w, https:\/\/jovoh.com\/wp-content\/uploads\/2024\/10\/IMG_6688-768x768.jpg 768w, https:\/\/jovoh.com\/wp-content\/uploads\/2024\/10\/IMG_6688-1536x1536.jpg 1536w, https:\/\/jovoh.com\/wp-content\/uploads\/2024\/10\/IMG_6688-2048x2048.jpg 2048w, https:\/\/jovoh.com\/wp-content\/uploads\/2024\/10\/IMG_6688-600x600.jpg 600w, https:\/\/jovoh.com\/wp-content\/uploads\/2024\/10\/IMG_6688-100x100.jpg 100w\" sizes=\"auto, (max-width: 2560px) 100vw, 2560px\" \/><div class=\"wp-block-cover__inner-container is-layout-flow wp-block-cover-is-layout-flow\">\n<p class=\"has-text-align-center has-white-color has-text-color has-link-color has-large-font-size wp-elements-63a637d82184ea6c9d4952e109a4f2ad\"><a href=\"https:\/\/jovoh.com\/de\/pflege-von-wollwindeln\/\" data-type=\"link\" data-id=\"https:\/\/jovoh.com\/care-of-wool-diaper\/\" target=\"_blank\" rel=\"noreferrer noopener\">Waschen und pflegen<\/a><\/p>\n<\/div><\/div>\n<\/div>\n<\/div>\n\n<div class=\"wp-block-columns is-layout-flex wp-container-core-columns-is-layout-9d6595d7 wp-block-columns-is-layout-flex\">\n<div class=\"wp-block-column is-layout-flow wp-block-column-is-layout-flow\">\n<div class=\"wp-block-cover\"><span aria-hidden=\"true\" class=\"wp-block-cover__background has-background-dim-10 has-background-dim\"><\/span><img loading=\"lazy\" decoding=\"async\" width=\"1024\" height=\"1024\" class=\"wp-block-cover__image-background wp-image-13672\" alt=\"\" src=\"https:\/\/jovoh.com\/wp-content\/uploads\/2023\/11\/Zwischenuberschrift-hinzufugen-3-1024x1024.png\" data-object-fit=\"cover\" srcset=\"https:\/\/jovoh.com\/wp-content\/uploads\/2023\/11\/Zwischenuberschrift-hinzufugen-3-1024x1024.png 1024w, https:\/\/jovoh.com\/wp-content\/uploads\/2023\/11\/Zwischenuberschrift-hinzufugen-3-300x300.png 300w, https:\/\/jovoh.com\/wp-content\/uploads\/2023\/11\/Zwischenuberschrift-hinzufugen-3-150x150.png 150w, https:\/\/jovoh.com\/wp-content\/uploads\/2023\/11\/Zwischenuberschrift-hinzufugen-3-768x768.png 768w, https:\/\/jovoh.com\/wp-content\/uploads\/2023\/11\/Zwischenuberschrift-hinzufugen-3-600x600.png 600w, https:\/\/jovoh.com\/wp-content\/uploads\/2023\/11\/Zwischenuberschrift-hinzufugen-3-100x100.png 100w, https:\/\/jovoh.com\/wp-content\/uploads\/2023\/11\/Zwischenuberschrift-hinzufugen-3-916x916.png 916w, https:\/\/jovoh.com\/wp-content\/uploads\/2023\/11\/Zwischenuberschrift-hinzufugen-3-458x458.png 458w, https:\/\/jovoh.com\/wp-content\/uploads\/2023\/11\/Zwischenuberschrift-hinzufugen-3-730x730.png 730w, https:\/\/jovoh.com\/wp-content\/uploads\/2023\/11\/Zwischenuberschrift-hinzufugen-3-365x365.png 365w, https:\/\/jovoh.com\/wp-content\/uploads\/2023\/11\/Zwischenuberschrift-hinzufugen-3-536x536.png 536w, https:\/\/jovoh.com\/wp-content\/uploads\/2023\/11\/Zwischenuberschrift-hinzufugen-3-268x268.png 268w, https:\/\/jovoh.com\/wp-content\/uploads\/2023\/11\/Zwischenuberschrift-hinzufugen-3.png 1080w\" sizes=\"auto, (max-width: 1024px) 100vw, 1024px\" \/><div class=\"wp-block-cover__inner-container is-layout-flow wp-block-cover-is-layout-flow\">\n<p class=\"has-text-align-center has-white-color has-text-color has-link-color has-large-font-size wp-elements-2f18d079b6f8374b37294baacd8164a1\"><a href=\"https:\/\/jovoh.com\/de\/vorteile-von-wollwindeln\/\" data-type=\"link\" data-id=\"https:\/\/jovoh.com\/advantages-of-wool-nappies\/\" target=\"_blank\" rel=\"noreferrer noopener\">Vorteile von Wolle<\/a><\/p>\n<\/div><\/div>\n<\/div>\n\n\n\n<div class=\"wp-block-column is-layout-flow wp-block-column-is-layout-flow\">\n<div class=\"wp-block-cover is-light\"><span aria-hidden=\"true\" class=\"wp-block-cover__background has-background-dim-10 has-background-dim\"><\/span><img loading=\"lazy\" decoding=\"async\" width=\"2560\" height=\"2560\" class=\"wp-block-cover__image-background wp-image-19618\" alt=\"\" src=\"https:\/\/jovoh.com\/wp-content\/uploads\/2024\/08\/IMG_8164-scaled.jpeg\" data-object-fit=\"cover\" srcset=\"https:\/\/jovoh.com\/wp-content\/uploads\/2024\/08\/IMG_8164-scaled.jpeg 2560w, https:\/\/jovoh.com\/wp-content\/uploads\/2024\/08\/IMG_8164-300x300.jpeg 300w, https:\/\/jovoh.com\/wp-content\/uploads\/2024\/08\/IMG_8164-1024x1024.jpeg 1024w, https:\/\/jovoh.com\/wp-content\/uploads\/2024\/08\/IMG_8164-150x150.jpeg 150w, https:\/\/jovoh.com\/wp-content\/uploads\/2024\/08\/IMG_8164-768x768.jpeg 768w, https:\/\/jovoh.com\/wp-content\/uploads\/2024\/08\/IMG_8164-1536x1536.jpeg 1536w, https:\/\/jovoh.com\/wp-content\/uploads\/2024\/08\/IMG_8164-2048x2048.jpeg 2048w, https:\/\/jovoh.com\/wp-content\/uploads\/2024\/08\/IMG_8164-600x600.jpeg 600w, https:\/\/jovoh.com\/wp-content\/uploads\/2024\/08\/IMG_8164-100x100.jpeg 100w\" sizes=\"auto, (max-width: 2560px) 100vw, 2560px\" \/><div class=\"wp-block-cover__inner-container is-layout-flow wp-block-cover-is-layout-flow\">\n<p class=\"has-text-align-center has-white-color has-text-color has-link-color has-large-font-size wp-elements-bfaacdfc9d865a883009b7046c846c1c\"><a href=\"https:\/\/jovoh.com\/de\/wolltypen\/\" data-type=\"link\" data-id=\"https:\/\/jovoh.com\/wool-types\/\" target=\"_blank\" rel=\"noreferrer noopener\">Wolltypen<\/a><\/p>\n<\/div><\/div>\n<\/div>\n\n\n\n<div class=\"wp-block-column is-layout-flow wp-block-column-is-layout-flow\">\n<div class=\"wp-block-cover\"><span aria-hidden=\"true\" class=\"wp-block-cover__background has-background-dim-20 has-background-dim\"><\/span><img loading=\"lazy\" decoding=\"async\" width=\"1024\" height=\"1024\" class=\"wp-block-cover__image-background wp-image-13695\" alt=\"\" src=\"https:\/\/jovoh.com\/wp-content\/uploads\/2023\/08\/IMG_3193-1024x1024.jpg\" data-object-fit=\"cover\" srcset=\"https:\/\/jovoh.com\/wp-content\/uploads\/2023\/08\/IMG_3193-1024x1024.jpg 1024w, https:\/\/jovoh.com\/wp-content\/uploads\/2023\/08\/IMG_3193-300x300.jpg 300w, https:\/\/jovoh.com\/wp-content\/uploads\/2023\/08\/IMG_3193-150x150.jpg 150w, https:\/\/jovoh.com\/wp-content\/uploads\/2023\/08\/IMG_3193-768x768.jpg 768w, https:\/\/jovoh.com\/wp-content\/uploads\/2023\/08\/IMG_3193-1536x1536.jpg 1536w, https:\/\/jovoh.com\/wp-content\/uploads\/2023\/08\/IMG_3193-2048x2048.jpg 2048w, https:\/\/jovoh.com\/wp-content\/uploads\/2023\/08\/IMG_3193-600x600.jpg 600w, https:\/\/jovoh.com\/wp-content\/uploads\/2023\/08\/IMG_3193-100x100.jpg 100w, https:\/\/jovoh.com\/wp-content\/uploads\/2023\/08\/IMG_3193-scaled-916x916.jpg 916w, https:\/\/jovoh.com\/wp-content\/uploads\/2023\/08\/IMG_3193-scaled-458x458.jpg 458w, https:\/\/jovoh.com\/wp-content\/uploads\/2023\/08\/IMG_3193-scaled-730x730.jpg 730w, https:\/\/jovoh.com\/wp-content\/uploads\/2023\/08\/IMG_3193-scaled-365x365.jpg 365w, https:\/\/jovoh.com\/wp-content\/uploads\/2023\/08\/IMG_3193-scaled-536x536.jpg 536w, https:\/\/jovoh.com\/wp-content\/uploads\/2023\/08\/IMG_3193-scaled-268x268.jpg 268w\" sizes=\"auto, (max-width: 1024px) 100vw, 1024px\" \/><div class=\"wp-block-cover__inner-container is-layout-flow wp-block-cover-is-layout-flow\">\n<p class=\"has-text-align-center has-white-color has-text-color has-link-color has-large-font-size wp-elements-4819d4b1a60b029b8e244fca6f0b76fd\"><a href=\"https:\/\/jovoh.com\/de\/saugeinlagen\/\" data-type=\"link\" data-id=\"https:\/\/jovoh.com\/absorbing-inserts\/\" target=\"_blank\" rel=\"noreferrer noopener\">Saugeinlagen<\/a><\/p>\n<\/div><\/div>\n<\/div>\n<\/div>\n","protected":false},"excerpt":{"rendered":"","protected":false},"author":1,"featured_media":0,"parent":0,"menu_order":0,"comment_status":"closed","ping_status":"closed","template":"","meta":{"kt_blocks_editor_width":"","footnotes":""},"class_list":["post-14468","page","type-page","status-publish","hentry"],"yoast_head":"<!-- This site is optimized with the Yoast SEO plugin v27.5 - https:\/\/yoast.com\/product\/yoast-seo-wordpress\/ -->\n<title>Wickeln mit Wolle -<\/title>\n<meta name=\"description\" content=\"Alles, was du \u00fcber Windeln aus Bio-Merinowolle wissen musst. Nat\u00fcrliche Materialien, f\u00fcr eine gesunde Kindheit voller Bewusstsein und Liebe.\" \/>\n<meta name=\"robots\" content=\"index, follow, max-snippet:-1, max-image-preview:large, max-video-preview:-1\" \/>\n<link rel=\"canonical\" href=\"https:\/\/jovoh.com\/de\/wickeln-mit-wolle\/\" \/>\n<meta property=\"og:locale\" content=\"de_DE\" \/>\n<meta property=\"og:type\" content=\"article\" \/>\n<meta property=\"og:title\" content=\"Wickeln mit Wolle -\" \/>\n<meta property=\"og:description\" content=\"Alles, was du \u00fcber Windeln aus Bio-Merinowolle wissen musst. Nat\u00fcrliche Materialien, f\u00fcr eine gesunde Kindheit voller Bewusstsein und Liebe.\" \/>\n<meta property=\"og:url\" content=\"https:\/\/jovoh.com\/de\/wickeln-mit-wolle\/\" \/>\n<meta property=\"article:publisher\" content=\"https:\/\/www.instagram.com\/jovoh_nappy\/\" \/>\n<meta property=\"article:modified_time\" content=\"2025-03-20T20:42:51+00:00\" \/>\n<meta property=\"og:image\" content=\"https:\/\/jovoh.com\/wp-content\/uploads\/2023\/09\/IMG_9376-scaled.jpg\" \/>\n\t<meta property=\"og:image:width\" content=\"2560\" \/>\n\t<meta property=\"og:image:height\" content=\"2560\" \/>\n\t<meta property=\"og:image:type\" content=\"image\/jpeg\" \/>\n<meta name=\"twitter:card\" content=\"summary_large_image\" \/>\n<script type=\"application\/ld+json\" class=\"yoast-schema-graph\">{\"@context\":\"https:\\\/\\\/schema.org\",\"@graph\":[{\"@type\":\"WebPage\",\"@id\":\"https:\\\/\\\/jovoh.com\\\/de\\\/wickeln-mit-wolle\\\/\",\"url\":\"https:\\\/\\\/jovoh.com\\\/de\\\/wickeln-mit-wolle\\\/\",\"name\":\"Wickeln mit Wolle -\",\"isPartOf\":{\"@id\":\"https:\\\/\\\/jovoh.com\\\/de\\\/#website\"},\"primaryImageOfPage\":{\"@id\":\"https:\\\/\\\/jovoh.com\\\/de\\\/wickeln-mit-wolle\\\/#primaryimage\"},\"image\":{\"@id\":\"https:\\\/\\\/jovoh.com\\\/de\\\/wickeln-mit-wolle\\\/#primaryimage\"},\"thumbnailUrl\":\"https:\\\/\\\/jovoh.com\\\/wp-content\\\/uploads\\\/2023\\\/09\\\/IMG_9376-scaled.jpg\",\"datePublished\":\"2024-04-05T18:54:14+00:00\",\"dateModified\":\"2025-03-20T20:42:51+00:00\",\"description\":\"Alles, was du \u00fcber Windeln aus Bio-Merinowolle wissen musst. Nat\u00fcrliche Materialien, f\u00fcr eine gesunde Kindheit voller Bewusstsein und Liebe.\",\"breadcrumb\":{\"@id\":\"https:\\\/\\\/jovoh.com\\\/de\\\/wickeln-mit-wolle\\\/#breadcrumb\"},\"inLanguage\":\"de-DE\",\"potentialAction\":[{\"@type\":\"ReadAction\",\"target\":[\"https:\\\/\\\/jovoh.com\\\/de\\\/wickeln-mit-wolle\\\/\"]}]},{\"@type\":\"ImageObject\",\"inLanguage\":\"de-DE\",\"@id\":\"https:\\\/\\\/jovoh.com\\\/de\\\/wickeln-mit-wolle\\\/#primaryimage\",\"url\":\"https:\\\/\\\/jovoh.com\\\/wp-content\\\/uploads\\\/2023\\\/09\\\/IMG_9376-scaled.jpg\",\"contentUrl\":\"https:\\\/\\\/jovoh.com\\\/wp-content\\\/uploads\\\/2023\\\/09\\\/IMG_9376-scaled.jpg\"},{\"@type\":\"BreadcrumbList\",\"@id\":\"https:\\\/\\\/jovoh.com\\\/de\\\/wickeln-mit-wolle\\\/#breadcrumb\",\"itemListElement\":[{\"@type\":\"ListItem\",\"position\":1,\"name\":\"Home\",\"item\":\"https:\\\/\\\/jovoh.com\\\/de\\\/\"},{\"@type\":\"ListItem\",\"position\":2,\"name\":\"Wickeln mit Wolle\"}]},{\"@type\":\"WebSite\",\"@id\":\"https:\\\/\\\/jovoh.com\\\/de\\\/#website\",\"url\":\"https:\\\/\\\/jovoh.com\\\/de\\\/\",\"name\":\"jovoh\",\"description\":\"\",\"publisher\":{\"@id\":\"https:\\\/\\\/jovoh.com\\\/de\\\/#organization\"},\"potentialAction\":[{\"@type\":\"SearchAction\",\"target\":{\"@type\":\"EntryPoint\",\"urlTemplate\":\"https:\\\/\\\/jovoh.com\\\/de\\\/?s={search_term_string}\"},\"query-input\":{\"@type\":\"PropertyValueSpecification\",\"valueRequired\":true,\"valueName\":\"search_term_string\"}}],\"inLanguage\":\"de-DE\"},{\"@type\":\"Organization\",\"@id\":\"https:\\\/\\\/jovoh.com\\\/de\\\/#organization\",\"name\":\"Jovoh Design\",\"url\":\"https:\\\/\\\/jovoh.com\\\/de\\\/\",\"logo\":{\"@type\":\"ImageObject\",\"inLanguage\":\"de-DE\",\"@id\":\"https:\\\/\\\/jovoh.com\\\/de\\\/#\\\/schema\\\/logo\\\/image\\\/\",\"url\":\"https:\\\/\\\/jovoh.com\\\/wp-content\\\/uploads\\\/2024\\\/09\\\/Untitled_Artwork.png\",\"contentUrl\":\"https:\\\/\\\/jovoh.com\\\/wp-content\\\/uploads\\\/2024\\\/09\\\/Untitled_Artwork.png\",\"width\":1420,\"height\":929,\"caption\":\"Jovoh Design\"},\"image\":{\"@id\":\"https:\\\/\\\/jovoh.com\\\/de\\\/#\\\/schema\\\/logo\\\/image\\\/\"},\"sameAs\":[\"https:\\\/\\\/www.instagram.com\\\/jovoh_nappy\\\/\"]}]}<\/script>\n<!-- \/ Yoast SEO plugin. -->","yoast_head_json":{"title":"Wickeln mit Wolle -","description":"Alles, was du \u00fcber Windeln aus Bio-Merinowolle wissen musst. Nat\u00fcrliche Materialien, f\u00fcr eine gesunde Kindheit voller Bewusstsein und Liebe.","robots":{"index":"index","follow":"follow","max-snippet":"max-snippet:-1","max-image-preview":"max-image-preview:large","max-video-preview":"max-video-preview:-1"},"canonical":"https:\/\/jovoh.com\/de\/wickeln-mit-wolle\/","og_locale":"de_DE","og_type":"article","og_title":"Wickeln mit Wolle -","og_description":"Alles, was du \u00fcber Windeln aus Bio-Merinowolle wissen musst. Nat\u00fcrliche Materialien, f\u00fcr eine gesunde Kindheit voller Bewusstsein und Liebe.","og_url":"https:\/\/jovoh.com\/de\/wickeln-mit-wolle\/","article_publisher":"https:\/\/www.instagram.com\/jovoh_nappy\/","article_modified_time":"2025-03-20T20:42:51+00:00","og_image":[{"width":2560,"height":2560,"url":"https:\/\/jovoh.com\/wp-content\/uploads\/2023\/09\/IMG_9376-scaled.jpg","type":"image\/jpeg"}],"twitter_card":"summary_large_image","schema":{"@context":"https:\/\/schema.org","@graph":[{"@type":"WebPage","@id":"https:\/\/jovoh.com\/de\/wickeln-mit-wolle\/","url":"https:\/\/jovoh.com\/de\/wickeln-mit-wolle\/","name":"Wickeln mit Wolle -","isPartOf":{"@id":"https:\/\/jovoh.com\/de\/#website"},"primaryImageOfPage":{"@id":"https:\/\/jovoh.com\/de\/wickeln-mit-wolle\/#primaryimage"},"image":{"@id":"https:\/\/jovoh.com\/de\/wickeln-mit-wolle\/#primaryimage"},"thumbnailUrl":"https:\/\/jovoh.com\/wp-content\/uploads\/2023\/09\/IMG_9376-scaled.jpg","datePublished":"2024-04-05T18:54:14+00:00","dateModified":"2025-03-20T20:42:51+00:00","description":"Alles, was du \u00fcber Windeln aus Bio-Merinowolle wissen musst. Nat\u00fcrliche Materialien, f\u00fcr eine gesunde Kindheit voller Bewusstsein und Liebe.","breadcrumb":{"@id":"https:\/\/jovoh.com\/de\/wickeln-mit-wolle\/#breadcrumb"},"inLanguage":"de-DE","potentialAction":[{"@type":"ReadAction","target":["https:\/\/jovoh.com\/de\/wickeln-mit-wolle\/"]}]},{"@type":"ImageObject","inLanguage":"de-DE","@id":"https:\/\/jovoh.com\/de\/wickeln-mit-wolle\/#primaryimage","url":"https:\/\/jovoh.com\/wp-content\/uploads\/2023\/09\/IMG_9376-scaled.jpg","contentUrl":"https:\/\/jovoh.com\/wp-content\/uploads\/2023\/09\/IMG_9376-scaled.jpg"},{"@type":"BreadcrumbList","@id":"https:\/\/jovoh.com\/de\/wickeln-mit-wolle\/#breadcrumb","itemListElement":[{"@type":"ListItem","position":1,"name":"Home","item":"https:\/\/jovoh.com\/de\/"},{"@type":"ListItem","position":2,"name":"Wickeln mit Wolle"}]},{"@type":"WebSite","@id":"https:\/\/jovoh.com\/de\/#website","url":"https:\/\/jovoh.com\/de\/","name":"jovoh","description":"","publisher":{"@id":"https:\/\/jovoh.com\/de\/#organization"},"potentialAction":[{"@type":"SearchAction","target":{"@type":"EntryPoint","urlTemplate":"https:\/\/jovoh.com\/de\/?s={search_term_string}"},"query-input":{"@type":"PropertyValueSpecification","valueRequired":true,"valueName":"search_term_string"}}],"inLanguage":"de-DE"},{"@type":"Organization","@id":"https:\/\/jovoh.com\/de\/#organization","name":"Jovoh Design","url":"https:\/\/jovoh.com\/de\/","logo":{"@type":"ImageObject","inLanguage":"de-DE","@id":"https:\/\/jovoh.com\/de\/#\/schema\/logo\/image\/","url":"https:\/\/jovoh.com\/wp-content\/uploads\/2024\/09\/Untitled_Artwork.png","contentUrl":"https:\/\/jovoh.com\/wp-content\/uploads\/2024\/09\/Untitled_Artwork.png","width":1420,"height":929,"caption":"Jovoh Design"},"image":{"@id":"https:\/\/jovoh.com\/de\/#\/schema\/logo\/image\/"},"sameAs":["https:\/\/www.instagram.com\/jovoh_nappy\/"]}]}},"_links":{"self":[{"href":"https:\/\/jovoh.com\/de\/wp-json\/wp\/v2\/pages\/14468","targetHints":{"allow":["GET"]}}],"collection":[{"href":"https:\/\/jovoh.com\/de\/wp-json\/wp\/v2\/pages"}],"about":[{"href":"https:\/\/jovoh.com\/de\/wp-json\/wp\/v2\/types\/page"}],"author":[{"embeddable":true,"href":"https:\/\/jovoh.com\/de\/wp-json\/wp\/v2\/users\/1"}],"replies":[{"embeddable":true,"href":"https:\/\/jovoh.com\/de\/wp-json\/wp\/v2\/comments?post=14468"}],"version-history":[{"count":2,"href":"https:\/\/jovoh.com\/de\/wp-json\/wp\/v2\/pages\/14468\/revisions"}],"predecessor-version":[{"id":33619,"href":"https:\/\/jovoh.com\/de\/wp-json\/wp\/v2\/pages\/14468\/revisions\/33619"}],"wp:attachment":[{"href":"https:\/\/jovoh.com\/de\/wp-json\/wp\/v2\/media?parent=14468"}],"curies":[{"name":"wp","href":"https:\/\/api.w.org\/{rel}","templated":true}]}}