{"id":30910,"date":"2025-01-04T13:21:02","date_gmt":"2025-01-04T12:21:02","guid":{"rendered":"https:\/\/jovoh.com\/wollwindeln-mieten\/"},"modified":"2025-01-04T13:21:02","modified_gmt":"2025-01-04T12:21:02","slug":"wollwindeln-mieten","status":"publish","type":"page","link":"https:\/\/jovoh.com\/de\/wollwindeln-mieten\/","title":{"rendered":"Wollwindeln mieten"},"content":{"rendered":"\n<p>Bist du dir noch unsicher, ob Wollwindeln dein Leben tats\u00e4chlich bereichern werden? Dann mieten dir deine Wollwindeln. In Zusammenarbeit mit Evelien von Bamboobum bieten wir die M\u00f6glichkeit, ein Mietpaket zu bestellen. Sie hat zwei Merinowollpakete, die f\u00fcr ein Neugeborenes und ein Baby\/Kleinkind gedacht sind.    <\/p>\n\n<p>Wollwindeln zu mieten ist aus einer spontanen Idee heraus entstanden. Wir haben uns zuf\u00e4llig auf einem Markt getroffen und uns auf Anhieb so gut verstanden, dass wir beschlossen haben, dieses Projekt gemeinsam auf die Beine zu stellen. F\u00fcr mich ist es eine wunderbare Gelegenheit, meinen Kunden die M\u00f6glichkeit zu bieten, Wollwindeln zu testen, bevor sie ihre eigenen kaufen. Vielen Dank, liebe Evelien!   <\/p>\n\n<p><a href=\"https:\/\/www.bamboobum.nl\/wol\">Auf der Bamboobum-Website<\/a> findest du weitere Informationen \u00fcber die Mietbedingungen, die verschiedenen Optionen und die Verf\u00fcgbarkeit. Noch Fragen? <a href=\"https:\/\/www.bamboobum.nl\/contact\">Dann nimm direkt Kontakt mit Evelien von Bamboobum auf<\/a>. <\/p>\n<style>.wp-block-kadence-spacer.kt-block-spacer-30881_bb4138-f4 .kt-block-spacer{height:60px;}.wp-block-kadence-spacer.kt-block-spacer-30881_bb4138-f4 .kt-divider{border-top-width:1px;height:1px;border-top-color:#eee;width:80%;border-top-style:solid;}<\/style>\n<div class=\"wp-block-kadence-spacer aligncenter kt-block-spacer-30881_bb4138-f4\"><div class=\"kt-block-spacer kt-block-spacer-halign-center\"><hr class=\"kt-divider\"\/><\/div><\/div>\n\n<div class=\"wp-block-columns is-layout-flex wp-container-core-columns-is-layout-9d6595d7 wp-block-columns-is-layout-flex\">\n<div class=\"wp-block-column is-layout-flow wp-block-column-is-layout-flow\">\n<h3 class=\"wp-block-heading\">Neugeborenenpaket &#8211; Gr\u00f6\u00dfe 1 (3,5 &#8211; 7 kg)<\/h3>\n\n\n\n<p>3 Jovoh Woll\u00fcberhosen (Gr\u00f6\u00dfe 1) &#8211; Merinowolle mit Baumwolle, davon eine mit Verkleinerungsdruckkn\u00f6pfen (ideal f\u00fcr zarte Neugeborene) und eine aus 100% Merinowolle. <\/p>\n\n\n\n<p><a href=\"https:\/\/jovoh.com\/de\/saugeinlagen\/\">Jovoh&#8217;s eigene Saugeinlagen<\/a>:<br\/>10 Baumwolle\/Hanf Flat<br\/>13 Baumwolle Liner<br\/>3 Mullwindeln<br\/>6 Hanf Booster | lang<br\/>2 Hanf Booster | kurz<br\/>1 Windelklammer<\/p>\n\n\n\n<p>Andere Saugeinlagen:<br\/>6 H\u00f6schenwindeln Hu-Da<br\/>6 Waschbare Einlagen<\/p>\n\n\n\n<p><a href=\"https:\/\/jovoh.com\/de\/produkt-kategorie\/accessoires-de\/\">Zubeh\u00f6r<\/a>:<br\/>1 Lanoline<br\/>1 Bio-Wollwaschseife<br\/>1 Olivenseifenflocken<br\/>1 B\u00fcrste<br\/>1 EcoMini Wetbag (f\u00fcr unterwegs)<br\/>1 Waschnetz (passt in einen 10-20L Eimer)<\/p>\n<\/div>\n\n\n\n<div class=\"wp-block-column is-layout-flow wp-block-column-is-layout-flow\">\n<figure class=\"wp-block-image size-large\"><img loading=\"lazy\" decoding=\"async\" width=\"1024\" height=\"1024\" src=\"https:\/\/jovoh.com\/wp-content\/uploads\/2023\/07\/image00003-Kopie-1024x1024.jpg\" alt=\"Baby | Wollwindeln mieten\" class=\"wp-image-11985\" srcset=\"https:\/\/jovoh.com\/wp-content\/uploads\/2023\/07\/image00003-Kopie-1024x1024.jpg 1024w, https:\/\/jovoh.com\/wp-content\/uploads\/2023\/07\/image00003-Kopie-300x300.jpg 300w, https:\/\/jovoh.com\/wp-content\/uploads\/2023\/07\/image00003-Kopie-150x150.jpg 150w, https:\/\/jovoh.com\/wp-content\/uploads\/2023\/07\/image00003-Kopie-768x768.jpg 768w, https:\/\/jovoh.com\/wp-content\/uploads\/2023\/07\/image00003-Kopie-1536x1536.jpg 1536w, https:\/\/jovoh.com\/wp-content\/uploads\/2023\/07\/image00003-Kopie-2048x2048.jpg 2048w, https:\/\/jovoh.com\/wp-content\/uploads\/2023\/07\/image00003-Kopie-600x600.jpg 600w, https:\/\/jovoh.com\/wp-content\/uploads\/2023\/07\/image00003-Kopie-100x100.jpg 100w\" sizes=\"auto, (max-width: 1024px) 100vw, 1024px\" \/><\/figure>\n<\/div>\n<\/div>\n<style>.wp-block-kadence-spacer.kt-block-spacer-30881_bfa0f6-ad .kt-block-spacer{height:60px;}.wp-block-kadence-spacer.kt-block-spacer-30881_bfa0f6-ad .kt-divider{border-top-width:1px;height:1px;border-top-color:#eee;width:80%;border-top-style:solid;}<\/style>\n<div class=\"wp-block-kadence-spacer aligncenter kt-block-spacer-30881_bfa0f6-ad\"><div class=\"kt-block-spacer kt-block-spacer-halign-center\"><hr class=\"kt-divider\"\/><\/div><\/div>\n\n<div class=\"wp-block-columns is-layout-flex wp-container-core-columns-is-layout-9d6595d7 wp-block-columns-is-layout-flex\">\n<div class=\"wp-block-column is-layout-flow wp-block-column-is-layout-flow\">\n<figure class=\"wp-block-image size-large\"><img loading=\"lazy\" decoding=\"async\" width=\"1024\" height=\"683\" src=\"https:\/\/jovoh.com\/wp-content\/uploads\/2024\/12\/K5A8551-1024x683.jpg\" alt=\"Baby | Wollwindeln mieten\" class=\"wp-image-29225\" style=\"aspect-ratio:1;object-fit:cover\" srcset=\"https:\/\/jovoh.com\/wp-content\/uploads\/2024\/12\/K5A8551-1024x683.jpg 1024w, https:\/\/jovoh.com\/wp-content\/uploads\/2024\/12\/K5A8551-300x200.jpg 300w, https:\/\/jovoh.com\/wp-content\/uploads\/2024\/12\/K5A8551-768x512.jpg 768w, https:\/\/jovoh.com\/wp-content\/uploads\/2024\/12\/K5A8551-1536x1024.jpg 1536w, https:\/\/jovoh.com\/wp-content\/uploads\/2024\/12\/K5A8551-2048x1365.jpg 2048w, https:\/\/jovoh.com\/wp-content\/uploads\/2024\/12\/K5A8551-600x400.jpg 600w\" sizes=\"auto, (max-width: 1024px) 100vw, 1024px\" \/><\/figure>\n<\/div>\n\n\n\n<div class=\"wp-block-column is-layout-flow wp-block-column-is-layout-flow\">\n<h3 class=\"wp-block-heading\">Baby-\/Kleinkindpaket &#8211; Gr\u00f6\u00dfe 2 (7 &#8211; 12 kg)<\/h3>\n\n\n\n<p>3 Jovoh-Woll\u00fcberhosen (Gr\u00f6\u00dfe 2) &#8211; Merinowolle mit dehnbarer und nicht dehnbarer Baumwolle auf der Au\u00dfenseite. <\/p>\n\n\n\n<p><a href=\"https:\/\/jovoh.com\/de\/saugeinlagen\/\">Jovoh&#8217;s eigene Saugeinlagen<\/a>:<br\/>10 Baumwolle\/Hanf Flat<br\/>10 Baumwolle Liner<br\/>3 Baumwolle Flat<br\/>3 Mullwindeln<br\/>8 Hanf Booster | lang<br\/>1 Windelklammer<\/p>\n\n\n\n<p>Andere Saugeinlagen:<br\/>2 Prefolds Avo+Cado<br\/>2 H\u00f6schenwindeln Hu-Da<br\/>2 H\u00f6schenwindeln Bl\u00fcmchen <br\/>6 Waschbare Einlagen<\/p>\n\n\n\n<p><a href=\"https:\/\/jovoh.com\/de\/produkt-kategorie\/accessoires-de\/\">Zubeh\u00f6r<\/a>:<br\/>1 Lanoline<br\/>1 Bio-Wollwaschseife<br\/>1 Olivenseifenflocken<br\/>1 B\u00fcrste<br\/>1 EcoMini Wetbag (f\u00fcr unterwegs)<br\/>1 Waschnetz (passt in einen 10-20L Eimer)<\/p>\n<\/div>\n<\/div>\n<style>.wp-block-kadence-spacer.kt-block-spacer-30881_ca5088-c6 .kt-block-spacer{height:60px;}.wp-block-kadence-spacer.kt-block-spacer-30881_ca5088-c6 .kt-divider{border-top-width:1px;height:1px;border-top-color:#eee;width:80%;border-top-style:solid;}<\/style>\n<div class=\"wp-block-kadence-spacer aligncenter kt-block-spacer-30881_ca5088-c6\"><div class=\"kt-block-spacer kt-block-spacer-halign-center\"><hr class=\"kt-divider\"\/><\/div><\/div>\n\n<p><\/p>\n","protected":false},"excerpt":{"rendered":"<p>Bist du dir noch unsicher, ob Wollwindeln dein Leben tats\u00e4chlich bereichern werden? Dann mieten dir deine Wollwindeln. In Zusammenarbeit mit Evelien von Bamboobum bieten wir die M\u00f6glichkeit, ein Mietpaket zu bestellen. Sie hat zwei Merinowollpakete, die f\u00fcr ein Neugeborenes und &hellip; <a href=\"https:\/\/jovoh.com\/de\/wollwindeln-mieten\/\">Continued<\/a><\/p>\n","protected":false},"author":1,"featured_media":0,"parent":0,"menu_order":0,"comment_status":"closed","ping_status":"closed","template":"","meta":{"kt_blocks_editor_width":"","footnotes":""},"class_list":["post-30910","page","type-page","status-publish","hentry"],"yoast_head":"<!-- This site is optimized with the Yoast SEO plugin v27.5 - https:\/\/yoast.com\/product\/yoast-seo-wordpress\/ -->\n<title>Wollwindeln mieten -<\/title>\n<meta name=\"description\" content=\"Du bist dir noch unsicher, ob Wolle dein Leben tats\u00e4chlich bereichern wird? Dann mieten dir deine Wollwindeln und probiere es aus!\" \/>\n<meta name=\"robots\" content=\"index, follow, max-snippet:-1, max-image-preview:large, max-video-preview:-1\" \/>\n<link rel=\"canonical\" href=\"https:\/\/jovoh.com\/de\/wollwindeln-mieten\/\" \/>\n<meta property=\"og:locale\" content=\"de_DE\" \/>\n<meta property=\"og:type\" content=\"article\" \/>\n<meta property=\"og:title\" content=\"Wollwindeln mieten -\" \/>\n<meta property=\"og:description\" content=\"Du bist dir noch unsicher, ob Wolle dein Leben tats\u00e4chlich bereichern wird? Dann mieten dir deine Wollwindeln und probiere es aus!\" \/>\n<meta property=\"og:url\" content=\"https:\/\/jovoh.com\/de\/wollwindeln-mieten\/\" \/>\n<meta property=\"article:publisher\" content=\"https:\/\/www.instagram.com\/jovoh_nappy\/\" \/>\n<meta property=\"og:image\" content=\"https:\/\/jovoh.com\/wp-content\/uploads\/2023\/07\/image00003-Kopie-scaled.jpg\" \/>\n\t<meta property=\"og:image:width\" content=\"2560\" \/>\n\t<meta property=\"og:image:height\" content=\"2560\" \/>\n\t<meta property=\"og:image:type\" content=\"image\/jpeg\" \/>\n<meta name=\"twitter:card\" content=\"summary_large_image\" \/>\n<meta name=\"twitter:label1\" content=\"Est. reading time\" \/>\n\t<meta name=\"twitter:data1\" content=\"1 minute\" \/>\n<script type=\"application\/ld+json\" class=\"yoast-schema-graph\">{\"@context\":\"https:\\\/\\\/schema.org\",\"@graph\":[{\"@type\":\"WebPage\",\"@id\":\"https:\\\/\\\/jovoh.com\\\/de\\\/wollwindeln-mieten\\\/\",\"url\":\"https:\\\/\\\/jovoh.com\\\/de\\\/wollwindeln-mieten\\\/\",\"name\":\"Wollwindeln mieten -\",\"isPartOf\":{\"@id\":\"https:\\\/\\\/jovoh.com\\\/de\\\/#website\"},\"primaryImageOfPage\":{\"@id\":\"https:\\\/\\\/jovoh.com\\\/de\\\/wollwindeln-mieten\\\/#primaryimage\"},\"image\":{\"@id\":\"https:\\\/\\\/jovoh.com\\\/de\\\/wollwindeln-mieten\\\/#primaryimage\"},\"thumbnailUrl\":\"https:\\\/\\\/jovoh.com\\\/wp-content\\\/uploads\\\/2023\\\/07\\\/image00003-Kopie-1024x1024.jpg\",\"datePublished\":\"2025-01-04T12:21:02+00:00\",\"description\":\"Du bist dir noch unsicher, ob Wolle dein Leben tats\u00e4chlich bereichern wird? Dann mieten dir deine Wollwindeln und probiere es aus!\",\"breadcrumb\":{\"@id\":\"https:\\\/\\\/jovoh.com\\\/de\\\/wollwindeln-mieten\\\/#breadcrumb\"},\"inLanguage\":\"de-DE\",\"potentialAction\":[{\"@type\":\"ReadAction\",\"target\":[\"https:\\\/\\\/jovoh.com\\\/de\\\/wollwindeln-mieten\\\/\"]}]},{\"@type\":\"ImageObject\",\"inLanguage\":\"de-DE\",\"@id\":\"https:\\\/\\\/jovoh.com\\\/de\\\/wollwindeln-mieten\\\/#primaryimage\",\"url\":\"https:\\\/\\\/jovoh.com\\\/wp-content\\\/uploads\\\/2023\\\/07\\\/image00003-Kopie-1024x1024.jpg\",\"contentUrl\":\"https:\\\/\\\/jovoh.com\\\/wp-content\\\/uploads\\\/2023\\\/07\\\/image00003-Kopie-1024x1024.jpg\"},{\"@type\":\"BreadcrumbList\",\"@id\":\"https:\\\/\\\/jovoh.com\\\/de\\\/wollwindeln-mieten\\\/#breadcrumb\",\"itemListElement\":[{\"@type\":\"ListItem\",\"position\":1,\"name\":\"Home\",\"item\":\"https:\\\/\\\/jovoh.com\\\/de\\\/\"},{\"@type\":\"ListItem\",\"position\":2,\"name\":\"Wollwindeln mieten\"}]},{\"@type\":\"WebSite\",\"@id\":\"https:\\\/\\\/jovoh.com\\\/de\\\/#website\",\"url\":\"https:\\\/\\\/jovoh.com\\\/de\\\/\",\"name\":\"jovoh\",\"description\":\"\",\"publisher\":{\"@id\":\"https:\\\/\\\/jovoh.com\\\/de\\\/#organization\"},\"potentialAction\":[{\"@type\":\"SearchAction\",\"target\":{\"@type\":\"EntryPoint\",\"urlTemplate\":\"https:\\\/\\\/jovoh.com\\\/de\\\/?s={search_term_string}\"},\"query-input\":{\"@type\":\"PropertyValueSpecification\",\"valueRequired\":true,\"valueName\":\"search_term_string\"}}],\"inLanguage\":\"de-DE\"},{\"@type\":\"Organization\",\"@id\":\"https:\\\/\\\/jovoh.com\\\/de\\\/#organization\",\"name\":\"Jovoh Design\",\"url\":\"https:\\\/\\\/jovoh.com\\\/de\\\/\",\"logo\":{\"@type\":\"ImageObject\",\"inLanguage\":\"de-DE\",\"@id\":\"https:\\\/\\\/jovoh.com\\\/de\\\/#\\\/schema\\\/logo\\\/image\\\/\",\"url\":\"https:\\\/\\\/jovoh.com\\\/wp-content\\\/uploads\\\/2024\\\/09\\\/Untitled_Artwork.png\",\"contentUrl\":\"https:\\\/\\\/jovoh.com\\\/wp-content\\\/uploads\\\/2024\\\/09\\\/Untitled_Artwork.png\",\"width\":1420,\"height\":929,\"caption\":\"Jovoh Design\"},\"image\":{\"@id\":\"https:\\\/\\\/jovoh.com\\\/de\\\/#\\\/schema\\\/logo\\\/image\\\/\"},\"sameAs\":[\"https:\\\/\\\/www.instagram.com\\\/jovoh_nappy\\\/\"]}]}<\/script>\n<!-- \/ Yoast SEO plugin. -->","yoast_head_json":{"title":"Wollwindeln mieten -","description":"Du bist dir noch unsicher, ob Wolle dein Leben tats\u00e4chlich bereichern wird? Dann mieten dir deine Wollwindeln und probiere es aus!","robots":{"index":"index","follow":"follow","max-snippet":"max-snippet:-1","max-image-preview":"max-image-preview:large","max-video-preview":"max-video-preview:-1"},"canonical":"https:\/\/jovoh.com\/de\/wollwindeln-mieten\/","og_locale":"de_DE","og_type":"article","og_title":"Wollwindeln mieten -","og_description":"Du bist dir noch unsicher, ob Wolle dein Leben tats\u00e4chlich bereichern wird? Dann mieten dir deine Wollwindeln und probiere es aus!","og_url":"https:\/\/jovoh.com\/de\/wollwindeln-mieten\/","article_publisher":"https:\/\/www.instagram.com\/jovoh_nappy\/","og_image":[{"width":2560,"height":2560,"url":"https:\/\/jovoh.com\/wp-content\/uploads\/2023\/07\/image00003-Kopie-scaled.jpg","type":"image\/jpeg"}],"twitter_card":"summary_large_image","twitter_misc":{"Est. reading time":"1 minute"},"schema":{"@context":"https:\/\/schema.org","@graph":[{"@type":"WebPage","@id":"https:\/\/jovoh.com\/de\/wollwindeln-mieten\/","url":"https:\/\/jovoh.com\/de\/wollwindeln-mieten\/","name":"Wollwindeln mieten -","isPartOf":{"@id":"https:\/\/jovoh.com\/de\/#website"},"primaryImageOfPage":{"@id":"https:\/\/jovoh.com\/de\/wollwindeln-mieten\/#primaryimage"},"image":{"@id":"https:\/\/jovoh.com\/de\/wollwindeln-mieten\/#primaryimage"},"thumbnailUrl":"https:\/\/jovoh.com\/wp-content\/uploads\/2023\/07\/image00003-Kopie-1024x1024.jpg","datePublished":"2025-01-04T12:21:02+00:00","description":"Du bist dir noch unsicher, ob Wolle dein Leben tats\u00e4chlich bereichern wird? Dann mieten dir deine Wollwindeln und probiere es aus!","breadcrumb":{"@id":"https:\/\/jovoh.com\/de\/wollwindeln-mieten\/#breadcrumb"},"inLanguage":"de-DE","potentialAction":[{"@type":"ReadAction","target":["https:\/\/jovoh.com\/de\/wollwindeln-mieten\/"]}]},{"@type":"ImageObject","inLanguage":"de-DE","@id":"https:\/\/jovoh.com\/de\/wollwindeln-mieten\/#primaryimage","url":"https:\/\/jovoh.com\/wp-content\/uploads\/2023\/07\/image00003-Kopie-1024x1024.jpg","contentUrl":"https:\/\/jovoh.com\/wp-content\/uploads\/2023\/07\/image00003-Kopie-1024x1024.jpg"},{"@type":"BreadcrumbList","@id":"https:\/\/jovoh.com\/de\/wollwindeln-mieten\/#breadcrumb","itemListElement":[{"@type":"ListItem","position":1,"name":"Home","item":"https:\/\/jovoh.com\/de\/"},{"@type":"ListItem","position":2,"name":"Wollwindeln mieten"}]},{"@type":"WebSite","@id":"https:\/\/jovoh.com\/de\/#website","url":"https:\/\/jovoh.com\/de\/","name":"jovoh","description":"","publisher":{"@id":"https:\/\/jovoh.com\/de\/#organization"},"potentialAction":[{"@type":"SearchAction","target":{"@type":"EntryPoint","urlTemplate":"https:\/\/jovoh.com\/de\/?s={search_term_string}"},"query-input":{"@type":"PropertyValueSpecification","valueRequired":true,"valueName":"search_term_string"}}],"inLanguage":"de-DE"},{"@type":"Organization","@id":"https:\/\/jovoh.com\/de\/#organization","name":"Jovoh Design","url":"https:\/\/jovoh.com\/de\/","logo":{"@type":"ImageObject","inLanguage":"de-DE","@id":"https:\/\/jovoh.com\/de\/#\/schema\/logo\/image\/","url":"https:\/\/jovoh.com\/wp-content\/uploads\/2024\/09\/Untitled_Artwork.png","contentUrl":"https:\/\/jovoh.com\/wp-content\/uploads\/2024\/09\/Untitled_Artwork.png","width":1420,"height":929,"caption":"Jovoh Design"},"image":{"@id":"https:\/\/jovoh.com\/de\/#\/schema\/logo\/image\/"},"sameAs":["https:\/\/www.instagram.com\/jovoh_nappy\/"]}]}},"_links":{"self":[{"href":"https:\/\/jovoh.com\/de\/wp-json\/wp\/v2\/pages\/30910","targetHints":{"allow":["GET"]}}],"collection":[{"href":"https:\/\/jovoh.com\/de\/wp-json\/wp\/v2\/pages"}],"about":[{"href":"https:\/\/jovoh.com\/de\/wp-json\/wp\/v2\/types\/page"}],"author":[{"embeddable":true,"href":"https:\/\/jovoh.com\/de\/wp-json\/wp\/v2\/users\/1"}],"replies":[{"embeddable":true,"href":"https:\/\/jovoh.com\/de\/wp-json\/wp\/v2\/comments?post=30910"}],"version-history":[{"count":0,"href":"https:\/\/jovoh.com\/de\/wp-json\/wp\/v2\/pages\/30910\/revisions"}],"wp:attachment":[{"href":"https:\/\/jovoh.com\/de\/wp-json\/wp\/v2\/media?parent=30910"}],"curies":[{"name":"wp","href":"https:\/\/api.w.org\/{rel}","templated":true}]}}