{"id":5941,"date":"2021-05-23T08:43:21","date_gmt":"2021-05-23T07:43:21","guid":{"rendered":"https:\/\/jovoh.com\/wer-wir-sind\/"},"modified":"2025-06-30T15:36:32","modified_gmt":"2025-06-30T14:36:32","slug":"wer-wir-sind","status":"publish","type":"page","link":"https:\/\/jovoh.com\/de\/wer-wir-sind\/","title":{"rendered":"About"},"content":{"rendered":"\n<div class=\"wp-block-columns is-layout-flex wp-container-core-columns-is-layout-9d6595d7 wp-block-columns-is-layout-flex\">\n<div class=\"wp-block-column is-layout-flow wp-block-column-is-layout-flow\">\n<figure class=\"wp-block-image size-large\"><img loading=\"lazy\" decoding=\"async\" width=\"1024\" height=\"1024\" src=\"https:\/\/jovoh.com\/wp-content\/uploads\/2020\/10\/IMG_6285-1024x1024.jpg\" alt=\"\" class=\"wp-image-2572\" srcset=\"https:\/\/jovoh.com\/wp-content\/uploads\/2020\/10\/IMG_6285-1024x1024.jpg 1024w, https:\/\/jovoh.com\/wp-content\/uploads\/2020\/10\/IMG_6285-300x300.jpg 300w, https:\/\/jovoh.com\/wp-content\/uploads\/2020\/10\/IMG_6285-100x100.jpg 100w, https:\/\/jovoh.com\/wp-content\/uploads\/2020\/10\/IMG_6285-600x600.jpg 600w, https:\/\/jovoh.com\/wp-content\/uploads\/2020\/10\/IMG_6285-150x150.jpg 150w, https:\/\/jovoh.com\/wp-content\/uploads\/2020\/10\/IMG_6285-768x768.jpg 768w, https:\/\/jovoh.com\/wp-content\/uploads\/2020\/10\/IMG_6285.jpg 1092w\" sizes=\"auto, (max-width: 1024px) 100vw, 1024px\" \/><\/figure>\n<\/div>\n\n\n\n<div class=\"wp-block-column is-layout-flow wp-block-column-is-layout-flow\">\n<h4 class=\"wp-block-heading\"><strong>Willkommen, ich bin Svenja \u2013 die Gr\u00fcnderin von Jovoh.<\/strong><\/h4>\n\n\n\n<p>Was als stiller kreativer R\u00fcckzugsort begann, ist zu etwas Tiefgr\u00fcndigem herangewachsen. N\u00e4hen und Stricken waren f\u00fcr mich zun\u00e4chst eine M\u00f6glichkeit, zur Ruhe zu kommen, mit den H\u00e4nden etwas zu schaffen und Freude an den kleinen, durchdachten Details zu finden. Mit der Zeit wurde aus dieser Leidenschaft Jovoh \u2013 ein Ort, an dem Ideen zu handgemachten St\u00fccken werden, mit Sorgfalt und Intention geformt.  <\/p>\n\n\n\n<p>Ich lebe in Utrecht, einer wundersch\u00f6nen niederl\u00e4ndischen Stadt, die ich inzwischen mein Zuhause nenne \u2013 zusammen mit meinem Partner und unseren zwei T\u00f6chtern. Das Leben ist voll, und wie viele Kreative jongliere ich mit einer wachsenden Liste von Ideen und der Realit\u00e4t begrenzter Zeit. Aber ehrlich gesagt: Ich w\u00fcrde es nicht anders wollen. Es ist ein tr\u00f6stlicher Gedanke, dass die Inspiration nie ausgeht und dass jedes Projekt es wert ist, auf sich warten zu lassen.   <\/p>\n\n\n\n<p>Am meisten liebe das es so vielzeitig ist: mir ein St\u00fcck vorzustellen, Schnittmuster zu erstellen, den perfekten Stoff auszuw\u00e4hlen und mitzuerleben, wie es zum Leben erwacht. Ich bin immer neugierig, immer lernend und immer auf der Suche nach etwas Neuem. <\/p>\n\n\n\n<p><strong>Jovoh war nie nur eine Marke. Es war ein Gef\u00fchl. <\/strong><br\/>Eine stille Sehnsucht nach Einfachheit, Kreativit\u00e4t und sinnstiftender Arbeit. 2017 wurde aus diesem Gef\u00fchl etwas Reales \u2013 und es w\u00e4chst seitdem stetig weiter. <\/p>\n<\/div>\n<\/div>\n","protected":false},"excerpt":{"rendered":"<p>Willkommen, ich bin Svenja \u2013 die Gr\u00fcnderin von Jovoh. Was als stiller kreativer R\u00fcckzugsort begann, ist zu etwas Tiefgr\u00fcndigem herangewachsen. N\u00e4hen und Stricken waren f\u00fcr mich zun\u00e4chst eine M\u00f6glichkeit, zur Ruhe zu kommen, mit den H\u00e4nden etwas zu schaffen und &hellip; <a href=\"https:\/\/jovoh.com\/de\/wer-wir-sind\/\">Continued<\/a><\/p>\n","protected":false},"author":1,"featured_media":0,"parent":0,"menu_order":0,"comment_status":"closed","ping_status":"closed","template":"","meta":{"kt_blocks_editor_width":"","footnotes":""},"class_list":["post-5941","page","type-page","status-publish","hentry"],"yoast_head":"<!-- This site is optimized with the Yoast SEO plugin v27.5 - https:\/\/yoast.com\/product\/yoast-seo-wordpress\/ -->\n<title>About -<\/title>\n<meta name=\"robots\" content=\"index, follow, max-snippet:-1, max-image-preview:large, max-video-preview:-1\" \/>\n<link rel=\"canonical\" href=\"https:\/\/jovoh.com\/de\/wer-wir-sind\/\" \/>\n<meta property=\"og:locale\" content=\"de_DE\" \/>\n<meta property=\"og:type\" content=\"article\" \/>\n<meta property=\"og:title\" content=\"About -\" \/>\n<meta property=\"og:description\" content=\"Willkommen, ich bin Svenja \u2013 die Gr\u00fcnderin von Jovoh. Was als stiller kreativer R\u00fcckzugsort begann, ist zu etwas Tiefgr\u00fcndigem herangewachsen. N\u00e4hen und Stricken waren f\u00fcr mich zun\u00e4chst eine M\u00f6glichkeit, zur Ruhe zu kommen, mit den H\u00e4nden etwas zu schaffen und &hellip; Continued\" \/>\n<meta property=\"og:url\" content=\"https:\/\/jovoh.com\/de\/wer-wir-sind\/\" \/>\n<meta property=\"article:publisher\" content=\"https:\/\/www.instagram.com\/jovoh_nappy\/\" \/>\n<meta property=\"article:modified_time\" content=\"2025-06-30T14:36:32+00:00\" \/>\n<meta property=\"og:image\" content=\"https:\/\/jovoh.com\/wp-content\/uploads\/2020\/10\/IMG_6285.jpg\" \/>\n\t<meta property=\"og:image:width\" content=\"1092\" \/>\n\t<meta property=\"og:image:height\" content=\"1092\" \/>\n\t<meta property=\"og:image:type\" content=\"image\/jpeg\" \/>\n<meta name=\"twitter:card\" content=\"summary_large_image\" \/>\n<meta name=\"twitter:label1\" content=\"Est. reading time\" \/>\n\t<meta name=\"twitter:data1\" content=\"1 minute\" \/>\n<script type=\"application\/ld+json\" class=\"yoast-schema-graph\">{\"@context\":\"https:\\\/\\\/schema.org\",\"@graph\":[{\"@type\":\"WebPage\",\"@id\":\"https:\\\/\\\/jovoh.com\\\/de\\\/wer-wir-sind\\\/\",\"url\":\"https:\\\/\\\/jovoh.com\\\/de\\\/wer-wir-sind\\\/\",\"name\":\"About -\",\"isPartOf\":{\"@id\":\"https:\\\/\\\/jovoh.com\\\/de\\\/#website\"},\"primaryImageOfPage\":{\"@id\":\"https:\\\/\\\/jovoh.com\\\/de\\\/wer-wir-sind\\\/#primaryimage\"},\"image\":{\"@id\":\"https:\\\/\\\/jovoh.com\\\/de\\\/wer-wir-sind\\\/#primaryimage\"},\"thumbnailUrl\":\"https:\\\/\\\/jovoh.com\\\/wp-content\\\/uploads\\\/2020\\\/10\\\/IMG_6285-1024x1024.jpg\",\"datePublished\":\"2021-05-23T07:43:21+00:00\",\"dateModified\":\"2025-06-30T14:36:32+00:00\",\"breadcrumb\":{\"@id\":\"https:\\\/\\\/jovoh.com\\\/de\\\/wer-wir-sind\\\/#breadcrumb\"},\"inLanguage\":\"de-DE\",\"potentialAction\":[{\"@type\":\"ReadAction\",\"target\":[\"https:\\\/\\\/jovoh.com\\\/de\\\/wer-wir-sind\\\/\"]}]},{\"@type\":\"ImageObject\",\"inLanguage\":\"de-DE\",\"@id\":\"https:\\\/\\\/jovoh.com\\\/de\\\/wer-wir-sind\\\/#primaryimage\",\"url\":\"https:\\\/\\\/jovoh.com\\\/wp-content\\\/uploads\\\/2020\\\/10\\\/IMG_6285-1024x1024.jpg\",\"contentUrl\":\"https:\\\/\\\/jovoh.com\\\/wp-content\\\/uploads\\\/2020\\\/10\\\/IMG_6285-1024x1024.jpg\"},{\"@type\":\"BreadcrumbList\",\"@id\":\"https:\\\/\\\/jovoh.com\\\/de\\\/wer-wir-sind\\\/#breadcrumb\",\"itemListElement\":[{\"@type\":\"ListItem\",\"position\":1,\"name\":\"Home\",\"item\":\"https:\\\/\\\/jovoh.com\\\/de\\\/\"},{\"@type\":\"ListItem\",\"position\":2,\"name\":\"About\"}]},{\"@type\":\"WebSite\",\"@id\":\"https:\\\/\\\/jovoh.com\\\/de\\\/#website\",\"url\":\"https:\\\/\\\/jovoh.com\\\/de\\\/\",\"name\":\"jovoh\",\"description\":\"\",\"publisher\":{\"@id\":\"https:\\\/\\\/jovoh.com\\\/de\\\/#organization\"},\"potentialAction\":[{\"@type\":\"SearchAction\",\"target\":{\"@type\":\"EntryPoint\",\"urlTemplate\":\"https:\\\/\\\/jovoh.com\\\/de\\\/?s={search_term_string}\"},\"query-input\":{\"@type\":\"PropertyValueSpecification\",\"valueRequired\":true,\"valueName\":\"search_term_string\"}}],\"inLanguage\":\"de-DE\"},{\"@type\":\"Organization\",\"@id\":\"https:\\\/\\\/jovoh.com\\\/de\\\/#organization\",\"name\":\"Jovoh Design\",\"url\":\"https:\\\/\\\/jovoh.com\\\/de\\\/\",\"logo\":{\"@type\":\"ImageObject\",\"inLanguage\":\"de-DE\",\"@id\":\"https:\\\/\\\/jovoh.com\\\/de\\\/#\\\/schema\\\/logo\\\/image\\\/\",\"url\":\"https:\\\/\\\/jovoh.com\\\/wp-content\\\/uploads\\\/2024\\\/09\\\/Untitled_Artwork.png\",\"contentUrl\":\"https:\\\/\\\/jovoh.com\\\/wp-content\\\/uploads\\\/2024\\\/09\\\/Untitled_Artwork.png\",\"width\":1420,\"height\":929,\"caption\":\"Jovoh Design\"},\"image\":{\"@id\":\"https:\\\/\\\/jovoh.com\\\/de\\\/#\\\/schema\\\/logo\\\/image\\\/\"},\"sameAs\":[\"https:\\\/\\\/www.instagram.com\\\/jovoh_nappy\\\/\"]}]}<\/script>\n<!-- \/ Yoast SEO plugin. -->","yoast_head_json":{"title":"About -","robots":{"index":"index","follow":"follow","max-snippet":"max-snippet:-1","max-image-preview":"max-image-preview:large","max-video-preview":"max-video-preview:-1"},"canonical":"https:\/\/jovoh.com\/de\/wer-wir-sind\/","og_locale":"de_DE","og_type":"article","og_title":"About -","og_description":"Willkommen, ich bin Svenja \u2013 die Gr\u00fcnderin von Jovoh. Was als stiller kreativer R\u00fcckzugsort begann, ist zu etwas Tiefgr\u00fcndigem herangewachsen. N\u00e4hen und Stricken waren f\u00fcr mich zun\u00e4chst eine M\u00f6glichkeit, zur Ruhe zu kommen, mit den H\u00e4nden etwas zu schaffen und &hellip; Continued","og_url":"https:\/\/jovoh.com\/de\/wer-wir-sind\/","article_publisher":"https:\/\/www.instagram.com\/jovoh_nappy\/","article_modified_time":"2025-06-30T14:36:32+00:00","og_image":[{"width":1092,"height":1092,"url":"https:\/\/jovoh.com\/wp-content\/uploads\/2020\/10\/IMG_6285.jpg","type":"image\/jpeg"}],"twitter_card":"summary_large_image","twitter_misc":{"Est. reading time":"1 minute"},"schema":{"@context":"https:\/\/schema.org","@graph":[{"@type":"WebPage","@id":"https:\/\/jovoh.com\/de\/wer-wir-sind\/","url":"https:\/\/jovoh.com\/de\/wer-wir-sind\/","name":"About -","isPartOf":{"@id":"https:\/\/jovoh.com\/de\/#website"},"primaryImageOfPage":{"@id":"https:\/\/jovoh.com\/de\/wer-wir-sind\/#primaryimage"},"image":{"@id":"https:\/\/jovoh.com\/de\/wer-wir-sind\/#primaryimage"},"thumbnailUrl":"https:\/\/jovoh.com\/wp-content\/uploads\/2020\/10\/IMG_6285-1024x1024.jpg","datePublished":"2021-05-23T07:43:21+00:00","dateModified":"2025-06-30T14:36:32+00:00","breadcrumb":{"@id":"https:\/\/jovoh.com\/de\/wer-wir-sind\/#breadcrumb"},"inLanguage":"de-DE","potentialAction":[{"@type":"ReadAction","target":["https:\/\/jovoh.com\/de\/wer-wir-sind\/"]}]},{"@type":"ImageObject","inLanguage":"de-DE","@id":"https:\/\/jovoh.com\/de\/wer-wir-sind\/#primaryimage","url":"https:\/\/jovoh.com\/wp-content\/uploads\/2020\/10\/IMG_6285-1024x1024.jpg","contentUrl":"https:\/\/jovoh.com\/wp-content\/uploads\/2020\/10\/IMG_6285-1024x1024.jpg"},{"@type":"BreadcrumbList","@id":"https:\/\/jovoh.com\/de\/wer-wir-sind\/#breadcrumb","itemListElement":[{"@type":"ListItem","position":1,"name":"Home","item":"https:\/\/jovoh.com\/de\/"},{"@type":"ListItem","position":2,"name":"About"}]},{"@type":"WebSite","@id":"https:\/\/jovoh.com\/de\/#website","url":"https:\/\/jovoh.com\/de\/","name":"jovoh","description":"","publisher":{"@id":"https:\/\/jovoh.com\/de\/#organization"},"potentialAction":[{"@type":"SearchAction","target":{"@type":"EntryPoint","urlTemplate":"https:\/\/jovoh.com\/de\/?s={search_term_string}"},"query-input":{"@type":"PropertyValueSpecification","valueRequired":true,"valueName":"search_term_string"}}],"inLanguage":"de-DE"},{"@type":"Organization","@id":"https:\/\/jovoh.com\/de\/#organization","name":"Jovoh Design","url":"https:\/\/jovoh.com\/de\/","logo":{"@type":"ImageObject","inLanguage":"de-DE","@id":"https:\/\/jovoh.com\/de\/#\/schema\/logo\/image\/","url":"https:\/\/jovoh.com\/wp-content\/uploads\/2024\/09\/Untitled_Artwork.png","contentUrl":"https:\/\/jovoh.com\/wp-content\/uploads\/2024\/09\/Untitled_Artwork.png","width":1420,"height":929,"caption":"Jovoh Design"},"image":{"@id":"https:\/\/jovoh.com\/de\/#\/schema\/logo\/image\/"},"sameAs":["https:\/\/www.instagram.com\/jovoh_nappy\/"]}]}},"_links":{"self":[{"href":"https:\/\/jovoh.com\/de\/wp-json\/wp\/v2\/pages\/5941","targetHints":{"allow":["GET"]}}],"collection":[{"href":"https:\/\/jovoh.com\/de\/wp-json\/wp\/v2\/pages"}],"about":[{"href":"https:\/\/jovoh.com\/de\/wp-json\/wp\/v2\/types\/page"}],"author":[{"embeddable":true,"href":"https:\/\/jovoh.com\/de\/wp-json\/wp\/v2\/users\/1"}],"replies":[{"embeddable":true,"href":"https:\/\/jovoh.com\/de\/wp-json\/wp\/v2\/comments?post=5941"}],"version-history":[{"count":2,"href":"https:\/\/jovoh.com\/de\/wp-json\/wp\/v2\/pages\/5941\/revisions"}],"predecessor-version":[{"id":59125,"href":"https:\/\/jovoh.com\/de\/wp-json\/wp\/v2\/pages\/5941\/revisions\/59125"}],"wp:attachment":[{"href":"https:\/\/jovoh.com\/de\/wp-json\/wp\/v2\/media?parent=5941"}],"curies":[{"name":"wp","href":"https:\/\/api.w.org\/{rel}","templated":true}]}}