{"id":5945,"date":"2021-05-23T09:11:51","date_gmt":"2021-05-23T08:11:51","guid":{"rendered":"https:\/\/jovoh.com\/vorteile-von-wollwindeln\/"},"modified":"2023-06-26T21:20:30","modified_gmt":"2023-06-26T19:20:30","slug":"vorteile-von-wollwindeln","status":"publish","type":"page","link":"https:\/\/jovoh.com\/de\/vorteile-von-wollwindeln\/","title":{"rendered":"Vorteile von Wollwindeln"},"content":{"rendered":"\n<div class=\"wp-block-columns is-layout-flex wp-container-core-columns-is-layout-9d6595d7 wp-block-columns-is-layout-flex\">\n<div class=\"wp-block-column is-layout-flow wp-block-column-is-layout-flow\" style=\"flex-basis:33.33%\">\n<figure class=\"wp-block-image size-full\"><img loading=\"lazy\" decoding=\"async\" width=\"1024\" height=\"1024\" src=\"https:\/\/jovoh.com\/wp-content\/uploads\/2023\/02\/IMG_9017.jpeg\" alt=\"\" class=\"wp-image-11556\" srcset=\"https:\/\/jovoh.com\/wp-content\/uploads\/2023\/02\/IMG_9017.jpeg 1024w, https:\/\/jovoh.com\/wp-content\/uploads\/2023\/02\/IMG_9017-300x300.jpeg 300w, https:\/\/jovoh.com\/wp-content\/uploads\/2023\/02\/IMG_9017-150x150.jpeg 150w, https:\/\/jovoh.com\/wp-content\/uploads\/2023\/02\/IMG_9017-768x768.jpeg 768w, https:\/\/jovoh.com\/wp-content\/uploads\/2023\/02\/IMG_9017-600x600.jpeg 600w, https:\/\/jovoh.com\/wp-content\/uploads\/2023\/02\/IMG_9017-100x100.jpeg 100w\" sizes=\"auto, (max-width: 1024px) 100vw, 1024px\" \/><\/figure>\n<\/div>\n\n\n\n<div class=\"wp-block-column is-layout-flow wp-block-column-is-layout-flow\" style=\"flex-basis:66.66%\">\n<h4 class=\"wp-block-heading\">Wollwindeln sind nachhaltig<\/h4>\n\n\n\n<p>Sich bewusst f\u00fcr Wollwindeln zu entscheiden bedeutet auch, dass weniger Wegwerfwindeln produziert werden. Dies hat eine direkte Auswirkung auf unsere Umwelt, da weniger Energie verbraucht, weniger CO<sub>2<\/sub> emittiert und weniger sch\u00e4dliche Produkte hergestellt werden. Bis ein Kind trocken ist werden ungef\u00e4hr 4500 Windeln weggeworfen. Das sind rund 260 kg Abfall pro Jahr.<\/p>\n\n\n\n<p class=\"has-black-color has-text-color\">Wolle braucht aufgrund ihrer selbstreinigenden und antibakteriellen Eigenschaften nur selten gewaschen werden Nach der Verwendung wird die Woll\u00fcberhose einfach ausgel\u00fcftet. Erst wenn sie sichtbar dreckig ist wird sie gr\u00fcndlich gewaschen. Abh\u00e4ngig davon wieviele Woll\u00fcberhosen du verwendest geschieht dies etwa alle 2-3 Wochen. Was du allerdings regelm\u00e4\u00dfig waschen musst sie die <mark style=\"background-color:rgba(0, 0, 0, 0);color:#67788c\" class=\"has-inline-color\">Saugeinlagen<\/mark><mark style=\"background-color:rgba(0, 0, 0, 0);color:#000000\" class=\"has-inline-color\">.<\/mark> Diese sind im Grunde das Herzst\u00fcck einer Wollwindeln, da sie das Pipi aufsaugen. Wir verwenden f\u00fcr unsere Saugeinlagen ausschlie\u00dflich umweltfreundliche Stoffe wie Bio-Baumwolle und Hanf. Keine Chemikalien. Keine synthetischen Materialien. <\/p>\n<\/div>\n<\/div>\n<style>.wp-block-kadence-spacer.kt-block-spacer-_0b6c56-f6 .kt-block-spacer{height:60px;}.wp-block-kadence-spacer.kt-block-spacer-_0b6c56-f6 .kt-divider{border-top-width:1px;height:1px;border-top-color:#eee;width:80%;border-top-style:solid;}<\/style>\n<div class=\"wp-block-kadence-spacer aligncenter kt-block-spacer-_0b6c56-f6\"><div class=\"kt-block-spacer kt-block-spacer-halign-center\"><hr class=\"kt-divider\"\/><\/div><\/div>\n\n<div class=\"wp-block-columns is-layout-flex wp-container-core-columns-is-layout-9d6595d7 wp-block-columns-is-layout-flex\">\n<div class=\"wp-block-column is-layout-flow wp-block-column-is-layout-flow\" style=\"flex-basis:66.66%\">\n<h4 class=\"wp-block-heading\">Gut f\u00fcr deinen Geldbeutel<\/h4>\n\n\n\n<p>F\u00fcr die gesamte Wickelzeit brauchst du lediglich ein paar Woll\u00fcberhosen. Sobald das Kind trocken ist k\u00f6nnen die Woll\u00fcberhosen und Saugeinlagen f\u00fcr das n\u00e4chste Kind aufbewahrt oder verkauft werden. Auch wenn die Investitionskosten am Anfang hoch erscheinen (und f\u00fcr viele sicherlich auch sind), sparst du \u00fcber den Verlauf der Wickelzeit eine Menge Geld. Und du entscheidest dich bewusst f\u00fcr die nachhaltige Form der Babypflege. Nat\u00fcrlich ist das Geld wichtig. Vor allem in Zeiten in denen alles teurer wird. In Wegwerfwindeln befinden sich zus\u00e4tzlich aber auch viele chemische und vor allem giftige Stoffe, die nicht verbrannt werden sondern als Sonderm\u00fcll entsorgt werden m\u00fcssen. Du entscheidest dich mit Wollwindeln also nicht nur f\u00fcr die g\u00fcnstigeren Variante, sondern auch daf\u00fcr zu wissen welche Stoffe in Kontakt mit der sensiblen Haut des Kindes kommen.<\/p>\n\n\n\n<p>Wie viele Woll\u00fcberhosen und Saugeinlagen du brauchst h\u00e4ngt vor allem von zwei Faktoren ab: Wie oft du w\u00e4scht und in welchen Intervallen dein Baby Pipi macht. Wir empfehlen mit minimal 3 Woll\u00fcberhosen und 25-30 Saugeinlagen zu beginnen. Wir ermpfehlen erst dann weitere Produkte hinzu zu kaufen, wenn du einen \u00dcberblick gewonnen hast welche Typen Saugeinlagen zu euch passen und wieviele Woll\u00fcberhosen du ben\u00f6tigst um entspannt wickeln zu k\u00f6nnen. <\/p>\n<\/div>\n\n\n\n<div class=\"wp-block-column is-layout-flow wp-block-column-is-layout-flow\" style=\"flex-basis:33.33%\">\n<figure class=\"wp-block-image size-large\"><img loading=\"lazy\" decoding=\"async\" width=\"1024\" height=\"1024\" src=\"https:\/\/jovoh.com\/wp-content\/uploads\/2022\/05\/D81F3423-97E9-4E93-8E16-7EC602D4FBFA-1024x1024.jpg\" alt=\"\" class=\"wp-image-11890\" srcset=\"https:\/\/jovoh.com\/wp-content\/uploads\/2022\/05\/D81F3423-97E9-4E93-8E16-7EC602D4FBFA-1024x1024.jpg 1024w, https:\/\/jovoh.com\/wp-content\/uploads\/2022\/05\/D81F3423-97E9-4E93-8E16-7EC602D4FBFA-300x300.jpg 300w, https:\/\/jovoh.com\/wp-content\/uploads\/2022\/05\/D81F3423-97E9-4E93-8E16-7EC602D4FBFA-150x150.jpg 150w, https:\/\/jovoh.com\/wp-content\/uploads\/2022\/05\/D81F3423-97E9-4E93-8E16-7EC602D4FBFA-768x768.jpg 768w, https:\/\/jovoh.com\/wp-content\/uploads\/2022\/05\/D81F3423-97E9-4E93-8E16-7EC602D4FBFA-600x600.jpg 600w, https:\/\/jovoh.com\/wp-content\/uploads\/2022\/05\/D81F3423-97E9-4E93-8E16-7EC602D4FBFA-100x100.jpg 100w, https:\/\/jovoh.com\/wp-content\/uploads\/2022\/05\/D81F3423-97E9-4E93-8E16-7EC602D4FBFA.jpg 1440w\" sizes=\"auto, (max-width: 1024px) 100vw, 1024px\" \/><\/figure>\n<\/div>\n<\/div>\n<style>.wp-block-kadence-spacer.kt-block-spacer-_95cb52-59 .kt-block-spacer{height:60px;}.wp-block-kadence-spacer.kt-block-spacer-_95cb52-59 .kt-divider{border-top-width:1px;height:1px;border-top-color:#eee;width:80%;border-top-style:solid;}<\/style>\n<div class=\"wp-block-kadence-spacer aligncenter kt-block-spacer-_95cb52-59\"><div class=\"kt-block-spacer kt-block-spacer-halign-center\"><hr class=\"kt-divider\"\/><\/div><\/div>\n\n<div class=\"wp-block-columns is-layout-flex wp-container-core-columns-is-layout-9d6595d7 wp-block-columns-is-layout-flex\">\n<div class=\"wp-block-column is-layout-flow wp-block-column-is-layout-flow\" style=\"flex-basis:33.33%\">\n<figure class=\"wp-block-image size-large\"><img loading=\"lazy\" decoding=\"async\" width=\"1024\" height=\"1024\" src=\"https:\/\/jovoh.com\/wp-content\/uploads\/2021\/02\/IMG_0094-Kopie-1024x1024.jpg\" alt=\"\" class=\"wp-image-3592\" srcset=\"https:\/\/jovoh.com\/wp-content\/uploads\/2021\/02\/IMG_0094-Kopie.jpg 1024w, https:\/\/jovoh.com\/wp-content\/uploads\/2021\/02\/IMG_0094-Kopie-300x300.jpg 300w, https:\/\/jovoh.com\/wp-content\/uploads\/2021\/02\/IMG_0094-Kopie-100x100.jpg 100w, https:\/\/jovoh.com\/wp-content\/uploads\/2021\/02\/IMG_0094-Kopie-600x600.jpg 600w, https:\/\/jovoh.com\/wp-content\/uploads\/2021\/02\/IMG_0094-Kopie-150x150.jpg 150w, https:\/\/jovoh.com\/wp-content\/uploads\/2021\/02\/IMG_0094-Kopie-768x768.jpg 768w\" sizes=\"auto, (max-width: 1024px) 100vw, 1024px\" \/><\/figure>\n<\/div>\n\n\n\n<div class=\"wp-block-column is-layout-flow wp-block-column-is-layout-flow\" style=\"flex-basis:66.66%\">\n<h4 class=\"wp-block-heading\">Nat\u00fcrliche Materialien, kein Plastik!<\/h4>\n\n\n\n<p>Nachhaltige Wollwindeln von Jovoh werden aus biologischer Merinowolle und Baumwolle, soie Leinen und Hanf hergestellt. Die Stoffe sind weich und werden ohne sch\u00e4dliche Chemikalien produziert. Wollwindeln sie die nachhaltige und nat\u00fcrliche Alternative zu Stoffwindeln aus synthetischen Materialien. Sie setzen beim Waschen keine Mikrokunststoffe frei und sind weich und angenehm zu tragen. Wenn du keine Wegwerfwindeln verwenden m\u00f6chtest, aber eben auch keine Stoffwindeln aus synthetischem Material, dann sind Wollwindeln genau das Richtige f\u00fcr dich.<\/p>\n\n\n<style>.wp-block-kadence-spacer.kt-block-spacer-_d73ac4-73 .kt-block-spacer{height:25px;}.wp-block-kadence-spacer.kt-block-spacer-_d73ac4-73 .kt-divider{border-top-width:1px;height:1px;border-top-color:#eee;width:80%;border-top-style:solid;}<\/style>\n<div class=\"wp-block-kadence-spacer aligncenter kt-block-spacer-_d73ac4-73\"><div class=\"kt-block-spacer kt-block-spacer-halign-center\"><hr class=\"kt-divider\"\/><\/div><\/div>\n\n\n\n<h4 class=\"wp-block-heading has-text-align-center has-text-color\" style=\"color:#67788c\"><em>Nat\u00fcrliche Materialien und eine faire Produktion sind uns wichtig<\/em><\/h4>\n\n\n<style>.wp-block-kadence-spacer.kt-block-spacer-_93bbd2-5f .kt-block-spacer{height:30px;}.wp-block-kadence-spacer.kt-block-spacer-_93bbd2-5f .kt-divider{border-top-width:1px;height:1px;border-top-color:#eee;width:80%;border-top-style:solid;}<\/style>\n<div class=\"wp-block-kadence-spacer aligncenter kt-block-spacer-_93bbd2-5f\"><div class=\"kt-block-spacer kt-block-spacer-halign-center\"><hr class=\"kt-divider\"\/><\/div><\/div>\n\n\n\n<p>Alle Saugeinlagen von Jovoh werden aus nat\u00fcrlichen und umweltfreundlichen Stoffen gefertigt: N\u00e4mlich aus Bio-Baumwolle und Hanf. Die Stoffe werden unter regulierten und nachhaltigen Bedingungen hergestellt. Das Beste f\u00fcr die Haut deines Babys. Und das Beste f\u00fcr unsere Umwelt. <\/p>\n<\/div>\n<\/div>\n<style>.wp-block-kadence-spacer.kt-block-spacer-_7030a8-08 .kt-block-spacer{height:60px;}.wp-block-kadence-spacer.kt-block-spacer-_7030a8-08 .kt-divider{border-top-width:1px;height:1px;border-top-color:#eee;width:80%;border-top-style:solid;}<\/style>\n<div class=\"wp-block-kadence-spacer aligncenter kt-block-spacer-_7030a8-08\"><div class=\"kt-block-spacer kt-block-spacer-halign-center\"><hr class=\"kt-divider\"\/><\/div><\/div>\n\n<div class=\"wp-block-columns is-layout-flex wp-container-core-columns-is-layout-9d6595d7 wp-block-columns-is-layout-flex\">\n<div class=\"wp-block-column is-layout-flow wp-block-column-is-layout-flow\" style=\"flex-basis:66.66%\">\n<h4 class=\"wp-block-heading\">Wolle ist ein tolles Material <\/h4>\n\n\n\n<p>Wolle ist ein tolles Material f\u00fcr \u00dcberhosen, da sie gegen\u00fcber normalen Stoffwindeln, insbesondere aber im Vergleich zu Wegwerfwindeln, einige Vorteile hat:<\/p>\n\n\n\n<ul class=\"wp-block-list\">\n<li>Wolle ist selbstreinigend<\/li>\n\n\n\n<li>Wolle muss nur selten gewaschen werden <\/li>\n\n\n\n<li>Wolle ist temperaturausgleichend und f\u00fcr Sommer und Winter geeignet <\/li>\n\n\n\n<li>Wolle hat antibakterielle Eigenschaften<\/li>\n\n\n\n<li>Wolle ist ein nat\u00fcrliches Material und die erste Wahl f\u00fcr empfindliche Babyhaut<\/li>\n\n\n\n<li>Woll\u00fcberhosen m\u00fcssen mit Lanoline (Wollfett) gefettet werden, welches der Haut zus\u00e4tzliche Pflege verleiht<\/li>\n<\/ul>\n<\/div>\n\n\n\n<div class=\"wp-block-column is-layout-flow wp-block-column-is-layout-flow\" style=\"flex-basis:33.33%\">\n<figure class=\"wp-block-image size-large\"><img loading=\"lazy\" decoding=\"async\" width=\"1024\" height=\"1024\" src=\"https:\/\/jovoh.com\/wp-content\/uploads\/2022\/05\/IMG_9067-1024x1024.jpg\" alt=\"\" class=\"wp-image-11207\" srcset=\"https:\/\/jovoh.com\/wp-content\/uploads\/2022\/05\/IMG_9067-1024x1024.jpg 1024w, https:\/\/jovoh.com\/wp-content\/uploads\/2022\/05\/IMG_9067-300x300.jpg 300w, https:\/\/jovoh.com\/wp-content\/uploads\/2022\/05\/IMG_9067-150x150.jpg 150w, https:\/\/jovoh.com\/wp-content\/uploads\/2022\/05\/IMG_9067-768x768.jpg 768w, https:\/\/jovoh.com\/wp-content\/uploads\/2022\/05\/IMG_9067-1536x1536.jpg 1536w, https:\/\/jovoh.com\/wp-content\/uploads\/2022\/05\/IMG_9067-2048x2048.jpg 2048w, https:\/\/jovoh.com\/wp-content\/uploads\/2022\/05\/IMG_9067-600x600.jpg 600w, https:\/\/jovoh.com\/wp-content\/uploads\/2022\/05\/IMG_9067-100x100.jpg 100w\" sizes=\"auto, (max-width: 1024px) 100vw, 1024px\" \/><\/figure>\n<\/div>\n<\/div>\n","protected":false},"excerpt":{"rendered":"<p>Wollwindeln sind nachhaltig Sich bewusst f\u00fcr Wollwindeln zu entscheiden bedeutet auch, dass weniger Wegwerfwindeln produziert werden. Dies hat eine direkte Auswirkung auf unsere Umwelt, da weniger Energie verbraucht, weniger CO2 emittiert und weniger sch\u00e4dliche Produkte hergestellt werden. Bis ein Kind &hellip; <a href=\"https:\/\/jovoh.com\/de\/vorteile-von-wollwindeln\/\">Continued<\/a><\/p>\n","protected":false},"author":1,"featured_media":0,"parent":0,"menu_order":0,"comment_status":"closed","ping_status":"closed","template":"","meta":{"kt_blocks_editor_width":"","footnotes":""},"class_list":["post-5945","page","type-page","status-publish","hentry"],"yoast_head":"<!-- This site is optimized with the Yoast SEO plugin v27.5 - https:\/\/yoast.com\/product\/yoast-seo-wordpress\/ -->\n<title>Vorteile von Wollwindeln -<\/title>\n<meta name=\"robots\" content=\"index, follow, max-snippet:-1, max-image-preview:large, max-video-preview:-1\" \/>\n<link rel=\"canonical\" href=\"https:\/\/jovoh.com\/de\/vorteile-von-wollwindeln\/\" \/>\n<meta property=\"og:locale\" content=\"de_DE\" \/>\n<meta property=\"og:type\" content=\"article\" \/>\n<meta property=\"og:title\" content=\"Vorteile von Wollwindeln -\" \/>\n<meta property=\"og:description\" content=\"Wollwindeln sind nachhaltig Sich bewusst f\u00fcr Wollwindeln zu entscheiden bedeutet auch, dass weniger Wegwerfwindeln produziert werden. Dies hat eine direkte Auswirkung auf unsere Umwelt, da weniger Energie verbraucht, weniger CO2 emittiert und weniger sch\u00e4dliche Produkte hergestellt werden. Bis ein Kind &hellip; Continued\" \/>\n<meta property=\"og:url\" content=\"https:\/\/jovoh.com\/de\/vorteile-von-wollwindeln\/\" \/>\n<meta property=\"article:publisher\" content=\"https:\/\/www.instagram.com\/jovoh_nappy\/\" \/>\n<meta property=\"article:modified_time\" content=\"2023-06-26T19:20:30+00:00\" \/>\n<meta property=\"og:image\" content=\"https:\/\/jovoh.com\/wp-content\/uploads\/2023\/02\/IMG_9017.jpeg\" \/>\n<meta name=\"twitter:card\" content=\"summary_large_image\" \/>\n<meta name=\"twitter:label1\" content=\"Est. reading time\" \/>\n\t<meta name=\"twitter:data1\" content=\"3 minutes\" \/>\n<script type=\"application\/ld+json\" class=\"yoast-schema-graph\">{\"@context\":\"https:\\\/\\\/schema.org\",\"@graph\":[{\"@type\":\"WebPage\",\"@id\":\"https:\\\/\\\/jovoh.com\\\/de\\\/vorteile-von-wollwindeln\\\/\",\"url\":\"https:\\\/\\\/jovoh.com\\\/de\\\/vorteile-von-wollwindeln\\\/\",\"name\":\"Vorteile von Wollwindeln -\",\"isPartOf\":{\"@id\":\"https:\\\/\\\/jovoh.com\\\/de\\\/#website\"},\"primaryImageOfPage\":{\"@id\":\"https:\\\/\\\/jovoh.com\\\/de\\\/vorteile-von-wollwindeln\\\/#primaryimage\"},\"image\":{\"@id\":\"https:\\\/\\\/jovoh.com\\\/de\\\/vorteile-von-wollwindeln\\\/#primaryimage\"},\"thumbnailUrl\":\"https:\\\/\\\/jovoh.com\\\/wp-content\\\/uploads\\\/2023\\\/02\\\/IMG_9017.jpeg\",\"datePublished\":\"2021-05-23T08:11:51+00:00\",\"dateModified\":\"2023-06-26T19:20:30+00:00\",\"breadcrumb\":{\"@id\":\"https:\\\/\\\/jovoh.com\\\/de\\\/vorteile-von-wollwindeln\\\/#breadcrumb\"},\"inLanguage\":\"de-DE\",\"potentialAction\":[{\"@type\":\"ReadAction\",\"target\":[\"https:\\\/\\\/jovoh.com\\\/de\\\/vorteile-von-wollwindeln\\\/\"]}]},{\"@type\":\"ImageObject\",\"inLanguage\":\"de-DE\",\"@id\":\"https:\\\/\\\/jovoh.com\\\/de\\\/vorteile-von-wollwindeln\\\/#primaryimage\",\"url\":\"https:\\\/\\\/jovoh.com\\\/wp-content\\\/uploads\\\/2023\\\/02\\\/IMG_9017.jpeg\",\"contentUrl\":\"https:\\\/\\\/jovoh.com\\\/wp-content\\\/uploads\\\/2023\\\/02\\\/IMG_9017.jpeg\"},{\"@type\":\"BreadcrumbList\",\"@id\":\"https:\\\/\\\/jovoh.com\\\/de\\\/vorteile-von-wollwindeln\\\/#breadcrumb\",\"itemListElement\":[{\"@type\":\"ListItem\",\"position\":1,\"name\":\"Home\",\"item\":\"https:\\\/\\\/jovoh.com\\\/de\\\/\"},{\"@type\":\"ListItem\",\"position\":2,\"name\":\"Vorteile von Wollwindeln\"}]},{\"@type\":\"WebSite\",\"@id\":\"https:\\\/\\\/jovoh.com\\\/de\\\/#website\",\"url\":\"https:\\\/\\\/jovoh.com\\\/de\\\/\",\"name\":\"jovoh\",\"description\":\"\",\"publisher\":{\"@id\":\"https:\\\/\\\/jovoh.com\\\/de\\\/#organization\"},\"potentialAction\":[{\"@type\":\"SearchAction\",\"target\":{\"@type\":\"EntryPoint\",\"urlTemplate\":\"https:\\\/\\\/jovoh.com\\\/de\\\/?s={search_term_string}\"},\"query-input\":{\"@type\":\"PropertyValueSpecification\",\"valueRequired\":true,\"valueName\":\"search_term_string\"}}],\"inLanguage\":\"de-DE\"},{\"@type\":\"Organization\",\"@id\":\"https:\\\/\\\/jovoh.com\\\/de\\\/#organization\",\"name\":\"Jovoh Design\",\"url\":\"https:\\\/\\\/jovoh.com\\\/de\\\/\",\"logo\":{\"@type\":\"ImageObject\",\"inLanguage\":\"de-DE\",\"@id\":\"https:\\\/\\\/jovoh.com\\\/de\\\/#\\\/schema\\\/logo\\\/image\\\/\",\"url\":\"https:\\\/\\\/jovoh.com\\\/wp-content\\\/uploads\\\/2024\\\/09\\\/Untitled_Artwork.png\",\"contentUrl\":\"https:\\\/\\\/jovoh.com\\\/wp-content\\\/uploads\\\/2024\\\/09\\\/Untitled_Artwork.png\",\"width\":1420,\"height\":929,\"caption\":\"Jovoh Design\"},\"image\":{\"@id\":\"https:\\\/\\\/jovoh.com\\\/de\\\/#\\\/schema\\\/logo\\\/image\\\/\"},\"sameAs\":[\"https:\\\/\\\/www.instagram.com\\\/jovoh_nappy\\\/\"]}]}<\/script>\n<!-- \/ Yoast SEO plugin. -->","yoast_head_json":{"title":"Vorteile von Wollwindeln -","robots":{"index":"index","follow":"follow","max-snippet":"max-snippet:-1","max-image-preview":"max-image-preview:large","max-video-preview":"max-video-preview:-1"},"canonical":"https:\/\/jovoh.com\/de\/vorteile-von-wollwindeln\/","og_locale":"de_DE","og_type":"article","og_title":"Vorteile von Wollwindeln -","og_description":"Wollwindeln sind nachhaltig Sich bewusst f\u00fcr Wollwindeln zu entscheiden bedeutet auch, dass weniger Wegwerfwindeln produziert werden. Dies hat eine direkte Auswirkung auf unsere Umwelt, da weniger Energie verbraucht, weniger CO2 emittiert und weniger sch\u00e4dliche Produkte hergestellt werden. Bis ein Kind &hellip; Continued","og_url":"https:\/\/jovoh.com\/de\/vorteile-von-wollwindeln\/","article_publisher":"https:\/\/www.instagram.com\/jovoh_nappy\/","article_modified_time":"2023-06-26T19:20:30+00:00","og_image":[{"url":"https:\/\/jovoh.com\/wp-content\/uploads\/2023\/02\/IMG_9017.jpeg","type":"","width":"","height":""}],"twitter_card":"summary_large_image","twitter_misc":{"Est. reading time":"3 minutes"},"schema":{"@context":"https:\/\/schema.org","@graph":[{"@type":"WebPage","@id":"https:\/\/jovoh.com\/de\/vorteile-von-wollwindeln\/","url":"https:\/\/jovoh.com\/de\/vorteile-von-wollwindeln\/","name":"Vorteile von Wollwindeln -","isPartOf":{"@id":"https:\/\/jovoh.com\/de\/#website"},"primaryImageOfPage":{"@id":"https:\/\/jovoh.com\/de\/vorteile-von-wollwindeln\/#primaryimage"},"image":{"@id":"https:\/\/jovoh.com\/de\/vorteile-von-wollwindeln\/#primaryimage"},"thumbnailUrl":"https:\/\/jovoh.com\/wp-content\/uploads\/2023\/02\/IMG_9017.jpeg","datePublished":"2021-05-23T08:11:51+00:00","dateModified":"2023-06-26T19:20:30+00:00","breadcrumb":{"@id":"https:\/\/jovoh.com\/de\/vorteile-von-wollwindeln\/#breadcrumb"},"inLanguage":"de-DE","potentialAction":[{"@type":"ReadAction","target":["https:\/\/jovoh.com\/de\/vorteile-von-wollwindeln\/"]}]},{"@type":"ImageObject","inLanguage":"de-DE","@id":"https:\/\/jovoh.com\/de\/vorteile-von-wollwindeln\/#primaryimage","url":"https:\/\/jovoh.com\/wp-content\/uploads\/2023\/02\/IMG_9017.jpeg","contentUrl":"https:\/\/jovoh.com\/wp-content\/uploads\/2023\/02\/IMG_9017.jpeg"},{"@type":"BreadcrumbList","@id":"https:\/\/jovoh.com\/de\/vorteile-von-wollwindeln\/#breadcrumb","itemListElement":[{"@type":"ListItem","position":1,"name":"Home","item":"https:\/\/jovoh.com\/de\/"},{"@type":"ListItem","position":2,"name":"Vorteile von Wollwindeln"}]},{"@type":"WebSite","@id":"https:\/\/jovoh.com\/de\/#website","url":"https:\/\/jovoh.com\/de\/","name":"jovoh","description":"","publisher":{"@id":"https:\/\/jovoh.com\/de\/#organization"},"potentialAction":[{"@type":"SearchAction","target":{"@type":"EntryPoint","urlTemplate":"https:\/\/jovoh.com\/de\/?s={search_term_string}"},"query-input":{"@type":"PropertyValueSpecification","valueRequired":true,"valueName":"search_term_string"}}],"inLanguage":"de-DE"},{"@type":"Organization","@id":"https:\/\/jovoh.com\/de\/#organization","name":"Jovoh Design","url":"https:\/\/jovoh.com\/de\/","logo":{"@type":"ImageObject","inLanguage":"de-DE","@id":"https:\/\/jovoh.com\/de\/#\/schema\/logo\/image\/","url":"https:\/\/jovoh.com\/wp-content\/uploads\/2024\/09\/Untitled_Artwork.png","contentUrl":"https:\/\/jovoh.com\/wp-content\/uploads\/2024\/09\/Untitled_Artwork.png","width":1420,"height":929,"caption":"Jovoh Design"},"image":{"@id":"https:\/\/jovoh.com\/de\/#\/schema\/logo\/image\/"},"sameAs":["https:\/\/www.instagram.com\/jovoh_nappy\/"]}]}},"_links":{"self":[{"href":"https:\/\/jovoh.com\/de\/wp-json\/wp\/v2\/pages\/5945","targetHints":{"allow":["GET"]}}],"collection":[{"href":"https:\/\/jovoh.com\/de\/wp-json\/wp\/v2\/pages"}],"about":[{"href":"https:\/\/jovoh.com\/de\/wp-json\/wp\/v2\/types\/page"}],"author":[{"embeddable":true,"href":"https:\/\/jovoh.com\/de\/wp-json\/wp\/v2\/users\/1"}],"replies":[{"embeddable":true,"href":"https:\/\/jovoh.com\/de\/wp-json\/wp\/v2\/comments?post=5945"}],"version-history":[{"count":0,"href":"https:\/\/jovoh.com\/de\/wp-json\/wp\/v2\/pages\/5945\/revisions"}],"wp:attachment":[{"href":"https:\/\/jovoh.com\/de\/wp-json\/wp\/v2\/media?parent=5945"}],"curies":[{"name":"wp","href":"https:\/\/api.w.org\/{rel}","templated":true}]}}