{"id":5955,"date":"2021-05-24T12:46:04","date_gmt":"2021-05-24T11:46:04","guid":{"rendered":"https:\/\/jovoh.com\/kontakt\/"},"modified":"2025-03-21T20:24:33","modified_gmt":"2025-03-21T19:24:33","slug":"kontakt","status":"publish","type":"page","link":"https:\/\/jovoh.com\/de\/kontakt\/","title":{"rendered":"Kontakt"},"content":{"rendered":"<div class=\"space_20 clearfix\"><\/div>\n<div class=\"row\">\n<div class=\"span6\" style=\"text-align: center;\">\n\n<i class=\"icon-map-marker\" style=\"font-size:25px; color:#444;\"><\/i>\n<h5 style=\"text-align: center;\">Abholen in Utrecht<\/h5>\n<p style=\"text-align: center;\">Du wohnst in Utrecht und m\u00f6chtest Ressourcen und Transportkosten sparen?<br \/>Gerne kannst du eine <strong>Abholung vor Ort<\/strong> vereinbaren.<\/p>\n<\/div>\n<div class=\"span6\" style=\"text-align: center;\">\n\n<i class=\"icon-comments-alt\" style=\"font-size:25px; color:#444;\"><\/i>\n<h5 style=\"text-align: center;\">Nimm Kontakt auf<\/h5>\n<p style=\"text-align: center;\">Sende deine Nachricht auf<br \/><strong>Englisch<\/strong>, <strong>Niederl\u00e4ndisch<\/strong> oder <strong>Deutsch<\/strong><\/p>\n<\/div>\n<\/div>\n<div class=\"space_20 clearfix\"><\/div>\n<p>Jovoh hat seinen Sitz in Utrecht, Niederlande. Wenn du Fragen oder Anregungen hast oder an einem ma\u00dfgeschneiderten Artikel interessiert bist, dann melde dich. Daf\u00fcr kannst du das Kontaktformular verwenden.<\/p>\n<\/p>\n<p><strong>Bitte pr\u00fcfe deinen Spam-Ordner, wenn du auf eine Antwort wartest! <\/strong>Leider kommt es recht h\u00e4ufig vor, dass E-Mails von Jovoh dort landen.<\/p>\n<style>.wp-block-kadence-spacer.kt-block-spacer-45_a6a52b-42 .kt-block-spacer{height:60px;}.wp-block-kadence-spacer.kt-block-spacer-45_a6a52b-42 .kt-divider{border-top-width:1px;height:1px;border-top-color:#eee;width:80%;border-top-style:solid;}<\/style>\n<div class=\"wp-block-kadence-spacer aligncenter kt-block-spacer-45_a6a52b-42\"><div class=\"kt-block-spacer kt-block-spacer-halign-center\"><hr class=\"kt-divider\"\/><\/div><\/div>\n\n<h4 class=\"wp-block-heading\">Kontaktdetails <\/h4>\n\n<p>Firma: Jovoh Design<br\/>Eigent\u00fcmer: Svenja Waldmann<br\/>Adresse: Karel Doormanlaan 193, 3572NW Utrecht (keine Besuchsadresse)<br\/>Telefonnummer: 0031-(0)642551815<br\/>E-mailadresse: info@jovoh.com<br\/>KvK-nummer: 70931879<br\/>Umsatzsteueridentifikationsnummer: NL002513590B06<\/p>\n\n<p>Die Europ\u00e4ische Kommission stellt eine Plattform zur Online-Streitbeilegung bereit, die Sie hier finden <a rel=\"noreferrer noopener\" href=\"https:\/\/ec.europa.eu\/consumers\/odr\/\" target=\"_blank\">https:\/\/ec.europa.eu\/consumers\/odr\/<\/a>. Zur Teilnahme an einem Streitbeilegungsverfahren vor einer Verbraucherschlichtungsstelle sind wir weder verpflichtet noch bereit.<\/p>\n","protected":false},"excerpt":{"rendered":"<p>Jovoh hat seinen Sitz in Utrecht, Niederlande. Wenn du Fragen oder Anregungen hast oder an einem ma\u00dfgeschneiderten Artikel interessiert bist, dann melde dich. Daf\u00fcr kannst du das Kontaktformular verwenden. Bitte pr\u00fcfe deinen Spam-Ordner, wenn du auf eine Antwort wartest! Leider &hellip; <a href=\"https:\/\/jovoh.com\/de\/kontakt\/\">Continued<\/a><\/p>\n","protected":false},"author":1,"featured_media":0,"parent":0,"menu_order":0,"comment_status":"open","ping_status":"closed","template":"page-contact.php","meta":{"kt_blocks_editor_width":"","footnotes":""},"class_list":["post-5955","page","type-page","status-publish","hentry"],"yoast_head":"<!-- This site is optimized with the Yoast SEO plugin v27.5 - https:\/\/yoast.com\/product\/yoast-seo-wordpress\/ -->\n<title>Kontakt -<\/title>\n<meta name=\"robots\" content=\"index, follow, max-snippet:-1, max-image-preview:large, max-video-preview:-1\" \/>\n<link rel=\"canonical\" href=\"https:\/\/jovoh.com\/de\/kontakt\/\" \/>\n<meta property=\"og:locale\" content=\"de_DE\" \/>\n<meta property=\"og:type\" content=\"article\" \/>\n<meta property=\"og:title\" content=\"Kontakt -\" \/>\n<meta property=\"og:description\" content=\"Jovoh hat seinen Sitz in Utrecht, Niederlande. Wenn du Fragen oder Anregungen hast oder an einem ma\u00dfgeschneiderten Artikel interessiert bist, dann melde dich. Daf\u00fcr kannst du das Kontaktformular verwenden. Bitte pr\u00fcfe deinen Spam-Ordner, wenn du auf eine Antwort wartest! Leider &hellip; Continued\" \/>\n<meta property=\"og:url\" content=\"https:\/\/jovoh.com\/de\/kontakt\/\" \/>\n<meta property=\"article:publisher\" content=\"https:\/\/www.instagram.com\/jovoh_nappy\/\" \/>\n<meta property=\"article:modified_time\" content=\"2025-03-21T19:24:33+00:00\" \/>\n<meta name=\"twitter:card\" content=\"summary_large_image\" \/>\n<meta name=\"twitter:label1\" content=\"Est. reading time\" \/>\n\t<meta name=\"twitter:data1\" content=\"1 minute\" \/>\n<script type=\"application\/ld+json\" class=\"yoast-schema-graph\">{\"@context\":\"https:\\\/\\\/schema.org\",\"@graph\":[{\"@type\":\"WebPage\",\"@id\":\"https:\\\/\\\/jovoh.com\\\/de\\\/kontakt\\\/\",\"url\":\"https:\\\/\\\/jovoh.com\\\/de\\\/kontakt\\\/\",\"name\":\"Kontakt -\",\"isPartOf\":{\"@id\":\"https:\\\/\\\/jovoh.com\\\/de\\\/#website\"},\"datePublished\":\"2021-05-24T11:46:04+00:00\",\"dateModified\":\"2025-03-21T19:24:33+00:00\",\"breadcrumb\":{\"@id\":\"https:\\\/\\\/jovoh.com\\\/de\\\/kontakt\\\/#breadcrumb\"},\"inLanguage\":\"de-DE\",\"potentialAction\":[{\"@type\":\"ReadAction\",\"target\":[\"https:\\\/\\\/jovoh.com\\\/de\\\/kontakt\\\/\"]}]},{\"@type\":\"BreadcrumbList\",\"@id\":\"https:\\\/\\\/jovoh.com\\\/de\\\/kontakt\\\/#breadcrumb\",\"itemListElement\":[{\"@type\":\"ListItem\",\"position\":1,\"name\":\"Home\",\"item\":\"https:\\\/\\\/jovoh.com\\\/de\\\/\"},{\"@type\":\"ListItem\",\"position\":2,\"name\":\"Kontakt\"}]},{\"@type\":\"WebSite\",\"@id\":\"https:\\\/\\\/jovoh.com\\\/de\\\/#website\",\"url\":\"https:\\\/\\\/jovoh.com\\\/de\\\/\",\"name\":\"jovoh\",\"description\":\"\",\"publisher\":{\"@id\":\"https:\\\/\\\/jovoh.com\\\/de\\\/#organization\"},\"potentialAction\":[{\"@type\":\"SearchAction\",\"target\":{\"@type\":\"EntryPoint\",\"urlTemplate\":\"https:\\\/\\\/jovoh.com\\\/de\\\/?s={search_term_string}\"},\"query-input\":{\"@type\":\"PropertyValueSpecification\",\"valueRequired\":true,\"valueName\":\"search_term_string\"}}],\"inLanguage\":\"de-DE\"},{\"@type\":\"Organization\",\"@id\":\"https:\\\/\\\/jovoh.com\\\/de\\\/#organization\",\"name\":\"Jovoh Design\",\"url\":\"https:\\\/\\\/jovoh.com\\\/de\\\/\",\"logo\":{\"@type\":\"ImageObject\",\"inLanguage\":\"de-DE\",\"@id\":\"https:\\\/\\\/jovoh.com\\\/de\\\/#\\\/schema\\\/logo\\\/image\\\/\",\"url\":\"https:\\\/\\\/jovoh.com\\\/wp-content\\\/uploads\\\/2024\\\/09\\\/Untitled_Artwork.png\",\"contentUrl\":\"https:\\\/\\\/jovoh.com\\\/wp-content\\\/uploads\\\/2024\\\/09\\\/Untitled_Artwork.png\",\"width\":1420,\"height\":929,\"caption\":\"Jovoh Design\"},\"image\":{\"@id\":\"https:\\\/\\\/jovoh.com\\\/de\\\/#\\\/schema\\\/logo\\\/image\\\/\"},\"sameAs\":[\"https:\\\/\\\/www.instagram.com\\\/jovoh_nappy\\\/\"]}]}<\/script>\n<!-- \/ Yoast SEO plugin. -->","yoast_head_json":{"title":"Kontakt -","robots":{"index":"index","follow":"follow","max-snippet":"max-snippet:-1","max-image-preview":"max-image-preview:large","max-video-preview":"max-video-preview:-1"},"canonical":"https:\/\/jovoh.com\/de\/kontakt\/","og_locale":"de_DE","og_type":"article","og_title":"Kontakt -","og_description":"Jovoh hat seinen Sitz in Utrecht, Niederlande. Wenn du Fragen oder Anregungen hast oder an einem ma\u00dfgeschneiderten Artikel interessiert bist, dann melde dich. Daf\u00fcr kannst du das Kontaktformular verwenden. Bitte pr\u00fcfe deinen Spam-Ordner, wenn du auf eine Antwort wartest! Leider &hellip; Continued","og_url":"https:\/\/jovoh.com\/de\/kontakt\/","article_publisher":"https:\/\/www.instagram.com\/jovoh_nappy\/","article_modified_time":"2025-03-21T19:24:33+00:00","twitter_card":"summary_large_image","twitter_misc":{"Est. reading time":"1 minute"},"schema":{"@context":"https:\/\/schema.org","@graph":[{"@type":"WebPage","@id":"https:\/\/jovoh.com\/de\/kontakt\/","url":"https:\/\/jovoh.com\/de\/kontakt\/","name":"Kontakt -","isPartOf":{"@id":"https:\/\/jovoh.com\/de\/#website"},"datePublished":"2021-05-24T11:46:04+00:00","dateModified":"2025-03-21T19:24:33+00:00","breadcrumb":{"@id":"https:\/\/jovoh.com\/de\/kontakt\/#breadcrumb"},"inLanguage":"de-DE","potentialAction":[{"@type":"ReadAction","target":["https:\/\/jovoh.com\/de\/kontakt\/"]}]},{"@type":"BreadcrumbList","@id":"https:\/\/jovoh.com\/de\/kontakt\/#breadcrumb","itemListElement":[{"@type":"ListItem","position":1,"name":"Home","item":"https:\/\/jovoh.com\/de\/"},{"@type":"ListItem","position":2,"name":"Kontakt"}]},{"@type":"WebSite","@id":"https:\/\/jovoh.com\/de\/#website","url":"https:\/\/jovoh.com\/de\/","name":"jovoh","description":"","publisher":{"@id":"https:\/\/jovoh.com\/de\/#organization"},"potentialAction":[{"@type":"SearchAction","target":{"@type":"EntryPoint","urlTemplate":"https:\/\/jovoh.com\/de\/?s={search_term_string}"},"query-input":{"@type":"PropertyValueSpecification","valueRequired":true,"valueName":"search_term_string"}}],"inLanguage":"de-DE"},{"@type":"Organization","@id":"https:\/\/jovoh.com\/de\/#organization","name":"Jovoh Design","url":"https:\/\/jovoh.com\/de\/","logo":{"@type":"ImageObject","inLanguage":"de-DE","@id":"https:\/\/jovoh.com\/de\/#\/schema\/logo\/image\/","url":"https:\/\/jovoh.com\/wp-content\/uploads\/2024\/09\/Untitled_Artwork.png","contentUrl":"https:\/\/jovoh.com\/wp-content\/uploads\/2024\/09\/Untitled_Artwork.png","width":1420,"height":929,"caption":"Jovoh Design"},"image":{"@id":"https:\/\/jovoh.com\/de\/#\/schema\/logo\/image\/"},"sameAs":["https:\/\/www.instagram.com\/jovoh_nappy\/"]}]}},"_links":{"self":[{"href":"https:\/\/jovoh.com\/de\/wp-json\/wp\/v2\/pages\/5955","targetHints":{"allow":["GET"]}}],"collection":[{"href":"https:\/\/jovoh.com\/de\/wp-json\/wp\/v2\/pages"}],"about":[{"href":"https:\/\/jovoh.com\/de\/wp-json\/wp\/v2\/types\/page"}],"author":[{"embeddable":true,"href":"https:\/\/jovoh.com\/de\/wp-json\/wp\/v2\/users\/1"}],"replies":[{"embeddable":true,"href":"https:\/\/jovoh.com\/de\/wp-json\/wp\/v2\/comments?post=5955"}],"version-history":[{"count":2,"href":"https:\/\/jovoh.com\/de\/wp-json\/wp\/v2\/pages\/5955\/revisions"}],"predecessor-version":[{"id":33670,"href":"https:\/\/jovoh.com\/de\/wp-json\/wp\/v2\/pages\/5955\/revisions\/33670"}],"wp:attachment":[{"href":"https:\/\/jovoh.com\/de\/wp-json\/wp\/v2\/media?parent=5955"}],"curies":[{"name":"wp","href":"https:\/\/api.w.org\/{rel}","templated":true}]}}