{"id":5985,"date":"2021-05-30T13:19:26","date_gmt":"2021-05-30T12:19:26","guid":{"rendered":"https:\/\/jovoh.com\/versandkosten-und-lieferzeit\/"},"modified":"2025-06-30T15:40:35","modified_gmt":"2025-06-30T14:40:35","slug":"versandkosten-und-lieferzeit","status":"publish","type":"page","link":"https:\/\/jovoh.com\/de\/versandkosten-und-lieferzeit\/","title":{"rendered":"Versandkosten und Lieferzeit"},"content":{"rendered":"\n<h3 class=\"wp-block-heading\">Versandkosten<\/h3>\n\n<p> Innerhalb der <strong>Niederlande<\/strong> liegt der Standartversand bei \u20ac 6,90. Die Bestellung kann au\u00dferdem pers\u00f6nlich in Utrecht abgeholt werden.<\/p>\n\n<p><strong>Internationale Versandoptionen<\/strong> sind an der Kasse verf\u00fcgbar. Wir versenden innerhalb der Europ\u00e4ischen Union (EU), in die Schweiz, nach Norwegen, Liechtenstein und das Vereinigte K\u00f6nigreich sowie in die USA. Du lebst in Australien oder einem anderen Ort? Bitte sende uns eine Nachricht, da die Versandkosten stark vom Gesamtgewicht des Pakets abh\u00e4ngen.  <\/p>\n\n<p>Die Versandkosten innerhalb der EU liegen zwischen 12,90\u202f\u20ac und 18,00\u202f\u20ac. Au\u00dferhalb der EU, aber innerhalb Europas, betragen die Versandkosten 21\u202f\u20ac. <\/p>\n\n<p>Dein Land ist nicht aufgelistet? Bitte sende uns eine Nachricht und wir besprechen die M\u00f6glichkeiten.  <\/p>\n\n<p>Beim Versand in Nicht-EU-L\u00e4nder fallen im Rahmen Ihrer Bestellung zus\u00e4tzliche Steuern und\/oder Kosten (z.B. Z\u00f6lle) an, die nicht von uns gezahlt oder in Rechnung gestellt werden, sondern von Ihnen direkt an die zust\u00e4ndigen Zollbeh\u00f6rden &#8211; oder an die Steuerbeh\u00f6rden &#8211; abgef\u00fchrt werden. Bitte kontaktieren Sie diese Beh\u00f6rden f\u00fcr Details. Eine R\u00fccksendung der Ware ist nicht m\u00f6glich. <\/p>\n\n<p class=\"has-black-color has-text-color\">Alle Pakete werden mit Sendungsverfolgung verschickt. Wenn du zus\u00e4tzliche Informationen ben\u00f6tigst, sende uns bitte eine <a rel=\"noreferrer noopener\" href=\"https:\/\/jovoh.com\/de\/kontakt\/\" target=\"_blank\">Nachricht<\/a>, bevor du deine Bestellung aufgibst. Wenn deine Bestellung mit DPD und PostNL versendet wird, erh\u00e4lst du direkt vom Unternehmen eine E-Mail \u00fcber den Lieferzeitpunkt. Daf\u00fcr verwenden wir deine e-Mail Adresse (siehe <a rel=\"noreferrer noopener\" href=\"https:\/\/jovoh.com\/de\/datenschutzbestimmung\/\" target=\"_blank\">Datenschutzerkl\u00e4rung<\/a>). Die Versandkosten unterscheiden sich je nach Land. Die Zonen und die entsprechenden Preiskategorien sind unten aufgef\u00fchrt. <\/p>\n\n<div style=\"height:31px\" aria-hidden=\"true\" class=\"wp-block-spacer\"><\/div>\n<style>.wp-block-kadence-spacer.kt-block-spacer-2096_6a4873-f9 .kt-block-spacer{height:60px;}.wp-block-kadence-spacer.kt-block-spacer-2096_6a4873-f9 .kt-divider{border-top-width:1px;height:1px;border-top-color:#eee;width:80%;border-top-style:solid;}<\/style>\n<div class=\"wp-block-kadence-spacer aligncenter kt-block-spacer-2096_6a4873-f9\"><div class=\"kt-block-spacer kt-block-spacer-halign-center\"><hr class=\"kt-divider\"\/><\/div><\/div>\n\n<h3 class=\"wp-block-heading\">Bearbeitungs- und Lieferzeit<\/h3>\n\n<p class=\"has-normal-font-size\">Die Bearbeitungszeit f\u00fcr fertige Produkte betr\u00e4gt 1-3 Arbeitstage. Bei ma\u00dfgefertigten Artikeln betr\u00e4gt die Bearbeitungszeit im Durchschnitt 5\u201310 Werktage.<\/p>\n\n<p class=\"has-normal-font-size\">Die folgenden Lieferzeiten sind ungef\u00e4hre Angaben und k\u00f6nnen nicht geltend gemacht werden: F\u00fcr die Niederlande betr\u00e4gt die Lieferzeit durchschnittlich 1-3 Werktage und innerhalb Europas 3-10 Werktage.<\/p>\n","protected":false},"excerpt":{"rendered":"<p>Versandkosten Innerhalb der Niederlande liegt der Standartversand bei \u20ac 6,90. Die Bestellung kann au\u00dferdem pers\u00f6nlich in Utrecht abgeholt werden. Internationale Versandoptionen sind an der Kasse verf\u00fcgbar. Wir versenden innerhalb der Europ\u00e4ischen Union (EU), in die Schweiz, nach Norwegen, Liechtenstein und &hellip; <a href=\"https:\/\/jovoh.com\/de\/versandkosten-und-lieferzeit\/\">Continued<\/a><\/p>\n","protected":false},"author":1,"featured_media":0,"parent":0,"menu_order":0,"comment_status":"closed","ping_status":"closed","template":"","meta":{"kt_blocks_editor_width":"","footnotes":""},"class_list":["post-5985","page","type-page","status-publish","hentry"],"yoast_head":"<!-- This site is optimized with the Yoast SEO plugin v27.5 - https:\/\/yoast.com\/product\/yoast-seo-wordpress\/ -->\n<title>Versandkosten und Lieferzeit -<\/title>\n<meta name=\"description\" content=\"Wir liefern in viele L\u00e4nder innerhalb Europas, aber auch in andere L\u00e4nder. Wenn Ihr Land nicht aufgef\u00fchrt ist, nehmen Sie bitte Kontakt mit uns auf.\" \/>\n<meta name=\"robots\" content=\"index, follow, max-snippet:-1, max-image-preview:large, max-video-preview:-1\" \/>\n<link rel=\"canonical\" href=\"https:\/\/jovoh.com\/de\/versandkosten-und-lieferzeit\/\" \/>\n<meta property=\"og:locale\" content=\"de_DE\" \/>\n<meta property=\"og:type\" content=\"article\" \/>\n<meta property=\"og:title\" content=\"Versandkosten und Lieferzeit -\" \/>\n<meta property=\"og:description\" content=\"Wir liefern in viele L\u00e4nder innerhalb Europas, aber auch in andere L\u00e4nder. Wenn Ihr Land nicht aufgef\u00fchrt ist, nehmen Sie bitte Kontakt mit uns auf.\" \/>\n<meta property=\"og:url\" content=\"https:\/\/jovoh.com\/de\/versandkosten-und-lieferzeit\/\" \/>\n<meta property=\"article:publisher\" content=\"https:\/\/www.instagram.com\/jovoh_nappy\/\" \/>\n<meta property=\"article:modified_time\" content=\"2025-06-30T14:40:35+00:00\" \/>\n<meta name=\"twitter:card\" content=\"summary_large_image\" \/>\n<meta name=\"twitter:label1\" content=\"Est. reading time\" \/>\n\t<meta name=\"twitter:data1\" content=\"2 minutes\" \/>\n<script type=\"application\/ld+json\" class=\"yoast-schema-graph\">{\"@context\":\"https:\\\/\\\/schema.org\",\"@graph\":[{\"@type\":\"WebPage\",\"@id\":\"https:\\\/\\\/jovoh.com\\\/de\\\/versandkosten-und-lieferzeit\\\/\",\"url\":\"https:\\\/\\\/jovoh.com\\\/de\\\/versandkosten-und-lieferzeit\\\/\",\"name\":\"Versandkosten und Lieferzeit -\",\"isPartOf\":{\"@id\":\"https:\\\/\\\/jovoh.com\\\/de\\\/#website\"},\"datePublished\":\"2021-05-30T12:19:26+00:00\",\"dateModified\":\"2025-06-30T14:40:35+00:00\",\"description\":\"Wir liefern in viele L\u00e4nder innerhalb Europas, aber auch in andere L\u00e4nder. Wenn Ihr Land nicht aufgef\u00fchrt ist, nehmen Sie bitte Kontakt mit uns auf.\",\"breadcrumb\":{\"@id\":\"https:\\\/\\\/jovoh.com\\\/de\\\/versandkosten-und-lieferzeit\\\/#breadcrumb\"},\"inLanguage\":\"de-DE\",\"potentialAction\":[{\"@type\":\"ReadAction\",\"target\":[\"https:\\\/\\\/jovoh.com\\\/de\\\/versandkosten-und-lieferzeit\\\/\"]}]},{\"@type\":\"BreadcrumbList\",\"@id\":\"https:\\\/\\\/jovoh.com\\\/de\\\/versandkosten-und-lieferzeit\\\/#breadcrumb\",\"itemListElement\":[{\"@type\":\"ListItem\",\"position\":1,\"name\":\"Home\",\"item\":\"https:\\\/\\\/jovoh.com\\\/de\\\/\"},{\"@type\":\"ListItem\",\"position\":2,\"name\":\"Versandkosten und Lieferzeit\"}]},{\"@type\":\"WebSite\",\"@id\":\"https:\\\/\\\/jovoh.com\\\/de\\\/#website\",\"url\":\"https:\\\/\\\/jovoh.com\\\/de\\\/\",\"name\":\"jovoh\",\"description\":\"\",\"publisher\":{\"@id\":\"https:\\\/\\\/jovoh.com\\\/de\\\/#organization\"},\"potentialAction\":[{\"@type\":\"SearchAction\",\"target\":{\"@type\":\"EntryPoint\",\"urlTemplate\":\"https:\\\/\\\/jovoh.com\\\/de\\\/?s={search_term_string}\"},\"query-input\":{\"@type\":\"PropertyValueSpecification\",\"valueRequired\":true,\"valueName\":\"search_term_string\"}}],\"inLanguage\":\"de-DE\"},{\"@type\":\"Organization\",\"@id\":\"https:\\\/\\\/jovoh.com\\\/de\\\/#organization\",\"name\":\"Jovoh Design\",\"url\":\"https:\\\/\\\/jovoh.com\\\/de\\\/\",\"logo\":{\"@type\":\"ImageObject\",\"inLanguage\":\"de-DE\",\"@id\":\"https:\\\/\\\/jovoh.com\\\/de\\\/#\\\/schema\\\/logo\\\/image\\\/\",\"url\":\"https:\\\/\\\/jovoh.com\\\/wp-content\\\/uploads\\\/2024\\\/09\\\/Untitled_Artwork.png\",\"contentUrl\":\"https:\\\/\\\/jovoh.com\\\/wp-content\\\/uploads\\\/2024\\\/09\\\/Untitled_Artwork.png\",\"width\":1420,\"height\":929,\"caption\":\"Jovoh Design\"},\"image\":{\"@id\":\"https:\\\/\\\/jovoh.com\\\/de\\\/#\\\/schema\\\/logo\\\/image\\\/\"},\"sameAs\":[\"https:\\\/\\\/www.instagram.com\\\/jovoh_nappy\\\/\"]}]}<\/script>\n<!-- \/ Yoast SEO plugin. -->","yoast_head_json":{"title":"Versandkosten und Lieferzeit -","description":"Wir liefern in viele L\u00e4nder innerhalb Europas, aber auch in andere L\u00e4nder. Wenn Ihr Land nicht aufgef\u00fchrt ist, nehmen Sie bitte Kontakt mit uns auf.","robots":{"index":"index","follow":"follow","max-snippet":"max-snippet:-1","max-image-preview":"max-image-preview:large","max-video-preview":"max-video-preview:-1"},"canonical":"https:\/\/jovoh.com\/de\/versandkosten-und-lieferzeit\/","og_locale":"de_DE","og_type":"article","og_title":"Versandkosten und Lieferzeit -","og_description":"Wir liefern in viele L\u00e4nder innerhalb Europas, aber auch in andere L\u00e4nder. Wenn Ihr Land nicht aufgef\u00fchrt ist, nehmen Sie bitte Kontakt mit uns auf.","og_url":"https:\/\/jovoh.com\/de\/versandkosten-und-lieferzeit\/","article_publisher":"https:\/\/www.instagram.com\/jovoh_nappy\/","article_modified_time":"2025-06-30T14:40:35+00:00","twitter_card":"summary_large_image","twitter_misc":{"Est. reading time":"2 minutes"},"schema":{"@context":"https:\/\/schema.org","@graph":[{"@type":"WebPage","@id":"https:\/\/jovoh.com\/de\/versandkosten-und-lieferzeit\/","url":"https:\/\/jovoh.com\/de\/versandkosten-und-lieferzeit\/","name":"Versandkosten und Lieferzeit -","isPartOf":{"@id":"https:\/\/jovoh.com\/de\/#website"},"datePublished":"2021-05-30T12:19:26+00:00","dateModified":"2025-06-30T14:40:35+00:00","description":"Wir liefern in viele L\u00e4nder innerhalb Europas, aber auch in andere L\u00e4nder. Wenn Ihr Land nicht aufgef\u00fchrt ist, nehmen Sie bitte Kontakt mit uns auf.","breadcrumb":{"@id":"https:\/\/jovoh.com\/de\/versandkosten-und-lieferzeit\/#breadcrumb"},"inLanguage":"de-DE","potentialAction":[{"@type":"ReadAction","target":["https:\/\/jovoh.com\/de\/versandkosten-und-lieferzeit\/"]}]},{"@type":"BreadcrumbList","@id":"https:\/\/jovoh.com\/de\/versandkosten-und-lieferzeit\/#breadcrumb","itemListElement":[{"@type":"ListItem","position":1,"name":"Home","item":"https:\/\/jovoh.com\/de\/"},{"@type":"ListItem","position":2,"name":"Versandkosten und Lieferzeit"}]},{"@type":"WebSite","@id":"https:\/\/jovoh.com\/de\/#website","url":"https:\/\/jovoh.com\/de\/","name":"jovoh","description":"","publisher":{"@id":"https:\/\/jovoh.com\/de\/#organization"},"potentialAction":[{"@type":"SearchAction","target":{"@type":"EntryPoint","urlTemplate":"https:\/\/jovoh.com\/de\/?s={search_term_string}"},"query-input":{"@type":"PropertyValueSpecification","valueRequired":true,"valueName":"search_term_string"}}],"inLanguage":"de-DE"},{"@type":"Organization","@id":"https:\/\/jovoh.com\/de\/#organization","name":"Jovoh Design","url":"https:\/\/jovoh.com\/de\/","logo":{"@type":"ImageObject","inLanguage":"de-DE","@id":"https:\/\/jovoh.com\/de\/#\/schema\/logo\/image\/","url":"https:\/\/jovoh.com\/wp-content\/uploads\/2024\/09\/Untitled_Artwork.png","contentUrl":"https:\/\/jovoh.com\/wp-content\/uploads\/2024\/09\/Untitled_Artwork.png","width":1420,"height":929,"caption":"Jovoh Design"},"image":{"@id":"https:\/\/jovoh.com\/de\/#\/schema\/logo\/image\/"},"sameAs":["https:\/\/www.instagram.com\/jovoh_nappy\/"]}]}},"_links":{"self":[{"href":"https:\/\/jovoh.com\/de\/wp-json\/wp\/v2\/pages\/5985","targetHints":{"allow":["GET"]}}],"collection":[{"href":"https:\/\/jovoh.com\/de\/wp-json\/wp\/v2\/pages"}],"about":[{"href":"https:\/\/jovoh.com\/de\/wp-json\/wp\/v2\/types\/page"}],"author":[{"embeddable":true,"href":"https:\/\/jovoh.com\/de\/wp-json\/wp\/v2\/users\/1"}],"replies":[{"embeddable":true,"href":"https:\/\/jovoh.com\/de\/wp-json\/wp\/v2\/comments?post=5985"}],"version-history":[{"count":4,"href":"https:\/\/jovoh.com\/de\/wp-json\/wp\/v2\/pages\/5985\/revisions"}],"predecessor-version":[{"id":59132,"href":"https:\/\/jovoh.com\/de\/wp-json\/wp\/v2\/pages\/5985\/revisions\/59132"}],"wp:attachment":[{"href":"https:\/\/jovoh.com\/de\/wp-json\/wp\/v2\/media?parent=5985"}],"curies":[{"name":"wp","href":"https:\/\/api.w.org\/{rel}","templated":true}]}}