{"id":6949,"date":"2021-09-16T18:34:45","date_gmt":"2021-09-16T17:34:45","guid":{"rendered":"https:\/\/jovoh.com\/zahlungsmethoden\/"},"modified":"2025-01-04T13:21:29","modified_gmt":"2025-01-04T12:21:29","slug":"zahlungsmethoden","status":"publish","type":"page","link":"https:\/\/jovoh.com\/de\/zahlungsmethoden\/","title":{"rendered":"Zahlungsmethoden"},"content":{"rendered":"\n<p>Zahlungen erfolgen immer \u00fcber eine sichere Umgebung. Derzeit ist die Zahlung m\u00f6glich mittels:<\/p>\n\n<div class=\"wp-block-columns is-layout-flex wp-container-core-columns-is-layout-9d6595d7 wp-block-columns-is-layout-flex\">\n<div class=\"wp-block-column is-layout-flow wp-block-column-is-layout-flow\" style=\"flex-basis:10%\">\n<figure class=\"wp-block-image size-full is-resized\"><img loading=\"lazy\" decoding=\"async\" width=\"84\" height=\"82\" src=\"https:\/\/jovoh.com\/wp-content\/uploads\/2023\/03\/Bildschirmfoto-2023-03-14-um-11.35.11.png\" alt=\"\" class=\"wp-image-11583\" style=\"width:70px\"\/><\/figure>\n<\/div>\n\n\n\n<div class=\"wp-block-column is-layout-flow wp-block-column-is-layout-flow\" style=\"flex-basis:66.66%\">\n<p><strong>iDeal<\/strong>:<br\/>G\u00e4ngige Zahlungsmethode, z.B. in den Niederlanden.<\/p>\n<\/div>\n<\/div>\n\n<div class=\"wp-block-columns is-layout-flex wp-container-core-columns-is-layout-9d6595d7 wp-block-columns-is-layout-flex\">\n<div class=\"wp-block-column is-layout-flow wp-block-column-is-layout-flow\" style=\"flex-basis:10%\">\n<figure class=\"wp-block-image size-full is-resized\"><img loading=\"lazy\" decoding=\"async\" width=\"84\" height=\"82\" src=\"https:\/\/jovoh.com\/wp-content\/uploads\/2023\/03\/Bildschirmfoto-2023-03-14-um-11.35.18.png\" alt=\"\" class=\"wp-image-11586\" style=\"width:70px\"\/><\/figure>\n<\/div>\n\n\n\n<div class=\"wp-block-column is-layout-flow wp-block-column-is-layout-flow\" style=\"flex-basis:66.66%\">\n<p><strong>PayPal<\/strong>:<br\/>Einfache und schnelle internationale Zahlung mit Ihrem PayPal-Konto.<br\/>Die Nutzung von PayPal als Zahlungsmethode <em><strong>kostet 3,9%<\/strong><\/em> des Zahlungsbetrags und wird zus\u00e4tzlich in Rechnung gebracht.<\/p>\n<\/div>\n<\/div>\n\n<div class=\"wp-block-columns is-layout-flex wp-container-core-columns-is-layout-9d6595d7 wp-block-columns-is-layout-flex\">\n<div class=\"wp-block-column is-layout-flow wp-block-column-is-layout-flow\" style=\"flex-basis:10%\">\n<figure class=\"wp-block-image size-full is-resized\"><img loading=\"lazy\" decoding=\"async\" width=\"256\" height=\"250\" src=\"https:\/\/jovoh.com\/wp-content\/uploads\/2024\/12\/Bildschirmfoto-2024-12-07-um-12.41.31.png\" alt=\"\" class=\"wp-image-29191\" style=\"width:70px\"\/><\/figure>\n<\/div>\n\n\n\n<div class=\"wp-block-column is-layout-flow wp-block-column-is-layout-flow\" style=\"flex-basis:66.66%\">\n<p><strong><strong>Kreditkarte<\/strong><\/strong>:<br\/>Die Nutzung von Kreditkarten als Zahlungsmethode <em><strong>kostet 3,0%<\/strong><\/em> des Zahlungsbetrags und wird zus\u00e4tzlich in Rechnung gebracht.<\/p>\n<\/div>\n<\/div>\n\n<div class=\"wp-block-columns is-layout-flex wp-container-core-columns-is-layout-9d6595d7 wp-block-columns-is-layout-flex\">\n<div class=\"wp-block-column is-layout-flow wp-block-column-is-layout-flow\" style=\"flex-basis:10%\">\n<figure class=\"wp-block-image size-full is-resized\"><img loading=\"lazy\" decoding=\"async\" width=\"80\" height=\"78\" src=\"https:\/\/jovoh.com\/wp-content\/uploads\/2023\/03\/Bildschirmfoto-2023-03-14-um-11.34.57.png\" alt=\"\" class=\"wp-image-11577\" style=\"width:70px\"\/><\/figure>\n<\/div>\n\n\n\n<div class=\"wp-block-column is-layout-flow wp-block-column-is-layout-flow\" style=\"flex-basis:66.66%\">\n<p><strong><strong>Klarna auf Rechnung<\/strong><\/strong>:<br\/>Zahlungsmethoden, um Ihre Eink\u00e4ufe im Nachhinein zu bezahlen.<br\/>Die Nutzung von Klarna auf Rechnung als Zahlungsmethode <strong><em>kostet<\/em><\/strong> <strong><em>3,0%<\/em><\/strong> des Zahlungsbetrags.<\/p>\n<\/div>\n<\/div>\n\n<div class=\"wp-block-columns is-layout-flex wp-container-core-columns-is-layout-9d6595d7 wp-block-columns-is-layout-flex\">\n<div class=\"wp-block-column is-layout-flow wp-block-column-is-layout-flow\" style=\"flex-basis:10%\">\n<figure class=\"wp-block-image size-full is-resized\"><img loading=\"lazy\" decoding=\"async\" width=\"80\" height=\"78\" src=\"https:\/\/jovoh.com\/wp-content\/uploads\/2023\/03\/Bildschirmfoto-2023-03-14-um-11.34.57.png\" alt=\"\" class=\"wp-image-11577\" style=\"width:70px\"\/><\/figure>\n<\/div>\n\n\n\n<div class=\"wp-block-column is-layout-flow wp-block-column-is-layout-flow\" style=\"flex-basis:66.66%\">\n<p><strong><strong><strong>Klarna Ratenkauf<\/strong><\/strong><\/strong>:<br\/>Zahlungsmethode, um den Kauf in 3 Teilen zu bezahlen. Sie k\u00f6nnen den f\u00e4lligen Betrag in Raten aufteilen und innerhalb von 3 bis 36 Monaten abbezahlen. Die eigentlichen Zahlungen finden zu einem sp\u00e4teren Zeitpunkt statt und werden in der Klarna-App oder im Kundenportal \u00fcber eine andere Zahlungsmethode wie iDEAL oder Kreditkarte get\u00e4tigt. Die Nutzung von Klarna Ratenkauf als Zahlungsmethode <em><strong>kostet<\/strong><\/em> <em><strong>3,0 %<\/strong><\/em> des Zahlungsbetrags. Dieser Betrag wird zus\u00e4tzlich in Rechnung gebracht.<\/p>\n<\/div>\n<\/div>\n\n<div class=\"wp-block-columns is-layout-flex wp-container-core-columns-is-layout-9d6595d7 wp-block-columns-is-layout-flex\">\n<div class=\"wp-block-column is-layout-flow wp-block-column-is-layout-flow\" style=\"flex-basis:10%\">\n<figure class=\"wp-block-image size-full is-resized\"><img loading=\"lazy\" decoding=\"async\" width=\"88\" height=\"80\" src=\"https:\/\/jovoh.com\/wp-content\/uploads\/2023\/03\/Bildschirmfoto-2023-03-14-um-11.35.28.png\" alt=\"\" class=\"wp-image-11589\" style=\"width:70px\"\/><\/figure>\n<\/div>\n\n\n\n<div class=\"wp-block-column is-layout-flow wp-block-column-is-layout-flow\" style=\"flex-basis:66.66%\">\n<p><strong>Bancontact<\/strong>:<br\/>G\u00e4ngige Online-Zahlungsmethode in Belgien.<\/p>\n<\/div>\n<\/div>\n\n<div class=\"wp-block-columns is-layout-flex wp-container-core-columns-is-layout-9d6595d7 wp-block-columns-is-layout-flex\">\n<div class=\"wp-block-column is-layout-flow wp-block-column-is-layout-flow\" style=\"flex-basis:10%\">\n<figure class=\"wp-block-image size-full is-resized\"><img loading=\"lazy\" decoding=\"async\" width=\"86\" height=\"82\" src=\"https:\/\/jovoh.com\/wp-content\/uploads\/2023\/03\/Bildschirmfoto-2023-03-14-um-11.35.34.png\" alt=\"\" class=\"wp-image-11580\" style=\"width:70px\"\/><\/figure>\n<\/div>\n\n\n\n<div class=\"wp-block-column is-layout-flow wp-block-column-is-layout-flow\" style=\"flex-basis:66.66%\">\n<p><strong><strong>\u00dcberweisung<\/strong><\/strong>:<br\/>Es ist auch m\u00f6glich per Bank\u00fcberweisung zu bezahlen. Die Bankdaten werden Ihnen nach der Bestellung per E-Mail zugesandt. <\/p>\n<\/div>\n<\/div>\n","protected":false},"excerpt":{"rendered":"<p>Zahlungen erfolgen immer \u00fcber eine sichere Umgebung. Derzeit ist die Zahlung m\u00f6glich mittels: iDeal:G\u00e4ngige Zahlungsmethode, z.B. in den Niederlanden. PayPal:Einfache und schnelle internationale Zahlung mit Ihrem PayPal-Konto.Die Nutzung von PayPal als Zahlungsmethode kostet 3,9% des Zahlungsbetrags und wird zus\u00e4tzlich in &hellip; <a href=\"https:\/\/jovoh.com\/de\/zahlungsmethoden\/\">Continued<\/a><\/p>\n","protected":false},"author":1,"featured_media":0,"parent":0,"menu_order":0,"comment_status":"closed","ping_status":"closed","template":"","meta":{"kt_blocks_editor_width":"","footnotes":""},"class_list":["post-6949","page","type-page","status-publish","hentry"],"yoast_head":"<!-- This site is optimized with the Yoast SEO plugin v27.5 - https:\/\/yoast.com\/product\/yoast-seo-wordpress\/ -->\n<title>Zahlungsmethoden -<\/title>\n<meta name=\"robots\" content=\"index, follow, max-snippet:-1, max-image-preview:large, max-video-preview:-1\" \/>\n<link rel=\"canonical\" href=\"https:\/\/jovoh.com\/de\/zahlungsmethoden\/\" \/>\n<meta property=\"og:locale\" content=\"de_DE\" \/>\n<meta property=\"og:type\" content=\"article\" \/>\n<meta property=\"og:title\" content=\"Zahlungsmethoden -\" \/>\n<meta property=\"og:description\" content=\"Zahlungen erfolgen immer \u00fcber eine sichere Umgebung. Derzeit ist die Zahlung m\u00f6glich mittels: iDeal:G\u00e4ngige Zahlungsmethode, z.B. in den Niederlanden. PayPal:Einfache und schnelle internationale Zahlung mit Ihrem PayPal-Konto.Die Nutzung von PayPal als Zahlungsmethode kostet 3,9% des Zahlungsbetrags und wird zus\u00e4tzlich in &hellip; Continued\" \/>\n<meta property=\"og:url\" content=\"https:\/\/jovoh.com\/de\/zahlungsmethoden\/\" \/>\n<meta property=\"article:publisher\" content=\"https:\/\/www.instagram.com\/jovoh_nappy\/\" \/>\n<meta property=\"article:modified_time\" content=\"2025-01-04T12:21:29+00:00\" \/>\n<meta property=\"og:image\" content=\"https:\/\/jovoh.com\/wp-content\/uploads\/2023\/03\/Bildschirmfoto-2023-03-14-um-11.35.11.png\" \/>\n\t<meta property=\"og:image:width\" content=\"84\" \/>\n\t<meta property=\"og:image:height\" content=\"82\" \/>\n\t<meta property=\"og:image:type\" content=\"image\/png\" \/>\n<meta name=\"twitter:card\" content=\"summary_large_image\" \/>\n<meta name=\"twitter:label1\" content=\"Est. reading time\" \/>\n\t<meta name=\"twitter:data1\" content=\"1 minute\" \/>\n<script type=\"application\/ld+json\" class=\"yoast-schema-graph\">{\"@context\":\"https:\\\/\\\/schema.org\",\"@graph\":[{\"@type\":\"WebPage\",\"@id\":\"https:\\\/\\\/jovoh.com\\\/de\\\/zahlungsmethoden\\\/\",\"url\":\"https:\\\/\\\/jovoh.com\\\/de\\\/zahlungsmethoden\\\/\",\"name\":\"Zahlungsmethoden -\",\"isPartOf\":{\"@id\":\"https:\\\/\\\/jovoh.com\\\/de\\\/#website\"},\"primaryImageOfPage\":{\"@id\":\"https:\\\/\\\/jovoh.com\\\/de\\\/zahlungsmethoden\\\/#primaryimage\"},\"image\":{\"@id\":\"https:\\\/\\\/jovoh.com\\\/de\\\/zahlungsmethoden\\\/#primaryimage\"},\"thumbnailUrl\":\"https:\\\/\\\/jovoh.com\\\/wp-content\\\/uploads\\\/2023\\\/03\\\/Bildschirmfoto-2023-03-14-um-11.35.11.png\",\"datePublished\":\"2021-09-16T17:34:45+00:00\",\"dateModified\":\"2025-01-04T12:21:29+00:00\",\"breadcrumb\":{\"@id\":\"https:\\\/\\\/jovoh.com\\\/de\\\/zahlungsmethoden\\\/#breadcrumb\"},\"inLanguage\":\"de-DE\",\"potentialAction\":[{\"@type\":\"ReadAction\",\"target\":[\"https:\\\/\\\/jovoh.com\\\/de\\\/zahlungsmethoden\\\/\"]}]},{\"@type\":\"ImageObject\",\"inLanguage\":\"de-DE\",\"@id\":\"https:\\\/\\\/jovoh.com\\\/de\\\/zahlungsmethoden\\\/#primaryimage\",\"url\":\"https:\\\/\\\/jovoh.com\\\/wp-content\\\/uploads\\\/2023\\\/03\\\/Bildschirmfoto-2023-03-14-um-11.35.11.png\",\"contentUrl\":\"https:\\\/\\\/jovoh.com\\\/wp-content\\\/uploads\\\/2023\\\/03\\\/Bildschirmfoto-2023-03-14-um-11.35.11.png\"},{\"@type\":\"BreadcrumbList\",\"@id\":\"https:\\\/\\\/jovoh.com\\\/de\\\/zahlungsmethoden\\\/#breadcrumb\",\"itemListElement\":[{\"@type\":\"ListItem\",\"position\":1,\"name\":\"Home\",\"item\":\"https:\\\/\\\/jovoh.com\\\/de\\\/\"},{\"@type\":\"ListItem\",\"position\":2,\"name\":\"Zahlungsmethoden\"}]},{\"@type\":\"WebSite\",\"@id\":\"https:\\\/\\\/jovoh.com\\\/de\\\/#website\",\"url\":\"https:\\\/\\\/jovoh.com\\\/de\\\/\",\"name\":\"jovoh\",\"description\":\"\",\"publisher\":{\"@id\":\"https:\\\/\\\/jovoh.com\\\/de\\\/#organization\"},\"potentialAction\":[{\"@type\":\"SearchAction\",\"target\":{\"@type\":\"EntryPoint\",\"urlTemplate\":\"https:\\\/\\\/jovoh.com\\\/de\\\/?s={search_term_string}\"},\"query-input\":{\"@type\":\"PropertyValueSpecification\",\"valueRequired\":true,\"valueName\":\"search_term_string\"}}],\"inLanguage\":\"de-DE\"},{\"@type\":\"Organization\",\"@id\":\"https:\\\/\\\/jovoh.com\\\/de\\\/#organization\",\"name\":\"Jovoh Design\",\"url\":\"https:\\\/\\\/jovoh.com\\\/de\\\/\",\"logo\":{\"@type\":\"ImageObject\",\"inLanguage\":\"de-DE\",\"@id\":\"https:\\\/\\\/jovoh.com\\\/de\\\/#\\\/schema\\\/logo\\\/image\\\/\",\"url\":\"https:\\\/\\\/jovoh.com\\\/wp-content\\\/uploads\\\/2024\\\/09\\\/Untitled_Artwork.png\",\"contentUrl\":\"https:\\\/\\\/jovoh.com\\\/wp-content\\\/uploads\\\/2024\\\/09\\\/Untitled_Artwork.png\",\"width\":1420,\"height\":929,\"caption\":\"Jovoh Design\"},\"image\":{\"@id\":\"https:\\\/\\\/jovoh.com\\\/de\\\/#\\\/schema\\\/logo\\\/image\\\/\"},\"sameAs\":[\"https:\\\/\\\/www.instagram.com\\\/jovoh_nappy\\\/\"]}]}<\/script>\n<!-- \/ Yoast SEO plugin. -->","yoast_head_json":{"title":"Zahlungsmethoden -","robots":{"index":"index","follow":"follow","max-snippet":"max-snippet:-1","max-image-preview":"max-image-preview:large","max-video-preview":"max-video-preview:-1"},"canonical":"https:\/\/jovoh.com\/de\/zahlungsmethoden\/","og_locale":"de_DE","og_type":"article","og_title":"Zahlungsmethoden -","og_description":"Zahlungen erfolgen immer \u00fcber eine sichere Umgebung. Derzeit ist die Zahlung m\u00f6glich mittels: iDeal:G\u00e4ngige Zahlungsmethode, z.B. in den Niederlanden. PayPal:Einfache und schnelle internationale Zahlung mit Ihrem PayPal-Konto.Die Nutzung von PayPal als Zahlungsmethode kostet 3,9% des Zahlungsbetrags und wird zus\u00e4tzlich in &hellip; Continued","og_url":"https:\/\/jovoh.com\/de\/zahlungsmethoden\/","article_publisher":"https:\/\/www.instagram.com\/jovoh_nappy\/","article_modified_time":"2025-01-04T12:21:29+00:00","og_image":[{"width":84,"height":82,"url":"https:\/\/jovoh.com\/wp-content\/uploads\/2023\/03\/Bildschirmfoto-2023-03-14-um-11.35.11.png","type":"image\/png"}],"twitter_card":"summary_large_image","twitter_misc":{"Est. reading time":"1 minute"},"schema":{"@context":"https:\/\/schema.org","@graph":[{"@type":"WebPage","@id":"https:\/\/jovoh.com\/de\/zahlungsmethoden\/","url":"https:\/\/jovoh.com\/de\/zahlungsmethoden\/","name":"Zahlungsmethoden -","isPartOf":{"@id":"https:\/\/jovoh.com\/de\/#website"},"primaryImageOfPage":{"@id":"https:\/\/jovoh.com\/de\/zahlungsmethoden\/#primaryimage"},"image":{"@id":"https:\/\/jovoh.com\/de\/zahlungsmethoden\/#primaryimage"},"thumbnailUrl":"https:\/\/jovoh.com\/wp-content\/uploads\/2023\/03\/Bildschirmfoto-2023-03-14-um-11.35.11.png","datePublished":"2021-09-16T17:34:45+00:00","dateModified":"2025-01-04T12:21:29+00:00","breadcrumb":{"@id":"https:\/\/jovoh.com\/de\/zahlungsmethoden\/#breadcrumb"},"inLanguage":"de-DE","potentialAction":[{"@type":"ReadAction","target":["https:\/\/jovoh.com\/de\/zahlungsmethoden\/"]}]},{"@type":"ImageObject","inLanguage":"de-DE","@id":"https:\/\/jovoh.com\/de\/zahlungsmethoden\/#primaryimage","url":"https:\/\/jovoh.com\/wp-content\/uploads\/2023\/03\/Bildschirmfoto-2023-03-14-um-11.35.11.png","contentUrl":"https:\/\/jovoh.com\/wp-content\/uploads\/2023\/03\/Bildschirmfoto-2023-03-14-um-11.35.11.png"},{"@type":"BreadcrumbList","@id":"https:\/\/jovoh.com\/de\/zahlungsmethoden\/#breadcrumb","itemListElement":[{"@type":"ListItem","position":1,"name":"Home","item":"https:\/\/jovoh.com\/de\/"},{"@type":"ListItem","position":2,"name":"Zahlungsmethoden"}]},{"@type":"WebSite","@id":"https:\/\/jovoh.com\/de\/#website","url":"https:\/\/jovoh.com\/de\/","name":"jovoh","description":"","publisher":{"@id":"https:\/\/jovoh.com\/de\/#organization"},"potentialAction":[{"@type":"SearchAction","target":{"@type":"EntryPoint","urlTemplate":"https:\/\/jovoh.com\/de\/?s={search_term_string}"},"query-input":{"@type":"PropertyValueSpecification","valueRequired":true,"valueName":"search_term_string"}}],"inLanguage":"de-DE"},{"@type":"Organization","@id":"https:\/\/jovoh.com\/de\/#organization","name":"Jovoh Design","url":"https:\/\/jovoh.com\/de\/","logo":{"@type":"ImageObject","inLanguage":"de-DE","@id":"https:\/\/jovoh.com\/de\/#\/schema\/logo\/image\/","url":"https:\/\/jovoh.com\/wp-content\/uploads\/2024\/09\/Untitled_Artwork.png","contentUrl":"https:\/\/jovoh.com\/wp-content\/uploads\/2024\/09\/Untitled_Artwork.png","width":1420,"height":929,"caption":"Jovoh Design"},"image":{"@id":"https:\/\/jovoh.com\/de\/#\/schema\/logo\/image\/"},"sameAs":["https:\/\/www.instagram.com\/jovoh_nappy\/"]}]}},"_links":{"self":[{"href":"https:\/\/jovoh.com\/de\/wp-json\/wp\/v2\/pages\/6949","targetHints":{"allow":["GET"]}}],"collection":[{"href":"https:\/\/jovoh.com\/de\/wp-json\/wp\/v2\/pages"}],"about":[{"href":"https:\/\/jovoh.com\/de\/wp-json\/wp\/v2\/types\/page"}],"author":[{"embeddable":true,"href":"https:\/\/jovoh.com\/de\/wp-json\/wp\/v2\/users\/1"}],"replies":[{"embeddable":true,"href":"https:\/\/jovoh.com\/de\/wp-json\/wp\/v2\/comments?post=6949"}],"version-history":[{"count":0,"href":"https:\/\/jovoh.com\/de\/wp-json\/wp\/v2\/pages\/6949\/revisions"}],"wp:attachment":[{"href":"https:\/\/jovoh.com\/de\/wp-json\/wp\/v2\/media?parent=6949"}],"curies":[{"name":"wp","href":"https:\/\/api.w.org\/{rel}","templated":true}]}}