{"id":7088,"date":"2021-10-06T10:40:21","date_gmt":"2021-10-06T08:40:21","guid":{"rendered":"https:\/\/jovoh.com\/garantie-und-reklamation\/"},"modified":"2023-05-30T09:09:53","modified_gmt":"2023-05-30T07:09:53","slug":"garantie-und-reklamation","status":"publish","type":"page","link":"https:\/\/jovoh.com\/de\/garantie-und-reklamation\/","title":{"rendered":"Garantie und Reklamation"},"content":{"rendered":"\n<h4 class=\"wp-block-heading\">Garantie<\/h4>\n\n<p>Wir geben unser Bestes, unsere Produkte im Top-Zustand zu liefern. Es kommt jedoch manchmal vor, dass eine Bestellung z.B. w\u00e4hrend des Transports besch\u00e4digt wird, und Sie einen Garantieanspruch gelten machen k\u00f6nnen. Sie sind rechtlich dazu verpflichtet, uns dies innerhalb von zwei Monaten nach Entdeckung des Mangels mitzuteilen. F\u00e4llt der Mangel unter die Gew\u00e4hrleistung, k\u00fcmmern wir uns kostenlos um Reparatur oder Ersatz.<\/p>\n<style>.wp-block-kadence-spacer.kt-block-spacer-_6cad9f-9a .kt-block-spacer{height:25px;}.wp-block-kadence-spacer.kt-block-spacer-_6cad9f-9a .kt-divider{border-top-width:1px;height:1px;border-top-color:#eee;width:80%;border-top-style:solid;}<\/style>\n<div class=\"wp-block-kadence-spacer aligncenter kt-block-spacer-_6cad9f-9a\"><div class=\"kt-block-spacer kt-block-spacer-halign-center\"><hr class=\"kt-divider\"\/><\/div><\/div>\n\n<h4 class=\"wp-block-heading has--font-size\">Beschwerden<\/h4>\n\n<p>Es kann immer passieren, dass etwas nicht ganz nach Plan l\u00e4uft. Wir empfehlen Ihnen, Reklamationen zun\u00e4chst per E-Mail an info@jovoh.com zu senden. F\u00fchrt dies nicht zu einer L\u00f6sung, ist es auch f\u00fcr Verbraucher in der EU m\u00f6glich, Beschwerden \u00fcber die OS-Plattform der Europ\u00e4ischen Kommission zu melden. Die OS-Plattform finden Sie unter http:\/\/ec.europa.eu\/odr. Wenn Ihre Beschwerde noch nicht anderweitig bearbeitet wird, k\u00f6nnen Sie Ihre Beschwerde \u00fcber die Plattform der Europ\u00e4ischen Union einreichen.<\/p>\n","protected":false},"excerpt":{"rendered":"<p>Garantie Wir geben unser Bestes, unsere Produkte im Top-Zustand zu liefern. Es kommt jedoch manchmal vor, dass eine Bestellung z.B. w\u00e4hrend des Transports besch\u00e4digt wird, und Sie einen Garantieanspruch gelten machen k\u00f6nnen. Sie sind rechtlich dazu verpflichtet, uns dies innerhalb &hellip; <a href=\"https:\/\/jovoh.com\/de\/garantie-und-reklamation\/\">Continued<\/a><\/p>\n","protected":false},"author":1,"featured_media":0,"parent":0,"menu_order":0,"comment_status":"closed","ping_status":"closed","template":"","meta":{"kt_blocks_editor_width":"","footnotes":""},"class_list":["post-7088","page","type-page","status-publish","hentry"],"yoast_head":"<!-- This site is optimized with the Yoast SEO plugin v27.5 - https:\/\/yoast.com\/product\/yoast-seo-wordpress\/ -->\n<title>Garantie und Reklamation -<\/title>\n<meta name=\"robots\" content=\"index, follow, max-snippet:-1, max-image-preview:large, max-video-preview:-1\" \/>\n<link rel=\"canonical\" href=\"https:\/\/jovoh.com\/de\/garantie-und-reklamation\/\" \/>\n<meta property=\"og:locale\" content=\"de_DE\" \/>\n<meta property=\"og:type\" content=\"article\" \/>\n<meta property=\"og:title\" content=\"Garantie und Reklamation -\" \/>\n<meta property=\"og:description\" content=\"Garantie Wir geben unser Bestes, unsere Produkte im Top-Zustand zu liefern. Es kommt jedoch manchmal vor, dass eine Bestellung z.B. w\u00e4hrend des Transports besch\u00e4digt wird, und Sie einen Garantieanspruch gelten machen k\u00f6nnen. Sie sind rechtlich dazu verpflichtet, uns dies innerhalb &hellip; Continued\" \/>\n<meta property=\"og:url\" content=\"https:\/\/jovoh.com\/de\/garantie-und-reklamation\/\" \/>\n<meta property=\"article:publisher\" content=\"https:\/\/www.instagram.com\/jovoh_nappy\/\" \/>\n<meta property=\"article:modified_time\" content=\"2023-05-30T07:09:53+00:00\" \/>\n<meta name=\"twitter:card\" content=\"summary_large_image\" \/>\n<meta name=\"twitter:label1\" content=\"Est. reading time\" \/>\n\t<meta name=\"twitter:data1\" content=\"1 minute\" \/>\n<script type=\"application\/ld+json\" class=\"yoast-schema-graph\">{\"@context\":\"https:\\\/\\\/schema.org\",\"@graph\":[{\"@type\":\"WebPage\",\"@id\":\"https:\\\/\\\/jovoh.com\\\/de\\\/garantie-und-reklamation\\\/\",\"url\":\"https:\\\/\\\/jovoh.com\\\/de\\\/garantie-und-reklamation\\\/\",\"name\":\"Garantie und Reklamation -\",\"isPartOf\":{\"@id\":\"https:\\\/\\\/jovoh.com\\\/de\\\/#website\"},\"datePublished\":\"2021-10-06T08:40:21+00:00\",\"dateModified\":\"2023-05-30T07:09:53+00:00\",\"breadcrumb\":{\"@id\":\"https:\\\/\\\/jovoh.com\\\/de\\\/garantie-und-reklamation\\\/#breadcrumb\"},\"inLanguage\":\"de-DE\",\"potentialAction\":[{\"@type\":\"ReadAction\",\"target\":[\"https:\\\/\\\/jovoh.com\\\/de\\\/garantie-und-reklamation\\\/\"]}]},{\"@type\":\"BreadcrumbList\",\"@id\":\"https:\\\/\\\/jovoh.com\\\/de\\\/garantie-und-reklamation\\\/#breadcrumb\",\"itemListElement\":[{\"@type\":\"ListItem\",\"position\":1,\"name\":\"Home\",\"item\":\"https:\\\/\\\/jovoh.com\\\/de\\\/\"},{\"@type\":\"ListItem\",\"position\":2,\"name\":\"Garantie und Reklamation\"}]},{\"@type\":\"WebSite\",\"@id\":\"https:\\\/\\\/jovoh.com\\\/de\\\/#website\",\"url\":\"https:\\\/\\\/jovoh.com\\\/de\\\/\",\"name\":\"jovoh\",\"description\":\"\",\"publisher\":{\"@id\":\"https:\\\/\\\/jovoh.com\\\/de\\\/#organization\"},\"potentialAction\":[{\"@type\":\"SearchAction\",\"target\":{\"@type\":\"EntryPoint\",\"urlTemplate\":\"https:\\\/\\\/jovoh.com\\\/de\\\/?s={search_term_string}\"},\"query-input\":{\"@type\":\"PropertyValueSpecification\",\"valueRequired\":true,\"valueName\":\"search_term_string\"}}],\"inLanguage\":\"de-DE\"},{\"@type\":\"Organization\",\"@id\":\"https:\\\/\\\/jovoh.com\\\/de\\\/#organization\",\"name\":\"Jovoh Design\",\"url\":\"https:\\\/\\\/jovoh.com\\\/de\\\/\",\"logo\":{\"@type\":\"ImageObject\",\"inLanguage\":\"de-DE\",\"@id\":\"https:\\\/\\\/jovoh.com\\\/de\\\/#\\\/schema\\\/logo\\\/image\\\/\",\"url\":\"https:\\\/\\\/jovoh.com\\\/wp-content\\\/uploads\\\/2024\\\/09\\\/Untitled_Artwork.png\",\"contentUrl\":\"https:\\\/\\\/jovoh.com\\\/wp-content\\\/uploads\\\/2024\\\/09\\\/Untitled_Artwork.png\",\"width\":1420,\"height\":929,\"caption\":\"Jovoh Design\"},\"image\":{\"@id\":\"https:\\\/\\\/jovoh.com\\\/de\\\/#\\\/schema\\\/logo\\\/image\\\/\"},\"sameAs\":[\"https:\\\/\\\/www.instagram.com\\\/jovoh_nappy\\\/\"]}]}<\/script>\n<!-- \/ Yoast SEO plugin. -->","yoast_head_json":{"title":"Garantie und Reklamation -","robots":{"index":"index","follow":"follow","max-snippet":"max-snippet:-1","max-image-preview":"max-image-preview:large","max-video-preview":"max-video-preview:-1"},"canonical":"https:\/\/jovoh.com\/de\/garantie-und-reklamation\/","og_locale":"de_DE","og_type":"article","og_title":"Garantie und Reklamation -","og_description":"Garantie Wir geben unser Bestes, unsere Produkte im Top-Zustand zu liefern. Es kommt jedoch manchmal vor, dass eine Bestellung z.B. w\u00e4hrend des Transports besch\u00e4digt wird, und Sie einen Garantieanspruch gelten machen k\u00f6nnen. Sie sind rechtlich dazu verpflichtet, uns dies innerhalb &hellip; Continued","og_url":"https:\/\/jovoh.com\/de\/garantie-und-reklamation\/","article_publisher":"https:\/\/www.instagram.com\/jovoh_nappy\/","article_modified_time":"2023-05-30T07:09:53+00:00","twitter_card":"summary_large_image","twitter_misc":{"Est. reading time":"1 minute"},"schema":{"@context":"https:\/\/schema.org","@graph":[{"@type":"WebPage","@id":"https:\/\/jovoh.com\/de\/garantie-und-reklamation\/","url":"https:\/\/jovoh.com\/de\/garantie-und-reklamation\/","name":"Garantie und Reklamation -","isPartOf":{"@id":"https:\/\/jovoh.com\/de\/#website"},"datePublished":"2021-10-06T08:40:21+00:00","dateModified":"2023-05-30T07:09:53+00:00","breadcrumb":{"@id":"https:\/\/jovoh.com\/de\/garantie-und-reklamation\/#breadcrumb"},"inLanguage":"de-DE","potentialAction":[{"@type":"ReadAction","target":["https:\/\/jovoh.com\/de\/garantie-und-reklamation\/"]}]},{"@type":"BreadcrumbList","@id":"https:\/\/jovoh.com\/de\/garantie-und-reklamation\/#breadcrumb","itemListElement":[{"@type":"ListItem","position":1,"name":"Home","item":"https:\/\/jovoh.com\/de\/"},{"@type":"ListItem","position":2,"name":"Garantie und Reklamation"}]},{"@type":"WebSite","@id":"https:\/\/jovoh.com\/de\/#website","url":"https:\/\/jovoh.com\/de\/","name":"jovoh","description":"","publisher":{"@id":"https:\/\/jovoh.com\/de\/#organization"},"potentialAction":[{"@type":"SearchAction","target":{"@type":"EntryPoint","urlTemplate":"https:\/\/jovoh.com\/de\/?s={search_term_string}"},"query-input":{"@type":"PropertyValueSpecification","valueRequired":true,"valueName":"search_term_string"}}],"inLanguage":"de-DE"},{"@type":"Organization","@id":"https:\/\/jovoh.com\/de\/#organization","name":"Jovoh Design","url":"https:\/\/jovoh.com\/de\/","logo":{"@type":"ImageObject","inLanguage":"de-DE","@id":"https:\/\/jovoh.com\/de\/#\/schema\/logo\/image\/","url":"https:\/\/jovoh.com\/wp-content\/uploads\/2024\/09\/Untitled_Artwork.png","contentUrl":"https:\/\/jovoh.com\/wp-content\/uploads\/2024\/09\/Untitled_Artwork.png","width":1420,"height":929,"caption":"Jovoh Design"},"image":{"@id":"https:\/\/jovoh.com\/de\/#\/schema\/logo\/image\/"},"sameAs":["https:\/\/www.instagram.com\/jovoh_nappy\/"]}]}},"_links":{"self":[{"href":"https:\/\/jovoh.com\/de\/wp-json\/wp\/v2\/pages\/7088","targetHints":{"allow":["GET"]}}],"collection":[{"href":"https:\/\/jovoh.com\/de\/wp-json\/wp\/v2\/pages"}],"about":[{"href":"https:\/\/jovoh.com\/de\/wp-json\/wp\/v2\/types\/page"}],"author":[{"embeddable":true,"href":"https:\/\/jovoh.com\/de\/wp-json\/wp\/v2\/users\/1"}],"replies":[{"embeddable":true,"href":"https:\/\/jovoh.com\/de\/wp-json\/wp\/v2\/comments?post=7088"}],"version-history":[{"count":0,"href":"https:\/\/jovoh.com\/de\/wp-json\/wp\/v2\/pages\/7088\/revisions"}],"wp:attachment":[{"href":"https:\/\/jovoh.com\/de\/wp-json\/wp\/v2\/media?parent=7088"}],"curies":[{"name":"wp","href":"https:\/\/api.w.org\/{rel}","templated":true}]}}