{"id":10781,"date":"2022-08-25T20:24:27","date_gmt":"2022-08-25T18:24:27","guid":{"rendered":"https:\/\/jovoh.com\/?post_type=product&#038;p=10781"},"modified":"2025-06-23T10:55:00","modified_gmt":"2025-06-23T09:55:00","slug":"changing-baby-blanket","status":"publish","type":"product","link":"https:\/\/jovoh.com\/de\/produkt\/changing-baby-blanket\/","title":{"rendered":"Wickelunterlage"},"content":{"rendered":"<ul>\n<li>Bei maximal 30\u00b0C waschen<\/li>\n<li>Kein Trockner.<\/li>\n<li>Keine chemische Reinigung. Nicht b\u00fcgeln.<\/li>\n<\/ul>\n<p>Hersteller: Jovoh Design, Karel Doormanlaan 193, 3572NW Utrecht, Niederlande | info@jovoh.com<\/p>\n","protected":false},"excerpt":{"rendered":"<p>Diese wunderbar weiche Babyunterlage ist mehr als nur eine Decke \u2013 sie ist die ideale Wickelunterlage f\u00fcr zu Hause und unterwegs. Durchdacht designt in perfekter Gr\u00f6\u00dfe, l\u00e4sst sie sich kompakt zusammenfalten und passt in jede Tasche, bietet aber ausgefaltet gro\u00dfz\u00fcgigen Platz beim Wickeln. <\/p>\n<p>Hergestellt aus 100 % zertifizierter Bio-Baumwolle, bietet sie eine kuschelige Velours-Unterseite f\u00fcr extra Komfort und Saugf\u00e4higkeit, w\u00e4hrend die Oberseite aus weichem, atmungsaktivem Musselin in wundersch\u00f6nen Farben besteht. Keine Kn\u00f6pfe, keine B\u00e4nder, kein Schnickschnack \u2013 einfach pure, sanfte Praktikabilit\u00e4t. <\/p>\n<ul>\n<li>Eine unauff\u00e4llige Tasche verbirgt das Pflegeetikett, sodass nichts Kuscheleinheiten oder den Komfort st\u00f6rt.<\/li>\n<li>Ein verspielter Knoten in der Ecke l\u00e4dt kleine H\u00e4nde zum Entdecken ein und dient gleichzeitig als praktische Aufh\u00e4ngeschlaufe.<\/li>\n<\/ul>\n<p>Ob zu Hause oder unterwegs \u2013 diese Unterlage ist dein zuverl\u00e4ssiger Begleiter f\u00fcr saubere, bequeme Windelwechsel \u2013 schlicht, weich und nachhaltig.<\/p>\n<p>&nbsp;<\/p>\n<p><strong>Unterseite<\/strong>: Velour (100% Bio-Baumwolle, kbA)<br \/>\n<strong>Oberseite<\/strong>: Musselin (100% Bio-Baumwolle, kbA) )<br \/>\n<strong>Gr\u00f6\u00dfe<\/strong>: Ca. 70 x 55 cm<\/p>\n<p>&nbsp;<\/p>\n<p>&nbsp;<\/p>\n","protected":false},"featured_media":14457,"template":"","meta":{"kt_blocks_editor_width":""},"product_brand":[],"product_cat":[124,288,263],"product_tag":[],"class_list":{"0":"post-10781","1":"product","2":"type-product","3":"status-publish","4":"has-post-thumbnail","6":"product_cat-accessoires-de","7":"product_cat-sale-de","8":"product_cat-wickelunterlage","10":"first","11":"instock","12":"sale","13":"taxable","14":"shipping-taxable","15":"purchasable","16":"product-type-variable"},"yoast_head":"<!-- This site is optimized with the Yoast SEO plugin v27.5 - https:\/\/yoast.com\/product\/yoast-seo-wordpress\/ -->\n<title>Wickelunterlage -<\/title>\n<meta name=\"description\" content=\"Eine wunderbare weiche Babydecke Sie besteht aus kuscheligem Nicky-Velours kombiniert mit farbigem Musselinstoff, beide aus 100% zertifizierter Bio-Baumwolle.\" \/>\n<meta name=\"robots\" content=\"index, follow, max-snippet:-1, max-image-preview:large, max-video-preview:-1\" \/>\n<link rel=\"canonical\" href=\"https:\/\/jovoh.com\/de\/produkt\/changing-baby-blanket\/\" \/>\n<meta property=\"og:locale\" content=\"de_DE\" \/>\n<meta property=\"og:type\" content=\"article\" \/>\n<meta property=\"og:title\" content=\"Wickelunterlage -\" \/>\n<meta property=\"og:description\" content=\"Eine wunderbare weiche Babydecke Sie besteht aus kuscheligem Nicky-Velours kombiniert mit farbigem Musselinstoff, beide aus 100% zertifizierter Bio-Baumwolle.\" \/>\n<meta property=\"og:url\" content=\"https:\/\/jovoh.com\/de\/produkt\/changing-baby-blanket\/\" \/>\n<meta property=\"article:publisher\" content=\"https:\/\/www.instagram.com\/jovoh_nappy\/\" \/>\n<meta property=\"article:modified_time\" content=\"2025-06-23T09:55:00+00:00\" \/>\n<meta property=\"og:image\" content=\"https:\/\/jovoh.com\/wp-content\/uploads\/2022\/08\/IMG_4462-scaled.jpg\" \/>\n\t<meta property=\"og:image:width\" content=\"2560\" \/>\n\t<meta property=\"og:image:height\" content=\"2560\" \/>\n\t<meta property=\"og:image:type\" content=\"image\/jpeg\" \/>\n<meta name=\"twitter:card\" content=\"summary_large_image\" \/>\n<script type=\"application\/ld+json\" class=\"yoast-schema-graph\">{\"@context\":\"https:\\\/\\\/schema.org\",\"@graph\":[{\"@type\":\"WebPage\",\"@id\":\"https:\\\/\\\/jovoh.com\\\/de\\\/produkt\\\/changing-baby-blanket\\\/\",\"url\":\"https:\\\/\\\/jovoh.com\\\/de\\\/produkt\\\/changing-baby-blanket\\\/\",\"name\":\"Wickelunterlage -\",\"isPartOf\":{\"@id\":\"https:\\\/\\\/jovoh.com\\\/de\\\/#website\"},\"primaryImageOfPage\":{\"@id\":\"https:\\\/\\\/jovoh.com\\\/de\\\/produkt\\\/changing-baby-blanket\\\/#primaryimage\"},\"image\":{\"@id\":\"https:\\\/\\\/jovoh.com\\\/de\\\/produkt\\\/changing-baby-blanket\\\/#primaryimage\"},\"thumbnailUrl\":\"https:\\\/\\\/jovoh.com\\\/wp-content\\\/uploads\\\/2022\\\/08\\\/IMG_4462-scaled.jpg\",\"datePublished\":\"2022-08-25T18:24:27+00:00\",\"dateModified\":\"2025-06-23T09:55:00+00:00\",\"description\":\"Eine wunderbare weiche Babydecke Sie besteht aus kuscheligem Nicky-Velours kombiniert mit farbigem Musselinstoff, beide aus 100% zertifizierter Bio-Baumwolle.\",\"breadcrumb\":{\"@id\":\"https:\\\/\\\/jovoh.com\\\/de\\\/produkt\\\/changing-baby-blanket\\\/#breadcrumb\"},\"inLanguage\":\"de-DE\",\"potentialAction\":[{\"@type\":\"ReadAction\",\"target\":[\"https:\\\/\\\/jovoh.com\\\/de\\\/produkt\\\/changing-baby-blanket\\\/\"]}]},{\"@type\":\"ImageObject\",\"inLanguage\":\"de-DE\",\"@id\":\"https:\\\/\\\/jovoh.com\\\/de\\\/produkt\\\/changing-baby-blanket\\\/#primaryimage\",\"url\":\"https:\\\/\\\/jovoh.com\\\/wp-content\\\/uploads\\\/2022\\\/08\\\/IMG_4462-scaled.jpg\",\"contentUrl\":\"https:\\\/\\\/jovoh.com\\\/wp-content\\\/uploads\\\/2022\\\/08\\\/IMG_4462-scaled.jpg\",\"width\":2560,\"height\":2560},{\"@type\":\"BreadcrumbList\",\"@id\":\"https:\\\/\\\/jovoh.com\\\/de\\\/produkt\\\/changing-baby-blanket\\\/#breadcrumb\",\"itemListElement\":[{\"@type\":\"ListItem\",\"position\":1,\"name\":\"Home\",\"item\":\"https:\\\/\\\/jovoh.com\\\/de\\\/\"},{\"@type\":\"ListItem\",\"position\":2,\"name\":\"Shop\",\"item\":\"https:\\\/\\\/jovoh.com\\\/shop\\\/\"},{\"@type\":\"ListItem\",\"position\":3,\"name\":\"Wickelunterlage\"}]},{\"@type\":\"WebSite\",\"@id\":\"https:\\\/\\\/jovoh.com\\\/de\\\/#website\",\"url\":\"https:\\\/\\\/jovoh.com\\\/de\\\/\",\"name\":\"jovoh\",\"description\":\"\",\"publisher\":{\"@id\":\"https:\\\/\\\/jovoh.com\\\/de\\\/#organization\"},\"potentialAction\":[{\"@type\":\"SearchAction\",\"target\":{\"@type\":\"EntryPoint\",\"urlTemplate\":\"https:\\\/\\\/jovoh.com\\\/de\\\/?s={search_term_string}\"},\"query-input\":{\"@type\":\"PropertyValueSpecification\",\"valueRequired\":true,\"valueName\":\"search_term_string\"}}],\"inLanguage\":\"de-DE\"},{\"@type\":\"Organization\",\"@id\":\"https:\\\/\\\/jovoh.com\\\/de\\\/#organization\",\"name\":\"Jovoh Design\",\"url\":\"https:\\\/\\\/jovoh.com\\\/de\\\/\",\"logo\":{\"@type\":\"ImageObject\",\"inLanguage\":\"de-DE\",\"@id\":\"https:\\\/\\\/jovoh.com\\\/de\\\/#\\\/schema\\\/logo\\\/image\\\/\",\"url\":\"https:\\\/\\\/jovoh.com\\\/wp-content\\\/uploads\\\/2024\\\/09\\\/Untitled_Artwork.png\",\"contentUrl\":\"https:\\\/\\\/jovoh.com\\\/wp-content\\\/uploads\\\/2024\\\/09\\\/Untitled_Artwork.png\",\"width\":1420,\"height\":929,\"caption\":\"Jovoh Design\"},\"image\":{\"@id\":\"https:\\\/\\\/jovoh.com\\\/de\\\/#\\\/schema\\\/logo\\\/image\\\/\"},\"sameAs\":[\"https:\\\/\\\/www.instagram.com\\\/jovoh_nappy\\\/\"]}]}<\/script>\n<!-- \/ Yoast SEO plugin. -->","yoast_head_json":{"title":"Wickelunterlage -","description":"Eine wunderbare weiche Babydecke Sie besteht aus kuscheligem Nicky-Velours kombiniert mit farbigem Musselinstoff, beide aus 100% zertifizierter Bio-Baumwolle.","robots":{"index":"index","follow":"follow","max-snippet":"max-snippet:-1","max-image-preview":"max-image-preview:large","max-video-preview":"max-video-preview:-1"},"canonical":"https:\/\/jovoh.com\/de\/produkt\/changing-baby-blanket\/","og_locale":"de_DE","og_type":"article","og_title":"Wickelunterlage -","og_description":"Eine wunderbare weiche Babydecke Sie besteht aus kuscheligem Nicky-Velours kombiniert mit farbigem Musselinstoff, beide aus 100% zertifizierter Bio-Baumwolle.","og_url":"https:\/\/jovoh.com\/de\/produkt\/changing-baby-blanket\/","article_publisher":"https:\/\/www.instagram.com\/jovoh_nappy\/","article_modified_time":"2025-06-23T09:55:00+00:00","og_image":[{"width":2560,"height":2560,"url":"https:\/\/jovoh.com\/wp-content\/uploads\/2022\/08\/IMG_4462-scaled.jpg","type":"image\/jpeg"}],"twitter_card":"summary_large_image","schema":{"@context":"https:\/\/schema.org","@graph":[{"@type":"WebPage","@id":"https:\/\/jovoh.com\/de\/produkt\/changing-baby-blanket\/","url":"https:\/\/jovoh.com\/de\/produkt\/changing-baby-blanket\/","name":"Wickelunterlage -","isPartOf":{"@id":"https:\/\/jovoh.com\/de\/#website"},"primaryImageOfPage":{"@id":"https:\/\/jovoh.com\/de\/produkt\/changing-baby-blanket\/#primaryimage"},"image":{"@id":"https:\/\/jovoh.com\/de\/produkt\/changing-baby-blanket\/#primaryimage"},"thumbnailUrl":"https:\/\/jovoh.com\/wp-content\/uploads\/2022\/08\/IMG_4462-scaled.jpg","datePublished":"2022-08-25T18:24:27+00:00","dateModified":"2025-06-23T09:55:00+00:00","description":"Eine wunderbare weiche Babydecke Sie besteht aus kuscheligem Nicky-Velours kombiniert mit farbigem Musselinstoff, beide aus 100% zertifizierter Bio-Baumwolle.","breadcrumb":{"@id":"https:\/\/jovoh.com\/de\/produkt\/changing-baby-blanket\/#breadcrumb"},"inLanguage":"de-DE","potentialAction":[{"@type":"ReadAction","target":["https:\/\/jovoh.com\/de\/produkt\/changing-baby-blanket\/"]}]},{"@type":"ImageObject","inLanguage":"de-DE","@id":"https:\/\/jovoh.com\/de\/produkt\/changing-baby-blanket\/#primaryimage","url":"https:\/\/jovoh.com\/wp-content\/uploads\/2022\/08\/IMG_4462-scaled.jpg","contentUrl":"https:\/\/jovoh.com\/wp-content\/uploads\/2022\/08\/IMG_4462-scaled.jpg","width":2560,"height":2560},{"@type":"BreadcrumbList","@id":"https:\/\/jovoh.com\/de\/produkt\/changing-baby-blanket\/#breadcrumb","itemListElement":[{"@type":"ListItem","position":1,"name":"Home","item":"https:\/\/jovoh.com\/de\/"},{"@type":"ListItem","position":2,"name":"Shop","item":"https:\/\/jovoh.com\/shop\/"},{"@type":"ListItem","position":3,"name":"Wickelunterlage"}]},{"@type":"WebSite","@id":"https:\/\/jovoh.com\/de\/#website","url":"https:\/\/jovoh.com\/de\/","name":"jovoh","description":"","publisher":{"@id":"https:\/\/jovoh.com\/de\/#organization"},"potentialAction":[{"@type":"SearchAction","target":{"@type":"EntryPoint","urlTemplate":"https:\/\/jovoh.com\/de\/?s={search_term_string}"},"query-input":{"@type":"PropertyValueSpecification","valueRequired":true,"valueName":"search_term_string"}}],"inLanguage":"de-DE"},{"@type":"Organization","@id":"https:\/\/jovoh.com\/de\/#organization","name":"Jovoh Design","url":"https:\/\/jovoh.com\/de\/","logo":{"@type":"ImageObject","inLanguage":"de-DE","@id":"https:\/\/jovoh.com\/de\/#\/schema\/logo\/image\/","url":"https:\/\/jovoh.com\/wp-content\/uploads\/2024\/09\/Untitled_Artwork.png","contentUrl":"https:\/\/jovoh.com\/wp-content\/uploads\/2024\/09\/Untitled_Artwork.png","width":1420,"height":929,"caption":"Jovoh Design"},"image":{"@id":"https:\/\/jovoh.com\/de\/#\/schema\/logo\/image\/"},"sameAs":["https:\/\/www.instagram.com\/jovoh_nappy\/"]}]}},"_links":{"self":[{"href":"https:\/\/jovoh.com\/de\/wp-json\/wp\/v2\/product\/10781","targetHints":{"allow":["GET"]}}],"collection":[{"href":"https:\/\/jovoh.com\/de\/wp-json\/wp\/v2\/product"}],"about":[{"href":"https:\/\/jovoh.com\/de\/wp-json\/wp\/v2\/types\/product"}],"wp:featuredmedia":[{"embeddable":true,"href":"https:\/\/jovoh.com\/de\/wp-json\/wp\/v2\/media\/14457"}],"wp:attachment":[{"href":"https:\/\/jovoh.com\/de\/wp-json\/wp\/v2\/media?parent=10781"}],"wp:term":[{"taxonomy":"product_brand","embeddable":true,"href":"https:\/\/jovoh.com\/de\/wp-json\/wp\/v2\/product_brand?post=10781"},{"taxonomy":"product_cat","embeddable":true,"href":"https:\/\/jovoh.com\/de\/wp-json\/wp\/v2\/product_cat?post=10781"},{"taxonomy":"product_tag","embeddable":true,"href":"https:\/\/jovoh.com\/de\/wp-json\/wp\/v2\/product_tag?post=10781"}],"curies":[{"name":"wp","href":"https:\/\/api.w.org\/{rel}","templated":true}]}}