{"id":12175,"date":"2023-09-23T21:31:37","date_gmt":"2023-09-23T19:31:37","guid":{"rendered":"https:\/\/jovoh.com\/?post_type=product&#038;p=12175"},"modified":"2025-10-13T18:38:51","modified_gmt":"2025-10-13T17:38:51","slug":"wolluberhose-kaffee-mit-milch","status":"publish","type":"product","link":"https:\/\/jovoh.com\/de\/produkt\/wolluberhose-kaffee-mit-milch\/","title":{"rendered":"Woll\u00fcberhose | Kaffee mit Milch"},"content":{"rendered":"<ul>\n<li>F\u00fcr Informationen zum Waschen und Impr\u00e4gnieren der Woll\u00fcberhose <a href=\"https:\/\/jovoh.com\/de\/pflege-von-wollwindeln\/\">klick hier<\/a>.<\/li>\n<li>Vor dem ersten Gebrauch muss die Woll\u00fcberhose in einem Lanolinebad gefettet werden.<\/li>\n<li>Bei niedriger Geschwindigkeit und max. 30\u00b0C im Wollwaschprogramm der Waschmaschine oder von Hand waschen.<\/li>\n<li>Kein Trockner. Keine chemische Reinigung. Nicht b\u00fcgeln.  <\/li>\n<\/ul>\n<p>Hersteller: Jovoh Design, Karel Doormanlaan 193, 3572NW Utrecht, Niederlande | info@jovoh.com<\/p>\n","protected":false},"excerpt":{"rendered":"<p><em>Ersteinmal Kaffee. Und dann tief durchatmen, entspannen und die Augen schliessen. Letzteres ist ganz wichtig um das Chaos f\u00fcr einen Moment auszublenden. Und dann genie\u00df deinen (hoffentlich noch) hei\u00dfen Kaffee. <\/em><\/p>\n<p>&nbsp;<\/p>\n<p>Die Woll\u00fcberhose besteht aus dehnbarem Bio-Baumwollejersey (kbA) und ist mit feinster Bio-Merinowolle (kbT) gef\u00fcttert. Der <span style=\"color: #67788c;\"><a style=\"color: #67788c;\" href=\"https:\/\/jovoh.com\/de\/wolltypen\/\">Wollstrick<\/a> <span style=\"color: #000000;\">stammt aus europ\u00e4ischer <em>mulesing<\/em>-freier und \u00f6kologischer Tierhaltung und wird unter fairen Bedingungen in Deutschland gesponnen. Die Woll\u00fcberhose muss mit  <\/span><a style=\"color: #67788c;\" href=\"https:\/\/jovoh.com\/de\/produkt\/lanolin\/\">Wollfett (Lanolin)<\/a> <span style=\"color: #000000;\">vor dem ersten Gebrauch gefettet werden, wodurch sie wasserabweisend wird. Kombiniert mit <a style=\"color: #67788c;\" href=\"https:\/\/jovoh.com\/de\/saugeinlagen\/\">Saugeinlagen<\/a> bildet sie eine vollst\u00e4ndige Windel.  <\/span><\/span><\/p>\n<p><span style=\"color: #67788c;\"><span style=\"color: #000000;\">Die Woll\u00fcberhose ist in den folgenden Gr\u00f6\u00dfen erh\u00e4ltlich: Gr\u00f6\u00dfe 1 (ca. 4-7 kg), Gr\u00f6\u00dfe 2 (ca. 7-12 kg) und Gr\u00f6\u00dfe 3 (ca. 11-16 kg), sowie als One-Size (ca. 7-16 kg). Die One-Size entspricht der Gr\u00f6\u00dfe 3 mit Verkleinerungskn\u00f6pfen auf der Vorderseite und kann, zumindest am Anfang, f\u00fcr schlanke Kinder zu gro\u00df sein. Bitte beachte, dass die Gewichtsangabe nur eine Sch\u00e4tzung ist, da die Passform von der Statur des Kindes abh\u00e4ngt.  <\/span><\/span><\/p>\n<p>&nbsp;<\/p>\n<p><strong>Futter<\/strong>: 100% Bio-Merinowolle (kbT)<br \/>\n<strong>Au\u00dfenstoff<\/strong>: 95% Bio-Baumwolle (kbA), 5% Elasthan<\/p>\n<p>Bearbeitungszeit: 5-10 Werktage<\/p>\n<p>&nbsp;<\/p>\n<p>&nbsp;<\/p>\n","protected":false},"featured_media":28565,"template":"","meta":{"kt_blocks_editor_width":""},"product_brand":[],"product_cat":[271,144],"product_tag":[],"class_list":{"0":"post-12175","1":"product","2":"type-product","3":"status-publish","4":"has-post-thumbnail","6":"product_cat-baumwolle-wolle","7":"product_cat-wollwindeln","9":"first","10":"instock","11":"taxable","12":"shipping-taxable","13":"purchasable","14":"product-type-variable"},"yoast_head":"<!-- This site is optimized with the Yoast SEO plugin v27.5 - https:\/\/yoast.com\/product\/yoast-seo-wordpress\/ -->\n<title>Woll\u00fcberhose | Kaffee mit Milch -<\/title>\n<meta name=\"description\" content=\"Stoffwindel aus Bio-Merinowolle im Design \u201eKaffee mit Milch\u201c. Entdecke eine nat\u00fcrliche und nachhaltige Art des Wickelns. F\u00fcr eine gesunde Kindheit.\" \/>\n<meta name=\"robots\" content=\"index, follow, max-snippet:-1, max-image-preview:large, max-video-preview:-1\" \/>\n<link rel=\"canonical\" href=\"https:\/\/jovoh.com\/de\/produkt\/wolluberhose-kaffee-mit-milch\/\" \/>\n<meta property=\"og:locale\" content=\"de_DE\" \/>\n<meta property=\"og:type\" content=\"article\" \/>\n<meta property=\"og:title\" content=\"Woll\u00fcberhose | Kaffee mit Milch -\" \/>\n<meta property=\"og:description\" content=\"Stoffwindel aus Bio-Merinowolle im Design \u201eKaffee mit Milch\u201c. Entdecke eine nat\u00fcrliche und nachhaltige Art des Wickelns. F\u00fcr eine gesunde Kindheit.\" \/>\n<meta property=\"og:url\" content=\"https:\/\/jovoh.com\/de\/produkt\/wolluberhose-kaffee-mit-milch\/\" \/>\n<meta property=\"article:publisher\" content=\"https:\/\/www.instagram.com\/jovoh_nappy\/\" \/>\n<meta property=\"article:modified_time\" content=\"2025-10-13T17:38:51+00:00\" \/>\n<meta property=\"og:image\" content=\"https:\/\/jovoh.com\/wp-content\/uploads\/2023\/09\/IMG_7262-scaled.jpg\" \/>\n\t<meta property=\"og:image:width\" content=\"2560\" \/>\n\t<meta property=\"og:image:height\" content=\"2560\" \/>\n\t<meta property=\"og:image:type\" content=\"image\/jpeg\" \/>\n<meta name=\"twitter:card\" content=\"summary_large_image\" \/>\n<script type=\"application\/ld+json\" class=\"yoast-schema-graph\">{\"@context\":\"https:\\\/\\\/schema.org\",\"@graph\":[{\"@type\":\"WebPage\",\"@id\":\"https:\\\/\\\/jovoh.com\\\/de\\\/produkt\\\/wolluberhose-kaffee-mit-milch\\\/\",\"url\":\"https:\\\/\\\/jovoh.com\\\/de\\\/produkt\\\/wolluberhose-kaffee-mit-milch\\\/\",\"name\":\"Woll\u00fcberhose | Kaffee mit Milch -\",\"isPartOf\":{\"@id\":\"https:\\\/\\\/jovoh.com\\\/de\\\/#website\"},\"primaryImageOfPage\":{\"@id\":\"https:\\\/\\\/jovoh.com\\\/de\\\/produkt\\\/wolluberhose-kaffee-mit-milch\\\/#primaryimage\"},\"image\":{\"@id\":\"https:\\\/\\\/jovoh.com\\\/de\\\/produkt\\\/wolluberhose-kaffee-mit-milch\\\/#primaryimage\"},\"thumbnailUrl\":\"https:\\\/\\\/jovoh.com\\\/wp-content\\\/uploads\\\/2023\\\/09\\\/IMG_7262-scaled.jpg\",\"datePublished\":\"2023-09-23T19:31:37+00:00\",\"dateModified\":\"2025-10-13T17:38:51+00:00\",\"description\":\"Stoffwindel aus Bio-Merinowolle im Design \u201eKaffee mit Milch\u201c. Entdecke eine nat\u00fcrliche und nachhaltige Art des Wickelns. F\u00fcr eine gesunde Kindheit.\",\"breadcrumb\":{\"@id\":\"https:\\\/\\\/jovoh.com\\\/de\\\/produkt\\\/wolluberhose-kaffee-mit-milch\\\/#breadcrumb\"},\"inLanguage\":\"de-DE\",\"potentialAction\":[{\"@type\":\"ReadAction\",\"target\":[\"https:\\\/\\\/jovoh.com\\\/de\\\/produkt\\\/wolluberhose-kaffee-mit-milch\\\/\"]}]},{\"@type\":\"ImageObject\",\"inLanguage\":\"de-DE\",\"@id\":\"https:\\\/\\\/jovoh.com\\\/de\\\/produkt\\\/wolluberhose-kaffee-mit-milch\\\/#primaryimage\",\"url\":\"https:\\\/\\\/jovoh.com\\\/wp-content\\\/uploads\\\/2023\\\/09\\\/IMG_7262-scaled.jpg\",\"contentUrl\":\"https:\\\/\\\/jovoh.com\\\/wp-content\\\/uploads\\\/2023\\\/09\\\/IMG_7262-scaled.jpg\",\"width\":2560,\"height\":2560,\"caption\":\"Wool cover\"},{\"@type\":\"BreadcrumbList\",\"@id\":\"https:\\\/\\\/jovoh.com\\\/de\\\/produkt\\\/wolluberhose-kaffee-mit-milch\\\/#breadcrumb\",\"itemListElement\":[{\"@type\":\"ListItem\",\"position\":1,\"name\":\"Home\",\"item\":\"https:\\\/\\\/jovoh.com\\\/de\\\/\"},{\"@type\":\"ListItem\",\"position\":2,\"name\":\"Shop\",\"item\":\"https:\\\/\\\/jovoh.com\\\/shop\\\/\"},{\"@type\":\"ListItem\",\"position\":3,\"name\":\"Woll\u00fcberhose | Kaffee mit Milch\"}]},{\"@type\":\"WebSite\",\"@id\":\"https:\\\/\\\/jovoh.com\\\/de\\\/#website\",\"url\":\"https:\\\/\\\/jovoh.com\\\/de\\\/\",\"name\":\"jovoh\",\"description\":\"\",\"publisher\":{\"@id\":\"https:\\\/\\\/jovoh.com\\\/de\\\/#organization\"},\"potentialAction\":[{\"@type\":\"SearchAction\",\"target\":{\"@type\":\"EntryPoint\",\"urlTemplate\":\"https:\\\/\\\/jovoh.com\\\/de\\\/?s={search_term_string}\"},\"query-input\":{\"@type\":\"PropertyValueSpecification\",\"valueRequired\":true,\"valueName\":\"search_term_string\"}}],\"inLanguage\":\"de-DE\"},{\"@type\":\"Organization\",\"@id\":\"https:\\\/\\\/jovoh.com\\\/de\\\/#organization\",\"name\":\"Jovoh Design\",\"url\":\"https:\\\/\\\/jovoh.com\\\/de\\\/\",\"logo\":{\"@type\":\"ImageObject\",\"inLanguage\":\"de-DE\",\"@id\":\"https:\\\/\\\/jovoh.com\\\/de\\\/#\\\/schema\\\/logo\\\/image\\\/\",\"url\":\"https:\\\/\\\/jovoh.com\\\/wp-content\\\/uploads\\\/2024\\\/09\\\/Untitled_Artwork.png\",\"contentUrl\":\"https:\\\/\\\/jovoh.com\\\/wp-content\\\/uploads\\\/2024\\\/09\\\/Untitled_Artwork.png\",\"width\":1420,\"height\":929,\"caption\":\"Jovoh Design\"},\"image\":{\"@id\":\"https:\\\/\\\/jovoh.com\\\/de\\\/#\\\/schema\\\/logo\\\/image\\\/\"},\"sameAs\":[\"https:\\\/\\\/www.instagram.com\\\/jovoh_nappy\\\/\"]}]}<\/script>\n<!-- \/ Yoast SEO plugin. -->","yoast_head_json":{"title":"Woll\u00fcberhose | Kaffee mit Milch -","description":"Stoffwindel aus Bio-Merinowolle im Design \u201eKaffee mit Milch\u201c. Entdecke eine nat\u00fcrliche und nachhaltige Art des Wickelns. F\u00fcr eine gesunde Kindheit.","robots":{"index":"index","follow":"follow","max-snippet":"max-snippet:-1","max-image-preview":"max-image-preview:large","max-video-preview":"max-video-preview:-1"},"canonical":"https:\/\/jovoh.com\/de\/produkt\/wolluberhose-kaffee-mit-milch\/","og_locale":"de_DE","og_type":"article","og_title":"Woll\u00fcberhose | Kaffee mit Milch -","og_description":"Stoffwindel aus Bio-Merinowolle im Design \u201eKaffee mit Milch\u201c. Entdecke eine nat\u00fcrliche und nachhaltige Art des Wickelns. F\u00fcr eine gesunde Kindheit.","og_url":"https:\/\/jovoh.com\/de\/produkt\/wolluberhose-kaffee-mit-milch\/","article_publisher":"https:\/\/www.instagram.com\/jovoh_nappy\/","article_modified_time":"2025-10-13T17:38:51+00:00","og_image":[{"width":2560,"height":2560,"url":"https:\/\/jovoh.com\/wp-content\/uploads\/2023\/09\/IMG_7262-scaled.jpg","type":"image\/jpeg"}],"twitter_card":"summary_large_image","schema":{"@context":"https:\/\/schema.org","@graph":[{"@type":"WebPage","@id":"https:\/\/jovoh.com\/de\/produkt\/wolluberhose-kaffee-mit-milch\/","url":"https:\/\/jovoh.com\/de\/produkt\/wolluberhose-kaffee-mit-milch\/","name":"Woll\u00fcberhose | Kaffee mit Milch -","isPartOf":{"@id":"https:\/\/jovoh.com\/de\/#website"},"primaryImageOfPage":{"@id":"https:\/\/jovoh.com\/de\/produkt\/wolluberhose-kaffee-mit-milch\/#primaryimage"},"image":{"@id":"https:\/\/jovoh.com\/de\/produkt\/wolluberhose-kaffee-mit-milch\/#primaryimage"},"thumbnailUrl":"https:\/\/jovoh.com\/wp-content\/uploads\/2023\/09\/IMG_7262-scaled.jpg","datePublished":"2023-09-23T19:31:37+00:00","dateModified":"2025-10-13T17:38:51+00:00","description":"Stoffwindel aus Bio-Merinowolle im Design \u201eKaffee mit Milch\u201c. Entdecke eine nat\u00fcrliche und nachhaltige Art des Wickelns. F\u00fcr eine gesunde Kindheit.","breadcrumb":{"@id":"https:\/\/jovoh.com\/de\/produkt\/wolluberhose-kaffee-mit-milch\/#breadcrumb"},"inLanguage":"de-DE","potentialAction":[{"@type":"ReadAction","target":["https:\/\/jovoh.com\/de\/produkt\/wolluberhose-kaffee-mit-milch\/"]}]},{"@type":"ImageObject","inLanguage":"de-DE","@id":"https:\/\/jovoh.com\/de\/produkt\/wolluberhose-kaffee-mit-milch\/#primaryimage","url":"https:\/\/jovoh.com\/wp-content\/uploads\/2023\/09\/IMG_7262-scaled.jpg","contentUrl":"https:\/\/jovoh.com\/wp-content\/uploads\/2023\/09\/IMG_7262-scaled.jpg","width":2560,"height":2560,"caption":"Wool cover"},{"@type":"BreadcrumbList","@id":"https:\/\/jovoh.com\/de\/produkt\/wolluberhose-kaffee-mit-milch\/#breadcrumb","itemListElement":[{"@type":"ListItem","position":1,"name":"Home","item":"https:\/\/jovoh.com\/de\/"},{"@type":"ListItem","position":2,"name":"Shop","item":"https:\/\/jovoh.com\/shop\/"},{"@type":"ListItem","position":3,"name":"Woll\u00fcberhose | Kaffee mit Milch"}]},{"@type":"WebSite","@id":"https:\/\/jovoh.com\/de\/#website","url":"https:\/\/jovoh.com\/de\/","name":"jovoh","description":"","publisher":{"@id":"https:\/\/jovoh.com\/de\/#organization"},"potentialAction":[{"@type":"SearchAction","target":{"@type":"EntryPoint","urlTemplate":"https:\/\/jovoh.com\/de\/?s={search_term_string}"},"query-input":{"@type":"PropertyValueSpecification","valueRequired":true,"valueName":"search_term_string"}}],"inLanguage":"de-DE"},{"@type":"Organization","@id":"https:\/\/jovoh.com\/de\/#organization","name":"Jovoh Design","url":"https:\/\/jovoh.com\/de\/","logo":{"@type":"ImageObject","inLanguage":"de-DE","@id":"https:\/\/jovoh.com\/de\/#\/schema\/logo\/image\/","url":"https:\/\/jovoh.com\/wp-content\/uploads\/2024\/09\/Untitled_Artwork.png","contentUrl":"https:\/\/jovoh.com\/wp-content\/uploads\/2024\/09\/Untitled_Artwork.png","width":1420,"height":929,"caption":"Jovoh Design"},"image":{"@id":"https:\/\/jovoh.com\/de\/#\/schema\/logo\/image\/"},"sameAs":["https:\/\/www.instagram.com\/jovoh_nappy\/"]}]}},"_links":{"self":[{"href":"https:\/\/jovoh.com\/de\/wp-json\/wp\/v2\/product\/12175","targetHints":{"allow":["GET"]}}],"collection":[{"href":"https:\/\/jovoh.com\/de\/wp-json\/wp\/v2\/product"}],"about":[{"href":"https:\/\/jovoh.com\/de\/wp-json\/wp\/v2\/types\/product"}],"wp:featuredmedia":[{"embeddable":true,"href":"https:\/\/jovoh.com\/de\/wp-json\/wp\/v2\/media\/28565"}],"wp:attachment":[{"href":"https:\/\/jovoh.com\/de\/wp-json\/wp\/v2\/media?parent=12175"}],"wp:term":[{"taxonomy":"product_brand","embeddable":true,"href":"https:\/\/jovoh.com\/de\/wp-json\/wp\/v2\/product_brand?post=12175"},{"taxonomy":"product_cat","embeddable":true,"href":"https:\/\/jovoh.com\/de\/wp-json\/wp\/v2\/product_cat?post=12175"},{"taxonomy":"product_tag","embeddable":true,"href":"https:\/\/jovoh.com\/de\/wp-json\/wp\/v2\/product_tag?post=12175"}],"curies":[{"name":"wp","href":"https:\/\/api.w.org\/{rel}","templated":true}]}}