{"id":12377,"date":"2023-09-23T21:29:51","date_gmt":"2023-09-24T07:08:22","guid":{"rendered":"https:\/\/jovoh.com\/?post_type=product&#038;p=12377"},"modified":"2024-11-07T21:26:49","modified_gmt":"2024-11-07T20:26:49","slug":"wolluberhose-bunte-striche","status":"publish","type":"product","link":"https:\/\/jovoh.com\/de\/produkt\/wolluberhose-bunte-striche\/","title":{"rendered":"Woll\u00fcberhose | Bunte Striche"},"content":{"rendered":"<ul>\n<li>F\u00fcr Informationen zum Waschen und Impr\u00e4gnieren der Woll\u00fcberhose klick bitte <a style=\"color: #67788c;\" href=\"https:\/\/jovoh.com\/care-of-wool-diaper\/\"><span style=\"color: #67788c;\">hier<\/span><\/a>.<\/li>\n<li>Vor dem ersten Gebrauch m\u00fcssen die Woll\u00fcberhosen in einem Lanolinebad gefettet werden.<\/li>\n<li>Bei niedriger Geschwindigkeit und max. 40\u00b0C im Wollwaschprogramm der Waschmaschine oder von Hand waschen.<\/li>\n<li>Kein Trockner. Keine chemische Reinigung. Nicht b\u00fcgeln.<\/li>\n<\/ul>\n","protected":false},"excerpt":{"rendered":"<p><em>Die ersten Striche, die ersten Farben. Noch unbedacht und doch leuchten deine Augen vor Freude die ersten kleinen Kunswerke zu errichten.<\/em><\/p>\n<p>&nbsp;<\/p>\n<p>Die Woll\u00fcberhose besteht au\u00dfen aus dehnbarem Bio-Baumwollejersey (kbA) und ist mit feinster Bio-Merinowolle (kbT) gef\u00fcttert. Der <span style=\"color: #67788c;\"><a style=\"color: #67788c;\" href=\"https:\/\/jovoh.com\/wool-types\/\">Wollstrick<\/a> <span style=\"color: #000000;\">stammt aus europ\u00e4ischer <em>mulesing<\/em>-freier und \u00f6kologischer Tierhaltung und wird unter fairen Bedingungen in Deutschland gesponnen. Die Woll\u00fcberhose muss mit  <\/span><a style=\"color: #67788c;\" href=\"https:\/\/jovoh.com\/product\/lanolin\/\">Wollfett (Lanolin)<\/a> <span style=\"color: #000000;\">vor dem ersten Gebrauch gefettet werden, wodurch sie wasserabweisend wird. Kombiniert mit <a style=\"\" href=\"\">Saugeinlagen<\/a> bildet sie eine vollst\u00e4ndige Windel.  <\/span><\/span><\/p>\n<p><span style=\"color: #67788c;\"><span style=\"color: #000000;\">Die Woll\u00fcberhose ist in den folgenden Gr\u00f6\u00dfen erh\u00e4ltlich: Gr\u00f6\u00dfe 1 (ca. 4-7 kg), Gr\u00f6\u00dfe 2 (ca. 7-12 kg) und Gr\u00f6\u00dfe 3 (ca. 11-16 kg) sowie als One-Size (ca. 7-16 kg). Die One-Size entspricht der Gr\u00f6\u00dfe 3 mit Verkleinerungskn\u00f6pfen auf der Vorderseite und kann, zumindest am Anfang, f\u00fcr schlanke Kinder zu gro\u00df sein. Bitte beachte, dass die Gewichtsangaben der Gr\u00f6\u00dfen nur eine Sch\u00e4tzung sein k\u00f6nnen, da die Passform von der Statur des jeweiligen Kindes abh\u00e4ngt.<\/span><\/span><\/p>\n<p>&nbsp;<\/p>\n<p><strong>Futter<\/strong>: 100% Bio-Merinowolle (kbT)<br \/>\n<strong>Au\u00dfenstoff<\/strong>: 95% Bio-Baumwolle (kbA), 5% Elasthan<\/p>\n<p>Bearbeitungszeit: 5-10 Werktage<\/p>\n<p>&nbsp;<\/p>\n<p>&nbsp;<\/p>\n","protected":false},"featured_media":12390,"template":"","meta":{"kt_blocks_editor_width":""},"product_brand":[],"product_cat":[271,144],"product_tag":[],"class_list":{"0":"post-12377","1":"product","2":"type-product","3":"status-publish","4":"has-post-thumbnail","6":"product_cat-baumwolle-wolle","7":"product_cat-wollwindeln","9":"first","10":"instock","11":"taxable","12":"shipping-taxable","13":"purchasable","14":"product-type-variable"},"yoast_head":"<!-- This site is optimized with the Yoast SEO plugin v27.5 - https:\/\/yoast.com\/product\/yoast-seo-wordpress\/ -->\n<title>Woll\u00fcberhose | Bunte Striche -<\/title>\n<meta name=\"robots\" content=\"index, follow, max-snippet:-1, max-image-preview:large, max-video-preview:-1\" \/>\n<link rel=\"canonical\" href=\"https:\/\/jovoh.com\/de\/produkt\/wolluberhose-bunte-striche\/\" \/>\n<meta property=\"og:locale\" content=\"de_DE\" \/>\n<meta property=\"og:type\" content=\"article\" \/>\n<meta property=\"og:title\" content=\"Woll\u00fcberhose | Bunte Striche -\" \/>\n<meta property=\"og:description\" content=\"Die ersten Striche, die ersten Farben. Noch unbedacht und doch leuchten deine Augen vor Freude die ersten kleinen Kunswerke zu errichten. &nbsp; Die Woll\u00fcberhose besteht au\u00dfen aus dehnbarem Bio-Baumwollejersey (kbA) und ist mit feinster Bio-Merinowolle (kbT) gef\u00fcttert. Der Wollstrick stammt aus europ\u00e4ischer mulesing-freier und \u00f6kologischer Tierhaltung und wird unter fairen Bedingungen in Deutschland gesponnen. Die Woll\u00fcberhose muss mit Wollfett (Lanolin) vor dem ersten Gebrauch gefettet werden, wodurch sie wasserabweisend wird. Kombiniert mit Saugeinlagen bildet sie eine vollst\u00e4ndige Windel.  Die Woll\u00fcberhose ist in den folgenden Gr\u00f6\u00dfen erh\u00e4ltlich: Gr\u00f6\u00dfe 1 (ca. 4-7 kg), Gr\u00f6\u00dfe 2 (ca. 7-12 kg) und Gr\u00f6\u00dfe 3 (ca. 11-16 kg) sowie als One-Size (ca. 7-16 kg). Die One-Size entspricht der Gr\u00f6\u00dfe 3 mit Verkleinerungskn\u00f6pfen auf der Vorderseite und kann, zumindest am Anfang, f\u00fcr schlanke Kinder zu gro\u00df sein. Bitte beachte, dass die Gewichtsangaben der Gr\u00f6\u00dfen nur eine Sch\u00e4tzung sein k\u00f6nnen, da die Passform von der Statur des jeweiligen Kindes abh\u00e4ngt. &nbsp; Futter: 100% Bio-Merinowolle (kbT) Au\u00dfenstoff: 95% Bio-Baumwolle (kbA), 5% Elasthan Bearbeitungszeit: 5-10 Werktage &nbsp; &nbsp;\" \/>\n<meta property=\"og:url\" content=\"https:\/\/jovoh.com\/de\/produkt\/wolluberhose-bunte-striche\/\" \/>\n<meta property=\"article:publisher\" content=\"https:\/\/www.instagram.com\/jovoh_nappy\/\" \/>\n<meta property=\"article:modified_time\" content=\"2024-11-07T20:26:49+00:00\" \/>\n<meta property=\"og:image\" content=\"https:\/\/jovoh.com\/wp-content\/uploads\/2023\/09\/IMG_2191.jpg\" \/>\n\t<meta property=\"og:image:width\" content=\"2184\" \/>\n\t<meta property=\"og:image:height\" content=\"2184\" \/>\n\t<meta property=\"og:image:type\" content=\"image\/jpeg\" \/>\n<meta name=\"twitter:card\" content=\"summary_large_image\" \/>\n<script type=\"application\/ld+json\" class=\"yoast-schema-graph\">{\"@context\":\"https:\\\/\\\/schema.org\",\"@graph\":[{\"@type\":\"WebPage\",\"@id\":\"https:\\\/\\\/jovoh.com\\\/de\\\/produkt\\\/wolluberhose-bunte-striche\\\/\",\"url\":\"https:\\\/\\\/jovoh.com\\\/de\\\/produkt\\\/wolluberhose-bunte-striche\\\/\",\"name\":\"Woll\u00fcberhose | Bunte Striche -\",\"isPartOf\":{\"@id\":\"https:\\\/\\\/jovoh.com\\\/de\\\/#website\"},\"primaryImageOfPage\":{\"@id\":\"https:\\\/\\\/jovoh.com\\\/de\\\/produkt\\\/wolluberhose-bunte-striche\\\/#primaryimage\"},\"image\":{\"@id\":\"https:\\\/\\\/jovoh.com\\\/de\\\/produkt\\\/wolluberhose-bunte-striche\\\/#primaryimage\"},\"thumbnailUrl\":\"https:\\\/\\\/jovoh.com\\\/wp-content\\\/uploads\\\/2023\\\/09\\\/IMG_2191.jpg\",\"datePublished\":\"2023-09-24T07:08:22+00:00\",\"dateModified\":\"2024-11-07T20:26:49+00:00\",\"breadcrumb\":{\"@id\":\"https:\\\/\\\/jovoh.com\\\/de\\\/produkt\\\/wolluberhose-bunte-striche\\\/#breadcrumb\"},\"inLanguage\":\"de-DE\",\"potentialAction\":[{\"@type\":\"ReadAction\",\"target\":[\"https:\\\/\\\/jovoh.com\\\/de\\\/produkt\\\/wolluberhose-bunte-striche\\\/\"]}]},{\"@type\":\"ImageObject\",\"inLanguage\":\"de-DE\",\"@id\":\"https:\\\/\\\/jovoh.com\\\/de\\\/produkt\\\/wolluberhose-bunte-striche\\\/#primaryimage\",\"url\":\"https:\\\/\\\/jovoh.com\\\/wp-content\\\/uploads\\\/2023\\\/09\\\/IMG_2191.jpg\",\"contentUrl\":\"https:\\\/\\\/jovoh.com\\\/wp-content\\\/uploads\\\/2023\\\/09\\\/IMG_2191.jpg\",\"width\":2184,\"height\":2184},{\"@type\":\"BreadcrumbList\",\"@id\":\"https:\\\/\\\/jovoh.com\\\/de\\\/produkt\\\/wolluberhose-bunte-striche\\\/#breadcrumb\",\"itemListElement\":[{\"@type\":\"ListItem\",\"position\":1,\"name\":\"Home\",\"item\":\"https:\\\/\\\/jovoh.com\\\/de\\\/\"},{\"@type\":\"ListItem\",\"position\":2,\"name\":\"Shop\",\"item\":\"https:\\\/\\\/jovoh.com\\\/shop\\\/\"},{\"@type\":\"ListItem\",\"position\":3,\"name\":\"Woll\u00fcberhose | Bunte Striche\"}]},{\"@type\":\"WebSite\",\"@id\":\"https:\\\/\\\/jovoh.com\\\/de\\\/#website\",\"url\":\"https:\\\/\\\/jovoh.com\\\/de\\\/\",\"name\":\"jovoh\",\"description\":\"\",\"publisher\":{\"@id\":\"https:\\\/\\\/jovoh.com\\\/de\\\/#organization\"},\"potentialAction\":[{\"@type\":\"SearchAction\",\"target\":{\"@type\":\"EntryPoint\",\"urlTemplate\":\"https:\\\/\\\/jovoh.com\\\/de\\\/?s={search_term_string}\"},\"query-input\":{\"@type\":\"PropertyValueSpecification\",\"valueRequired\":true,\"valueName\":\"search_term_string\"}}],\"inLanguage\":\"de-DE\"},{\"@type\":\"Organization\",\"@id\":\"https:\\\/\\\/jovoh.com\\\/de\\\/#organization\",\"name\":\"Jovoh Design\",\"url\":\"https:\\\/\\\/jovoh.com\\\/de\\\/\",\"logo\":{\"@type\":\"ImageObject\",\"inLanguage\":\"de-DE\",\"@id\":\"https:\\\/\\\/jovoh.com\\\/de\\\/#\\\/schema\\\/logo\\\/image\\\/\",\"url\":\"https:\\\/\\\/jovoh.com\\\/wp-content\\\/uploads\\\/2024\\\/09\\\/Untitled_Artwork.png\",\"contentUrl\":\"https:\\\/\\\/jovoh.com\\\/wp-content\\\/uploads\\\/2024\\\/09\\\/Untitled_Artwork.png\",\"width\":1420,\"height\":929,\"caption\":\"Jovoh Design\"},\"image\":{\"@id\":\"https:\\\/\\\/jovoh.com\\\/de\\\/#\\\/schema\\\/logo\\\/image\\\/\"},\"sameAs\":[\"https:\\\/\\\/www.instagram.com\\\/jovoh_nappy\\\/\"]}]}<\/script>\n<!-- \/ Yoast SEO plugin. -->","yoast_head_json":{"title":"Woll\u00fcberhose | Bunte Striche -","robots":{"index":"index","follow":"follow","max-snippet":"max-snippet:-1","max-image-preview":"max-image-preview:large","max-video-preview":"max-video-preview:-1"},"canonical":"https:\/\/jovoh.com\/de\/produkt\/wolluberhose-bunte-striche\/","og_locale":"de_DE","og_type":"article","og_title":"Woll\u00fcberhose | Bunte Striche -","og_description":"Die ersten Striche, die ersten Farben. Noch unbedacht und doch leuchten deine Augen vor Freude die ersten kleinen Kunswerke zu errichten. &nbsp; Die Woll\u00fcberhose besteht au\u00dfen aus dehnbarem Bio-Baumwollejersey (kbA) und ist mit feinster Bio-Merinowolle (kbT) gef\u00fcttert. Der Wollstrick stammt aus europ\u00e4ischer mulesing-freier und \u00f6kologischer Tierhaltung und wird unter fairen Bedingungen in Deutschland gesponnen. Die Woll\u00fcberhose muss mit Wollfett (Lanolin) vor dem ersten Gebrauch gefettet werden, wodurch sie wasserabweisend wird. Kombiniert mit Saugeinlagen bildet sie eine vollst\u00e4ndige Windel.  Die Woll\u00fcberhose ist in den folgenden Gr\u00f6\u00dfen erh\u00e4ltlich: Gr\u00f6\u00dfe 1 (ca. 4-7 kg), Gr\u00f6\u00dfe 2 (ca. 7-12 kg) und Gr\u00f6\u00dfe 3 (ca. 11-16 kg) sowie als One-Size (ca. 7-16 kg). Die One-Size entspricht der Gr\u00f6\u00dfe 3 mit Verkleinerungskn\u00f6pfen auf der Vorderseite und kann, zumindest am Anfang, f\u00fcr schlanke Kinder zu gro\u00df sein. Bitte beachte, dass die Gewichtsangaben der Gr\u00f6\u00dfen nur eine Sch\u00e4tzung sein k\u00f6nnen, da die Passform von der Statur des jeweiligen Kindes abh\u00e4ngt. &nbsp; Futter: 100% Bio-Merinowolle (kbT) Au\u00dfenstoff: 95% Bio-Baumwolle (kbA), 5% Elasthan Bearbeitungszeit: 5-10 Werktage &nbsp; &nbsp;","og_url":"https:\/\/jovoh.com\/de\/produkt\/wolluberhose-bunte-striche\/","article_publisher":"https:\/\/www.instagram.com\/jovoh_nappy\/","article_modified_time":"2024-11-07T20:26:49+00:00","og_image":[{"width":2184,"height":2184,"url":"https:\/\/jovoh.com\/wp-content\/uploads\/2023\/09\/IMG_2191.jpg","type":"image\/jpeg"}],"twitter_card":"summary_large_image","schema":{"@context":"https:\/\/schema.org","@graph":[{"@type":"WebPage","@id":"https:\/\/jovoh.com\/de\/produkt\/wolluberhose-bunte-striche\/","url":"https:\/\/jovoh.com\/de\/produkt\/wolluberhose-bunte-striche\/","name":"Woll\u00fcberhose | Bunte Striche -","isPartOf":{"@id":"https:\/\/jovoh.com\/de\/#website"},"primaryImageOfPage":{"@id":"https:\/\/jovoh.com\/de\/produkt\/wolluberhose-bunte-striche\/#primaryimage"},"image":{"@id":"https:\/\/jovoh.com\/de\/produkt\/wolluberhose-bunte-striche\/#primaryimage"},"thumbnailUrl":"https:\/\/jovoh.com\/wp-content\/uploads\/2023\/09\/IMG_2191.jpg","datePublished":"2023-09-24T07:08:22+00:00","dateModified":"2024-11-07T20:26:49+00:00","breadcrumb":{"@id":"https:\/\/jovoh.com\/de\/produkt\/wolluberhose-bunte-striche\/#breadcrumb"},"inLanguage":"de-DE","potentialAction":[{"@type":"ReadAction","target":["https:\/\/jovoh.com\/de\/produkt\/wolluberhose-bunte-striche\/"]}]},{"@type":"ImageObject","inLanguage":"de-DE","@id":"https:\/\/jovoh.com\/de\/produkt\/wolluberhose-bunte-striche\/#primaryimage","url":"https:\/\/jovoh.com\/wp-content\/uploads\/2023\/09\/IMG_2191.jpg","contentUrl":"https:\/\/jovoh.com\/wp-content\/uploads\/2023\/09\/IMG_2191.jpg","width":2184,"height":2184},{"@type":"BreadcrumbList","@id":"https:\/\/jovoh.com\/de\/produkt\/wolluberhose-bunte-striche\/#breadcrumb","itemListElement":[{"@type":"ListItem","position":1,"name":"Home","item":"https:\/\/jovoh.com\/de\/"},{"@type":"ListItem","position":2,"name":"Shop","item":"https:\/\/jovoh.com\/shop\/"},{"@type":"ListItem","position":3,"name":"Woll\u00fcberhose | Bunte Striche"}]},{"@type":"WebSite","@id":"https:\/\/jovoh.com\/de\/#website","url":"https:\/\/jovoh.com\/de\/","name":"jovoh","description":"","publisher":{"@id":"https:\/\/jovoh.com\/de\/#organization"},"potentialAction":[{"@type":"SearchAction","target":{"@type":"EntryPoint","urlTemplate":"https:\/\/jovoh.com\/de\/?s={search_term_string}"},"query-input":{"@type":"PropertyValueSpecification","valueRequired":true,"valueName":"search_term_string"}}],"inLanguage":"de-DE"},{"@type":"Organization","@id":"https:\/\/jovoh.com\/de\/#organization","name":"Jovoh Design","url":"https:\/\/jovoh.com\/de\/","logo":{"@type":"ImageObject","inLanguage":"de-DE","@id":"https:\/\/jovoh.com\/de\/#\/schema\/logo\/image\/","url":"https:\/\/jovoh.com\/wp-content\/uploads\/2024\/09\/Untitled_Artwork.png","contentUrl":"https:\/\/jovoh.com\/wp-content\/uploads\/2024\/09\/Untitled_Artwork.png","width":1420,"height":929,"caption":"Jovoh Design"},"image":{"@id":"https:\/\/jovoh.com\/de\/#\/schema\/logo\/image\/"},"sameAs":["https:\/\/www.instagram.com\/jovoh_nappy\/"]}]}},"_links":{"self":[{"href":"https:\/\/jovoh.com\/de\/wp-json\/wp\/v2\/product\/12377","targetHints":{"allow":["GET"]}}],"collection":[{"href":"https:\/\/jovoh.com\/de\/wp-json\/wp\/v2\/product"}],"about":[{"href":"https:\/\/jovoh.com\/de\/wp-json\/wp\/v2\/types\/product"}],"wp:featuredmedia":[{"embeddable":true,"href":"https:\/\/jovoh.com\/de\/wp-json\/wp\/v2\/media\/12390"}],"wp:attachment":[{"href":"https:\/\/jovoh.com\/de\/wp-json\/wp\/v2\/media?parent=12377"}],"wp:term":[{"taxonomy":"product_brand","embeddable":true,"href":"https:\/\/jovoh.com\/de\/wp-json\/wp\/v2\/product_brand?post=12377"},{"taxonomy":"product_cat","embeddable":true,"href":"https:\/\/jovoh.com\/de\/wp-json\/wp\/v2\/product_cat?post=12377"},{"taxonomy":"product_tag","embeddable":true,"href":"https:\/\/jovoh.com\/de\/wp-json\/wp\/v2\/product_tag?post=12377"}],"curies":[{"name":"wp","href":"https:\/\/api.w.org\/{rel}","templated":true}]}}