{"id":13055,"date":"2023-09-30T19:57:08","date_gmt":"2023-09-30T17:57:08","guid":{"rendered":"https:\/\/jovoh.com\/product\/tragetuch-100-wolle\/"},"modified":"2025-04-01T19:33:40","modified_gmt":"2025-04-01T18:33:40","slug":"sling-100-wool","status":"publish","type":"product","link":"https:\/\/jovoh.com\/de\/produkt\/sling-100-wool\/","title":{"rendered":"Tragetuch | 100% Wolle"},"content":{"rendered":"<ul>\n<li>Bei niedriger Geschwindigkeit im Wollwaschprogramm der Waschmaschine oder von Hand waschen, bei maximal 30\u00b0C<\/li>\n<li>Kein Trockner. Keine chemische Reinigung. Nicht b\u00fcgeln.<\/li>\n<li>100% Merinowolle aus kontrolliert biologischer Tierhaltung (mulesingfrei), ungef\u00e4rbt. Gestrickt in Deutschland.<\/li>\n<\/ul>\n<p>Hersteller: Mrs.BeAn &#8211; Nat\u00fcrlich sch\u00f6ne Stoffe, Lausa 31, 04874 Belgern &#8211; Schildau, Deutschland | info@mrsbean.de<\/p>\n","protected":false},"excerpt":{"rendered":"<p>Ein Tragetuch aus 100% Bio-Merinowolle ist aus mehreren Gr\u00fcnden ein wirklich einzigartiger und wunderbarer Artikel. Merinowolle ist bekannt f\u00fcr ihre Weichheit, Atmungsaktivit\u00e4t und temperaturregulierenden Eigenschaften, was sie unglaublich sanft zur Haut und perfekt f\u00fcr alle Jahreszeiten macht. Die nat\u00fcrliche Elastizit\u00e4t der Merinowolle sorgt au\u00dferdem f\u00fcr eine bequeme, st\u00fctzende Passform, die sich dem K\u00f6rper anpasst und gleichzeitig langlebig ist. Die Stricktechnik wiederum sorgt f\u00fcr Halt und Flexibilit\u00e4t, ohne dass sich die Wolle dehnt oder ausleiert.   <\/p>\n<p>Diese Kombination aus Nachhaltigkeit, Komfort und Leistung macht ein Tragetuch aus Bio-Merinowolle zu einer durchdachten und luxuri\u00f6sen Wahl f\u00fcr alle, die in ihrem Alltag Stil und Funktionalit\u00e4t miteinander verbinden m\u00f6chten.<\/p>\n<p>Das Tragetuch kann sowohl f\u00fcr Neugeborene als auch f\u00fcr \u00e4ltere Kinder verwendet werden. Es hat eine Mittelmarkierung und die gestrickten Kanten sind unterschiedlich, um das Binden zu erleichtern. <\/p>\n<p>&nbsp;<\/p>\n<p><strong>Material<\/strong>: 100% Wolle (kbT)<br \/>\n<strong>L\u00e4nge<\/strong>: ca. 5m<\/p>\n<p>Bearbeitungszeit: 3-4 Wochen (es wird extra f\u00fcr dich bei MrsBean bestellt)<\/p>\n<p>&nbsp;<\/p>\n<p>&nbsp;<\/p>\n","protected":false},"featured_media":13048,"template":"","meta":{"kt_blocks_editor_width":""},"product_brand":[],"product_cat":[124,281],"product_tag":[],"class_list":{"0":"post-13055","1":"product","2":"type-product","3":"status-publish","4":"has-post-thumbnail","6":"product_cat-accessoires-de","7":"product_cat-tragetuch","9":"first","10":"outofstock","11":"taxable","12":"shipping-taxable","13":"purchasable","14":"product-type-variable"},"yoast_head":"<!-- This site is optimized with the Yoast SEO plugin v27.5 - https:\/\/yoast.com\/product\/yoast-seo-wordpress\/ -->\n<title>Tragetuch | 100% Wolle -<\/title>\n<meta name=\"description\" content=\"Erlebe Komfort und Nachhaltigkeit mit einem Tragetuch aus 100% Bio-Merinowolle. Weich, atmungsaktiv, st\u00fctzend und langlebig.\" \/>\n<meta name=\"robots\" content=\"index, follow, max-snippet:-1, max-image-preview:large, max-video-preview:-1\" \/>\n<link rel=\"canonical\" href=\"https:\/\/jovoh.com\/de\/produkt\/sling-100-wool\/\" \/>\n<meta property=\"og:locale\" content=\"de_DE\" \/>\n<meta property=\"og:type\" content=\"article\" \/>\n<meta property=\"og:title\" content=\"Tragetuch | 100% Wolle -\" \/>\n<meta property=\"og:description\" content=\"Erlebe Komfort und Nachhaltigkeit mit einem Tragetuch aus 100% Bio-Merinowolle. Weich, atmungsaktiv, st\u00fctzend und langlebig.\" \/>\n<meta property=\"og:url\" content=\"https:\/\/jovoh.com\/de\/produkt\/sling-100-wool\/\" \/>\n<meta property=\"article:publisher\" content=\"https:\/\/www.instagram.com\/jovoh_nappy\/\" \/>\n<meta property=\"article:modified_time\" content=\"2025-04-01T18:33:40+00:00\" \/>\n<meta property=\"og:image\" content=\"https:\/\/jovoh.com\/wp-content\/uploads\/2023\/09\/Bildschirmfoto-2023-09-30-um-19.33.39.jpg\" \/>\n\t<meta property=\"og:image:width\" content=\"499\" \/>\n\t<meta property=\"og:image:height\" content=\"499\" \/>\n\t<meta property=\"og:image:type\" content=\"image\/jpeg\" \/>\n<meta name=\"twitter:card\" content=\"summary_large_image\" \/>\n<script type=\"application\/ld+json\" class=\"yoast-schema-graph\">{\"@context\":\"https:\\\/\\\/schema.org\",\"@graph\":[{\"@type\":\"WebPage\",\"@id\":\"https:\\\/\\\/jovoh.com\\\/de\\\/produkt\\\/sling-100-wool\\\/\",\"url\":\"https:\\\/\\\/jovoh.com\\\/de\\\/produkt\\\/sling-100-wool\\\/\",\"name\":\"Tragetuch | 100% Wolle -\",\"isPartOf\":{\"@id\":\"https:\\\/\\\/jovoh.com\\\/de\\\/#website\"},\"primaryImageOfPage\":{\"@id\":\"https:\\\/\\\/jovoh.com\\\/de\\\/produkt\\\/sling-100-wool\\\/#primaryimage\"},\"image\":{\"@id\":\"https:\\\/\\\/jovoh.com\\\/de\\\/produkt\\\/sling-100-wool\\\/#primaryimage\"},\"thumbnailUrl\":\"https:\\\/\\\/jovoh.com\\\/wp-content\\\/uploads\\\/2023\\\/09\\\/Bildschirmfoto-2023-09-30-um-19.33.39.jpg\",\"datePublished\":\"2023-09-30T17:57:08+00:00\",\"dateModified\":\"2025-04-01T18:33:40+00:00\",\"description\":\"Erlebe Komfort und Nachhaltigkeit mit einem Tragetuch aus 100% Bio-Merinowolle. Weich, atmungsaktiv, st\u00fctzend und langlebig.\",\"breadcrumb\":{\"@id\":\"https:\\\/\\\/jovoh.com\\\/de\\\/produkt\\\/sling-100-wool\\\/#breadcrumb\"},\"inLanguage\":\"de-DE\",\"potentialAction\":[{\"@type\":\"ReadAction\",\"target\":[\"https:\\\/\\\/jovoh.com\\\/de\\\/produkt\\\/sling-100-wool\\\/\"]}]},{\"@type\":\"ImageObject\",\"inLanguage\":\"de-DE\",\"@id\":\"https:\\\/\\\/jovoh.com\\\/de\\\/produkt\\\/sling-100-wool\\\/#primaryimage\",\"url\":\"https:\\\/\\\/jovoh.com\\\/wp-content\\\/uploads\\\/2023\\\/09\\\/Bildschirmfoto-2023-09-30-um-19.33.39.jpg\",\"contentUrl\":\"https:\\\/\\\/jovoh.com\\\/wp-content\\\/uploads\\\/2023\\\/09\\\/Bildschirmfoto-2023-09-30-um-19.33.39.jpg\",\"width\":499,\"height\":499},{\"@type\":\"BreadcrumbList\",\"@id\":\"https:\\\/\\\/jovoh.com\\\/de\\\/produkt\\\/sling-100-wool\\\/#breadcrumb\",\"itemListElement\":[{\"@type\":\"ListItem\",\"position\":1,\"name\":\"Home\",\"item\":\"https:\\\/\\\/jovoh.com\\\/de\\\/\"},{\"@type\":\"ListItem\",\"position\":2,\"name\":\"Shop\",\"item\":\"https:\\\/\\\/jovoh.com\\\/shop\\\/\"},{\"@type\":\"ListItem\",\"position\":3,\"name\":\"Tragetuch | 100% Wolle\"}]},{\"@type\":\"WebSite\",\"@id\":\"https:\\\/\\\/jovoh.com\\\/de\\\/#website\",\"url\":\"https:\\\/\\\/jovoh.com\\\/de\\\/\",\"name\":\"jovoh\",\"description\":\"\",\"publisher\":{\"@id\":\"https:\\\/\\\/jovoh.com\\\/de\\\/#organization\"},\"potentialAction\":[{\"@type\":\"SearchAction\",\"target\":{\"@type\":\"EntryPoint\",\"urlTemplate\":\"https:\\\/\\\/jovoh.com\\\/de\\\/?s={search_term_string}\"},\"query-input\":{\"@type\":\"PropertyValueSpecification\",\"valueRequired\":true,\"valueName\":\"search_term_string\"}}],\"inLanguage\":\"de-DE\"},{\"@type\":\"Organization\",\"@id\":\"https:\\\/\\\/jovoh.com\\\/de\\\/#organization\",\"name\":\"Jovoh Design\",\"url\":\"https:\\\/\\\/jovoh.com\\\/de\\\/\",\"logo\":{\"@type\":\"ImageObject\",\"inLanguage\":\"de-DE\",\"@id\":\"https:\\\/\\\/jovoh.com\\\/de\\\/#\\\/schema\\\/logo\\\/image\\\/\",\"url\":\"https:\\\/\\\/jovoh.com\\\/wp-content\\\/uploads\\\/2024\\\/09\\\/Untitled_Artwork.png\",\"contentUrl\":\"https:\\\/\\\/jovoh.com\\\/wp-content\\\/uploads\\\/2024\\\/09\\\/Untitled_Artwork.png\",\"width\":1420,\"height\":929,\"caption\":\"Jovoh Design\"},\"image\":{\"@id\":\"https:\\\/\\\/jovoh.com\\\/de\\\/#\\\/schema\\\/logo\\\/image\\\/\"},\"sameAs\":[\"https:\\\/\\\/www.instagram.com\\\/jovoh_nappy\\\/\"]}]}<\/script>\n<!-- \/ Yoast SEO plugin. -->","yoast_head_json":{"title":"Tragetuch | 100% Wolle -","description":"Erlebe Komfort und Nachhaltigkeit mit einem Tragetuch aus 100% Bio-Merinowolle. Weich, atmungsaktiv, st\u00fctzend und langlebig.","robots":{"index":"index","follow":"follow","max-snippet":"max-snippet:-1","max-image-preview":"max-image-preview:large","max-video-preview":"max-video-preview:-1"},"canonical":"https:\/\/jovoh.com\/de\/produkt\/sling-100-wool\/","og_locale":"de_DE","og_type":"article","og_title":"Tragetuch | 100% Wolle -","og_description":"Erlebe Komfort und Nachhaltigkeit mit einem Tragetuch aus 100% Bio-Merinowolle. Weich, atmungsaktiv, st\u00fctzend und langlebig.","og_url":"https:\/\/jovoh.com\/de\/produkt\/sling-100-wool\/","article_publisher":"https:\/\/www.instagram.com\/jovoh_nappy\/","article_modified_time":"2025-04-01T18:33:40+00:00","og_image":[{"width":499,"height":499,"url":"https:\/\/jovoh.com\/wp-content\/uploads\/2023\/09\/Bildschirmfoto-2023-09-30-um-19.33.39.jpg","type":"image\/jpeg"}],"twitter_card":"summary_large_image","schema":{"@context":"https:\/\/schema.org","@graph":[{"@type":"WebPage","@id":"https:\/\/jovoh.com\/de\/produkt\/sling-100-wool\/","url":"https:\/\/jovoh.com\/de\/produkt\/sling-100-wool\/","name":"Tragetuch | 100% Wolle -","isPartOf":{"@id":"https:\/\/jovoh.com\/de\/#website"},"primaryImageOfPage":{"@id":"https:\/\/jovoh.com\/de\/produkt\/sling-100-wool\/#primaryimage"},"image":{"@id":"https:\/\/jovoh.com\/de\/produkt\/sling-100-wool\/#primaryimage"},"thumbnailUrl":"https:\/\/jovoh.com\/wp-content\/uploads\/2023\/09\/Bildschirmfoto-2023-09-30-um-19.33.39.jpg","datePublished":"2023-09-30T17:57:08+00:00","dateModified":"2025-04-01T18:33:40+00:00","description":"Erlebe Komfort und Nachhaltigkeit mit einem Tragetuch aus 100% Bio-Merinowolle. Weich, atmungsaktiv, st\u00fctzend und langlebig.","breadcrumb":{"@id":"https:\/\/jovoh.com\/de\/produkt\/sling-100-wool\/#breadcrumb"},"inLanguage":"de-DE","potentialAction":[{"@type":"ReadAction","target":["https:\/\/jovoh.com\/de\/produkt\/sling-100-wool\/"]}]},{"@type":"ImageObject","inLanguage":"de-DE","@id":"https:\/\/jovoh.com\/de\/produkt\/sling-100-wool\/#primaryimage","url":"https:\/\/jovoh.com\/wp-content\/uploads\/2023\/09\/Bildschirmfoto-2023-09-30-um-19.33.39.jpg","contentUrl":"https:\/\/jovoh.com\/wp-content\/uploads\/2023\/09\/Bildschirmfoto-2023-09-30-um-19.33.39.jpg","width":499,"height":499},{"@type":"BreadcrumbList","@id":"https:\/\/jovoh.com\/de\/produkt\/sling-100-wool\/#breadcrumb","itemListElement":[{"@type":"ListItem","position":1,"name":"Home","item":"https:\/\/jovoh.com\/de\/"},{"@type":"ListItem","position":2,"name":"Shop","item":"https:\/\/jovoh.com\/shop\/"},{"@type":"ListItem","position":3,"name":"Tragetuch | 100% Wolle"}]},{"@type":"WebSite","@id":"https:\/\/jovoh.com\/de\/#website","url":"https:\/\/jovoh.com\/de\/","name":"jovoh","description":"","publisher":{"@id":"https:\/\/jovoh.com\/de\/#organization"},"potentialAction":[{"@type":"SearchAction","target":{"@type":"EntryPoint","urlTemplate":"https:\/\/jovoh.com\/de\/?s={search_term_string}"},"query-input":{"@type":"PropertyValueSpecification","valueRequired":true,"valueName":"search_term_string"}}],"inLanguage":"de-DE"},{"@type":"Organization","@id":"https:\/\/jovoh.com\/de\/#organization","name":"Jovoh Design","url":"https:\/\/jovoh.com\/de\/","logo":{"@type":"ImageObject","inLanguage":"de-DE","@id":"https:\/\/jovoh.com\/de\/#\/schema\/logo\/image\/","url":"https:\/\/jovoh.com\/wp-content\/uploads\/2024\/09\/Untitled_Artwork.png","contentUrl":"https:\/\/jovoh.com\/wp-content\/uploads\/2024\/09\/Untitled_Artwork.png","width":1420,"height":929,"caption":"Jovoh Design"},"image":{"@id":"https:\/\/jovoh.com\/de\/#\/schema\/logo\/image\/"},"sameAs":["https:\/\/www.instagram.com\/jovoh_nappy\/"]}]}},"_links":{"self":[{"href":"https:\/\/jovoh.com\/de\/wp-json\/wp\/v2\/product\/13055","targetHints":{"allow":["GET"]}}],"collection":[{"href":"https:\/\/jovoh.com\/de\/wp-json\/wp\/v2\/product"}],"about":[{"href":"https:\/\/jovoh.com\/de\/wp-json\/wp\/v2\/types\/product"}],"wp:featuredmedia":[{"embeddable":true,"href":"https:\/\/jovoh.com\/de\/wp-json\/wp\/v2\/media\/13048"}],"wp:attachment":[{"href":"https:\/\/jovoh.com\/de\/wp-json\/wp\/v2\/media?parent=13055"}],"wp:term":[{"taxonomy":"product_brand","embeddable":true,"href":"https:\/\/jovoh.com\/de\/wp-json\/wp\/v2\/product_brand?post=13055"},{"taxonomy":"product_cat","embeddable":true,"href":"https:\/\/jovoh.com\/de\/wp-json\/wp\/v2\/product_cat?post=13055"},{"taxonomy":"product_tag","embeddable":true,"href":"https:\/\/jovoh.com\/de\/wp-json\/wp\/v2\/product_tag?post=13055"}],"curies":[{"name":"wp","href":"https:\/\/api.w.org\/{rel}","templated":true}]}}