{"id":13333,"date":"2023-10-23T12:38:21","date_gmt":"2023-10-23T10:38:21","guid":{"rendered":"https:\/\/jovoh.com\/product\/kleiner-seifenbeutel\/"},"modified":"2025-04-01T16:38:19","modified_gmt":"2025-04-01T15:38:19","slug":"soap-bag","status":"publish","type":"product","link":"https:\/\/jovoh.com\/de\/produkt\/soap-bag\/","title":{"rendered":"Kleiner Seifenbeutel"},"content":{"rendered":"<ul>\n<li>Hergestellt aus 100% Bio-Baumwolle<\/li>\n<li>Bei maximal 60\u00b0C waschen. K\u00f6nnen bei niedriger Temperatur in den Trockner.<\/li>\n<\/ul>\n<p>Hersteller: Boweevil, De Liesbosch 8D, 3439LC Nieuwegein, Niederlande | info@boweevil.nl<\/p>\n","protected":false},"excerpt":{"rendered":"<p>Der perfekte Beutel f\u00fcr deine Jovoh-Seife. Ideal auch, wenn das Seifenst\u00fcck nach langer Nutzung kaputt ist. Der Beutel ist 100% plastikfrei und aus reiner Bio-Baumwolle hergestellt. Du kannst den Beutel auch zusammen mit der Seife zum Waschen verwenden. Die Seife sch\u00e4umt dann noch mehr und deine Lieblingswollst\u00fccke lassen sich wunderbar waschen.<\/p>\n<p>&nbsp;<\/p>\n<p><strong>Material<\/strong>: 100% Bio-Baumwolle (kbA) <strong><br \/>\nGr\u00f6\u00dfe<\/strong>: Ca. 10 x 15 cm<\/p>\n<p>&nbsp;<\/p>\n<p>&nbsp;<\/p>\n","protected":false},"featured_media":13298,"template":"","meta":{"kt_blocks_editor_width":""},"product_brand":[],"product_cat":[142,140,288,143],"product_tag":[],"class_list":{"0":"post-13333","1":"product","2":"type-product","3":"status-publish","4":"has-post-thumbnail","6":"product_cat-olivenseife","7":"product_cat-pflegeprodukte","8":"product_cat-sale-de","9":"product_cat-wollwaschseife","11":"first","12":"instock","13":"sale","14":"taxable","15":"shipping-taxable","16":"purchasable","17":"product-type-simple"},"yoast_head":"<!-- This site is optimized with the Yoast SEO plugin v27.5 - https:\/\/yoast.com\/product\/yoast-seo-wordpress\/ -->\n<title>Kleiner Seifenbeutel -<\/title>\n<meta name=\"description\" content=\"Verwende diesen Beutel f\u00fcr deine festen Seifenst\u00fccke. Auch zur Aufbewahrung kleinerer Seifenst\u00fccke geeignet. Hergestellt aus zertifizierter Bio-Baumwolle.\" \/>\n<meta name=\"robots\" content=\"index, follow, max-snippet:-1, max-image-preview:large, max-video-preview:-1\" \/>\n<link rel=\"canonical\" href=\"https:\/\/jovoh.com\/de\/produkt\/soap-bag\/\" \/>\n<meta property=\"og:locale\" content=\"de_DE\" \/>\n<meta property=\"og:type\" content=\"article\" \/>\n<meta property=\"og:title\" content=\"Kleiner Seifenbeutel -\" \/>\n<meta property=\"og:description\" content=\"Verwende diesen Beutel f\u00fcr deine festen Seifenst\u00fccke. Auch zur Aufbewahrung kleinerer Seifenst\u00fccke geeignet. Hergestellt aus zertifizierter Bio-Baumwolle.\" \/>\n<meta property=\"og:url\" content=\"https:\/\/jovoh.com\/de\/produkt\/soap-bag\/\" \/>\n<meta property=\"article:publisher\" content=\"https:\/\/www.instagram.com\/jovoh_nappy\/\" \/>\n<meta property=\"article:modified_time\" content=\"2025-04-01T15:38:19+00:00\" \/>\n<meta property=\"og:image\" content=\"https:\/\/jovoh.com\/wp-content\/uploads\/2023\/10\/IMG_2964-2-scaled.jpg\" \/>\n\t<meta property=\"og:image:width\" content=\"2560\" \/>\n\t<meta property=\"og:image:height\" content=\"2515\" \/>\n\t<meta property=\"og:image:type\" content=\"image\/jpeg\" \/>\n<meta name=\"twitter:card\" content=\"summary_large_image\" \/>\n<script type=\"application\/ld+json\" class=\"yoast-schema-graph\">{\"@context\":\"https:\\\/\\\/schema.org\",\"@graph\":[{\"@type\":\"WebPage\",\"@id\":\"https:\\\/\\\/jovoh.com\\\/de\\\/produkt\\\/soap-bag\\\/\",\"url\":\"https:\\\/\\\/jovoh.com\\\/de\\\/produkt\\\/soap-bag\\\/\",\"name\":\"Kleiner Seifenbeutel -\",\"isPartOf\":{\"@id\":\"https:\\\/\\\/jovoh.com\\\/de\\\/#website\"},\"primaryImageOfPage\":{\"@id\":\"https:\\\/\\\/jovoh.com\\\/de\\\/produkt\\\/soap-bag\\\/#primaryimage\"},\"image\":{\"@id\":\"https:\\\/\\\/jovoh.com\\\/de\\\/produkt\\\/soap-bag\\\/#primaryimage\"},\"thumbnailUrl\":\"https:\\\/\\\/jovoh.com\\\/wp-content\\\/uploads\\\/2023\\\/10\\\/IMG_2964-2-scaled.jpg\",\"datePublished\":\"2023-10-23T10:38:21+00:00\",\"dateModified\":\"2025-04-01T15:38:19+00:00\",\"description\":\"Verwende diesen Beutel f\u00fcr deine festen Seifenst\u00fccke. Auch zur Aufbewahrung kleinerer Seifenst\u00fccke geeignet. Hergestellt aus zertifizierter Bio-Baumwolle.\",\"breadcrumb\":{\"@id\":\"https:\\\/\\\/jovoh.com\\\/de\\\/produkt\\\/soap-bag\\\/#breadcrumb\"},\"inLanguage\":\"de-DE\",\"potentialAction\":[{\"@type\":\"ReadAction\",\"target\":[\"https:\\\/\\\/jovoh.com\\\/de\\\/produkt\\\/soap-bag\\\/\"]}]},{\"@type\":\"ImageObject\",\"inLanguage\":\"de-DE\",\"@id\":\"https:\\\/\\\/jovoh.com\\\/de\\\/produkt\\\/soap-bag\\\/#primaryimage\",\"url\":\"https:\\\/\\\/jovoh.com\\\/wp-content\\\/uploads\\\/2023\\\/10\\\/IMG_2964-2-scaled.jpg\",\"contentUrl\":\"https:\\\/\\\/jovoh.com\\\/wp-content\\\/uploads\\\/2023\\\/10\\\/IMG_2964-2-scaled.jpg\",\"width\":2560,\"height\":2515},{\"@type\":\"BreadcrumbList\",\"@id\":\"https:\\\/\\\/jovoh.com\\\/de\\\/produkt\\\/soap-bag\\\/#breadcrumb\",\"itemListElement\":[{\"@type\":\"ListItem\",\"position\":1,\"name\":\"Home\",\"item\":\"https:\\\/\\\/jovoh.com\\\/de\\\/\"},{\"@type\":\"ListItem\",\"position\":2,\"name\":\"Shop\",\"item\":\"https:\\\/\\\/jovoh.com\\\/shop\\\/\"},{\"@type\":\"ListItem\",\"position\":3,\"name\":\"Kleiner Seifenbeutel\"}]},{\"@type\":\"WebSite\",\"@id\":\"https:\\\/\\\/jovoh.com\\\/de\\\/#website\",\"url\":\"https:\\\/\\\/jovoh.com\\\/de\\\/\",\"name\":\"jovoh\",\"description\":\"\",\"publisher\":{\"@id\":\"https:\\\/\\\/jovoh.com\\\/de\\\/#organization\"},\"potentialAction\":[{\"@type\":\"SearchAction\",\"target\":{\"@type\":\"EntryPoint\",\"urlTemplate\":\"https:\\\/\\\/jovoh.com\\\/de\\\/?s={search_term_string}\"},\"query-input\":{\"@type\":\"PropertyValueSpecification\",\"valueRequired\":true,\"valueName\":\"search_term_string\"}}],\"inLanguage\":\"de-DE\"},{\"@type\":\"Organization\",\"@id\":\"https:\\\/\\\/jovoh.com\\\/de\\\/#organization\",\"name\":\"Jovoh Design\",\"url\":\"https:\\\/\\\/jovoh.com\\\/de\\\/\",\"logo\":{\"@type\":\"ImageObject\",\"inLanguage\":\"de-DE\",\"@id\":\"https:\\\/\\\/jovoh.com\\\/de\\\/#\\\/schema\\\/logo\\\/image\\\/\",\"url\":\"https:\\\/\\\/jovoh.com\\\/wp-content\\\/uploads\\\/2024\\\/09\\\/Untitled_Artwork.png\",\"contentUrl\":\"https:\\\/\\\/jovoh.com\\\/wp-content\\\/uploads\\\/2024\\\/09\\\/Untitled_Artwork.png\",\"width\":1420,\"height\":929,\"caption\":\"Jovoh Design\"},\"image\":{\"@id\":\"https:\\\/\\\/jovoh.com\\\/de\\\/#\\\/schema\\\/logo\\\/image\\\/\"},\"sameAs\":[\"https:\\\/\\\/www.instagram.com\\\/jovoh_nappy\\\/\"]}]}<\/script>\n<!-- \/ Yoast SEO plugin. -->","yoast_head_json":{"title":"Kleiner Seifenbeutel -","description":"Verwende diesen Beutel f\u00fcr deine festen Seifenst\u00fccke. Auch zur Aufbewahrung kleinerer Seifenst\u00fccke geeignet. Hergestellt aus zertifizierter Bio-Baumwolle.","robots":{"index":"index","follow":"follow","max-snippet":"max-snippet:-1","max-image-preview":"max-image-preview:large","max-video-preview":"max-video-preview:-1"},"canonical":"https:\/\/jovoh.com\/de\/produkt\/soap-bag\/","og_locale":"de_DE","og_type":"article","og_title":"Kleiner Seifenbeutel -","og_description":"Verwende diesen Beutel f\u00fcr deine festen Seifenst\u00fccke. Auch zur Aufbewahrung kleinerer Seifenst\u00fccke geeignet. Hergestellt aus zertifizierter Bio-Baumwolle.","og_url":"https:\/\/jovoh.com\/de\/produkt\/soap-bag\/","article_publisher":"https:\/\/www.instagram.com\/jovoh_nappy\/","article_modified_time":"2025-04-01T15:38:19+00:00","og_image":[{"width":2560,"height":2515,"url":"https:\/\/jovoh.com\/wp-content\/uploads\/2023\/10\/IMG_2964-2-scaled.jpg","type":"image\/jpeg"}],"twitter_card":"summary_large_image","schema":{"@context":"https:\/\/schema.org","@graph":[{"@type":"WebPage","@id":"https:\/\/jovoh.com\/de\/produkt\/soap-bag\/","url":"https:\/\/jovoh.com\/de\/produkt\/soap-bag\/","name":"Kleiner Seifenbeutel -","isPartOf":{"@id":"https:\/\/jovoh.com\/de\/#website"},"primaryImageOfPage":{"@id":"https:\/\/jovoh.com\/de\/produkt\/soap-bag\/#primaryimage"},"image":{"@id":"https:\/\/jovoh.com\/de\/produkt\/soap-bag\/#primaryimage"},"thumbnailUrl":"https:\/\/jovoh.com\/wp-content\/uploads\/2023\/10\/IMG_2964-2-scaled.jpg","datePublished":"2023-10-23T10:38:21+00:00","dateModified":"2025-04-01T15:38:19+00:00","description":"Verwende diesen Beutel f\u00fcr deine festen Seifenst\u00fccke. Auch zur Aufbewahrung kleinerer Seifenst\u00fccke geeignet. Hergestellt aus zertifizierter Bio-Baumwolle.","breadcrumb":{"@id":"https:\/\/jovoh.com\/de\/produkt\/soap-bag\/#breadcrumb"},"inLanguage":"de-DE","potentialAction":[{"@type":"ReadAction","target":["https:\/\/jovoh.com\/de\/produkt\/soap-bag\/"]}]},{"@type":"ImageObject","inLanguage":"de-DE","@id":"https:\/\/jovoh.com\/de\/produkt\/soap-bag\/#primaryimage","url":"https:\/\/jovoh.com\/wp-content\/uploads\/2023\/10\/IMG_2964-2-scaled.jpg","contentUrl":"https:\/\/jovoh.com\/wp-content\/uploads\/2023\/10\/IMG_2964-2-scaled.jpg","width":2560,"height":2515},{"@type":"BreadcrumbList","@id":"https:\/\/jovoh.com\/de\/produkt\/soap-bag\/#breadcrumb","itemListElement":[{"@type":"ListItem","position":1,"name":"Home","item":"https:\/\/jovoh.com\/de\/"},{"@type":"ListItem","position":2,"name":"Shop","item":"https:\/\/jovoh.com\/shop\/"},{"@type":"ListItem","position":3,"name":"Kleiner Seifenbeutel"}]},{"@type":"WebSite","@id":"https:\/\/jovoh.com\/de\/#website","url":"https:\/\/jovoh.com\/de\/","name":"jovoh","description":"","publisher":{"@id":"https:\/\/jovoh.com\/de\/#organization"},"potentialAction":[{"@type":"SearchAction","target":{"@type":"EntryPoint","urlTemplate":"https:\/\/jovoh.com\/de\/?s={search_term_string}"},"query-input":{"@type":"PropertyValueSpecification","valueRequired":true,"valueName":"search_term_string"}}],"inLanguage":"de-DE"},{"@type":"Organization","@id":"https:\/\/jovoh.com\/de\/#organization","name":"Jovoh Design","url":"https:\/\/jovoh.com\/de\/","logo":{"@type":"ImageObject","inLanguage":"de-DE","@id":"https:\/\/jovoh.com\/de\/#\/schema\/logo\/image\/","url":"https:\/\/jovoh.com\/wp-content\/uploads\/2024\/09\/Untitled_Artwork.png","contentUrl":"https:\/\/jovoh.com\/wp-content\/uploads\/2024\/09\/Untitled_Artwork.png","width":1420,"height":929,"caption":"Jovoh Design"},"image":{"@id":"https:\/\/jovoh.com\/de\/#\/schema\/logo\/image\/"},"sameAs":["https:\/\/www.instagram.com\/jovoh_nappy\/"]}]}},"_links":{"self":[{"href":"https:\/\/jovoh.com\/de\/wp-json\/wp\/v2\/product\/13333","targetHints":{"allow":["GET"]}}],"collection":[{"href":"https:\/\/jovoh.com\/de\/wp-json\/wp\/v2\/product"}],"about":[{"href":"https:\/\/jovoh.com\/de\/wp-json\/wp\/v2\/types\/product"}],"wp:featuredmedia":[{"embeddable":true,"href":"https:\/\/jovoh.com\/de\/wp-json\/wp\/v2\/media\/13298"}],"wp:attachment":[{"href":"https:\/\/jovoh.com\/de\/wp-json\/wp\/v2\/media?parent=13333"}],"wp:term":[{"taxonomy":"product_brand","embeddable":true,"href":"https:\/\/jovoh.com\/de\/wp-json\/wp\/v2\/product_brand?post=13333"},{"taxonomy":"product_cat","embeddable":true,"href":"https:\/\/jovoh.com\/de\/wp-json\/wp\/v2\/product_cat?post=13333"},{"taxonomy":"product_tag","embeddable":true,"href":"https:\/\/jovoh.com\/de\/wp-json\/wp\/v2\/product_tag?post=13333"}],"curies":[{"name":"wp","href":"https:\/\/api.w.org\/{rel}","templated":true}]}}