{"id":26865,"date":"2024-10-30T21:54:15","date_gmt":"2024-10-30T19:54:15","guid":{"rendered":"https:\/\/jovoh.com\/?post_type=product&#038;p=26865"},"modified":"2025-04-01T19:25:56","modified_gmt":"2025-04-01T18:25:56","slug":"babyhandschuhe-100-merinowolle","status":"publish","type":"product","link":"https:\/\/jovoh.com\/de\/produkt\/babyhandschuhe-100-merinowolle\/","title":{"rendered":"Babyhandschuhe | 100% Merinowolle"},"content":{"rendered":"<ul>\n<li>Babyhandschuhe hergestellt aus 100% Bio-Merinowolle<\/li>\n<li>Vorsichtig <span style=\"color: #67788c;\"><a href=\"https:\/\/jovoh.com\/de\/wolle-waschen-es-ist-einfacher-als-du-denkst\/\">von Hand bei maximal 30\u00b0C waschen<\/a><\/span><\/li>\n<li>Verwende ein Wollwaschmittel zum Waschen<\/li>\n<\/ul>\n<p>Hersteller: Jovoh Design, Karel Doormanlaan 193, 3572NW Utrecht, Niederlande | info@jovoh.com<\/p>\n","protected":false},"excerpt":{"rendered":"<p class=\"p1\">Weiche Handschuhe aus Bio-Merinowolle f\u00fcr dein Baby. Wollfleece ist perfekt, um die H\u00e4nde deines Babys bei kaltem Wetter warm zu halten, denn Wolle hat die einzigartige Eigenschaft, die K\u00f6rpertemperatur zu regulieren. So schwitzen kleine H\u00e4nde nicht. Sanfte B\u00fcndchen sorgen f\u00fcr einen bequemen Sitz. Die \u00c4rmelb\u00fcndchen sind doppellagig und k\u00f6nnen bei Bedarf verl\u00e4ngert werden, so dass sie auch \u00fcber dem Pullover oder der Jacke getragen werden k\u00f6nnen.    <\/p>\n<p class=\"p1\">Babyhandschuhe aus Merinowollfleece sind perfekt f\u00fcr einen Spaziergang im Tragetuch oder beim Schlafen im Kinderwagen.<\/p>\n<p>&nbsp;<\/p>\n<p><strong>Material<\/strong>: 100% Bio-Merinowolle (kbT)<\/p>\n<p><strong>Gr\u00f6\u00dfe<\/strong>: Ca. 3-12 Monate<\/p>\n<p>&nbsp;<\/p>\n<p>&nbsp;<\/p>\n","protected":false},"featured_media":26848,"template":"","meta":{"kt_blocks_editor_width":""},"product_brand":[],"product_cat":[124,328],"product_tag":[],"class_list":{"0":"post-26865","1":"product","2":"type-product","3":"status-publish","4":"has-post-thumbnail","6":"product_cat-accessoires-de","7":"product_cat-handschuhe","9":"first","10":"instock","11":"taxable","12":"shipping-taxable","13":"purchasable","14":"product-type-variable"},"yoast_head":"<!-- This site is optimized with the Yoast SEO plugin v27.5 - https:\/\/yoast.com\/product\/yoast-seo-wordpress\/ -->\n<title>Babyhandschuhe | 100% Merinowolle -<\/title>\n<meta name=\"description\" content=\"Babyhandschuhe aus 100% Bio-Merinowolle | Wolle reguliert die Temperatur der kleinen H\u00e4nde, damit sie an kalten Tagen sch\u00f6n warm bleiben, und trotzdem nicht schwitzen.\" \/>\n<meta name=\"robots\" content=\"index, follow, max-snippet:-1, max-image-preview:large, max-video-preview:-1\" \/>\n<link rel=\"canonical\" href=\"https:\/\/jovoh.com\/de\/produkt\/babyhandschuhe-100-merinowolle\/\" \/>\n<meta property=\"og:locale\" content=\"de_DE\" \/>\n<meta property=\"og:type\" content=\"article\" \/>\n<meta property=\"og:title\" content=\"Babyhandschuhe | 100% Merinowolle -\" \/>\n<meta property=\"og:description\" content=\"Babyhandschuhe aus 100% Bio-Merinowolle | Wolle reguliert die Temperatur der kleinen H\u00e4nde, damit sie an kalten Tagen sch\u00f6n warm bleiben, und trotzdem nicht schwitzen.\" \/>\n<meta property=\"og:url\" content=\"https:\/\/jovoh.com\/de\/produkt\/babyhandschuhe-100-merinowolle\/\" \/>\n<meta property=\"article:publisher\" content=\"https:\/\/www.instagram.com\/jovoh_nappy\/\" \/>\n<meta property=\"article:modified_time\" content=\"2025-04-01T18:25:56+00:00\" \/>\n<meta property=\"og:image\" content=\"https:\/\/jovoh.com\/wp-content\/uploads\/2024\/10\/IMG_6914-scaled.jpg\" \/>\n\t<meta property=\"og:image:width\" content=\"2560\" \/>\n\t<meta property=\"og:image:height\" content=\"2560\" \/>\n\t<meta property=\"og:image:type\" content=\"image\/jpeg\" \/>\n<meta name=\"twitter:card\" content=\"summary_large_image\" \/>\n<meta name=\"twitter:label1\" content=\"Est. reading time\" \/>\n\t<meta name=\"twitter:data1\" content=\"1 minute\" \/>\n<script type=\"application\/ld+json\" class=\"yoast-schema-graph\">{\"@context\":\"https:\\\/\\\/schema.org\",\"@graph\":[{\"@type\":\"WebPage\",\"@id\":\"https:\\\/\\\/jovoh.com\\\/de\\\/produkt\\\/babyhandschuhe-100-merinowolle\\\/\",\"url\":\"https:\\\/\\\/jovoh.com\\\/de\\\/produkt\\\/babyhandschuhe-100-merinowolle\\\/\",\"name\":\"Babyhandschuhe | 100% Merinowolle -\",\"isPartOf\":{\"@id\":\"https:\\\/\\\/jovoh.com\\\/de\\\/#website\"},\"primaryImageOfPage\":{\"@id\":\"https:\\\/\\\/jovoh.com\\\/de\\\/produkt\\\/babyhandschuhe-100-merinowolle\\\/#primaryimage\"},\"image\":{\"@id\":\"https:\\\/\\\/jovoh.com\\\/de\\\/produkt\\\/babyhandschuhe-100-merinowolle\\\/#primaryimage\"},\"thumbnailUrl\":\"https:\\\/\\\/jovoh.com\\\/wp-content\\\/uploads\\\/2024\\\/10\\\/IMG_6914-scaled.jpg\",\"datePublished\":\"2024-10-30T19:54:15+00:00\",\"dateModified\":\"2025-04-01T18:25:56+00:00\",\"description\":\"Babyhandschuhe aus 100% Bio-Merinowolle | Wolle reguliert die Temperatur der kleinen H\u00e4nde, damit sie an kalten Tagen sch\u00f6n warm bleiben, und trotzdem nicht schwitzen.\",\"breadcrumb\":{\"@id\":\"https:\\\/\\\/jovoh.com\\\/de\\\/produkt\\\/babyhandschuhe-100-merinowolle\\\/#breadcrumb\"},\"inLanguage\":\"de-DE\",\"potentialAction\":[{\"@type\":\"ReadAction\",\"target\":[\"https:\\\/\\\/jovoh.com\\\/de\\\/produkt\\\/babyhandschuhe-100-merinowolle\\\/\"]}]},{\"@type\":\"ImageObject\",\"inLanguage\":\"de-DE\",\"@id\":\"https:\\\/\\\/jovoh.com\\\/de\\\/produkt\\\/babyhandschuhe-100-merinowolle\\\/#primaryimage\",\"url\":\"https:\\\/\\\/jovoh.com\\\/wp-content\\\/uploads\\\/2024\\\/10\\\/IMG_6914-scaled.jpg\",\"contentUrl\":\"https:\\\/\\\/jovoh.com\\\/wp-content\\\/uploads\\\/2024\\\/10\\\/IMG_6914-scaled.jpg\",\"width\":2560,\"height\":2560,\"caption\":\"Organic merino wool fleece baby gloves\"},{\"@type\":\"BreadcrumbList\",\"@id\":\"https:\\\/\\\/jovoh.com\\\/de\\\/produkt\\\/babyhandschuhe-100-merinowolle\\\/#breadcrumb\",\"itemListElement\":[{\"@type\":\"ListItem\",\"position\":1,\"name\":\"Home\",\"item\":\"https:\\\/\\\/jovoh.com\\\/de\\\/\"},{\"@type\":\"ListItem\",\"position\":2,\"name\":\"Shop\",\"item\":\"https:\\\/\\\/jovoh.com\\\/shop\\\/\"},{\"@type\":\"ListItem\",\"position\":3,\"name\":\"Babyhandschuhe | 100% Merinowolle\"}]},{\"@type\":\"WebSite\",\"@id\":\"https:\\\/\\\/jovoh.com\\\/de\\\/#website\",\"url\":\"https:\\\/\\\/jovoh.com\\\/de\\\/\",\"name\":\"jovoh\",\"description\":\"\",\"publisher\":{\"@id\":\"https:\\\/\\\/jovoh.com\\\/de\\\/#organization\"},\"potentialAction\":[{\"@type\":\"SearchAction\",\"target\":{\"@type\":\"EntryPoint\",\"urlTemplate\":\"https:\\\/\\\/jovoh.com\\\/de\\\/?s={search_term_string}\"},\"query-input\":{\"@type\":\"PropertyValueSpecification\",\"valueRequired\":true,\"valueName\":\"search_term_string\"}}],\"inLanguage\":\"de-DE\"},{\"@type\":\"Organization\",\"@id\":\"https:\\\/\\\/jovoh.com\\\/de\\\/#organization\",\"name\":\"Jovoh Design\",\"url\":\"https:\\\/\\\/jovoh.com\\\/de\\\/\",\"logo\":{\"@type\":\"ImageObject\",\"inLanguage\":\"de-DE\",\"@id\":\"https:\\\/\\\/jovoh.com\\\/de\\\/#\\\/schema\\\/logo\\\/image\\\/\",\"url\":\"https:\\\/\\\/jovoh.com\\\/wp-content\\\/uploads\\\/2024\\\/09\\\/Untitled_Artwork.png\",\"contentUrl\":\"https:\\\/\\\/jovoh.com\\\/wp-content\\\/uploads\\\/2024\\\/09\\\/Untitled_Artwork.png\",\"width\":1420,\"height\":929,\"caption\":\"Jovoh Design\"},\"image\":{\"@id\":\"https:\\\/\\\/jovoh.com\\\/de\\\/#\\\/schema\\\/logo\\\/image\\\/\"},\"sameAs\":[\"https:\\\/\\\/www.instagram.com\\\/jovoh_nappy\\\/\"]}]}<\/script>\n<!-- \/ Yoast SEO plugin. -->","yoast_head_json":{"title":"Babyhandschuhe | 100% Merinowolle -","description":"Babyhandschuhe aus 100% Bio-Merinowolle | Wolle reguliert die Temperatur der kleinen H\u00e4nde, damit sie an kalten Tagen sch\u00f6n warm bleiben, und trotzdem nicht schwitzen.","robots":{"index":"index","follow":"follow","max-snippet":"max-snippet:-1","max-image-preview":"max-image-preview:large","max-video-preview":"max-video-preview:-1"},"canonical":"https:\/\/jovoh.com\/de\/produkt\/babyhandschuhe-100-merinowolle\/","og_locale":"de_DE","og_type":"article","og_title":"Babyhandschuhe | 100% Merinowolle -","og_description":"Babyhandschuhe aus 100% Bio-Merinowolle | Wolle reguliert die Temperatur der kleinen H\u00e4nde, damit sie an kalten Tagen sch\u00f6n warm bleiben, und trotzdem nicht schwitzen.","og_url":"https:\/\/jovoh.com\/de\/produkt\/babyhandschuhe-100-merinowolle\/","article_publisher":"https:\/\/www.instagram.com\/jovoh_nappy\/","article_modified_time":"2025-04-01T18:25:56+00:00","og_image":[{"width":2560,"height":2560,"url":"https:\/\/jovoh.com\/wp-content\/uploads\/2024\/10\/IMG_6914-scaled.jpg","type":"image\/jpeg"}],"twitter_card":"summary_large_image","twitter_misc":{"Est. reading time":"1 minute"},"schema":{"@context":"https:\/\/schema.org","@graph":[{"@type":"WebPage","@id":"https:\/\/jovoh.com\/de\/produkt\/babyhandschuhe-100-merinowolle\/","url":"https:\/\/jovoh.com\/de\/produkt\/babyhandschuhe-100-merinowolle\/","name":"Babyhandschuhe | 100% Merinowolle -","isPartOf":{"@id":"https:\/\/jovoh.com\/de\/#website"},"primaryImageOfPage":{"@id":"https:\/\/jovoh.com\/de\/produkt\/babyhandschuhe-100-merinowolle\/#primaryimage"},"image":{"@id":"https:\/\/jovoh.com\/de\/produkt\/babyhandschuhe-100-merinowolle\/#primaryimage"},"thumbnailUrl":"https:\/\/jovoh.com\/wp-content\/uploads\/2024\/10\/IMG_6914-scaled.jpg","datePublished":"2024-10-30T19:54:15+00:00","dateModified":"2025-04-01T18:25:56+00:00","description":"Babyhandschuhe aus 100% Bio-Merinowolle | Wolle reguliert die Temperatur der kleinen H\u00e4nde, damit sie an kalten Tagen sch\u00f6n warm bleiben, und trotzdem nicht schwitzen.","breadcrumb":{"@id":"https:\/\/jovoh.com\/de\/produkt\/babyhandschuhe-100-merinowolle\/#breadcrumb"},"inLanguage":"de-DE","potentialAction":[{"@type":"ReadAction","target":["https:\/\/jovoh.com\/de\/produkt\/babyhandschuhe-100-merinowolle\/"]}]},{"@type":"ImageObject","inLanguage":"de-DE","@id":"https:\/\/jovoh.com\/de\/produkt\/babyhandschuhe-100-merinowolle\/#primaryimage","url":"https:\/\/jovoh.com\/wp-content\/uploads\/2024\/10\/IMG_6914-scaled.jpg","contentUrl":"https:\/\/jovoh.com\/wp-content\/uploads\/2024\/10\/IMG_6914-scaled.jpg","width":2560,"height":2560,"caption":"Organic merino wool fleece baby gloves"},{"@type":"BreadcrumbList","@id":"https:\/\/jovoh.com\/de\/produkt\/babyhandschuhe-100-merinowolle\/#breadcrumb","itemListElement":[{"@type":"ListItem","position":1,"name":"Home","item":"https:\/\/jovoh.com\/de\/"},{"@type":"ListItem","position":2,"name":"Shop","item":"https:\/\/jovoh.com\/shop\/"},{"@type":"ListItem","position":3,"name":"Babyhandschuhe | 100% Merinowolle"}]},{"@type":"WebSite","@id":"https:\/\/jovoh.com\/de\/#website","url":"https:\/\/jovoh.com\/de\/","name":"jovoh","description":"","publisher":{"@id":"https:\/\/jovoh.com\/de\/#organization"},"potentialAction":[{"@type":"SearchAction","target":{"@type":"EntryPoint","urlTemplate":"https:\/\/jovoh.com\/de\/?s={search_term_string}"},"query-input":{"@type":"PropertyValueSpecification","valueRequired":true,"valueName":"search_term_string"}}],"inLanguage":"de-DE"},{"@type":"Organization","@id":"https:\/\/jovoh.com\/de\/#organization","name":"Jovoh Design","url":"https:\/\/jovoh.com\/de\/","logo":{"@type":"ImageObject","inLanguage":"de-DE","@id":"https:\/\/jovoh.com\/de\/#\/schema\/logo\/image\/","url":"https:\/\/jovoh.com\/wp-content\/uploads\/2024\/09\/Untitled_Artwork.png","contentUrl":"https:\/\/jovoh.com\/wp-content\/uploads\/2024\/09\/Untitled_Artwork.png","width":1420,"height":929,"caption":"Jovoh Design"},"image":{"@id":"https:\/\/jovoh.com\/de\/#\/schema\/logo\/image\/"},"sameAs":["https:\/\/www.instagram.com\/jovoh_nappy\/"]}]}},"_links":{"self":[{"href":"https:\/\/jovoh.com\/de\/wp-json\/wp\/v2\/product\/26865","targetHints":{"allow":["GET"]}}],"collection":[{"href":"https:\/\/jovoh.com\/de\/wp-json\/wp\/v2\/product"}],"about":[{"href":"https:\/\/jovoh.com\/de\/wp-json\/wp\/v2\/types\/product"}],"wp:featuredmedia":[{"embeddable":true,"href":"https:\/\/jovoh.com\/de\/wp-json\/wp\/v2\/media\/26848"}],"wp:attachment":[{"href":"https:\/\/jovoh.com\/de\/wp-json\/wp\/v2\/media?parent=26865"}],"wp:term":[{"taxonomy":"product_brand","embeddable":true,"href":"https:\/\/jovoh.com\/de\/wp-json\/wp\/v2\/product_brand?post=26865"},{"taxonomy":"product_cat","embeddable":true,"href":"https:\/\/jovoh.com\/de\/wp-json\/wp\/v2\/product_cat?post=26865"},{"taxonomy":"product_tag","embeddable":true,"href":"https:\/\/jovoh.com\/de\/wp-json\/wp\/v2\/product_tag?post=26865"}],"curies":[{"name":"wp","href":"https:\/\/api.w.org\/{rel}","templated":true}]}}