{"id":27949,"date":"2024-11-10T20:17:32","date_gmt":"2024-11-10T19:17:32","guid":{"rendered":"https:\/\/jovoh.com\/?post_type=product&#038;p=27949"},"modified":"2025-04-01T16:34:28","modified_gmt":"2025-04-01T15:34:28","slug":"buerste-100-natuerlich","status":"publish","type":"product","link":"https:\/\/jovoh.com\/de\/produkt\/buerste-100-natuerlich\/","title":{"rendered":"B\u00fcrste | 100% nat\u00fcrlich"},"content":{"rendered":"<p>Hersteller: Naturayl, 38 Rue de Chenonceaux, 37270 Saint-Martin-le-Beau, Frankreich<\/p>\n","protected":false},"excerpt":{"rendered":"<p>Die kleine B\u00fcrste ist aus Bambus und Kokosfasern hergestellt. Sie liegt gut in der Hand und eignet sich nicht nur zum Reinigen von H\u00e4nden und N\u00e4geln, sondern auch zum Entfernen von hartn\u00e4ckigen Flecken auf Wollwindeln. Nach dem Gebrauch kann sie zum Trocknen an der Schnur aufgeh\u00e4ngt werden, ohne im Restwasser zu liegen.  <\/p>\n<p>&nbsp;<\/p>\n<p><strong>Material<\/strong>: 100% Bambus (Holzgriff) und Kokosnussfasern (Borsten)<\/p>\n<p>&nbsp;<\/p>\n<p>&nbsp;<\/p>\n","protected":false},"featured_media":27939,"template":"","meta":{"kt_blocks_editor_width":""},"product_brand":[],"product_cat":[339,140],"product_tag":[],"class_list":{"0":"post-27949","1":"product","2":"type-product","3":"status-publish","4":"has-post-thumbnail","6":"product_cat-burste","7":"product_cat-pflegeprodukte","9":"first","10":"instock","11":"taxable","12":"shipping-taxable","13":"purchasable","14":"product-type-simple"},"yoast_head":"<!-- This site is optimized with the Yoast SEO plugin v27.5 - https:\/\/yoast.com\/product\/yoast-seo-wordpress\/ -->\n<title>B\u00fcrste | 100% nat\u00fcrlich -<\/title>\n<meta name=\"description\" content=\"Die B\u00fcrste ist 100% nat\u00fcrlich und besteht aus Bambus und Kokosfasern. Sie liegt gut in der Hand und ist perfekt geeignet f\u00fcr die Reinigung der H\u00e4nde und N\u00e4gel.\" \/>\n<meta name=\"robots\" content=\"index, follow, max-snippet:-1, max-image-preview:large, max-video-preview:-1\" \/>\n<link rel=\"canonical\" href=\"https:\/\/jovoh.com\/de\/produkt\/buerste-100-natuerlich\/\" \/>\n<meta property=\"og:locale\" content=\"de_DE\" \/>\n<meta property=\"og:type\" content=\"article\" \/>\n<meta property=\"og:title\" content=\"B\u00fcrste | 100% nat\u00fcrlich -\" \/>\n<meta property=\"og:description\" content=\"Die B\u00fcrste ist 100% nat\u00fcrlich und besteht aus Bambus und Kokosfasern. Sie liegt gut in der Hand und ist perfekt geeignet f\u00fcr die Reinigung der H\u00e4nde und N\u00e4gel.\" \/>\n<meta property=\"og:url\" content=\"https:\/\/jovoh.com\/de\/produkt\/buerste-100-natuerlich\/\" \/>\n<meta property=\"article:publisher\" content=\"https:\/\/www.instagram.com\/jovoh_nappy\/\" \/>\n<meta property=\"article:modified_time\" content=\"2025-04-01T15:34:28+00:00\" \/>\n<meta property=\"og:image\" content=\"https:\/\/jovoh.com\/wp-content\/uploads\/2024\/11\/IMG_7016-3.jpg\" \/>\n\t<meta property=\"og:image:width\" content=\"2018\" \/>\n\t<meta property=\"og:image:height\" content=\"2018\" \/>\n\t<meta property=\"og:image:type\" content=\"image\/jpeg\" \/>\n<meta name=\"twitter:card\" content=\"summary_large_image\" \/>\n<script type=\"application\/ld+json\" class=\"yoast-schema-graph\">{\"@context\":\"https:\\\/\\\/schema.org\",\"@graph\":[{\"@type\":\"WebPage\",\"@id\":\"https:\\\/\\\/jovoh.com\\\/de\\\/produkt\\\/buerste-100-natuerlich\\\/\",\"url\":\"https:\\\/\\\/jovoh.com\\\/de\\\/produkt\\\/buerste-100-natuerlich\\\/\",\"name\":\"B\u00fcrste | 100% nat\u00fcrlich -\",\"isPartOf\":{\"@id\":\"https:\\\/\\\/jovoh.com\\\/de\\\/#website\"},\"primaryImageOfPage\":{\"@id\":\"https:\\\/\\\/jovoh.com\\\/de\\\/produkt\\\/buerste-100-natuerlich\\\/#primaryimage\"},\"image\":{\"@id\":\"https:\\\/\\\/jovoh.com\\\/de\\\/produkt\\\/buerste-100-natuerlich\\\/#primaryimage\"},\"thumbnailUrl\":\"https:\\\/\\\/jovoh.com\\\/wp-content\\\/uploads\\\/2024\\\/11\\\/IMG_7016-3.jpg\",\"datePublished\":\"2024-11-10T19:17:32+00:00\",\"dateModified\":\"2025-04-01T15:34:28+00:00\",\"description\":\"Die B\u00fcrste ist 100% nat\u00fcrlich und besteht aus Bambus und Kokosfasern. Sie liegt gut in der Hand und ist perfekt geeignet f\u00fcr die Reinigung der H\u00e4nde und N\u00e4gel.\",\"breadcrumb\":{\"@id\":\"https:\\\/\\\/jovoh.com\\\/de\\\/produkt\\\/buerste-100-natuerlich\\\/#breadcrumb\"},\"inLanguage\":\"de-DE\",\"potentialAction\":[{\"@type\":\"ReadAction\",\"target\":[\"https:\\\/\\\/jovoh.com\\\/de\\\/produkt\\\/buerste-100-natuerlich\\\/\"]}]},{\"@type\":\"ImageObject\",\"inLanguage\":\"de-DE\",\"@id\":\"https:\\\/\\\/jovoh.com\\\/de\\\/produkt\\\/buerste-100-natuerlich\\\/#primaryimage\",\"url\":\"https:\\\/\\\/jovoh.com\\\/wp-content\\\/uploads\\\/2024\\\/11\\\/IMG_7016-3.jpg\",\"contentUrl\":\"https:\\\/\\\/jovoh.com\\\/wp-content\\\/uploads\\\/2024\\\/11\\\/IMG_7016-3.jpg\",\"width\":2018,\"height\":2018,\"caption\":\"Handbrush 100% natural bamboo and coconut fibres\"},{\"@type\":\"BreadcrumbList\",\"@id\":\"https:\\\/\\\/jovoh.com\\\/de\\\/produkt\\\/buerste-100-natuerlich\\\/#breadcrumb\",\"itemListElement\":[{\"@type\":\"ListItem\",\"position\":1,\"name\":\"Home\",\"item\":\"https:\\\/\\\/jovoh.com\\\/de\\\/\"},{\"@type\":\"ListItem\",\"position\":2,\"name\":\"Shop\",\"item\":\"https:\\\/\\\/jovoh.com\\\/shop\\\/\"},{\"@type\":\"ListItem\",\"position\":3,\"name\":\"B\u00fcrste | 100% nat\u00fcrlich\"}]},{\"@type\":\"WebSite\",\"@id\":\"https:\\\/\\\/jovoh.com\\\/de\\\/#website\",\"url\":\"https:\\\/\\\/jovoh.com\\\/de\\\/\",\"name\":\"jovoh\",\"description\":\"\",\"publisher\":{\"@id\":\"https:\\\/\\\/jovoh.com\\\/de\\\/#organization\"},\"potentialAction\":[{\"@type\":\"SearchAction\",\"target\":{\"@type\":\"EntryPoint\",\"urlTemplate\":\"https:\\\/\\\/jovoh.com\\\/de\\\/?s={search_term_string}\"},\"query-input\":{\"@type\":\"PropertyValueSpecification\",\"valueRequired\":true,\"valueName\":\"search_term_string\"}}],\"inLanguage\":\"de-DE\"},{\"@type\":\"Organization\",\"@id\":\"https:\\\/\\\/jovoh.com\\\/de\\\/#organization\",\"name\":\"Jovoh Design\",\"url\":\"https:\\\/\\\/jovoh.com\\\/de\\\/\",\"logo\":{\"@type\":\"ImageObject\",\"inLanguage\":\"de-DE\",\"@id\":\"https:\\\/\\\/jovoh.com\\\/de\\\/#\\\/schema\\\/logo\\\/image\\\/\",\"url\":\"https:\\\/\\\/jovoh.com\\\/wp-content\\\/uploads\\\/2024\\\/09\\\/Untitled_Artwork.png\",\"contentUrl\":\"https:\\\/\\\/jovoh.com\\\/wp-content\\\/uploads\\\/2024\\\/09\\\/Untitled_Artwork.png\",\"width\":1420,\"height\":929,\"caption\":\"Jovoh Design\"},\"image\":{\"@id\":\"https:\\\/\\\/jovoh.com\\\/de\\\/#\\\/schema\\\/logo\\\/image\\\/\"},\"sameAs\":[\"https:\\\/\\\/www.instagram.com\\\/jovoh_nappy\\\/\"]}]}<\/script>\n<!-- \/ Yoast SEO plugin. -->","yoast_head_json":{"title":"B\u00fcrste | 100% nat\u00fcrlich -","description":"Die B\u00fcrste ist 100% nat\u00fcrlich und besteht aus Bambus und Kokosfasern. Sie liegt gut in der Hand und ist perfekt geeignet f\u00fcr die Reinigung der H\u00e4nde und N\u00e4gel.","robots":{"index":"index","follow":"follow","max-snippet":"max-snippet:-1","max-image-preview":"max-image-preview:large","max-video-preview":"max-video-preview:-1"},"canonical":"https:\/\/jovoh.com\/de\/produkt\/buerste-100-natuerlich\/","og_locale":"de_DE","og_type":"article","og_title":"B\u00fcrste | 100% nat\u00fcrlich -","og_description":"Die B\u00fcrste ist 100% nat\u00fcrlich und besteht aus Bambus und Kokosfasern. Sie liegt gut in der Hand und ist perfekt geeignet f\u00fcr die Reinigung der H\u00e4nde und N\u00e4gel.","og_url":"https:\/\/jovoh.com\/de\/produkt\/buerste-100-natuerlich\/","article_publisher":"https:\/\/www.instagram.com\/jovoh_nappy\/","article_modified_time":"2025-04-01T15:34:28+00:00","og_image":[{"width":2018,"height":2018,"url":"https:\/\/jovoh.com\/wp-content\/uploads\/2024\/11\/IMG_7016-3.jpg","type":"image\/jpeg"}],"twitter_card":"summary_large_image","schema":{"@context":"https:\/\/schema.org","@graph":[{"@type":"WebPage","@id":"https:\/\/jovoh.com\/de\/produkt\/buerste-100-natuerlich\/","url":"https:\/\/jovoh.com\/de\/produkt\/buerste-100-natuerlich\/","name":"B\u00fcrste | 100% nat\u00fcrlich -","isPartOf":{"@id":"https:\/\/jovoh.com\/de\/#website"},"primaryImageOfPage":{"@id":"https:\/\/jovoh.com\/de\/produkt\/buerste-100-natuerlich\/#primaryimage"},"image":{"@id":"https:\/\/jovoh.com\/de\/produkt\/buerste-100-natuerlich\/#primaryimage"},"thumbnailUrl":"https:\/\/jovoh.com\/wp-content\/uploads\/2024\/11\/IMG_7016-3.jpg","datePublished":"2024-11-10T19:17:32+00:00","dateModified":"2025-04-01T15:34:28+00:00","description":"Die B\u00fcrste ist 100% nat\u00fcrlich und besteht aus Bambus und Kokosfasern. Sie liegt gut in der Hand und ist perfekt geeignet f\u00fcr die Reinigung der H\u00e4nde und N\u00e4gel.","breadcrumb":{"@id":"https:\/\/jovoh.com\/de\/produkt\/buerste-100-natuerlich\/#breadcrumb"},"inLanguage":"de-DE","potentialAction":[{"@type":"ReadAction","target":["https:\/\/jovoh.com\/de\/produkt\/buerste-100-natuerlich\/"]}]},{"@type":"ImageObject","inLanguage":"de-DE","@id":"https:\/\/jovoh.com\/de\/produkt\/buerste-100-natuerlich\/#primaryimage","url":"https:\/\/jovoh.com\/wp-content\/uploads\/2024\/11\/IMG_7016-3.jpg","contentUrl":"https:\/\/jovoh.com\/wp-content\/uploads\/2024\/11\/IMG_7016-3.jpg","width":2018,"height":2018,"caption":"Handbrush 100% natural bamboo and coconut fibres"},{"@type":"BreadcrumbList","@id":"https:\/\/jovoh.com\/de\/produkt\/buerste-100-natuerlich\/#breadcrumb","itemListElement":[{"@type":"ListItem","position":1,"name":"Home","item":"https:\/\/jovoh.com\/de\/"},{"@type":"ListItem","position":2,"name":"Shop","item":"https:\/\/jovoh.com\/shop\/"},{"@type":"ListItem","position":3,"name":"B\u00fcrste | 100% nat\u00fcrlich"}]},{"@type":"WebSite","@id":"https:\/\/jovoh.com\/de\/#website","url":"https:\/\/jovoh.com\/de\/","name":"jovoh","description":"","publisher":{"@id":"https:\/\/jovoh.com\/de\/#organization"},"potentialAction":[{"@type":"SearchAction","target":{"@type":"EntryPoint","urlTemplate":"https:\/\/jovoh.com\/de\/?s={search_term_string}"},"query-input":{"@type":"PropertyValueSpecification","valueRequired":true,"valueName":"search_term_string"}}],"inLanguage":"de-DE"},{"@type":"Organization","@id":"https:\/\/jovoh.com\/de\/#organization","name":"Jovoh Design","url":"https:\/\/jovoh.com\/de\/","logo":{"@type":"ImageObject","inLanguage":"de-DE","@id":"https:\/\/jovoh.com\/de\/#\/schema\/logo\/image\/","url":"https:\/\/jovoh.com\/wp-content\/uploads\/2024\/09\/Untitled_Artwork.png","contentUrl":"https:\/\/jovoh.com\/wp-content\/uploads\/2024\/09\/Untitled_Artwork.png","width":1420,"height":929,"caption":"Jovoh Design"},"image":{"@id":"https:\/\/jovoh.com\/de\/#\/schema\/logo\/image\/"},"sameAs":["https:\/\/www.instagram.com\/jovoh_nappy\/"]}]}},"_links":{"self":[{"href":"https:\/\/jovoh.com\/de\/wp-json\/wp\/v2\/product\/27949","targetHints":{"allow":["GET"]}}],"collection":[{"href":"https:\/\/jovoh.com\/de\/wp-json\/wp\/v2\/product"}],"about":[{"href":"https:\/\/jovoh.com\/de\/wp-json\/wp\/v2\/types\/product"}],"wp:featuredmedia":[{"embeddable":true,"href":"https:\/\/jovoh.com\/de\/wp-json\/wp\/v2\/media\/27939"}],"wp:attachment":[{"href":"https:\/\/jovoh.com\/de\/wp-json\/wp\/v2\/media?parent=27949"}],"wp:term":[{"taxonomy":"product_brand","embeddable":true,"href":"https:\/\/jovoh.com\/de\/wp-json\/wp\/v2\/product_brand?post=27949"},{"taxonomy":"product_cat","embeddable":true,"href":"https:\/\/jovoh.com\/de\/wp-json\/wp\/v2\/product_cat?post=27949"},{"taxonomy":"product_tag","embeddable":true,"href":"https:\/\/jovoh.com\/de\/wp-json\/wp\/v2\/product_tag?post=27949"}],"curies":[{"name":"wp","href":"https:\/\/api.w.org\/{rel}","templated":true}]}}