{"id":30303,"date":"2024-12-31T16:03:49","date_gmt":"2024-12-31T15:03:49","guid":{"rendered":"https:\/\/jovoh.com\/product\/spruehflasche\/"},"modified":"2025-04-05T14:31:54","modified_gmt":"2025-04-05T13:31:54","slug":"spruehflasche","status":"publish","type":"product","link":"https:\/\/jovoh.com\/de\/produkt\/spruehflasche\/","title":{"rendered":"Spr\u00fchflasche"},"content":{"rendered":"","protected":false},"excerpt":{"rendered":"<p>Die Spr\u00fchflasche ist sehr praktisch auf dem Wickeltisch, um die Fl\u00fcssigkeit f\u00fcr die Feuchtt\u00fccher zu verspr\u00fchen. Sie hat die perfekte Gr\u00f6\u00dfe, um sie in einer Hand zu halten, w\u00e4hrend du dein Baby wickelst. Das braune Glas sch\u00fctzt den Inhalt vor (Sonnen-)Licht, wodurch der Inhalt l\u00e4nger haltbar ist. Au\u00dferdem ist das Glas leicht zu reinigen und h\u00e4lt die Fl\u00fcssigkeit hygienisch sauber. Nat\u00fcrlich kannst du die Flasche auch f\u00fcr andere Dinge verwenden, zum Beispiel f\u00fcr Lotionen und \u00d6le.    <\/p>\n<p><span style=\"color: #67788c;\"><a style=\"color: #67788c;\" href=\"https:\/\/jovoh.com\/homemade-baby-wipe-solution-simple-gentle-and-effective\/\">In unserem Blog erf\u00e4hrst du, wie du die Fl\u00fcssigkeit zubereitest und die T\u00fccher aufbewahrst<\/a><\/span>.<\/p>\n<p>&nbsp;<\/p>\n<p><strong>Inhalt<\/strong>: 100 ml<br \/>\n<strong>Material<\/strong>: Glas (Flasche) und Plastik (Diffuser)<\/p>\n<p>&nbsp;<\/p>\n<p>&nbsp;<\/p>\n","protected":false},"featured_media":30125,"template":"","meta":{"kt_blocks_editor_width":""},"product_brand":[],"product_cat":[124,125],"product_tag":[],"class_list":{"0":"post-30303","1":"product","2":"type-product","3":"status-publish","4":"has-post-thumbnail","6":"product_cat-accessoires-de","7":"product_cat-feuchtuecher","9":"first","10":"instock","11":"taxable","12":"shipping-taxable","13":"purchasable","14":"product-type-simple"},"yoast_head":"<!-- This site is optimized with the Yoast SEO plugin v27.5 - https:\/\/yoast.com\/product\/yoast-seo-wordpress\/ -->\n<title>Spr\u00fchflasche -<\/title>\n<meta name=\"description\" content=\"Die Spr\u00fchflasche ist praktisch auf dem Wickeltisch, um die Fl\u00fcssigkeit f\u00fcr Feuchtt\u00fccher zu verspr\u00fchen. F\u00fcr eine gesunde und nachhaltige Kindheit.\" \/>\n<meta name=\"robots\" content=\"index, follow, max-snippet:-1, max-image-preview:large, max-video-preview:-1\" \/>\n<link rel=\"canonical\" href=\"https:\/\/jovoh.com\/de\/produkt\/spruehflasche\/\" \/>\n<meta property=\"og:locale\" content=\"de_DE\" \/>\n<meta property=\"og:type\" content=\"article\" \/>\n<meta property=\"og:title\" content=\"Spr\u00fchflasche -\" \/>\n<meta property=\"og:description\" content=\"Die Spr\u00fchflasche ist praktisch auf dem Wickeltisch, um die Fl\u00fcssigkeit f\u00fcr Feuchtt\u00fccher zu verspr\u00fchen. F\u00fcr eine gesunde und nachhaltige Kindheit.\" \/>\n<meta property=\"og:url\" content=\"https:\/\/jovoh.com\/de\/produkt\/spruehflasche\/\" \/>\n<meta property=\"article:publisher\" content=\"https:\/\/www.instagram.com\/jovoh_nappy\/\" \/>\n<meta property=\"article:modified_time\" content=\"2025-04-05T13:31:54+00:00\" \/>\n<meta property=\"og:image\" content=\"https:\/\/jovoh.com\/wp-content\/uploads\/2024\/12\/IMG_7742.jpg\" \/>\n\t<meta property=\"og:image:width\" content=\"2493\" \/>\n\t<meta property=\"og:image:height\" content=\"2493\" \/>\n\t<meta property=\"og:image:type\" content=\"image\/jpeg\" \/>\n<meta name=\"twitter:card\" content=\"summary_large_image\" \/>\n<meta name=\"twitter:label1\" content=\"Est. reading time\" \/>\n\t<meta name=\"twitter:data1\" content=\"1 minute\" \/>\n<script type=\"application\/ld+json\" class=\"yoast-schema-graph\">{\"@context\":\"https:\\\/\\\/schema.org\",\"@graph\":[{\"@type\":\"WebPage\",\"@id\":\"https:\\\/\\\/jovoh.com\\\/de\\\/produkt\\\/spruehflasche\\\/\",\"url\":\"https:\\\/\\\/jovoh.com\\\/de\\\/produkt\\\/spruehflasche\\\/\",\"name\":\"Spr\u00fchflasche -\",\"isPartOf\":{\"@id\":\"https:\\\/\\\/jovoh.com\\\/de\\\/#website\"},\"primaryImageOfPage\":{\"@id\":\"https:\\\/\\\/jovoh.com\\\/de\\\/produkt\\\/spruehflasche\\\/#primaryimage\"},\"image\":{\"@id\":\"https:\\\/\\\/jovoh.com\\\/de\\\/produkt\\\/spruehflasche\\\/#primaryimage\"},\"thumbnailUrl\":\"https:\\\/\\\/jovoh.com\\\/wp-content\\\/uploads\\\/2024\\\/12\\\/IMG_7742.jpg\",\"datePublished\":\"2024-12-31T15:03:49+00:00\",\"dateModified\":\"2025-04-05T13:31:54+00:00\",\"description\":\"Die Spr\u00fchflasche ist praktisch auf dem Wickeltisch, um die Fl\u00fcssigkeit f\u00fcr Feuchtt\u00fccher zu verspr\u00fchen. F\u00fcr eine gesunde und nachhaltige Kindheit.\",\"breadcrumb\":{\"@id\":\"https:\\\/\\\/jovoh.com\\\/de\\\/produkt\\\/spruehflasche\\\/#breadcrumb\"},\"inLanguage\":\"de-DE\",\"potentialAction\":[{\"@type\":\"ReadAction\",\"target\":[\"https:\\\/\\\/jovoh.com\\\/de\\\/produkt\\\/spruehflasche\\\/\"]}]},{\"@type\":\"ImageObject\",\"inLanguage\":\"de-DE\",\"@id\":\"https:\\\/\\\/jovoh.com\\\/de\\\/produkt\\\/spruehflasche\\\/#primaryimage\",\"url\":\"https:\\\/\\\/jovoh.com\\\/wp-content\\\/uploads\\\/2024\\\/12\\\/IMG_7742.jpg\",\"contentUrl\":\"https:\\\/\\\/jovoh.com\\\/wp-content\\\/uploads\\\/2024\\\/12\\\/IMG_7742.jpg\",\"width\":2493,\"height\":2493,\"caption\":\"Spray bottle\"},{\"@type\":\"BreadcrumbList\",\"@id\":\"https:\\\/\\\/jovoh.com\\\/de\\\/produkt\\\/spruehflasche\\\/#breadcrumb\",\"itemListElement\":[{\"@type\":\"ListItem\",\"position\":1,\"name\":\"Home\",\"item\":\"https:\\\/\\\/jovoh.com\\\/de\\\/\"},{\"@type\":\"ListItem\",\"position\":2,\"name\":\"Shop\",\"item\":\"https:\\\/\\\/jovoh.com\\\/shop\\\/\"},{\"@type\":\"ListItem\",\"position\":3,\"name\":\"Spr\u00fchflasche\"}]},{\"@type\":\"WebSite\",\"@id\":\"https:\\\/\\\/jovoh.com\\\/de\\\/#website\",\"url\":\"https:\\\/\\\/jovoh.com\\\/de\\\/\",\"name\":\"jovoh\",\"description\":\"\",\"publisher\":{\"@id\":\"https:\\\/\\\/jovoh.com\\\/de\\\/#organization\"},\"potentialAction\":[{\"@type\":\"SearchAction\",\"target\":{\"@type\":\"EntryPoint\",\"urlTemplate\":\"https:\\\/\\\/jovoh.com\\\/de\\\/?s={search_term_string}\"},\"query-input\":{\"@type\":\"PropertyValueSpecification\",\"valueRequired\":true,\"valueName\":\"search_term_string\"}}],\"inLanguage\":\"de-DE\"},{\"@type\":\"Organization\",\"@id\":\"https:\\\/\\\/jovoh.com\\\/de\\\/#organization\",\"name\":\"Jovoh Design\",\"url\":\"https:\\\/\\\/jovoh.com\\\/de\\\/\",\"logo\":{\"@type\":\"ImageObject\",\"inLanguage\":\"de-DE\",\"@id\":\"https:\\\/\\\/jovoh.com\\\/de\\\/#\\\/schema\\\/logo\\\/image\\\/\",\"url\":\"https:\\\/\\\/jovoh.com\\\/wp-content\\\/uploads\\\/2024\\\/09\\\/Untitled_Artwork.png\",\"contentUrl\":\"https:\\\/\\\/jovoh.com\\\/wp-content\\\/uploads\\\/2024\\\/09\\\/Untitled_Artwork.png\",\"width\":1420,\"height\":929,\"caption\":\"Jovoh Design\"},\"image\":{\"@id\":\"https:\\\/\\\/jovoh.com\\\/de\\\/#\\\/schema\\\/logo\\\/image\\\/\"},\"sameAs\":[\"https:\\\/\\\/www.instagram.com\\\/jovoh_nappy\\\/\"]}]}<\/script>\n<!-- \/ Yoast SEO plugin. -->","yoast_head_json":{"title":"Spr\u00fchflasche -","description":"Die Spr\u00fchflasche ist praktisch auf dem Wickeltisch, um die Fl\u00fcssigkeit f\u00fcr Feuchtt\u00fccher zu verspr\u00fchen. F\u00fcr eine gesunde und nachhaltige Kindheit.","robots":{"index":"index","follow":"follow","max-snippet":"max-snippet:-1","max-image-preview":"max-image-preview:large","max-video-preview":"max-video-preview:-1"},"canonical":"https:\/\/jovoh.com\/de\/produkt\/spruehflasche\/","og_locale":"de_DE","og_type":"article","og_title":"Spr\u00fchflasche -","og_description":"Die Spr\u00fchflasche ist praktisch auf dem Wickeltisch, um die Fl\u00fcssigkeit f\u00fcr Feuchtt\u00fccher zu verspr\u00fchen. F\u00fcr eine gesunde und nachhaltige Kindheit.","og_url":"https:\/\/jovoh.com\/de\/produkt\/spruehflasche\/","article_publisher":"https:\/\/www.instagram.com\/jovoh_nappy\/","article_modified_time":"2025-04-05T13:31:54+00:00","og_image":[{"width":2493,"height":2493,"url":"https:\/\/jovoh.com\/wp-content\/uploads\/2024\/12\/IMG_7742.jpg","type":"image\/jpeg"}],"twitter_card":"summary_large_image","twitter_misc":{"Est. reading time":"1 minute"},"schema":{"@context":"https:\/\/schema.org","@graph":[{"@type":"WebPage","@id":"https:\/\/jovoh.com\/de\/produkt\/spruehflasche\/","url":"https:\/\/jovoh.com\/de\/produkt\/spruehflasche\/","name":"Spr\u00fchflasche -","isPartOf":{"@id":"https:\/\/jovoh.com\/de\/#website"},"primaryImageOfPage":{"@id":"https:\/\/jovoh.com\/de\/produkt\/spruehflasche\/#primaryimage"},"image":{"@id":"https:\/\/jovoh.com\/de\/produkt\/spruehflasche\/#primaryimage"},"thumbnailUrl":"https:\/\/jovoh.com\/wp-content\/uploads\/2024\/12\/IMG_7742.jpg","datePublished":"2024-12-31T15:03:49+00:00","dateModified":"2025-04-05T13:31:54+00:00","description":"Die Spr\u00fchflasche ist praktisch auf dem Wickeltisch, um die Fl\u00fcssigkeit f\u00fcr Feuchtt\u00fccher zu verspr\u00fchen. F\u00fcr eine gesunde und nachhaltige Kindheit.","breadcrumb":{"@id":"https:\/\/jovoh.com\/de\/produkt\/spruehflasche\/#breadcrumb"},"inLanguage":"de-DE","potentialAction":[{"@type":"ReadAction","target":["https:\/\/jovoh.com\/de\/produkt\/spruehflasche\/"]}]},{"@type":"ImageObject","inLanguage":"de-DE","@id":"https:\/\/jovoh.com\/de\/produkt\/spruehflasche\/#primaryimage","url":"https:\/\/jovoh.com\/wp-content\/uploads\/2024\/12\/IMG_7742.jpg","contentUrl":"https:\/\/jovoh.com\/wp-content\/uploads\/2024\/12\/IMG_7742.jpg","width":2493,"height":2493,"caption":"Spray bottle"},{"@type":"BreadcrumbList","@id":"https:\/\/jovoh.com\/de\/produkt\/spruehflasche\/#breadcrumb","itemListElement":[{"@type":"ListItem","position":1,"name":"Home","item":"https:\/\/jovoh.com\/de\/"},{"@type":"ListItem","position":2,"name":"Shop","item":"https:\/\/jovoh.com\/shop\/"},{"@type":"ListItem","position":3,"name":"Spr\u00fchflasche"}]},{"@type":"WebSite","@id":"https:\/\/jovoh.com\/de\/#website","url":"https:\/\/jovoh.com\/de\/","name":"jovoh","description":"","publisher":{"@id":"https:\/\/jovoh.com\/de\/#organization"},"potentialAction":[{"@type":"SearchAction","target":{"@type":"EntryPoint","urlTemplate":"https:\/\/jovoh.com\/de\/?s={search_term_string}"},"query-input":{"@type":"PropertyValueSpecification","valueRequired":true,"valueName":"search_term_string"}}],"inLanguage":"de-DE"},{"@type":"Organization","@id":"https:\/\/jovoh.com\/de\/#organization","name":"Jovoh Design","url":"https:\/\/jovoh.com\/de\/","logo":{"@type":"ImageObject","inLanguage":"de-DE","@id":"https:\/\/jovoh.com\/de\/#\/schema\/logo\/image\/","url":"https:\/\/jovoh.com\/wp-content\/uploads\/2024\/09\/Untitled_Artwork.png","contentUrl":"https:\/\/jovoh.com\/wp-content\/uploads\/2024\/09\/Untitled_Artwork.png","width":1420,"height":929,"caption":"Jovoh Design"},"image":{"@id":"https:\/\/jovoh.com\/de\/#\/schema\/logo\/image\/"},"sameAs":["https:\/\/www.instagram.com\/jovoh_nappy\/"]}]}},"_links":{"self":[{"href":"https:\/\/jovoh.com\/de\/wp-json\/wp\/v2\/product\/30303","targetHints":{"allow":["GET"]}}],"collection":[{"href":"https:\/\/jovoh.com\/de\/wp-json\/wp\/v2\/product"}],"about":[{"href":"https:\/\/jovoh.com\/de\/wp-json\/wp\/v2\/types\/product"}],"wp:featuredmedia":[{"embeddable":true,"href":"https:\/\/jovoh.com\/de\/wp-json\/wp\/v2\/media\/30125"}],"wp:attachment":[{"href":"https:\/\/jovoh.com\/de\/wp-json\/wp\/v2\/media?parent=30303"}],"wp:term":[{"taxonomy":"product_brand","embeddable":true,"href":"https:\/\/jovoh.com\/de\/wp-json\/wp\/v2\/product_brand?post=30303"},{"taxonomy":"product_cat","embeddable":true,"href":"https:\/\/jovoh.com\/de\/wp-json\/wp\/v2\/product_cat?post=30303"},{"taxonomy":"product_tag","embeddable":true,"href":"https:\/\/jovoh.com\/de\/wp-json\/wp\/v2\/product_tag?post=30303"}],"curies":[{"name":"wp","href":"https:\/\/api.w.org\/{rel}","templated":true}]}}