{"id":30504,"date":"2025-01-02T20:14:20","date_gmt":"2025-01-02T19:14:20","guid":{"rendered":"https:\/\/jovoh.com\/product\/bio-suessmandeloel\/"},"modified":"2025-04-05T14:29:15","modified_gmt":"2025-04-05T13:29:15","slug":"bio-suessmandeloel","status":"publish","type":"product","link":"https:\/\/jovoh.com\/de\/produkt\/bio-suessmandeloel\/","title":{"rendered":"Bio-S\u00fc\u00dfmandel\u00f6l"},"content":{"rendered":"<div class=\"woocommerce-tabs wc-tabs-wrapper\">\n<div id=\"tab-description\" class=\"woocommerce-Tabs-panel woocommerce-Tabs-panel--description panel entry-content wc-tab\" role=\"tabpanel\" aria-labelledby=\"tab-title-description\">Inhaltsstoffe und weitere Informationen:<\/div>\n<\/div>\n<ul>\n<li>100% nat\u00fcrlich und zertifiziert <span style=\"color: #67788c;\"><a style=\"color: #67788c;\" href=\"https:\/\/comptoirdeshuiles.com\/blogs\/le-blog-comptoir-des-huiles\/tout-savoir-sur-nos-certifications-et-labels\" target=\"_blank\" rel=\"noopener noreferrer\"><u>biologisch<\/u><\/a><\/span><\/li>\n<li>Weichmachendes \u00d6l<\/li>\n<li>Gesicht, Haare &amp; K\u00f6rper<\/li>\n<li>Lindert Reizungen und Juckreiz<\/li>\n<li>F\u00fcr sensible Haut<\/li>\n<\/ul>\n<p>Hersteller: Comptoir des Huiles, 332 rue Lieutenant Colonel Dagnaux, 57685 AUGNY, Frankreich<\/p>\n","protected":false},"excerpt":{"rendered":"<p>S\u00fc\u00dfmandel\u00f6l ist bekannt f\u00fcr seine F\u00e4higkeit, die Haut feucht und weich zu halten. Es bildet eine Barriere auf der Haut, die den Feuchtigkeitsverlust verhindert, was es besonders f\u00fcr Babys mit trockener oder empfindlicher Haut n\u00fctzlich macht. Das \u00d6l enth\u00e4lt auch Verbindungen, die entz\u00fcndungshemmende Eigenschaften haben. Dies hilft, gereizte Haut und Erkrankungen wie Ekzeme zu lindern. Es kann bei der Behandlung von Windelausschlag oder anderen leichten Hauterkrankungen hilfreich sein. Dar\u00fcber hinaus ist Vitamin E, ein Hauptbestandteil von Mandel\u00f6l, f\u00fcr seine wundheilenden Eigenschaften und seine F\u00e4higkeit, Narbenbildung zu minimieren, bekannt. Dieses \u00d6l f\u00f6rdert auch den Glanz und die Geschmeidigkeit des Haares.      <\/p>\n<p>&nbsp;<\/p>\n<p>Das Bio-\u00d6l kann f\u00fcr Gesicht, Haare, und K\u00f6rper verwendet werden und ist eine tolle Zutat f\u00fcr deine selbstgemachten Babyt\u00fccher. <a style=\"color: #67788c;\" href=\"https:\/\/jovoh.com\/homemade-baby-wipe-solution-simple-gentle-and-effective\/\"><span style=\"color: #67788c;\">In diesem Blog erkl\u00e4ren wir, wie man die Fl\u00fcssigkeit herstellt<\/span><\/a> und wie man die T\u00fccher aufbewahrt und verwendet.<\/p>\n<p>&nbsp;<\/p>\n<p><strong>Inhalt<\/strong>: 50 ml<br \/>\n<strong>\u00d6l<\/strong>: Bio-S\u00fc\u00dfmandel<\/p>\n<p>&nbsp;<\/p>\n<p>&nbsp;<\/p>\n","protected":false},"featured_media":30425,"template":"","meta":{"kt_blocks_editor_width":""},"product_brand":[],"product_cat":[125],"product_tag":[],"class_list":{"0":"post-30504","1":"product","2":"type-product","3":"status-publish","4":"has-post-thumbnail","6":"product_cat-feuchtuecher","8":"first","9":"instock","10":"taxable","11":"shipping-taxable","12":"purchasable","13":"product-type-simple"},"yoast_head":"<!-- This site is optimized with the Yoast SEO plugin v27.5 - https:\/\/yoast.com\/product\/yoast-seo-wordpress\/ -->\n<title>Bio-S\u00fc\u00dfmandel\u00f6l -<\/title>\n<meta name=\"description\" content=\"S\u00fc\u00dfmandel\u00f6l tr\u00e4gt dazu bei, die Haut feucht und weich zu halten, was es zu einer idealen Zutat f\u00fcr deine selbstgemachten Baby-Feuchtt\u00fccher macht.\" \/>\n<meta name=\"robots\" content=\"index, follow, max-snippet:-1, max-image-preview:large, max-video-preview:-1\" \/>\n<link rel=\"canonical\" href=\"https:\/\/jovoh.com\/de\/produkt\/bio-suessmandeloel\/\" \/>\n<meta property=\"og:locale\" content=\"de_DE\" \/>\n<meta property=\"og:type\" content=\"article\" \/>\n<meta property=\"og:title\" content=\"Bio-S\u00fc\u00dfmandel\u00f6l -\" \/>\n<meta property=\"og:description\" content=\"S\u00fc\u00dfmandel\u00f6l tr\u00e4gt dazu bei, die Haut feucht und weich zu halten, was es zu einer idealen Zutat f\u00fcr deine selbstgemachten Baby-Feuchtt\u00fccher macht.\" \/>\n<meta property=\"og:url\" content=\"https:\/\/jovoh.com\/de\/produkt\/bio-suessmandeloel\/\" \/>\n<meta property=\"article:publisher\" content=\"https:\/\/www.instagram.com\/jovoh_nappy\/\" \/>\n<meta property=\"article:modified_time\" content=\"2025-04-05T13:29:15+00:00\" \/>\n<meta property=\"og:image\" content=\"https:\/\/jovoh.com\/wp-content\/uploads\/2025\/01\/IMG_7779.jpg\" \/>\n\t<meta property=\"og:image:width\" content=\"2030\" \/>\n\t<meta property=\"og:image:height\" content=\"2030\" \/>\n\t<meta property=\"og:image:type\" content=\"image\/jpeg\" \/>\n<meta name=\"twitter:card\" content=\"summary_large_image\" \/>\n<script type=\"application\/ld+json\" class=\"yoast-schema-graph\">{\"@context\":\"https:\\\/\\\/schema.org\",\"@graph\":[{\"@type\":\"WebPage\",\"@id\":\"https:\\\/\\\/jovoh.com\\\/de\\\/produkt\\\/bio-suessmandeloel\\\/\",\"url\":\"https:\\\/\\\/jovoh.com\\\/de\\\/produkt\\\/bio-suessmandeloel\\\/\",\"name\":\"Bio-S\u00fc\u00dfmandel\u00f6l -\",\"isPartOf\":{\"@id\":\"https:\\\/\\\/jovoh.com\\\/de\\\/#website\"},\"primaryImageOfPage\":{\"@id\":\"https:\\\/\\\/jovoh.com\\\/de\\\/produkt\\\/bio-suessmandeloel\\\/#primaryimage\"},\"image\":{\"@id\":\"https:\\\/\\\/jovoh.com\\\/de\\\/produkt\\\/bio-suessmandeloel\\\/#primaryimage\"},\"thumbnailUrl\":\"https:\\\/\\\/jovoh.com\\\/wp-content\\\/uploads\\\/2025\\\/01\\\/IMG_7779.jpg\",\"datePublished\":\"2025-01-02T19:14:20+00:00\",\"dateModified\":\"2025-04-05T13:29:15+00:00\",\"description\":\"S\u00fc\u00dfmandel\u00f6l tr\u00e4gt dazu bei, die Haut feucht und weich zu halten, was es zu einer idealen Zutat f\u00fcr deine selbstgemachten Baby-Feuchtt\u00fccher macht.\",\"breadcrumb\":{\"@id\":\"https:\\\/\\\/jovoh.com\\\/de\\\/produkt\\\/bio-suessmandeloel\\\/#breadcrumb\"},\"inLanguage\":\"de-DE\",\"potentialAction\":[{\"@type\":\"ReadAction\",\"target\":[\"https:\\\/\\\/jovoh.com\\\/de\\\/produkt\\\/bio-suessmandeloel\\\/\"]}]},{\"@type\":\"ImageObject\",\"inLanguage\":\"de-DE\",\"@id\":\"https:\\\/\\\/jovoh.com\\\/de\\\/produkt\\\/bio-suessmandeloel\\\/#primaryimage\",\"url\":\"https:\\\/\\\/jovoh.com\\\/wp-content\\\/uploads\\\/2025\\\/01\\\/IMG_7779.jpg\",\"contentUrl\":\"https:\\\/\\\/jovoh.com\\\/wp-content\\\/uploads\\\/2025\\\/01\\\/IMG_7779.jpg\",\"width\":2030,\"height\":2030,\"caption\":\"Amandel oil\"},{\"@type\":\"BreadcrumbList\",\"@id\":\"https:\\\/\\\/jovoh.com\\\/de\\\/produkt\\\/bio-suessmandeloel\\\/#breadcrumb\",\"itemListElement\":[{\"@type\":\"ListItem\",\"position\":1,\"name\":\"Home\",\"item\":\"https:\\\/\\\/jovoh.com\\\/de\\\/\"},{\"@type\":\"ListItem\",\"position\":2,\"name\":\"Shop\",\"item\":\"https:\\\/\\\/jovoh.com\\\/shop\\\/\"},{\"@type\":\"ListItem\",\"position\":3,\"name\":\"Bio-S\u00fc\u00dfmandel\u00f6l\"}]},{\"@type\":\"WebSite\",\"@id\":\"https:\\\/\\\/jovoh.com\\\/de\\\/#website\",\"url\":\"https:\\\/\\\/jovoh.com\\\/de\\\/\",\"name\":\"jovoh\",\"description\":\"\",\"publisher\":{\"@id\":\"https:\\\/\\\/jovoh.com\\\/de\\\/#organization\"},\"potentialAction\":[{\"@type\":\"SearchAction\",\"target\":{\"@type\":\"EntryPoint\",\"urlTemplate\":\"https:\\\/\\\/jovoh.com\\\/de\\\/?s={search_term_string}\"},\"query-input\":{\"@type\":\"PropertyValueSpecification\",\"valueRequired\":true,\"valueName\":\"search_term_string\"}}],\"inLanguage\":\"de-DE\"},{\"@type\":\"Organization\",\"@id\":\"https:\\\/\\\/jovoh.com\\\/de\\\/#organization\",\"name\":\"Jovoh Design\",\"url\":\"https:\\\/\\\/jovoh.com\\\/de\\\/\",\"logo\":{\"@type\":\"ImageObject\",\"inLanguage\":\"de-DE\",\"@id\":\"https:\\\/\\\/jovoh.com\\\/de\\\/#\\\/schema\\\/logo\\\/image\\\/\",\"url\":\"https:\\\/\\\/jovoh.com\\\/wp-content\\\/uploads\\\/2024\\\/09\\\/Untitled_Artwork.png\",\"contentUrl\":\"https:\\\/\\\/jovoh.com\\\/wp-content\\\/uploads\\\/2024\\\/09\\\/Untitled_Artwork.png\",\"width\":1420,\"height\":929,\"caption\":\"Jovoh Design\"},\"image\":{\"@id\":\"https:\\\/\\\/jovoh.com\\\/de\\\/#\\\/schema\\\/logo\\\/image\\\/\"},\"sameAs\":[\"https:\\\/\\\/www.instagram.com\\\/jovoh_nappy\\\/\"]}]}<\/script>\n<!-- \/ Yoast SEO plugin. -->","yoast_head_json":{"title":"Bio-S\u00fc\u00dfmandel\u00f6l -","description":"S\u00fc\u00dfmandel\u00f6l tr\u00e4gt dazu bei, die Haut feucht und weich zu halten, was es zu einer idealen Zutat f\u00fcr deine selbstgemachten Baby-Feuchtt\u00fccher macht.","robots":{"index":"index","follow":"follow","max-snippet":"max-snippet:-1","max-image-preview":"max-image-preview:large","max-video-preview":"max-video-preview:-1"},"canonical":"https:\/\/jovoh.com\/de\/produkt\/bio-suessmandeloel\/","og_locale":"de_DE","og_type":"article","og_title":"Bio-S\u00fc\u00dfmandel\u00f6l -","og_description":"S\u00fc\u00dfmandel\u00f6l tr\u00e4gt dazu bei, die Haut feucht und weich zu halten, was es zu einer idealen Zutat f\u00fcr deine selbstgemachten Baby-Feuchtt\u00fccher macht.","og_url":"https:\/\/jovoh.com\/de\/produkt\/bio-suessmandeloel\/","article_publisher":"https:\/\/www.instagram.com\/jovoh_nappy\/","article_modified_time":"2025-04-05T13:29:15+00:00","og_image":[{"width":2030,"height":2030,"url":"https:\/\/jovoh.com\/wp-content\/uploads\/2025\/01\/IMG_7779.jpg","type":"image\/jpeg"}],"twitter_card":"summary_large_image","schema":{"@context":"https:\/\/schema.org","@graph":[{"@type":"WebPage","@id":"https:\/\/jovoh.com\/de\/produkt\/bio-suessmandeloel\/","url":"https:\/\/jovoh.com\/de\/produkt\/bio-suessmandeloel\/","name":"Bio-S\u00fc\u00dfmandel\u00f6l -","isPartOf":{"@id":"https:\/\/jovoh.com\/de\/#website"},"primaryImageOfPage":{"@id":"https:\/\/jovoh.com\/de\/produkt\/bio-suessmandeloel\/#primaryimage"},"image":{"@id":"https:\/\/jovoh.com\/de\/produkt\/bio-suessmandeloel\/#primaryimage"},"thumbnailUrl":"https:\/\/jovoh.com\/wp-content\/uploads\/2025\/01\/IMG_7779.jpg","datePublished":"2025-01-02T19:14:20+00:00","dateModified":"2025-04-05T13:29:15+00:00","description":"S\u00fc\u00dfmandel\u00f6l tr\u00e4gt dazu bei, die Haut feucht und weich zu halten, was es zu einer idealen Zutat f\u00fcr deine selbstgemachten Baby-Feuchtt\u00fccher macht.","breadcrumb":{"@id":"https:\/\/jovoh.com\/de\/produkt\/bio-suessmandeloel\/#breadcrumb"},"inLanguage":"de-DE","potentialAction":[{"@type":"ReadAction","target":["https:\/\/jovoh.com\/de\/produkt\/bio-suessmandeloel\/"]}]},{"@type":"ImageObject","inLanguage":"de-DE","@id":"https:\/\/jovoh.com\/de\/produkt\/bio-suessmandeloel\/#primaryimage","url":"https:\/\/jovoh.com\/wp-content\/uploads\/2025\/01\/IMG_7779.jpg","contentUrl":"https:\/\/jovoh.com\/wp-content\/uploads\/2025\/01\/IMG_7779.jpg","width":2030,"height":2030,"caption":"Amandel oil"},{"@type":"BreadcrumbList","@id":"https:\/\/jovoh.com\/de\/produkt\/bio-suessmandeloel\/#breadcrumb","itemListElement":[{"@type":"ListItem","position":1,"name":"Home","item":"https:\/\/jovoh.com\/de\/"},{"@type":"ListItem","position":2,"name":"Shop","item":"https:\/\/jovoh.com\/shop\/"},{"@type":"ListItem","position":3,"name":"Bio-S\u00fc\u00dfmandel\u00f6l"}]},{"@type":"WebSite","@id":"https:\/\/jovoh.com\/de\/#website","url":"https:\/\/jovoh.com\/de\/","name":"jovoh","description":"","publisher":{"@id":"https:\/\/jovoh.com\/de\/#organization"},"potentialAction":[{"@type":"SearchAction","target":{"@type":"EntryPoint","urlTemplate":"https:\/\/jovoh.com\/de\/?s={search_term_string}"},"query-input":{"@type":"PropertyValueSpecification","valueRequired":true,"valueName":"search_term_string"}}],"inLanguage":"de-DE"},{"@type":"Organization","@id":"https:\/\/jovoh.com\/de\/#organization","name":"Jovoh Design","url":"https:\/\/jovoh.com\/de\/","logo":{"@type":"ImageObject","inLanguage":"de-DE","@id":"https:\/\/jovoh.com\/de\/#\/schema\/logo\/image\/","url":"https:\/\/jovoh.com\/wp-content\/uploads\/2024\/09\/Untitled_Artwork.png","contentUrl":"https:\/\/jovoh.com\/wp-content\/uploads\/2024\/09\/Untitled_Artwork.png","width":1420,"height":929,"caption":"Jovoh Design"},"image":{"@id":"https:\/\/jovoh.com\/de\/#\/schema\/logo\/image\/"},"sameAs":["https:\/\/www.instagram.com\/jovoh_nappy\/"]}]}},"_links":{"self":[{"href":"https:\/\/jovoh.com\/de\/wp-json\/wp\/v2\/product\/30504","targetHints":{"allow":["GET"]}}],"collection":[{"href":"https:\/\/jovoh.com\/de\/wp-json\/wp\/v2\/product"}],"about":[{"href":"https:\/\/jovoh.com\/de\/wp-json\/wp\/v2\/types\/product"}],"wp:featuredmedia":[{"embeddable":true,"href":"https:\/\/jovoh.com\/de\/wp-json\/wp\/v2\/media\/30425"}],"wp:attachment":[{"href":"https:\/\/jovoh.com\/de\/wp-json\/wp\/v2\/media?parent=30504"}],"wp:term":[{"taxonomy":"product_brand","embeddable":true,"href":"https:\/\/jovoh.com\/de\/wp-json\/wp\/v2\/product_brand?post=30504"},{"taxonomy":"product_cat","embeddable":true,"href":"https:\/\/jovoh.com\/de\/wp-json\/wp\/v2\/product_cat?post=30504"},{"taxonomy":"product_tag","embeddable":true,"href":"https:\/\/jovoh.com\/de\/wp-json\/wp\/v2\/product_tag?post=30504"}],"curies":[{"name":"wp","href":"https:\/\/api.w.org\/{rel}","templated":true}]}}