{"id":30508,"date":"2025-01-02T20:14:54","date_gmt":"2025-01-02T19:14:54","guid":{"rendered":"https:\/\/jovoh.com\/product\/bio-arganoel\/"},"modified":"2025-01-02T21:07:25","modified_gmt":"2025-01-02T20:07:25","slug":"bio-arganoel","status":"publish","type":"product","link":"https:\/\/jovoh.com\/de\/produkt\/bio-arganoel\/","title":{"rendered":"Bio-Argan\u00f6l"},"content":{"rendered":"<div class=\"woocommerce-tabs wc-tabs-wrapper\">\n<div id=\"tab-description\" class=\"woocommerce-Tabs-panel woocommerce-Tabs-panel--description panel entry-content wc-tab\" role=\"tabpanel\" aria-labelledby=\"tab-title-description\">Inhaltsstoffe und weitere Informationen:<\/div>\n<\/div>\n<ul>\n<li>100% nat\u00fcrlich und zertifiziert <span style=\"color: #67788c;\"><a style=\"color: #67788c;\" href=\"https:\/\/comptoirdeshuiles.com\/blogs\/le-blog-comptoir-des-huiles\/tout-savoir-sur-nos-certifications-et-labels\" target=\"_blank\" rel=\"noopener noreferrer\"><u>biologisch<\/u><\/a><\/span><\/li>\n<li>St\u00e4rkendes \u00d6l<\/li>\n<li>Gesicht, Haare &amp; K\u00f6rper<\/li>\n<li>Extra nahrhaft f\u00fcr trockene Haut<\/li>\n<\/ul>\n<p>Hersteller: Comptoir des Huiles, 332 rue Lieutenant Colonel Dagnaux, 57685 AUGNY, Frankreich<\/p>\n","protected":false},"excerpt":{"rendered":"<p>Argan\u00f6l, das aus dem Argania spinosa-Baum in Marokko gewonnen wird, ist aufgrund seiner sanften, n\u00e4hrenden und hypoallergenen Eigenschaften ideal f\u00fcr die Pflege von Babyhaut. Es ist reich an essenziellen Fetts\u00e4uren und Vitamin E, spendet Feuchtigkeit und bewahrt sie, ohne zu fetten, und beugt so Trockenheit und Unbehagen vor. Seine Antioxidantien sch\u00fctzen au\u00dferdem vor Umweltbelastungen und helfen bei der Heilung kleinerer Hautprobleme wie Windelausschlag.  <\/p>\n<p>&nbsp;<\/p>\n<p>Das Bio-\u00d6l kann f\u00fcr Gesicht, Haare, und K\u00f6rper verwendet werden und ist eine tolle Zutat f\u00fcr deine selbstgemachten Babyt\u00fccher. <a style=\"color: #67788c;\" href=\"https:\/\/jovoh.com\/homemade-baby-wipe-solution-simple-gentle-and-effective\/\"><span style=\"color: #67788c;\">In diesem Blog erkl\u00e4ren wir, wie man die Fl\u00fcssigkeit herstellt<\/span><\/a> und wie man die T\u00fccher aufbewahrt und verwendet.<\/p>\n<p>&nbsp;<\/p>\n<p><strong>Inhalt<\/strong>: 50 ml <strong>\u00d6l<\/strong>: Biologisches Argan\u00f6l<\/p>\n<p>&nbsp;<\/p>\n<p>&nbsp;<\/p>\n","protected":false},"featured_media":30428,"template":"","meta":{"kt_blocks_editor_width":""},"product_brand":[],"product_cat":[125],"product_tag":[],"class_list":{"0":"post-30508","1":"product","2":"type-product","3":"status-publish","4":"has-post-thumbnail","6":"product_cat-feuchtuecher","8":"first","9":"instock","10":"taxable","11":"shipping-taxable","12":"purchasable","13":"product-type-simple"},"yoast_head":"<!-- This site is optimized with the Yoast SEO plugin v27.5 - https:\/\/yoast.com\/product\/yoast-seo-wordpress\/ -->\n<title>Bio-Argan\u00f6l -<\/title>\n<meta name=\"description\" content=\"Argan\u00f6l hilft, die Haut mit Feuchtigkeit zu versorgen und sie weich zu halten. Die macht es zu einer idealen Zutat f\u00fcr deine selbstgemachte Feuchtt\u00fccher macht.\" \/>\n<meta name=\"robots\" content=\"index, follow, max-snippet:-1, max-image-preview:large, max-video-preview:-1\" \/>\n<link rel=\"canonical\" href=\"https:\/\/jovoh.com\/de\/produkt\/bio-arganoel\/\" \/>\n<meta property=\"og:locale\" content=\"de_DE\" \/>\n<meta property=\"og:type\" content=\"article\" \/>\n<meta property=\"og:title\" content=\"Bio-Argan\u00f6l -\" \/>\n<meta property=\"og:description\" content=\"Argan\u00f6l hilft, die Haut mit Feuchtigkeit zu versorgen und sie weich zu halten. Die macht es zu einer idealen Zutat f\u00fcr deine selbstgemachte Feuchtt\u00fccher macht.\" \/>\n<meta property=\"og:url\" content=\"https:\/\/jovoh.com\/de\/produkt\/bio-arganoel\/\" \/>\n<meta property=\"article:publisher\" content=\"https:\/\/www.instagram.com\/jovoh_nappy\/\" \/>\n<meta property=\"article:modified_time\" content=\"2025-01-02T20:07:25+00:00\" \/>\n<meta property=\"og:image\" content=\"https:\/\/jovoh.com\/wp-content\/uploads\/2025\/01\/IMG_7780.jpg\" \/>\n\t<meta property=\"og:image:width\" content=\"2022\" \/>\n\t<meta property=\"og:image:height\" content=\"2022\" \/>\n\t<meta property=\"og:image:type\" content=\"image\/jpeg\" \/>\n<meta name=\"twitter:card\" content=\"summary_large_image\" \/>\n<script type=\"application\/ld+json\" class=\"yoast-schema-graph\">{\"@context\":\"https:\\\/\\\/schema.org\",\"@graph\":[{\"@type\":\"WebPage\",\"@id\":\"https:\\\/\\\/jovoh.com\\\/de\\\/produkt\\\/bio-arganoel\\\/\",\"url\":\"https:\\\/\\\/jovoh.com\\\/de\\\/produkt\\\/bio-arganoel\\\/\",\"name\":\"Bio-Argan\u00f6l -\",\"isPartOf\":{\"@id\":\"https:\\\/\\\/jovoh.com\\\/de\\\/#website\"},\"primaryImageOfPage\":{\"@id\":\"https:\\\/\\\/jovoh.com\\\/de\\\/produkt\\\/bio-arganoel\\\/#primaryimage\"},\"image\":{\"@id\":\"https:\\\/\\\/jovoh.com\\\/de\\\/produkt\\\/bio-arganoel\\\/#primaryimage\"},\"thumbnailUrl\":\"https:\\\/\\\/jovoh.com\\\/wp-content\\\/uploads\\\/2025\\\/01\\\/IMG_7780.jpg\",\"datePublished\":\"2025-01-02T19:14:54+00:00\",\"dateModified\":\"2025-01-02T20:07:25+00:00\",\"description\":\"Argan\u00f6l hilft, die Haut mit Feuchtigkeit zu versorgen und sie weich zu halten. Die macht es zu einer idealen Zutat f\u00fcr deine selbstgemachte Feuchtt\u00fccher macht.\",\"breadcrumb\":{\"@id\":\"https:\\\/\\\/jovoh.com\\\/de\\\/produkt\\\/bio-arganoel\\\/#breadcrumb\"},\"inLanguage\":\"de-DE\",\"potentialAction\":[{\"@type\":\"ReadAction\",\"target\":[\"https:\\\/\\\/jovoh.com\\\/de\\\/produkt\\\/bio-arganoel\\\/\"]}]},{\"@type\":\"ImageObject\",\"inLanguage\":\"de-DE\",\"@id\":\"https:\\\/\\\/jovoh.com\\\/de\\\/produkt\\\/bio-arganoel\\\/#primaryimage\",\"url\":\"https:\\\/\\\/jovoh.com\\\/wp-content\\\/uploads\\\/2025\\\/01\\\/IMG_7780.jpg\",\"contentUrl\":\"https:\\\/\\\/jovoh.com\\\/wp-content\\\/uploads\\\/2025\\\/01\\\/IMG_7780.jpg\",\"width\":2022,\"height\":2022,\"caption\":\"Argan Oil\"},{\"@type\":\"BreadcrumbList\",\"@id\":\"https:\\\/\\\/jovoh.com\\\/de\\\/produkt\\\/bio-arganoel\\\/#breadcrumb\",\"itemListElement\":[{\"@type\":\"ListItem\",\"position\":1,\"name\":\"Home\",\"item\":\"https:\\\/\\\/jovoh.com\\\/de\\\/\"},{\"@type\":\"ListItem\",\"position\":2,\"name\":\"Shop\",\"item\":\"https:\\\/\\\/jovoh.com\\\/shop\\\/\"},{\"@type\":\"ListItem\",\"position\":3,\"name\":\"Bio-Argan\u00f6l\"}]},{\"@type\":\"WebSite\",\"@id\":\"https:\\\/\\\/jovoh.com\\\/de\\\/#website\",\"url\":\"https:\\\/\\\/jovoh.com\\\/de\\\/\",\"name\":\"jovoh\",\"description\":\"\",\"publisher\":{\"@id\":\"https:\\\/\\\/jovoh.com\\\/de\\\/#organization\"},\"potentialAction\":[{\"@type\":\"SearchAction\",\"target\":{\"@type\":\"EntryPoint\",\"urlTemplate\":\"https:\\\/\\\/jovoh.com\\\/de\\\/?s={search_term_string}\"},\"query-input\":{\"@type\":\"PropertyValueSpecification\",\"valueRequired\":true,\"valueName\":\"search_term_string\"}}],\"inLanguage\":\"de-DE\"},{\"@type\":\"Organization\",\"@id\":\"https:\\\/\\\/jovoh.com\\\/de\\\/#organization\",\"name\":\"Jovoh Design\",\"url\":\"https:\\\/\\\/jovoh.com\\\/de\\\/\",\"logo\":{\"@type\":\"ImageObject\",\"inLanguage\":\"de-DE\",\"@id\":\"https:\\\/\\\/jovoh.com\\\/de\\\/#\\\/schema\\\/logo\\\/image\\\/\",\"url\":\"https:\\\/\\\/jovoh.com\\\/wp-content\\\/uploads\\\/2024\\\/09\\\/Untitled_Artwork.png\",\"contentUrl\":\"https:\\\/\\\/jovoh.com\\\/wp-content\\\/uploads\\\/2024\\\/09\\\/Untitled_Artwork.png\",\"width\":1420,\"height\":929,\"caption\":\"Jovoh Design\"},\"image\":{\"@id\":\"https:\\\/\\\/jovoh.com\\\/de\\\/#\\\/schema\\\/logo\\\/image\\\/\"},\"sameAs\":[\"https:\\\/\\\/www.instagram.com\\\/jovoh_nappy\\\/\"]}]}<\/script>\n<!-- \/ Yoast SEO plugin. -->","yoast_head_json":{"title":"Bio-Argan\u00f6l -","description":"Argan\u00f6l hilft, die Haut mit Feuchtigkeit zu versorgen und sie weich zu halten. Die macht es zu einer idealen Zutat f\u00fcr deine selbstgemachte Feuchtt\u00fccher macht.","robots":{"index":"index","follow":"follow","max-snippet":"max-snippet:-1","max-image-preview":"max-image-preview:large","max-video-preview":"max-video-preview:-1"},"canonical":"https:\/\/jovoh.com\/de\/produkt\/bio-arganoel\/","og_locale":"de_DE","og_type":"article","og_title":"Bio-Argan\u00f6l -","og_description":"Argan\u00f6l hilft, die Haut mit Feuchtigkeit zu versorgen und sie weich zu halten. Die macht es zu einer idealen Zutat f\u00fcr deine selbstgemachte Feuchtt\u00fccher macht.","og_url":"https:\/\/jovoh.com\/de\/produkt\/bio-arganoel\/","article_publisher":"https:\/\/www.instagram.com\/jovoh_nappy\/","article_modified_time":"2025-01-02T20:07:25+00:00","og_image":[{"width":2022,"height":2022,"url":"https:\/\/jovoh.com\/wp-content\/uploads\/2025\/01\/IMG_7780.jpg","type":"image\/jpeg"}],"twitter_card":"summary_large_image","schema":{"@context":"https:\/\/schema.org","@graph":[{"@type":"WebPage","@id":"https:\/\/jovoh.com\/de\/produkt\/bio-arganoel\/","url":"https:\/\/jovoh.com\/de\/produkt\/bio-arganoel\/","name":"Bio-Argan\u00f6l -","isPartOf":{"@id":"https:\/\/jovoh.com\/de\/#website"},"primaryImageOfPage":{"@id":"https:\/\/jovoh.com\/de\/produkt\/bio-arganoel\/#primaryimage"},"image":{"@id":"https:\/\/jovoh.com\/de\/produkt\/bio-arganoel\/#primaryimage"},"thumbnailUrl":"https:\/\/jovoh.com\/wp-content\/uploads\/2025\/01\/IMG_7780.jpg","datePublished":"2025-01-02T19:14:54+00:00","dateModified":"2025-01-02T20:07:25+00:00","description":"Argan\u00f6l hilft, die Haut mit Feuchtigkeit zu versorgen und sie weich zu halten. Die macht es zu einer idealen Zutat f\u00fcr deine selbstgemachte Feuchtt\u00fccher macht.","breadcrumb":{"@id":"https:\/\/jovoh.com\/de\/produkt\/bio-arganoel\/#breadcrumb"},"inLanguage":"de-DE","potentialAction":[{"@type":"ReadAction","target":["https:\/\/jovoh.com\/de\/produkt\/bio-arganoel\/"]}]},{"@type":"ImageObject","inLanguage":"de-DE","@id":"https:\/\/jovoh.com\/de\/produkt\/bio-arganoel\/#primaryimage","url":"https:\/\/jovoh.com\/wp-content\/uploads\/2025\/01\/IMG_7780.jpg","contentUrl":"https:\/\/jovoh.com\/wp-content\/uploads\/2025\/01\/IMG_7780.jpg","width":2022,"height":2022,"caption":"Argan Oil"},{"@type":"BreadcrumbList","@id":"https:\/\/jovoh.com\/de\/produkt\/bio-arganoel\/#breadcrumb","itemListElement":[{"@type":"ListItem","position":1,"name":"Home","item":"https:\/\/jovoh.com\/de\/"},{"@type":"ListItem","position":2,"name":"Shop","item":"https:\/\/jovoh.com\/shop\/"},{"@type":"ListItem","position":3,"name":"Bio-Argan\u00f6l"}]},{"@type":"WebSite","@id":"https:\/\/jovoh.com\/de\/#website","url":"https:\/\/jovoh.com\/de\/","name":"jovoh","description":"","publisher":{"@id":"https:\/\/jovoh.com\/de\/#organization"},"potentialAction":[{"@type":"SearchAction","target":{"@type":"EntryPoint","urlTemplate":"https:\/\/jovoh.com\/de\/?s={search_term_string}"},"query-input":{"@type":"PropertyValueSpecification","valueRequired":true,"valueName":"search_term_string"}}],"inLanguage":"de-DE"},{"@type":"Organization","@id":"https:\/\/jovoh.com\/de\/#organization","name":"Jovoh Design","url":"https:\/\/jovoh.com\/de\/","logo":{"@type":"ImageObject","inLanguage":"de-DE","@id":"https:\/\/jovoh.com\/de\/#\/schema\/logo\/image\/","url":"https:\/\/jovoh.com\/wp-content\/uploads\/2024\/09\/Untitled_Artwork.png","contentUrl":"https:\/\/jovoh.com\/wp-content\/uploads\/2024\/09\/Untitled_Artwork.png","width":1420,"height":929,"caption":"Jovoh Design"},"image":{"@id":"https:\/\/jovoh.com\/de\/#\/schema\/logo\/image\/"},"sameAs":["https:\/\/www.instagram.com\/jovoh_nappy\/"]}]}},"_links":{"self":[{"href":"https:\/\/jovoh.com\/de\/wp-json\/wp\/v2\/product\/30508","targetHints":{"allow":["GET"]}}],"collection":[{"href":"https:\/\/jovoh.com\/de\/wp-json\/wp\/v2\/product"}],"about":[{"href":"https:\/\/jovoh.com\/de\/wp-json\/wp\/v2\/types\/product"}],"wp:featuredmedia":[{"embeddable":true,"href":"https:\/\/jovoh.com\/de\/wp-json\/wp\/v2\/media\/30428"}],"wp:attachment":[{"href":"https:\/\/jovoh.com\/de\/wp-json\/wp\/v2\/media?parent=30508"}],"wp:term":[{"taxonomy":"product_brand","embeddable":true,"href":"https:\/\/jovoh.com\/de\/wp-json\/wp\/v2\/product_brand?post=30508"},{"taxonomy":"product_cat","embeddable":true,"href":"https:\/\/jovoh.com\/de\/wp-json\/wp\/v2\/product_cat?post=30508"},{"taxonomy":"product_tag","embeddable":true,"href":"https:\/\/jovoh.com\/de\/wp-json\/wp\/v2\/product_tag?post=30508"}],"curies":[{"name":"wp","href":"https:\/\/api.w.org\/{rel}","templated":true}]}}