{"id":30515,"date":"2025-01-02T20:35:45","date_gmt":"2025-01-02T19:35:45","guid":{"rendered":"https:\/\/jovoh.com\/product\/bio-kokosnussoel\/"},"modified":"2025-04-05T14:23:05","modified_gmt":"2025-04-05T13:23:05","slug":"bio-kokosnussoel","status":"publish","type":"product","link":"https:\/\/jovoh.com\/de\/produkt\/bio-kokosnussoel\/","title":{"rendered":"Bio-Kokosnuss\u00f6l"},"content":{"rendered":"<div class=\"woocommerce-tabs wc-tabs-wrapper\">\n<div id=\"tab-description\" class=\"woocommerce-Tabs-panel woocommerce-Tabs-panel--description panel entry-content wc-tab\" role=\"tabpanel\" aria-labelledby=\"tab-title-description\">Inhaltsstoffe und weitere Informationen:<\/div>\n<\/div>\n<ul>\n<li>100% nat\u00fcrlich und zertifiziert <span style=\"color: #67788c;\"><a style=\"color: #67788c;\" href=\"https:\/\/comptoirdeshuiles.com\/blogs\/le-blog-comptoir-des-huiles\/tout-savoir-sur-nos-certifications-et-labels\" target=\"_blank\" rel=\"noopener noreferrer\"><u>biologisch<\/u><\/a><\/span><\/li>\n<li>Pflegendes \u00d6l<\/li>\n<li>Trockene Haare und Haut<\/li>\n<li>Sch\u00fctzend und fetthaltig<\/li>\n<li>F\u00fcr sensible Haut<\/li>\n<li>Bewertet 100\/100 auf <span style=\"color: #67788c;\"><u><a style=\"color: #67788c;\" href=\"https:\/\/comptoirdeshuiles.com\/blogs\/le-blog-comptoir-des-huiles\/les-produits-comptoir-des-huiles-notes-excellents-sur-yuka\">Yuka<\/a><\/u><\/span><\/li>\n<\/ul>\n<p>Hersteller: Comptoir des Huiles, 332 rue Lieutenant Colonel Dagnaux, 57685 AUGNY, Frankreich<\/p>\n","protected":false},"excerpt":{"rendered":"<p>Kokosnuss\u00f6l, insbesondere natives oder biologisches Kokosnuss\u00f6l, ist weithin f\u00fcr seine vielf\u00e4ltigen Vorteile bei der Hautpflege bekannt und wird aufgrund seiner nat\u00fcrlichen, sanften und n\u00e4hrenden Eigenschaften h\u00e4ufig f\u00fcr Babys verwendet. Das \u00d6l ist reich an mittelkettigen Fetts\u00e4uren, die der Haut viel Feuchtigkeit spenden. Es bildet eine Barriere auf der Hautoberfl\u00e4che, die Feuchtigkeit einschlie\u00dft und Austrocknung und Trockenheit verhindert. Kokosnuss\u00f6l gilt als hypoallergen.   <\/p>\n<p>&nbsp;<\/p>\n<p>Das Bio-\u00d6l kann f\u00fcr Haare und K\u00f6rper verwendet werden und ist eine gro\u00dfartige Zutat f\u00fcr deine selbstgemachten Baby-Feuchtt\u00fccher. <a style=\"color: #67788c;\" href=\"https:\/\/jovoh.com\/homemade-baby-wipe-solution-simple-gentle-and-effective\/\"><span style=\"color: #67788c;\">In diesem Blog erkl\u00e4ren wir, wie man die Mischung herstellt<\/span><\/a> und wie man die T\u00fccher aufbewahrt und verwendet.<\/p>\n<p>&nbsp;<\/p>\n<p><strong>Inhalt<\/strong>: 50 ml<br \/>\n<strong>\u00d6l<\/strong>: Kokosnuss<\/p>\n<p>&nbsp;<\/p>\n<p>&nbsp;<\/p>\n","protected":false},"featured_media":31041,"template":"","meta":{"kt_blocks_editor_width":""},"product_brand":[],"product_cat":[125],"product_tag":[],"class_list":{"0":"post-30515","1":"product","2":"type-product","3":"status-publish","4":"has-post-thumbnail","6":"product_cat-feuchtuecher","8":"first","9":"instock","10":"taxable","11":"shipping-taxable","12":"purchasable","13":"product-type-simple"},"yoast_head":"<!-- This site is optimized with the Yoast SEO plugin v27.5 - https:\/\/yoast.com\/product\/yoast-seo-wordpress\/ -->\n<title>Bio-Kokosnuss\u00f6l -<\/title>\n<meta name=\"description\" content=\"Kokosnuss\u00f6l pflegt und repariert selbst die trockenste Haut, die zu R\u00f6tungen und Juckreiz neigt, und ist daher eine ideale Zutat f\u00fcr deine selbstgemachte Feuchtt\u00fccher.\" \/>\n<meta name=\"robots\" content=\"index, follow, max-snippet:-1, max-image-preview:large, max-video-preview:-1\" \/>\n<link rel=\"canonical\" href=\"https:\/\/jovoh.com\/de\/produkt\/bio-kokosnussoel\/\" \/>\n<meta property=\"og:locale\" content=\"de_DE\" \/>\n<meta property=\"og:type\" content=\"article\" \/>\n<meta property=\"og:title\" content=\"Bio-Kokosnuss\u00f6l -\" \/>\n<meta property=\"og:description\" content=\"Kokosnuss\u00f6l pflegt und repariert selbst die trockenste Haut, die zu R\u00f6tungen und Juckreiz neigt, und ist daher eine ideale Zutat f\u00fcr deine selbstgemachte Feuchtt\u00fccher.\" \/>\n<meta property=\"og:url\" content=\"https:\/\/jovoh.com\/de\/produkt\/bio-kokosnussoel\/\" \/>\n<meta property=\"article:publisher\" content=\"https:\/\/www.instagram.com\/jovoh_nappy\/\" \/>\n<meta property=\"article:modified_time\" content=\"2025-04-05T13:23:05+00:00\" \/>\n<meta property=\"og:image\" content=\"https:\/\/jovoh.com\/wp-content\/uploads\/2025\/01\/IMG_7808.jpg\" \/>\n\t<meta property=\"og:image:width\" content=\"1492\" \/>\n\t<meta property=\"og:image:height\" content=\"1492\" \/>\n\t<meta property=\"og:image:type\" content=\"image\/jpeg\" \/>\n<meta name=\"twitter:card\" content=\"summary_large_image\" \/>\n<script type=\"application\/ld+json\" class=\"yoast-schema-graph\">{\"@context\":\"https:\\\/\\\/schema.org\",\"@graph\":[{\"@type\":\"WebPage\",\"@id\":\"https:\\\/\\\/jovoh.com\\\/de\\\/produkt\\\/bio-kokosnussoel\\\/\",\"url\":\"https:\\\/\\\/jovoh.com\\\/de\\\/produkt\\\/bio-kokosnussoel\\\/\",\"name\":\"Bio-Kokosnuss\u00f6l -\",\"isPartOf\":{\"@id\":\"https:\\\/\\\/jovoh.com\\\/de\\\/#website\"},\"primaryImageOfPage\":{\"@id\":\"https:\\\/\\\/jovoh.com\\\/de\\\/produkt\\\/bio-kokosnussoel\\\/#primaryimage\"},\"image\":{\"@id\":\"https:\\\/\\\/jovoh.com\\\/de\\\/produkt\\\/bio-kokosnussoel\\\/#primaryimage\"},\"thumbnailUrl\":\"https:\\\/\\\/jovoh.com\\\/wp-content\\\/uploads\\\/2025\\\/01\\\/IMG_7808.jpg\",\"datePublished\":\"2025-01-02T19:35:45+00:00\",\"dateModified\":\"2025-04-05T13:23:05+00:00\",\"description\":\"Kokosnuss\u00f6l pflegt und repariert selbst die trockenste Haut, die zu R\u00f6tungen und Juckreiz neigt, und ist daher eine ideale Zutat f\u00fcr deine selbstgemachte Feuchtt\u00fccher.\",\"breadcrumb\":{\"@id\":\"https:\\\/\\\/jovoh.com\\\/de\\\/produkt\\\/bio-kokosnussoel\\\/#breadcrumb\"},\"inLanguage\":\"de-DE\",\"potentialAction\":[{\"@type\":\"ReadAction\",\"target\":[\"https:\\\/\\\/jovoh.com\\\/de\\\/produkt\\\/bio-kokosnussoel\\\/\"]}]},{\"@type\":\"ImageObject\",\"inLanguage\":\"de-DE\",\"@id\":\"https:\\\/\\\/jovoh.com\\\/de\\\/produkt\\\/bio-kokosnussoel\\\/#primaryimage\",\"url\":\"https:\\\/\\\/jovoh.com\\\/wp-content\\\/uploads\\\/2025\\\/01\\\/IMG_7808.jpg\",\"contentUrl\":\"https:\\\/\\\/jovoh.com\\\/wp-content\\\/uploads\\\/2025\\\/01\\\/IMG_7808.jpg\",\"width\":1492,\"height\":1492,\"caption\":\"Coconut oil\"},{\"@type\":\"BreadcrumbList\",\"@id\":\"https:\\\/\\\/jovoh.com\\\/de\\\/produkt\\\/bio-kokosnussoel\\\/#breadcrumb\",\"itemListElement\":[{\"@type\":\"ListItem\",\"position\":1,\"name\":\"Home\",\"item\":\"https:\\\/\\\/jovoh.com\\\/de\\\/\"},{\"@type\":\"ListItem\",\"position\":2,\"name\":\"Shop\",\"item\":\"https:\\\/\\\/jovoh.com\\\/shop\\\/\"},{\"@type\":\"ListItem\",\"position\":3,\"name\":\"Bio-Kokosnuss\u00f6l\"}]},{\"@type\":\"WebSite\",\"@id\":\"https:\\\/\\\/jovoh.com\\\/de\\\/#website\",\"url\":\"https:\\\/\\\/jovoh.com\\\/de\\\/\",\"name\":\"jovoh\",\"description\":\"\",\"publisher\":{\"@id\":\"https:\\\/\\\/jovoh.com\\\/de\\\/#organization\"},\"potentialAction\":[{\"@type\":\"SearchAction\",\"target\":{\"@type\":\"EntryPoint\",\"urlTemplate\":\"https:\\\/\\\/jovoh.com\\\/de\\\/?s={search_term_string}\"},\"query-input\":{\"@type\":\"PropertyValueSpecification\",\"valueRequired\":true,\"valueName\":\"search_term_string\"}}],\"inLanguage\":\"de-DE\"},{\"@type\":\"Organization\",\"@id\":\"https:\\\/\\\/jovoh.com\\\/de\\\/#organization\",\"name\":\"Jovoh Design\",\"url\":\"https:\\\/\\\/jovoh.com\\\/de\\\/\",\"logo\":{\"@type\":\"ImageObject\",\"inLanguage\":\"de-DE\",\"@id\":\"https:\\\/\\\/jovoh.com\\\/de\\\/#\\\/schema\\\/logo\\\/image\\\/\",\"url\":\"https:\\\/\\\/jovoh.com\\\/wp-content\\\/uploads\\\/2024\\\/09\\\/Untitled_Artwork.png\",\"contentUrl\":\"https:\\\/\\\/jovoh.com\\\/wp-content\\\/uploads\\\/2024\\\/09\\\/Untitled_Artwork.png\",\"width\":1420,\"height\":929,\"caption\":\"Jovoh Design\"},\"image\":{\"@id\":\"https:\\\/\\\/jovoh.com\\\/de\\\/#\\\/schema\\\/logo\\\/image\\\/\"},\"sameAs\":[\"https:\\\/\\\/www.instagram.com\\\/jovoh_nappy\\\/\"]}]}<\/script>\n<!-- \/ Yoast SEO plugin. -->","yoast_head_json":{"title":"Bio-Kokosnuss\u00f6l -","description":"Kokosnuss\u00f6l pflegt und repariert selbst die trockenste Haut, die zu R\u00f6tungen und Juckreiz neigt, und ist daher eine ideale Zutat f\u00fcr deine selbstgemachte Feuchtt\u00fccher.","robots":{"index":"index","follow":"follow","max-snippet":"max-snippet:-1","max-image-preview":"max-image-preview:large","max-video-preview":"max-video-preview:-1"},"canonical":"https:\/\/jovoh.com\/de\/produkt\/bio-kokosnussoel\/","og_locale":"de_DE","og_type":"article","og_title":"Bio-Kokosnuss\u00f6l -","og_description":"Kokosnuss\u00f6l pflegt und repariert selbst die trockenste Haut, die zu R\u00f6tungen und Juckreiz neigt, und ist daher eine ideale Zutat f\u00fcr deine selbstgemachte Feuchtt\u00fccher.","og_url":"https:\/\/jovoh.com\/de\/produkt\/bio-kokosnussoel\/","article_publisher":"https:\/\/www.instagram.com\/jovoh_nappy\/","article_modified_time":"2025-04-05T13:23:05+00:00","og_image":[{"width":1492,"height":1492,"url":"https:\/\/jovoh.com\/wp-content\/uploads\/2025\/01\/IMG_7808.jpg","type":"image\/jpeg"}],"twitter_card":"summary_large_image","schema":{"@context":"https:\/\/schema.org","@graph":[{"@type":"WebPage","@id":"https:\/\/jovoh.com\/de\/produkt\/bio-kokosnussoel\/","url":"https:\/\/jovoh.com\/de\/produkt\/bio-kokosnussoel\/","name":"Bio-Kokosnuss\u00f6l -","isPartOf":{"@id":"https:\/\/jovoh.com\/de\/#website"},"primaryImageOfPage":{"@id":"https:\/\/jovoh.com\/de\/produkt\/bio-kokosnussoel\/#primaryimage"},"image":{"@id":"https:\/\/jovoh.com\/de\/produkt\/bio-kokosnussoel\/#primaryimage"},"thumbnailUrl":"https:\/\/jovoh.com\/wp-content\/uploads\/2025\/01\/IMG_7808.jpg","datePublished":"2025-01-02T19:35:45+00:00","dateModified":"2025-04-05T13:23:05+00:00","description":"Kokosnuss\u00f6l pflegt und repariert selbst die trockenste Haut, die zu R\u00f6tungen und Juckreiz neigt, und ist daher eine ideale Zutat f\u00fcr deine selbstgemachte Feuchtt\u00fccher.","breadcrumb":{"@id":"https:\/\/jovoh.com\/de\/produkt\/bio-kokosnussoel\/#breadcrumb"},"inLanguage":"de-DE","potentialAction":[{"@type":"ReadAction","target":["https:\/\/jovoh.com\/de\/produkt\/bio-kokosnussoel\/"]}]},{"@type":"ImageObject","inLanguage":"de-DE","@id":"https:\/\/jovoh.com\/de\/produkt\/bio-kokosnussoel\/#primaryimage","url":"https:\/\/jovoh.com\/wp-content\/uploads\/2025\/01\/IMG_7808.jpg","contentUrl":"https:\/\/jovoh.com\/wp-content\/uploads\/2025\/01\/IMG_7808.jpg","width":1492,"height":1492,"caption":"Coconut oil"},{"@type":"BreadcrumbList","@id":"https:\/\/jovoh.com\/de\/produkt\/bio-kokosnussoel\/#breadcrumb","itemListElement":[{"@type":"ListItem","position":1,"name":"Home","item":"https:\/\/jovoh.com\/de\/"},{"@type":"ListItem","position":2,"name":"Shop","item":"https:\/\/jovoh.com\/shop\/"},{"@type":"ListItem","position":3,"name":"Bio-Kokosnuss\u00f6l"}]},{"@type":"WebSite","@id":"https:\/\/jovoh.com\/de\/#website","url":"https:\/\/jovoh.com\/de\/","name":"jovoh","description":"","publisher":{"@id":"https:\/\/jovoh.com\/de\/#organization"},"potentialAction":[{"@type":"SearchAction","target":{"@type":"EntryPoint","urlTemplate":"https:\/\/jovoh.com\/de\/?s={search_term_string}"},"query-input":{"@type":"PropertyValueSpecification","valueRequired":true,"valueName":"search_term_string"}}],"inLanguage":"de-DE"},{"@type":"Organization","@id":"https:\/\/jovoh.com\/de\/#organization","name":"Jovoh Design","url":"https:\/\/jovoh.com\/de\/","logo":{"@type":"ImageObject","inLanguage":"de-DE","@id":"https:\/\/jovoh.com\/de\/#\/schema\/logo\/image\/","url":"https:\/\/jovoh.com\/wp-content\/uploads\/2024\/09\/Untitled_Artwork.png","contentUrl":"https:\/\/jovoh.com\/wp-content\/uploads\/2024\/09\/Untitled_Artwork.png","width":1420,"height":929,"caption":"Jovoh Design"},"image":{"@id":"https:\/\/jovoh.com\/de\/#\/schema\/logo\/image\/"},"sameAs":["https:\/\/www.instagram.com\/jovoh_nappy\/"]}]}},"_links":{"self":[{"href":"https:\/\/jovoh.com\/de\/wp-json\/wp\/v2\/product\/30515","targetHints":{"allow":["GET"]}}],"collection":[{"href":"https:\/\/jovoh.com\/de\/wp-json\/wp\/v2\/product"}],"about":[{"href":"https:\/\/jovoh.com\/de\/wp-json\/wp\/v2\/types\/product"}],"wp:featuredmedia":[{"embeddable":true,"href":"https:\/\/jovoh.com\/de\/wp-json\/wp\/v2\/media\/31041"}],"wp:attachment":[{"href":"https:\/\/jovoh.com\/de\/wp-json\/wp\/v2\/media?parent=30515"}],"wp:term":[{"taxonomy":"product_brand","embeddable":true,"href":"https:\/\/jovoh.com\/de\/wp-json\/wp\/v2\/product_brand?post=30515"},{"taxonomy":"product_cat","embeddable":true,"href":"https:\/\/jovoh.com\/de\/wp-json\/wp\/v2\/product_cat?post=30515"},{"taxonomy":"product_tag","embeddable":true,"href":"https:\/\/jovoh.com\/de\/wp-json\/wp\/v2\/product_tag?post=30515"}],"curies":[{"name":"wp","href":"https:\/\/api.w.org\/{rel}","templated":true}]}}