{"id":31076,"date":"2025-01-05T13:23:57","date_gmt":"2025-01-05T12:34:33","guid":{"rendered":"https:\/\/jovoh.com\/product\/vorteilspaket-feuchttuecher\/"},"modified":"2025-04-01T19:20:43","modified_gmt":"2025-04-01T18:20:43","slug":"vorteilspaket-feuchttuecher","status":"publish","type":"product","link":"https:\/\/jovoh.com\/de\/produkt\/vorteilspaket-feuchttuecher\/","title":{"rendered":"Vorteilspaket Feuchtt\u00fccher"},"content":{"rendered":"<p><strong>Zus\u00e4tzliche Informationen zum Vorteilspaket \u201eFeuchtt\u00fccher\u201c<\/strong><\/p>\n<ul>\n<li>Die Feuchtt\u00fccher m\u00fcssen ein paar Mal gewaschen werden, um die volle Saugf\u00e4higkeit zu erreichen<\/li>\n<li>Um den Vorgang zu beschleunigen, kannst du die Saugeinlage auch \u00fcber Nacht in Wasser einweichen und danach waschen<\/li>\n<li>Bei maximal 60\u00b0C waschen und bei niedriger Temperatur im Trockner trocknen, vorzugsweise auf einem W\u00e4schest\u00e4nder.<\/li>\n<li>Kokosnuss-, S\u00fc\u00dfmandel- und Argan\u00f6l sind 100% nat\u00fcrlich und <a href=\"https:\/\/comptoirdeshuiles.com\/blogs\/le-blog-comptoir-des-huiles\/tout-savoir-sur-nos-certifications-et-labels\" target=\"_blank\" rel=\"noopener noreferrer\"><u>biologisch<\/u><\/a> zertifiziert.<\/li>\n<li>Hersteller der \u00d6le: Comptoir des Huiles, 332 rue Lieutenant Colonel Dagnaux, 57685 AUGNY, France<\/li>\n<li>Hersteller der Feuchtt\u00fccher: Jovoh Design, Karel Doormanlaan 193, 3572NW Utrecht, Niederlande | info@jovoh.com<\/li>\n<\/ul>\n<p>&nbsp;<\/p>\n<p><span style=\"text-decoration: underline;\">Nat\u00fcrliches und biologisches Kokosnuss\u00f6l<\/span><\/p>\n<ul>\n<li>Pflegendes \u00d6l<\/li>\n<li>Trockene Haare und Haut<\/li>\n<li>Sch\u00fctzend und fetthaltig<\/li>\n<li>F\u00fcr sensible Haut<\/li>\n<li>Bewertet 100\/100 auf <a href=\"https:\/\/comptoirdeshuiles.com\/blogs\/le-blog-comptoir-des-huiles\/les-produits-comptoir-des-huiles-notes-excellents-sur-yuka\"><u>Yuka<\/u><\/a><\/li>\n<\/ul>\n<p><span style=\"text-decoration: underline;\">Nat\u00fcrliches und biologisches S\u00fc\u00dfmandel\u00f6l<\/span><\/p>\n<ul>\n<li>Weichmachendes \u00d6l<\/li>\n<li>Gesicht, Haare &amp; K\u00f6rper<\/li>\n<li>Lindert Reizungen und Juckreiz<\/li>\n<li>F\u00fcr sensible Haut<\/li>\n<\/ul>\n<p><span style=\"text-decoration: underline;\">Nat\u00fcrliches und biologisches Argan\u00f6l<\/span><\/p>\n<ul>\n<li>St\u00e4rkendes \u00d6l<\/li>\n<li>Gesicht, Haare &amp; K\u00f6rper<\/li>\n<li>Extra nahrhaft f\u00fcr trockene Haut<\/li>\n<\/ul>\n","protected":false},"excerpt":{"rendered":"<p>Genie\u00dfe die Vorteile von selbstgemachten Babyt\u00fcchern. Das Vorteilspaket besteht aus einem \u201e\u00dcberraschungsset\u201c aus <a style=\"color: #67788c;\" href=\"https:\/\/jovoh.com\/product\/baby-wipes\/\"><span style=\"color: #67788c;\">Bio-Baumwollt\u00fcchern<\/span><\/a>, einer <span style=\"color: #67788c;\"><a style=\"color: #67788c;\" href=\"https:\/\/jovoh.com\/product\/spray-bottle\/\">Spr\u00fchflasche<\/a><\/span> und einem Tr\u00e4ger\u00f6l (<a style=\"color: #67788c;\" href=\"https:\/\/jovoh.com\/product\/coconut-oil-organic\/\"><span style=\"color: #67788c;\">Kokosnuss<\/span><\/a>, <a style=\"color: #67788c;\" href=\"https:\/\/jovoh.com\/product\/sweet-almond-oil\/\"><span style=\"color: #67788c;\">S\u00fc\u00dfmandel<\/span><\/a> oder <a style=\"color: #67788c;\" href=\"https:\/\/jovoh.com\/product\/argan-oil\/\"><span style=\"color: #67788c;\">Argan<\/span><\/a>). <a style=\"color: #67788c;\" href=\"https:\/\/jovoh.com\/homemade-baby-wipe-solution-simple-gentle-and-effective\/\"><span style=\"color: #67788c;\">In diesem Blog<\/span><\/a> erkl\u00e4ren wir, wie man die L\u00f6sung herstellt und wie man die T\u00fccher aufbewahrt und verwendet. <\/p>\n<p>&nbsp;<\/p>\n<p><strong>Lieferumfang<\/strong><\/p>\n<ul>\n<li>5er-Set Feuchtt\u00fccher (\u00dcberraschungsset mit verschiedenen Farben\/Mustern)<\/li>\n<li>Spr\u00fchflasche aus braunem Glas<\/li>\n<li>Tr\u00e4ger\u00f6l deiner Wahl (Argan, Kokosnuss, S\u00fc\u00dfmandel)<\/li>\n<\/ul>\n<p>&nbsp;<\/p>\n<p>&nbsp;<\/p>\n","protected":false},"featured_media":31063,"template":"","meta":{"kt_blocks_editor_width":""},"product_brand":[],"product_cat":[124,125],"product_tag":[],"class_list":{"0":"post-31076","1":"product","2":"type-product","3":"status-publish","4":"has-post-thumbnail","6":"product_cat-accessoires-de","7":"product_cat-feuchtuecher","9":"first","10":"instock","11":"taxable","12":"shipping-taxable","13":"purchasable","14":"product-type-variable"},"yoast_head":"<!-- This site is optimized with the Yoast SEO plugin v27.5 - https:\/\/yoast.com\/product\/yoast-seo-wordpress\/ -->\n<title>Vorteilspaket Feuchtt\u00fccher -<\/title>\n<meta name=\"description\" content=\"Genie\u00dfen den Vorteile von selbstgemachten Babyt\u00fcchern. Das Vorteilspaket besteht aus einem \u201e\u00dcberraschungsset\u201c aus Bio-Baumwollt\u00fcchern, einer Spr\u00fchflasche und einem Tr\u00e4ger\u00f6l.\" \/>\n<meta name=\"robots\" content=\"index, follow, max-snippet:-1, max-image-preview:large, max-video-preview:-1\" \/>\n<link rel=\"canonical\" href=\"https:\/\/jovoh.com\/de\/produkt\/vorteilspaket-feuchttuecher\/\" \/>\n<meta property=\"og:locale\" content=\"de_DE\" \/>\n<meta property=\"og:type\" content=\"article\" \/>\n<meta property=\"og:title\" content=\"Vorteilspaket Feuchtt\u00fccher -\" \/>\n<meta property=\"og:description\" content=\"Genie\u00dfen den Vorteile von selbstgemachten Babyt\u00fcchern. Das Vorteilspaket besteht aus einem \u201e\u00dcberraschungsset\u201c aus Bio-Baumwollt\u00fcchern, einer Spr\u00fchflasche und einem Tr\u00e4ger\u00f6l.\" \/>\n<meta property=\"og:url\" content=\"https:\/\/jovoh.com\/de\/produkt\/vorteilspaket-feuchttuecher\/\" \/>\n<meta property=\"article:publisher\" content=\"https:\/\/www.instagram.com\/jovoh_nappy\/\" \/>\n<meta property=\"article:modified_time\" content=\"2025-04-01T18:20:43+00:00\" \/>\n<meta property=\"og:image\" content=\"https:\/\/jovoh.com\/wp-content\/uploads\/2025\/01\/IMG_7812-scaled.jpg\" \/>\n\t<meta property=\"og:image:width\" content=\"2560\" \/>\n\t<meta property=\"og:image:height\" content=\"2560\" \/>\n\t<meta property=\"og:image:type\" content=\"image\/jpeg\" \/>\n<meta name=\"twitter:card\" content=\"summary_large_image\" \/>\n<meta name=\"twitter:label1\" content=\"Est. reading time\" \/>\n\t<meta name=\"twitter:data1\" content=\"1 minute\" \/>\n<script type=\"application\/ld+json\" class=\"yoast-schema-graph\">{\"@context\":\"https:\\\/\\\/schema.org\",\"@graph\":[{\"@type\":\"WebPage\",\"@id\":\"https:\\\/\\\/jovoh.com\\\/de\\\/produkt\\\/vorteilspaket-feuchttuecher\\\/\",\"url\":\"https:\\\/\\\/jovoh.com\\\/de\\\/produkt\\\/vorteilspaket-feuchttuecher\\\/\",\"name\":\"Vorteilspaket Feuchtt\u00fccher -\",\"isPartOf\":{\"@id\":\"https:\\\/\\\/jovoh.com\\\/de\\\/#website\"},\"primaryImageOfPage\":{\"@id\":\"https:\\\/\\\/jovoh.com\\\/de\\\/produkt\\\/vorteilspaket-feuchttuecher\\\/#primaryimage\"},\"image\":{\"@id\":\"https:\\\/\\\/jovoh.com\\\/de\\\/produkt\\\/vorteilspaket-feuchttuecher\\\/#primaryimage\"},\"thumbnailUrl\":\"https:\\\/\\\/jovoh.com\\\/wp-content\\\/uploads\\\/2025\\\/01\\\/IMG_7812-scaled.jpg\",\"datePublished\":\"2025-01-05T12:34:33+00:00\",\"dateModified\":\"2025-04-01T18:20:43+00:00\",\"description\":\"Genie\u00dfen den Vorteile von selbstgemachten Babyt\u00fcchern. Das Vorteilspaket besteht aus einem \u201e\u00dcberraschungsset\u201c aus Bio-Baumwollt\u00fcchern, einer Spr\u00fchflasche und einem Tr\u00e4ger\u00f6l.\",\"breadcrumb\":{\"@id\":\"https:\\\/\\\/jovoh.com\\\/de\\\/produkt\\\/vorteilspaket-feuchttuecher\\\/#breadcrumb\"},\"inLanguage\":\"de-DE\",\"potentialAction\":[{\"@type\":\"ReadAction\",\"target\":[\"https:\\\/\\\/jovoh.com\\\/de\\\/produkt\\\/vorteilspaket-feuchttuecher\\\/\"]}]},{\"@type\":\"ImageObject\",\"inLanguage\":\"de-DE\",\"@id\":\"https:\\\/\\\/jovoh.com\\\/de\\\/produkt\\\/vorteilspaket-feuchttuecher\\\/#primaryimage\",\"url\":\"https:\\\/\\\/jovoh.com\\\/wp-content\\\/uploads\\\/2025\\\/01\\\/IMG_7812-scaled.jpg\",\"contentUrl\":\"https:\\\/\\\/jovoh.com\\\/wp-content\\\/uploads\\\/2025\\\/01\\\/IMG_7812-scaled.jpg\",\"width\":2560,\"height\":2560,\"caption\":\"Value pack baby wipes\"},{\"@type\":\"BreadcrumbList\",\"@id\":\"https:\\\/\\\/jovoh.com\\\/de\\\/produkt\\\/vorteilspaket-feuchttuecher\\\/#breadcrumb\",\"itemListElement\":[{\"@type\":\"ListItem\",\"position\":1,\"name\":\"Home\",\"item\":\"https:\\\/\\\/jovoh.com\\\/de\\\/\"},{\"@type\":\"ListItem\",\"position\":2,\"name\":\"Shop\",\"item\":\"https:\\\/\\\/jovoh.com\\\/shop\\\/\"},{\"@type\":\"ListItem\",\"position\":3,\"name\":\"Vorteilspaket Feuchtt\u00fccher\"}]},{\"@type\":\"WebSite\",\"@id\":\"https:\\\/\\\/jovoh.com\\\/de\\\/#website\",\"url\":\"https:\\\/\\\/jovoh.com\\\/de\\\/\",\"name\":\"jovoh\",\"description\":\"\",\"publisher\":{\"@id\":\"https:\\\/\\\/jovoh.com\\\/de\\\/#organization\"},\"potentialAction\":[{\"@type\":\"SearchAction\",\"target\":{\"@type\":\"EntryPoint\",\"urlTemplate\":\"https:\\\/\\\/jovoh.com\\\/de\\\/?s={search_term_string}\"},\"query-input\":{\"@type\":\"PropertyValueSpecification\",\"valueRequired\":true,\"valueName\":\"search_term_string\"}}],\"inLanguage\":\"de-DE\"},{\"@type\":\"Organization\",\"@id\":\"https:\\\/\\\/jovoh.com\\\/de\\\/#organization\",\"name\":\"Jovoh Design\",\"url\":\"https:\\\/\\\/jovoh.com\\\/de\\\/\",\"logo\":{\"@type\":\"ImageObject\",\"inLanguage\":\"de-DE\",\"@id\":\"https:\\\/\\\/jovoh.com\\\/de\\\/#\\\/schema\\\/logo\\\/image\\\/\",\"url\":\"https:\\\/\\\/jovoh.com\\\/wp-content\\\/uploads\\\/2024\\\/09\\\/Untitled_Artwork.png\",\"contentUrl\":\"https:\\\/\\\/jovoh.com\\\/wp-content\\\/uploads\\\/2024\\\/09\\\/Untitled_Artwork.png\",\"width\":1420,\"height\":929,\"caption\":\"Jovoh Design\"},\"image\":{\"@id\":\"https:\\\/\\\/jovoh.com\\\/de\\\/#\\\/schema\\\/logo\\\/image\\\/\"},\"sameAs\":[\"https:\\\/\\\/www.instagram.com\\\/jovoh_nappy\\\/\"]}]}<\/script>\n<!-- \/ Yoast SEO plugin. -->","yoast_head_json":{"title":"Vorteilspaket Feuchtt\u00fccher -","description":"Genie\u00dfen den Vorteile von selbstgemachten Babyt\u00fcchern. Das Vorteilspaket besteht aus einem \u201e\u00dcberraschungsset\u201c aus Bio-Baumwollt\u00fcchern, einer Spr\u00fchflasche und einem Tr\u00e4ger\u00f6l.","robots":{"index":"index","follow":"follow","max-snippet":"max-snippet:-1","max-image-preview":"max-image-preview:large","max-video-preview":"max-video-preview:-1"},"canonical":"https:\/\/jovoh.com\/de\/produkt\/vorteilspaket-feuchttuecher\/","og_locale":"de_DE","og_type":"article","og_title":"Vorteilspaket Feuchtt\u00fccher -","og_description":"Genie\u00dfen den Vorteile von selbstgemachten Babyt\u00fcchern. Das Vorteilspaket besteht aus einem \u201e\u00dcberraschungsset\u201c aus Bio-Baumwollt\u00fcchern, einer Spr\u00fchflasche und einem Tr\u00e4ger\u00f6l.","og_url":"https:\/\/jovoh.com\/de\/produkt\/vorteilspaket-feuchttuecher\/","article_publisher":"https:\/\/www.instagram.com\/jovoh_nappy\/","article_modified_time":"2025-04-01T18:20:43+00:00","og_image":[{"width":2560,"height":2560,"url":"https:\/\/jovoh.com\/wp-content\/uploads\/2025\/01\/IMG_7812-scaled.jpg","type":"image\/jpeg"}],"twitter_card":"summary_large_image","twitter_misc":{"Est. reading time":"1 minute"},"schema":{"@context":"https:\/\/schema.org","@graph":[{"@type":"WebPage","@id":"https:\/\/jovoh.com\/de\/produkt\/vorteilspaket-feuchttuecher\/","url":"https:\/\/jovoh.com\/de\/produkt\/vorteilspaket-feuchttuecher\/","name":"Vorteilspaket Feuchtt\u00fccher -","isPartOf":{"@id":"https:\/\/jovoh.com\/de\/#website"},"primaryImageOfPage":{"@id":"https:\/\/jovoh.com\/de\/produkt\/vorteilspaket-feuchttuecher\/#primaryimage"},"image":{"@id":"https:\/\/jovoh.com\/de\/produkt\/vorteilspaket-feuchttuecher\/#primaryimage"},"thumbnailUrl":"https:\/\/jovoh.com\/wp-content\/uploads\/2025\/01\/IMG_7812-scaled.jpg","datePublished":"2025-01-05T12:34:33+00:00","dateModified":"2025-04-01T18:20:43+00:00","description":"Genie\u00dfen den Vorteile von selbstgemachten Babyt\u00fcchern. Das Vorteilspaket besteht aus einem \u201e\u00dcberraschungsset\u201c aus Bio-Baumwollt\u00fcchern, einer Spr\u00fchflasche und einem Tr\u00e4ger\u00f6l.","breadcrumb":{"@id":"https:\/\/jovoh.com\/de\/produkt\/vorteilspaket-feuchttuecher\/#breadcrumb"},"inLanguage":"de-DE","potentialAction":[{"@type":"ReadAction","target":["https:\/\/jovoh.com\/de\/produkt\/vorteilspaket-feuchttuecher\/"]}]},{"@type":"ImageObject","inLanguage":"de-DE","@id":"https:\/\/jovoh.com\/de\/produkt\/vorteilspaket-feuchttuecher\/#primaryimage","url":"https:\/\/jovoh.com\/wp-content\/uploads\/2025\/01\/IMG_7812-scaled.jpg","contentUrl":"https:\/\/jovoh.com\/wp-content\/uploads\/2025\/01\/IMG_7812-scaled.jpg","width":2560,"height":2560,"caption":"Value pack baby wipes"},{"@type":"BreadcrumbList","@id":"https:\/\/jovoh.com\/de\/produkt\/vorteilspaket-feuchttuecher\/#breadcrumb","itemListElement":[{"@type":"ListItem","position":1,"name":"Home","item":"https:\/\/jovoh.com\/de\/"},{"@type":"ListItem","position":2,"name":"Shop","item":"https:\/\/jovoh.com\/shop\/"},{"@type":"ListItem","position":3,"name":"Vorteilspaket Feuchtt\u00fccher"}]},{"@type":"WebSite","@id":"https:\/\/jovoh.com\/de\/#website","url":"https:\/\/jovoh.com\/de\/","name":"jovoh","description":"","publisher":{"@id":"https:\/\/jovoh.com\/de\/#organization"},"potentialAction":[{"@type":"SearchAction","target":{"@type":"EntryPoint","urlTemplate":"https:\/\/jovoh.com\/de\/?s={search_term_string}"},"query-input":{"@type":"PropertyValueSpecification","valueRequired":true,"valueName":"search_term_string"}}],"inLanguage":"de-DE"},{"@type":"Organization","@id":"https:\/\/jovoh.com\/de\/#organization","name":"Jovoh Design","url":"https:\/\/jovoh.com\/de\/","logo":{"@type":"ImageObject","inLanguage":"de-DE","@id":"https:\/\/jovoh.com\/de\/#\/schema\/logo\/image\/","url":"https:\/\/jovoh.com\/wp-content\/uploads\/2024\/09\/Untitled_Artwork.png","contentUrl":"https:\/\/jovoh.com\/wp-content\/uploads\/2024\/09\/Untitled_Artwork.png","width":1420,"height":929,"caption":"Jovoh Design"},"image":{"@id":"https:\/\/jovoh.com\/de\/#\/schema\/logo\/image\/"},"sameAs":["https:\/\/www.instagram.com\/jovoh_nappy\/"]}]}},"_links":{"self":[{"href":"https:\/\/jovoh.com\/de\/wp-json\/wp\/v2\/product\/31076","targetHints":{"allow":["GET"]}}],"collection":[{"href":"https:\/\/jovoh.com\/de\/wp-json\/wp\/v2\/product"}],"about":[{"href":"https:\/\/jovoh.com\/de\/wp-json\/wp\/v2\/types\/product"}],"wp:featuredmedia":[{"embeddable":true,"href":"https:\/\/jovoh.com\/de\/wp-json\/wp\/v2\/media\/31063"}],"wp:attachment":[{"href":"https:\/\/jovoh.com\/de\/wp-json\/wp\/v2\/media?parent=31076"}],"wp:term":[{"taxonomy":"product_brand","embeddable":true,"href":"https:\/\/jovoh.com\/de\/wp-json\/wp\/v2\/product_brand?post=31076"},{"taxonomy":"product_cat","embeddable":true,"href":"https:\/\/jovoh.com\/de\/wp-json\/wp\/v2\/product_cat?post=31076"},{"taxonomy":"product_tag","embeddable":true,"href":"https:\/\/jovoh.com\/de\/wp-json\/wp\/v2\/product_tag?post=31076"}],"curies":[{"name":"wp","href":"https:\/\/api.w.org\/{rel}","templated":true}]}}