{"id":31159,"date":"2025-01-05T18:14:37","date_gmt":"2025-01-05T17:14:37","guid":{"rendered":"https:\/\/jovoh.com\/product\/100-wollueberhose-retro\/"},"modified":"2026-04-09T15:55:35","modified_gmt":"2026-04-09T14:55:35","slug":"wollueberhose-retro","status":"publish","type":"product","link":"https:\/\/jovoh.com\/de\/produkt\/wollueberhose-retro\/","title":{"rendered":"Woll\u00fcberhose | Retro"},"content":{"rendered":"<ul>\n<li>F\u00fcr Informationen zum Waschen und Impr\u00e4gnieren der Woll\u00fcberhose klick bitte <a href=\"https:\/\/jovoh.com\/de\/pflege-von-wollwindeln\/\">hier<\/a>.<\/li>\n<li>Vor dem ersten Gebrauch m\u00fcssen die Woll\u00fcberhosen in einem Lanolinebad gefettet werden.<\/li>\n<li>Bei niedriger Geschwindigkeit und max. 40\u00b0C im Wollwaschprogramm der Waschmaschine oder von Hand waschen.<\/li>\n<li>Kein Trockner. Keine chemische Reinigung. Nicht b\u00fcgeln.<\/li>\n<\/ul>\n<p>Hersteller: Jovoh Design, Karel Doormanlaan 193, 3572NW Utrecht, Niederlande | info@jovoh.com<\/p>\n","protected":false},"excerpt":{"rendered":"<p>Die Woll\u00fcberhose ist aus 100% hochwertiger Bio-Merinowolle gefertigt. Die Wolle stammt aus europ\u00e4ischer <em>mulesing<\/em>freier und \u00f6kologischer Tierhaltung und wird unter fairen Bedingungen in Deutschland gesponnen. Gef\u00e4rbt wird sie mit pflanzlichen Farbstoffen.  Als F\u00e4rbemittel kommen vor allem Krappwurzel, Reseda, Indigo, Gelbholz, Blauholz, und Rotholz zum Einsatz. Ein wunderbar nat\u00fcrlicher Stoff, dessen Bestandteile nachhaltig gewonnen und verarbeitet werden. Woll\u00fcberhosen aus reiner Wolle sind weich, dehnbar und durch die zwei Lagen Wolle extra dicht.<\/p>\n<p>Vor dem ersten Gebrauch muss die Wolle mit <a href=\"https:\/\/jovoh.com\/de\/produkt\/lanolin\/\">Wollfett (Lanolin)<\/a> gefettet werden, wodurch die \u00dcberhose wasserabweisend wird. Sie muss au\u00dferdem mit <a href=\"https:\/\/jovoh.com\/de\/saugeinlagen\/\">Saugeinlagen<\/a> (z.B. Bio-Baumwolle Flat, Hanf Flat oder Mulltuch) kombiniert werden, um eine vollst\u00e4ndige Windel zu bilden. Sie ist in den folgenden Gr\u00f6\u00dfen erh\u00e4ltlich: Gr\u00f6\u00dfe 1 (ca. 4-7 kg), Gr\u00f6\u00dfe 2 (ca. 7-12 kg) und Gr\u00f6\u00dfe 3 (ca. 11-16 kg). Bitte beachte, dass die Gewichtsangaben der Gr\u00f6\u00dfen nur eine Sch\u00e4tzung sein k\u00f6nnen, da die Passform von der Statur des jeweiligen Kindes abh\u00e4ngt.<\/p>\n<p>&nbsp;<\/p>\n<p><strong>Futter<\/strong>: 100% Bio-Merinowolle (kbT)<br \/>\n<strong>Au\u00dfenstoff<\/strong>: 100% Bio-Merinowolle (kbT)<\/p>\n<p>Bearbeitungszeit: 5-10 Werktage<\/p>\n<p>&nbsp;<\/p>\n<p>&nbsp;<\/p>\n","protected":false},"featured_media":31139,"template":"","meta":{"kt_blocks_editor_width":""},"product_brand":[],"product_cat":[270,144],"product_tag":[],"class_list":{"0":"post-31159","1":"product","2":"type-product","3":"status-publish","4":"has-post-thumbnail","6":"product_cat-reine-wolle","7":"product_cat-wollwindeln","9":"first","10":"instock","11":"taxable","12":"shipping-taxable","13":"purchasable","14":"product-type-variable"},"yoast_head":"<!-- This site is optimized with the Yoast SEO plugin v27.5 - https:\/\/yoast.com\/product\/yoast-seo-wordpress\/ -->\n<title>Woll\u00fcberhose | Retro -<\/title>\n<meta name=\"description\" content=\"Die Wollwindel \u201eRetro\u201c ist aus hochwertiger Bio-Merinowolle gefertigt. Sonderedition und nur wenige verf\u00fcgbar.\" \/>\n<meta name=\"robots\" content=\"index, follow, max-snippet:-1, max-image-preview:large, max-video-preview:-1\" \/>\n<link rel=\"canonical\" href=\"https:\/\/jovoh.com\/de\/produkt\/wollueberhose-retro\/\" \/>\n<meta property=\"og:locale\" content=\"de_DE\" \/>\n<meta property=\"og:type\" content=\"article\" \/>\n<meta property=\"og:title\" content=\"Woll\u00fcberhose | Retro -\" \/>\n<meta property=\"og:description\" content=\"Die Wollwindel \u201eRetro\u201c ist aus hochwertiger Bio-Merinowolle gefertigt. Sonderedition und nur wenige verf\u00fcgbar.\" \/>\n<meta property=\"og:url\" content=\"https:\/\/jovoh.com\/de\/produkt\/wollueberhose-retro\/\" \/>\n<meta property=\"article:publisher\" content=\"https:\/\/www.instagram.com\/jovoh_nappy\/\" \/>\n<meta property=\"article:modified_time\" content=\"2026-04-09T14:55:35+00:00\" \/>\n<meta property=\"og:image\" content=\"https:\/\/jovoh.com\/wp-content\/uploads\/2025\/01\/IMG_7392-scaled.jpg\" \/>\n\t<meta property=\"og:image:width\" content=\"2560\" \/>\n\t<meta property=\"og:image:height\" content=\"2560\" \/>\n\t<meta property=\"og:image:type\" content=\"image\/jpeg\" \/>\n<meta name=\"twitter:card\" content=\"summary_large_image\" \/>\n<meta name=\"twitter:label1\" content=\"Est. reading time\" \/>\n\t<meta name=\"twitter:data1\" content=\"1 minute\" \/>\n<script type=\"application\/ld+json\" class=\"yoast-schema-graph\">{\"@context\":\"https:\\\/\\\/schema.org\",\"@graph\":[{\"@type\":\"WebPage\",\"@id\":\"https:\\\/\\\/jovoh.com\\\/de\\\/produkt\\\/wollueberhose-retro\\\/\",\"url\":\"https:\\\/\\\/jovoh.com\\\/de\\\/produkt\\\/wollueberhose-retro\\\/\",\"name\":\"Woll\u00fcberhose | Retro -\",\"isPartOf\":{\"@id\":\"https:\\\/\\\/jovoh.com\\\/de\\\/#website\"},\"primaryImageOfPage\":{\"@id\":\"https:\\\/\\\/jovoh.com\\\/de\\\/produkt\\\/wollueberhose-retro\\\/#primaryimage\"},\"image\":{\"@id\":\"https:\\\/\\\/jovoh.com\\\/de\\\/produkt\\\/wollueberhose-retro\\\/#primaryimage\"},\"thumbnailUrl\":\"https:\\\/\\\/jovoh.com\\\/wp-content\\\/uploads\\\/2025\\\/01\\\/IMG_7392-scaled.jpg\",\"datePublished\":\"2025-01-05T17:14:37+00:00\",\"dateModified\":\"2026-04-09T14:55:35+00:00\",\"description\":\"Die Wollwindel \u201eRetro\u201c ist aus hochwertiger Bio-Merinowolle gefertigt. Sonderedition und nur wenige verf\u00fcgbar.\",\"breadcrumb\":{\"@id\":\"https:\\\/\\\/jovoh.com\\\/de\\\/produkt\\\/wollueberhose-retro\\\/#breadcrumb\"},\"inLanguage\":\"de-DE\",\"potentialAction\":[{\"@type\":\"ReadAction\",\"target\":[\"https:\\\/\\\/jovoh.com\\\/de\\\/produkt\\\/wollueberhose-retro\\\/\"]}]},{\"@type\":\"ImageObject\",\"inLanguage\":\"de-DE\",\"@id\":\"https:\\\/\\\/jovoh.com\\\/de\\\/produkt\\\/wollueberhose-retro\\\/#primaryimage\",\"url\":\"https:\\\/\\\/jovoh.com\\\/wp-content\\\/uploads\\\/2025\\\/01\\\/IMG_7392-scaled.jpg\",\"contentUrl\":\"https:\\\/\\\/jovoh.com\\\/wp-content\\\/uploads\\\/2025\\\/01\\\/IMG_7392-scaled.jpg\",\"width\":2560,\"height\":2560,\"caption\":\"100% Wool cover Retro\"},{\"@type\":\"BreadcrumbList\",\"@id\":\"https:\\\/\\\/jovoh.com\\\/de\\\/produkt\\\/wollueberhose-retro\\\/#breadcrumb\",\"itemListElement\":[{\"@type\":\"ListItem\",\"position\":1,\"name\":\"Home\",\"item\":\"https:\\\/\\\/jovoh.com\\\/de\\\/\"},{\"@type\":\"ListItem\",\"position\":2,\"name\":\"Shop\",\"item\":\"https:\\\/\\\/jovoh.com\\\/shop\\\/\"},{\"@type\":\"ListItem\",\"position\":3,\"name\":\"Woll\u00fcberhose | Retro\"}]},{\"@type\":\"WebSite\",\"@id\":\"https:\\\/\\\/jovoh.com\\\/de\\\/#website\",\"url\":\"https:\\\/\\\/jovoh.com\\\/de\\\/\",\"name\":\"jovoh\",\"description\":\"\",\"publisher\":{\"@id\":\"https:\\\/\\\/jovoh.com\\\/de\\\/#organization\"},\"potentialAction\":[{\"@type\":\"SearchAction\",\"target\":{\"@type\":\"EntryPoint\",\"urlTemplate\":\"https:\\\/\\\/jovoh.com\\\/de\\\/?s={search_term_string}\"},\"query-input\":{\"@type\":\"PropertyValueSpecification\",\"valueRequired\":true,\"valueName\":\"search_term_string\"}}],\"inLanguage\":\"de-DE\"},{\"@type\":\"Organization\",\"@id\":\"https:\\\/\\\/jovoh.com\\\/de\\\/#organization\",\"name\":\"Jovoh Design\",\"url\":\"https:\\\/\\\/jovoh.com\\\/de\\\/\",\"logo\":{\"@type\":\"ImageObject\",\"inLanguage\":\"de-DE\",\"@id\":\"https:\\\/\\\/jovoh.com\\\/de\\\/#\\\/schema\\\/logo\\\/image\\\/\",\"url\":\"https:\\\/\\\/jovoh.com\\\/wp-content\\\/uploads\\\/2024\\\/09\\\/Untitled_Artwork.png\",\"contentUrl\":\"https:\\\/\\\/jovoh.com\\\/wp-content\\\/uploads\\\/2024\\\/09\\\/Untitled_Artwork.png\",\"width\":1420,\"height\":929,\"caption\":\"Jovoh Design\"},\"image\":{\"@id\":\"https:\\\/\\\/jovoh.com\\\/de\\\/#\\\/schema\\\/logo\\\/image\\\/\"},\"sameAs\":[\"https:\\\/\\\/www.instagram.com\\\/jovoh_nappy\\\/\"]}]}<\/script>\n<!-- \/ Yoast SEO plugin. -->","yoast_head_json":{"title":"Woll\u00fcberhose | Retro -","description":"Die Wollwindel \u201eRetro\u201c ist aus hochwertiger Bio-Merinowolle gefertigt. Sonderedition und nur wenige verf\u00fcgbar.","robots":{"index":"index","follow":"follow","max-snippet":"max-snippet:-1","max-image-preview":"max-image-preview:large","max-video-preview":"max-video-preview:-1"},"canonical":"https:\/\/jovoh.com\/de\/produkt\/wollueberhose-retro\/","og_locale":"de_DE","og_type":"article","og_title":"Woll\u00fcberhose | Retro -","og_description":"Die Wollwindel \u201eRetro\u201c ist aus hochwertiger Bio-Merinowolle gefertigt. Sonderedition und nur wenige verf\u00fcgbar.","og_url":"https:\/\/jovoh.com\/de\/produkt\/wollueberhose-retro\/","article_publisher":"https:\/\/www.instagram.com\/jovoh_nappy\/","article_modified_time":"2026-04-09T14:55:35+00:00","og_image":[{"width":2560,"height":2560,"url":"https:\/\/jovoh.com\/wp-content\/uploads\/2025\/01\/IMG_7392-scaled.jpg","type":"image\/jpeg"}],"twitter_card":"summary_large_image","twitter_misc":{"Est. reading time":"1 minute"},"schema":{"@context":"https:\/\/schema.org","@graph":[{"@type":"WebPage","@id":"https:\/\/jovoh.com\/de\/produkt\/wollueberhose-retro\/","url":"https:\/\/jovoh.com\/de\/produkt\/wollueberhose-retro\/","name":"Woll\u00fcberhose | Retro -","isPartOf":{"@id":"https:\/\/jovoh.com\/de\/#website"},"primaryImageOfPage":{"@id":"https:\/\/jovoh.com\/de\/produkt\/wollueberhose-retro\/#primaryimage"},"image":{"@id":"https:\/\/jovoh.com\/de\/produkt\/wollueberhose-retro\/#primaryimage"},"thumbnailUrl":"https:\/\/jovoh.com\/wp-content\/uploads\/2025\/01\/IMG_7392-scaled.jpg","datePublished":"2025-01-05T17:14:37+00:00","dateModified":"2026-04-09T14:55:35+00:00","description":"Die Wollwindel \u201eRetro\u201c ist aus hochwertiger Bio-Merinowolle gefertigt. Sonderedition und nur wenige verf\u00fcgbar.","breadcrumb":{"@id":"https:\/\/jovoh.com\/de\/produkt\/wollueberhose-retro\/#breadcrumb"},"inLanguage":"de-DE","potentialAction":[{"@type":"ReadAction","target":["https:\/\/jovoh.com\/de\/produkt\/wollueberhose-retro\/"]}]},{"@type":"ImageObject","inLanguage":"de-DE","@id":"https:\/\/jovoh.com\/de\/produkt\/wollueberhose-retro\/#primaryimage","url":"https:\/\/jovoh.com\/wp-content\/uploads\/2025\/01\/IMG_7392-scaled.jpg","contentUrl":"https:\/\/jovoh.com\/wp-content\/uploads\/2025\/01\/IMG_7392-scaled.jpg","width":2560,"height":2560,"caption":"100% Wool cover Retro"},{"@type":"BreadcrumbList","@id":"https:\/\/jovoh.com\/de\/produkt\/wollueberhose-retro\/#breadcrumb","itemListElement":[{"@type":"ListItem","position":1,"name":"Home","item":"https:\/\/jovoh.com\/de\/"},{"@type":"ListItem","position":2,"name":"Shop","item":"https:\/\/jovoh.com\/shop\/"},{"@type":"ListItem","position":3,"name":"Woll\u00fcberhose | Retro"}]},{"@type":"WebSite","@id":"https:\/\/jovoh.com\/de\/#website","url":"https:\/\/jovoh.com\/de\/","name":"jovoh","description":"","publisher":{"@id":"https:\/\/jovoh.com\/de\/#organization"},"potentialAction":[{"@type":"SearchAction","target":{"@type":"EntryPoint","urlTemplate":"https:\/\/jovoh.com\/de\/?s={search_term_string}"},"query-input":{"@type":"PropertyValueSpecification","valueRequired":true,"valueName":"search_term_string"}}],"inLanguage":"de-DE"},{"@type":"Organization","@id":"https:\/\/jovoh.com\/de\/#organization","name":"Jovoh Design","url":"https:\/\/jovoh.com\/de\/","logo":{"@type":"ImageObject","inLanguage":"de-DE","@id":"https:\/\/jovoh.com\/de\/#\/schema\/logo\/image\/","url":"https:\/\/jovoh.com\/wp-content\/uploads\/2024\/09\/Untitled_Artwork.png","contentUrl":"https:\/\/jovoh.com\/wp-content\/uploads\/2024\/09\/Untitled_Artwork.png","width":1420,"height":929,"caption":"Jovoh Design"},"image":{"@id":"https:\/\/jovoh.com\/de\/#\/schema\/logo\/image\/"},"sameAs":["https:\/\/www.instagram.com\/jovoh_nappy\/"]}]}},"_links":{"self":[{"href":"https:\/\/jovoh.com\/de\/wp-json\/wp\/v2\/product\/31159","targetHints":{"allow":["GET"]}}],"collection":[{"href":"https:\/\/jovoh.com\/de\/wp-json\/wp\/v2\/product"}],"about":[{"href":"https:\/\/jovoh.com\/de\/wp-json\/wp\/v2\/types\/product"}],"wp:featuredmedia":[{"embeddable":true,"href":"https:\/\/jovoh.com\/de\/wp-json\/wp\/v2\/media\/31139"}],"wp:attachment":[{"href":"https:\/\/jovoh.com\/de\/wp-json\/wp\/v2\/media?parent=31159"}],"wp:term":[{"taxonomy":"product_brand","embeddable":true,"href":"https:\/\/jovoh.com\/de\/wp-json\/wp\/v2\/product_brand?post=31159"},{"taxonomy":"product_cat","embeddable":true,"href":"https:\/\/jovoh.com\/de\/wp-json\/wp\/v2\/product_cat?post=31159"},{"taxonomy":"product_tag","embeddable":true,"href":"https:\/\/jovoh.com\/de\/wp-json\/wp\/v2\/product_tag?post=31159"}],"curies":[{"name":"wp","href":"https:\/\/api.w.org\/{rel}","templated":true}]}}