{"id":31701,"date":"2025-01-10T12:45:54","date_gmt":"2025-01-10T11:45:54","guid":{"rendered":"https:\/\/jovoh.com\/?post_type=product&#038;p=31701"},"modified":"2025-11-09T21:06:59","modified_gmt":"2025-11-09T20:06:59","slug":"deluxe-wollwindel-paket","status":"publish","type":"product","link":"https:\/\/jovoh.com\/de\/produkt\/deluxe-wollwindel-paket\/","title":{"rendered":"Deluxe Wollwindel-Paket"},"content":{"rendered":"<h5><strong>Zus\u00e4tzliche Informationen zum Deluxe Wollwindel-Paket<\/strong><\/h5>\n<p><span style=\"text-decoration: underline;\">Woll\u00fcberhosen<\/span><\/p>\n<ul>\n<li>Informationen zum Waschen und Fetten der Wollbez\u00fcge findest du <a href=\"https:\/\/jovoh.com\/de\/pflege-von-wollwindeln\/\">hier<\/a>.<\/li>\n<li>Vor dem ersten Gebrauch muss die Woll\u00fcberhose in einem Lanolinebad gefettet werden.<\/li>\n<li>Bei niedriger Geschwindigkeit im Wollwaschprogramm der Waschmaschine oder von Hand waschen.<\/li>\n<li>Kein Trockner. Keine chemische Reinigung. Nicht b\u00fcgeln.  <\/li>\n<li>Hersteller: Jovoh Design, Karel Doormanlaan 193, 3572NW Utrecht, Niederlande | info@jovoh.com<\/li>\n<\/ul>\n<p><span style=\"text-decoration: underline;\">Saugeinlagen<\/span><\/p>\n<ul>\n<li>Die Saugeinlagen m\u00fcssen mehrmals gewaschen werden, um eine vollst\u00e4ndige Absorption zu erreichen.<br \/>\nUm den Prozess zu beschleunigen, weiche sie vor dem ersten Gebrauch \u00fcber Nacht in Wasser ein.<br \/>\nWasche sie anschlie\u00dfend bei maximal 60 \u00b0C und trockne sie bei niedriger Temperatur im Trockner.<\/li>\n<li>Baumwolle Flat und Baumwolle Liner: 100% Bio-Baumwolle (kbA)<\/li>\n<li>Hanf Flat und Hanf Booster: 55% Hanf, 45% Bio-Baumwolle (kbA)<\/li>\n<li>Hersteller: Jovoh Design, Karel Doormanlaan 193, 3572NW Utrecht, Niederlande | info@jovoh.com<\/li>\n<\/ul>\n<p><span style=\"text-decoration: underline;\">Bio-Wollwaschseife (Lanolinseife)<\/span><\/p>\n<ul>\n<li>Gewicht: ca. 100 g<\/li>\n<li>Natural: Cocos Nucifera \u00d6l*, Lanoline, Sodium Hydroxide*, Europ\u00e4isches Olea-Frucht\u00f6l*, Wasser, Ricinus-Communis-Samen\u00f6l*<\/li>\n<li>Citrus: Cocos Nucifera \u00d6l*, Lanolin, Natriumhydroxid*, Europ\u00e4isches Olea-Frucht\u00f6l*, Wasser, \u00c4therische \u00d6le* (Orange, Zitronengras, Citrus, Petitgrain), Ricinus-Communis-Samen\u00f6l*, Limonene*, Citral*, Geranoil*, Linalool*<br \/>\n(* zertifizierter biologischer Ursprung)<\/li>\n<li>Hersteller: Werfzeep, Westerkade 30, 3511 HC Utrecht, Niederlande | post@werfzeep.nl<\/li>\n<\/ul>\n<p><span style=\"text-decoration: underline;\">Lanolin<\/span><\/p>\n<ul>\n<li>Gewicht: 200 g<\/li>\n<li>Reine wasserfreie Lanoline (100%)<\/li>\n<li>Nach dem \u00d6ffnen 6 Monate haltbar<\/li>\n<li>Von mulesingfreien Sch\u00e4fereien<\/li>\n<li>Hersteller: K\u00fcstenseifen Manufaktur, Koitenhagen 5, 18461 Weitenhagen, Deutschland<\/li>\n<\/ul>\n<p><span style=\"text-decoration: underline;\">Olivenseifenflocken<\/span><\/p>\n<ul>\n<li>Gewicht: ca. 250 g<\/li>\n<li>Lieferung in einem wiederverwendbaren Leinenbeutel<\/li>\n<li>Oliven\u00f6l, Natriumhydroxid, Wasser, und Salz<\/li>\n<li>Keine Zusatzstoffe, Farbstoffe oder Duftstoffe<\/li>\n<li>Kein Palm\u00f6l<\/li>\n<li>pH 9-11<\/li>\n<li>Hersteller: Mercaterra, 70 tr. du Tonkin 13010 Marseille, Frankreich <\/li>\n<\/ul>\n<p><span style=\"text-decoration: underline;\">Olivenseife<\/span><\/p>\n<ul>\n<li>Gewicht: ca. 140 g<\/li>\n<li>Oliven\u00f6l, Natriumhydroxid, Wasser und Salz<\/li>\n<li>Freies Alkali 0,1%<\/li>\n<li>Keine Zusatzstoffe, Farbstoffe oder Duftstoffe<\/li>\n<li>Kein Palm\u00f6l<\/li>\n<li>pH ~8<\/li>\n<li>Hersteller: Patounis, 9 Ioannou Theotoki Street, Korfu 49100, Griechenland | info@patounis.gr<\/li>\n<\/ul>\n<p>&nbsp;<\/p>\n<h5><strong>Einstiegsguide von \u201e<a style=\"color: #000000;\" href=\"https:\/\/www.facebook.com\/die.stoff.wickler\/\"><span style=\"color: #000000;\">Die Stoffwickler<\/span><\/a>\u201c<\/strong><\/h5>\n<p>Der Guide deckt die folgenden Themen ab und ist eine gro\u00dfe Hilfe f\u00fcr den Start mit deinem Deluxe-Wollwindelpaket:<\/p>\n<ul>\n<li>Erstens, wie man Stoffwindeln benutzt (z.B. wie man eine Windel anlegt)<\/li>\n<li>Die verschiedenen Arten\/Materialien von Stoffwindeln und Saugeinlagen<\/li>\n<li>Falttechniken von Prefolds und Mullwindeln<\/li>\n<li>Fetten und Reinigen von Wollwindeln<\/li>\n<li>Waschen von Stoffwindeln und Saugeinlagen<\/li>\n<li>Unterwegs mit Stoffwindeln<\/li>\n<li>Und schlie\u00dflich weitere n\u00fctzliche Themen, die dir das Leben leichter machen<\/li>\n<\/ul>\n<p>&nbsp;<\/p>\n<p>&nbsp;<\/p>\n","protected":false},"excerpt":{"rendered":"<p><em>Verwende den Code \u201e<strong>BundleDeluxe<\/strong>\u201c an der Kasse, um 5% Rabatt auf das Deluxe-Wollwindelpaket und sechs Woll\u00fcberhosen deiner Wahl zu erhalten (m\u00fcssen separat in den Warenkorb gelegt werden). <span style=\"text-decoration: underline;\">Der Gesamtpreis des Deluxe-Pakets ist also dieses Paket <strong>plus<\/strong> die Woll\u00fcberhosen<\/span>. <\/em><\/p>\n<p>&nbsp;<\/p>\n<p class=\"p1\">Das Deluxe-Wollwindelpaket verbindet Komfort und Nachhaltigkeit und ist f\u00fcr den Vollzeitgebrauch von Wollwindeln konzipiert. Die aus feinster Bio-Merinowolle hergestellten Windeln sind weich, atmungsaktiv und die perfekte Wahl die empfindliche Haut von Babys. <\/p>\n<p class=\"p1\">Das Paket enth\u00e4lt alles, was du f\u00fcr deinen Start in die Welt der Woolwindeln brauchst. Es enth\u00e4lt Woll\u00fcberhosen aus reiner Bio-Merinowolle oder aus (Bio-)Baumwolle und Merinowolle. Neben den Woll\u00fcberhosen findest du Saugeinlagen, die zuverl\u00e4ssigen Schutz und langanhaltenden Komfort bieten, auch w\u00e4hrend der Nacht. Um das Paket abzurunden, haben wir alle wichtigen Pflegeprodukte f\u00fcr deine Wollwindeln beigelegt. Diese Produkte wurden speziell ausgew\u00e4hlt, um die Wolle zu n\u00e4hren und zu sch\u00fctzen, damit sie \u00fcber Monate hinweg weich, effektiv und langlebig bleibt.    <\/p>\n<p>&nbsp;<\/p>\n<p><strong>Woll\u00fcberhosen deiner Wahl<\/strong><\/p>\n<p>Mit dem Deluxe-Wollwindelpaket hast du die Flexibilit\u00e4t, sechs <a href=\"https:\/\/jovoh.com\/de\/produkt-kategorie\/wollwindeln\/\">Woll\u00fcberhosen<\/a> auszuw\u00e4hlen, die auf die Bed\u00fcrfnisse deines Babys zugeschnitten sind. Je nach Wunsch kannst du zwischen Woll\u00fcberhosen aus 100% Wolle oder Baumwolle\/Wolle w\u00e4hlen. F\u00fcr Neugeborene empfehlen wir, drei Woll\u00fcberhosen in Gr\u00f6\u00dfe 1 auszuw\u00e4hlen, um in den ersten Wochen einen guten und bequemen Sitz zu gew\u00e4hrleisten. Es ist auch eine gute Idee, mindestens eine \u00dcberhose in Gr\u00f6\u00dfe 2 hinzuzuf\u00fcgen, da Babys schnell wachsen und diese Gr\u00f6\u00dfe einen reibungslosen \u00dcbergang gew\u00e4hrleistet. F\u00fcr die restlichen 2 \u00dcberhosen kannst du zwischen Gr\u00f6\u00dfe 2, Gr\u00f6\u00dfe 3 oder Onesize-Gr\u00f6\u00dfen w\u00e4hlen. Die Onesize-Gr\u00f6\u00dfe gibt es allerdings nur f\u00fcr Baumwolle\/Wolle \u00dcberhosen Wir empfehlen au\u00dferdem, mindestens eine \u00dcberhosen aus 100% Wolle zu verwenden, um die Intervalle zwischen den Windelwechseln verl\u00e4ngern zu k\u00f6nnen.<\/p>\n<p>&nbsp;<\/p>\n<p><strong>Einstiegsguide von \u201eDie Stoffwickler\u201c<\/strong><\/p>\n<p>Au\u00dferdem beinhaltet das Paket den Einstiegsguide zum Wickeln mit Stoffwindeln von \u201e<span style=\"color: #67788c;\"><span style=\"color: #000000;\">Die Stoffwickler<\/span><\/span>\u201c mit besonderem Schwerpunkt auf Wolle. Gesprochene Sprache ist Deutsch. Der Kurs beinhaltet zw\u00f6lf Videos und ein Kursbuch. Der Einstiegsguide ist 49\u20ac wert, aber du erh\u00e4ltst ihn kostenlos zum Basispaket dazu. Weiterf\u00fchrende Information siehe unten.<\/p>\n<p>&nbsp;<\/p>\n<p><strong>Lieferumfang des Deluxe Wollwindel-Paketes:<\/strong><\/p>\n<ul>\n<li>25 <a href=\"https:\/\/jovoh.com\/de\/produkt\/cotton-terrycloth-folding-insert\/\">Baumwolle Flat<\/a><\/li>\n<li>10 <a href=\"https:\/\/jovoh.com\/de\/produkt\/cotton-terrycloth-liner\/\">Baumwolle Liner<\/a><\/li>\n<li>10 <a href=\"https:\/\/jovoh.com\/de\/produkt\/hemp-cotton-folding-insert\/\">Hanf Flat<\/a><\/li>\n<li>10 <a href=\"https:\/\/jovoh.com\/de\/produkt\/hemp-cotton-booster-long\/\">Hanf Booster | lang<\/a><\/li>\n<li>5 <a href=\"https:\/\/jovoh.com\/de\/produkt\/hemp-cotton-booster-short\/\">Hanf Booster | kurz<\/a><\/li>\n<li>1 <a href=\"https:\/\/jovoh.com\/de\/produkt\/windelvlies\/\">Windelvlies<\/a><\/li>\n<li>2 <a href=\"https:\/\/jovoh.com\/de\/produkt\/windelklammer\/\">Windelklammer<\/a><\/li>\n<li>1 <a href=\"https:\/\/jovoh.com\/de\/produkt\/lanolin\/\">Lanolin, 200 g<\/a><\/li>\n<li>2 <a href=\"https:\/\/jovoh.com\/de\/produkt-kategorie\/pflegeprodukte\/wollwaschseife\/\">Wolwaszeep (Lanolinezeep)<\/a><\/li>\n<li>1 <a href=\"https:\/\/jovoh.com\/de\/produkt\/patounis-olive-curd-soap\/\">Olivenseife<\/a><\/li>\n<li>2 <a href=\"https:\/\/jovoh.com\/de\/produkt\/green-olive-soap-flakes\/\">Olivenseifenflocken, 250 g<\/a><\/li>\n<li>1 <a href=\"https:\/\/jovoh.com\/de\/produkt-kategorie\/accessoires-de\/wet-bag-de\/\">Wetbag<\/a><\/li>\n<li>1 <a href=\"https:\/\/jovoh.com\/de\/produkt\/buerste-100-natuerlich\/\">Nat\u00fcrliche B\u00fcrste<\/a><\/li>\n<li>Einsteigerhandbuch von &#8216;Die Stoffwickler&#8217;<\/li>\n<\/ul>\n<p>&nbsp;<\/p>\n<p><strong>Der Bestellprozess<\/strong><\/p>\n<ul>\n<li>W\u00e4hle die Farbe des <a href=\"https:\/\/jovoh.com\/de\/produkt-kategorie\/accessoires-de\/wet-bag-de\/\">Wet Bags<\/a> und den Typ <a href=\"https:\/\/jovoh.com\/de\/produkt-kategorie\/pflegeprodukte\/wollwaschseife\/\">Lanolinseife<\/a> aus dem untenstehenden Dropdown-Men\u00fc<\/li>\n<li>Lege das Deluxe Wollwindel-Paket in den Warenkorb<\/li>\n<li>Lege die sechs <a href=\"https:\/\/jovoh.com\/de\/produkt-kategorie\/wollwindeln\/\">Woll\u00fcberhosen<\/a> in den Warenkorb<\/li>\n<li>Verwende den Code \u201e<strong>BundleDeluxe<\/strong>\u201c an der Kasse, um 5% Rabatt auf das Deluxe-Wollwindelpaket und sechs Woll\u00fcberhosen deiner Wahl zu erhalten (m\u00fcssen separat in den Warenkorb gelegt werden). Gib den Code in das Feld \u201eGutscheincode\u201c ein und klicke auf \u201eGutschein anwenden\u201c. Der Rabatt wird von der Zwischensumme abgezogen. <\/li>\n<\/ul>\n<p>&nbsp;<\/p>\n<p>Bearbeitungszeit: 10-15 Arbeitstage<\/p>\n<p>&nbsp;<\/p>\n","protected":false},"featured_media":31844,"template":"","meta":{"kt_blocks_editor_width":""},"product_brand":[],"product_cat":[138],"product_tag":[],"class_list":{"0":"post-31701","1":"product","2":"type-product","3":"status-publish","4":"has-post-thumbnail","6":"product_cat-pakete","8":"first","9":"instock","10":"taxable","11":"shipping-taxable","12":"purchasable","13":"product-type-variable"},"yoast_head":"<!-- This site is optimized with the Yoast SEO plugin v27.5 - https:\/\/yoast.com\/product\/yoast-seo-wordpress\/ -->\n<title>Deluxe Wollwindel-Paket -<\/title>\n<meta name=\"description\" content=\"Das Deluxe-Windelpaket aus Wolle kombiniert perfekt Komfort und Nachhaltigkeit. Alles, was Sie brauchen, um ganzt\u00e4gig mit Wolle zu wickeln.\" \/>\n<meta name=\"robots\" content=\"index, follow, max-snippet:-1, max-image-preview:large, max-video-preview:-1\" \/>\n<link rel=\"canonical\" href=\"https:\/\/jovoh.com\/de\/produkt\/deluxe-wollwindel-paket\/\" \/>\n<meta property=\"og:locale\" content=\"de_DE\" \/>\n<meta property=\"og:type\" content=\"article\" \/>\n<meta property=\"og:title\" content=\"Deluxe Wollwindel-Paket -\" \/>\n<meta property=\"og:description\" content=\"Das Deluxe-Windelpaket aus Wolle kombiniert perfekt Komfort und Nachhaltigkeit. Alles, was Sie brauchen, um ganzt\u00e4gig mit Wolle zu wickeln.\" \/>\n<meta property=\"og:url\" content=\"https:\/\/jovoh.com\/de\/produkt\/deluxe-wollwindel-paket\/\" \/>\n<meta property=\"article:publisher\" content=\"https:\/\/www.instagram.com\/jovoh_nappy\/\" \/>\n<meta property=\"article:modified_time\" content=\"2025-11-09T20:06:59+00:00\" \/>\n<meta property=\"og:image\" content=\"https:\/\/jovoh.com\/wp-content\/uploads\/2025\/01\/10-1.png\" \/>\n\t<meta property=\"og:image:width\" content=\"1080\" \/>\n\t<meta property=\"og:image:height\" content=\"1080\" \/>\n\t<meta property=\"og:image:type\" content=\"image\/png\" \/>\n<meta name=\"twitter:card\" content=\"summary_large_image\" \/>\n<meta name=\"twitter:label1\" content=\"Est. reading time\" \/>\n\t<meta name=\"twitter:data1\" content=\"2 minutes\" \/>\n<script type=\"application\/ld+json\" class=\"yoast-schema-graph\">{\"@context\":\"https:\\\/\\\/schema.org\",\"@graph\":[{\"@type\":\"WebPage\",\"@id\":\"https:\\\/\\\/jovoh.com\\\/de\\\/produkt\\\/deluxe-wollwindel-paket\\\/\",\"url\":\"https:\\\/\\\/jovoh.com\\\/de\\\/produkt\\\/deluxe-wollwindel-paket\\\/\",\"name\":\"Deluxe Wollwindel-Paket -\",\"isPartOf\":{\"@id\":\"https:\\\/\\\/jovoh.com\\\/de\\\/#website\"},\"primaryImageOfPage\":{\"@id\":\"https:\\\/\\\/jovoh.com\\\/de\\\/produkt\\\/deluxe-wollwindel-paket\\\/#primaryimage\"},\"image\":{\"@id\":\"https:\\\/\\\/jovoh.com\\\/de\\\/produkt\\\/deluxe-wollwindel-paket\\\/#primaryimage\"},\"thumbnailUrl\":\"https:\\\/\\\/jovoh.com\\\/wp-content\\\/uploads\\\/2025\\\/01\\\/10-1.png\",\"datePublished\":\"2025-01-10T11:45:54+00:00\",\"dateModified\":\"2025-11-09T20:06:59+00:00\",\"description\":\"Das Deluxe-Windelpaket aus Wolle kombiniert perfekt Komfort und Nachhaltigkeit. Alles, was Sie brauchen, um ganzt\u00e4gig mit Wolle zu wickeln.\",\"breadcrumb\":{\"@id\":\"https:\\\/\\\/jovoh.com\\\/de\\\/produkt\\\/deluxe-wollwindel-paket\\\/#breadcrumb\"},\"inLanguage\":\"de-DE\",\"potentialAction\":[{\"@type\":\"ReadAction\",\"target\":[\"https:\\\/\\\/jovoh.com\\\/de\\\/produkt\\\/deluxe-wollwindel-paket\\\/\"]}]},{\"@type\":\"ImageObject\",\"inLanguage\":\"de-DE\",\"@id\":\"https:\\\/\\\/jovoh.com\\\/de\\\/produkt\\\/deluxe-wollwindel-paket\\\/#primaryimage\",\"url\":\"https:\\\/\\\/jovoh.com\\\/wp-content\\\/uploads\\\/2025\\\/01\\\/10-1.png\",\"contentUrl\":\"https:\\\/\\\/jovoh.com\\\/wp-content\\\/uploads\\\/2025\\\/01\\\/10-1.png\",\"width\":1080,\"height\":1080,\"caption\":\"Deluxe Wool Nappy Package\"},{\"@type\":\"BreadcrumbList\",\"@id\":\"https:\\\/\\\/jovoh.com\\\/de\\\/produkt\\\/deluxe-wollwindel-paket\\\/#breadcrumb\",\"itemListElement\":[{\"@type\":\"ListItem\",\"position\":1,\"name\":\"Home\",\"item\":\"https:\\\/\\\/jovoh.com\\\/de\\\/\"},{\"@type\":\"ListItem\",\"position\":2,\"name\":\"Shop\",\"item\":\"https:\\\/\\\/jovoh.com\\\/shop\\\/\"},{\"@type\":\"ListItem\",\"position\":3,\"name\":\"Deluxe Wollwindel-Paket\"}]},{\"@type\":\"WebSite\",\"@id\":\"https:\\\/\\\/jovoh.com\\\/de\\\/#website\",\"url\":\"https:\\\/\\\/jovoh.com\\\/de\\\/\",\"name\":\"jovoh\",\"description\":\"\",\"publisher\":{\"@id\":\"https:\\\/\\\/jovoh.com\\\/de\\\/#organization\"},\"potentialAction\":[{\"@type\":\"SearchAction\",\"target\":{\"@type\":\"EntryPoint\",\"urlTemplate\":\"https:\\\/\\\/jovoh.com\\\/de\\\/?s={search_term_string}\"},\"query-input\":{\"@type\":\"PropertyValueSpecification\",\"valueRequired\":true,\"valueName\":\"search_term_string\"}}],\"inLanguage\":\"de-DE\"},{\"@type\":\"Organization\",\"@id\":\"https:\\\/\\\/jovoh.com\\\/de\\\/#organization\",\"name\":\"Jovoh Design\",\"url\":\"https:\\\/\\\/jovoh.com\\\/de\\\/\",\"logo\":{\"@type\":\"ImageObject\",\"inLanguage\":\"de-DE\",\"@id\":\"https:\\\/\\\/jovoh.com\\\/de\\\/#\\\/schema\\\/logo\\\/image\\\/\",\"url\":\"https:\\\/\\\/jovoh.com\\\/wp-content\\\/uploads\\\/2024\\\/09\\\/Untitled_Artwork.png\",\"contentUrl\":\"https:\\\/\\\/jovoh.com\\\/wp-content\\\/uploads\\\/2024\\\/09\\\/Untitled_Artwork.png\",\"width\":1420,\"height\":929,\"caption\":\"Jovoh Design\"},\"image\":{\"@id\":\"https:\\\/\\\/jovoh.com\\\/de\\\/#\\\/schema\\\/logo\\\/image\\\/\"},\"sameAs\":[\"https:\\\/\\\/www.instagram.com\\\/jovoh_nappy\\\/\"]}]}<\/script>\n<!-- \/ Yoast SEO plugin. -->","yoast_head_json":{"title":"Deluxe Wollwindel-Paket -","description":"Das Deluxe-Windelpaket aus Wolle kombiniert perfekt Komfort und Nachhaltigkeit. Alles, was Sie brauchen, um ganzt\u00e4gig mit Wolle zu wickeln.","robots":{"index":"index","follow":"follow","max-snippet":"max-snippet:-1","max-image-preview":"max-image-preview:large","max-video-preview":"max-video-preview:-1"},"canonical":"https:\/\/jovoh.com\/de\/produkt\/deluxe-wollwindel-paket\/","og_locale":"de_DE","og_type":"article","og_title":"Deluxe Wollwindel-Paket -","og_description":"Das Deluxe-Windelpaket aus Wolle kombiniert perfekt Komfort und Nachhaltigkeit. Alles, was Sie brauchen, um ganzt\u00e4gig mit Wolle zu wickeln.","og_url":"https:\/\/jovoh.com\/de\/produkt\/deluxe-wollwindel-paket\/","article_publisher":"https:\/\/www.instagram.com\/jovoh_nappy\/","article_modified_time":"2025-11-09T20:06:59+00:00","og_image":[{"width":1080,"height":1080,"url":"https:\/\/jovoh.com\/wp-content\/uploads\/2025\/01\/10-1.png","type":"image\/png"}],"twitter_card":"summary_large_image","twitter_misc":{"Est. reading time":"2 minutes"},"schema":{"@context":"https:\/\/schema.org","@graph":[{"@type":"WebPage","@id":"https:\/\/jovoh.com\/de\/produkt\/deluxe-wollwindel-paket\/","url":"https:\/\/jovoh.com\/de\/produkt\/deluxe-wollwindel-paket\/","name":"Deluxe Wollwindel-Paket -","isPartOf":{"@id":"https:\/\/jovoh.com\/de\/#website"},"primaryImageOfPage":{"@id":"https:\/\/jovoh.com\/de\/produkt\/deluxe-wollwindel-paket\/#primaryimage"},"image":{"@id":"https:\/\/jovoh.com\/de\/produkt\/deluxe-wollwindel-paket\/#primaryimage"},"thumbnailUrl":"https:\/\/jovoh.com\/wp-content\/uploads\/2025\/01\/10-1.png","datePublished":"2025-01-10T11:45:54+00:00","dateModified":"2025-11-09T20:06:59+00:00","description":"Das Deluxe-Windelpaket aus Wolle kombiniert perfekt Komfort und Nachhaltigkeit. Alles, was Sie brauchen, um ganzt\u00e4gig mit Wolle zu wickeln.","breadcrumb":{"@id":"https:\/\/jovoh.com\/de\/produkt\/deluxe-wollwindel-paket\/#breadcrumb"},"inLanguage":"de-DE","potentialAction":[{"@type":"ReadAction","target":["https:\/\/jovoh.com\/de\/produkt\/deluxe-wollwindel-paket\/"]}]},{"@type":"ImageObject","inLanguage":"de-DE","@id":"https:\/\/jovoh.com\/de\/produkt\/deluxe-wollwindel-paket\/#primaryimage","url":"https:\/\/jovoh.com\/wp-content\/uploads\/2025\/01\/10-1.png","contentUrl":"https:\/\/jovoh.com\/wp-content\/uploads\/2025\/01\/10-1.png","width":1080,"height":1080,"caption":"Deluxe Wool Nappy Package"},{"@type":"BreadcrumbList","@id":"https:\/\/jovoh.com\/de\/produkt\/deluxe-wollwindel-paket\/#breadcrumb","itemListElement":[{"@type":"ListItem","position":1,"name":"Home","item":"https:\/\/jovoh.com\/de\/"},{"@type":"ListItem","position":2,"name":"Shop","item":"https:\/\/jovoh.com\/shop\/"},{"@type":"ListItem","position":3,"name":"Deluxe Wollwindel-Paket"}]},{"@type":"WebSite","@id":"https:\/\/jovoh.com\/de\/#website","url":"https:\/\/jovoh.com\/de\/","name":"jovoh","description":"","publisher":{"@id":"https:\/\/jovoh.com\/de\/#organization"},"potentialAction":[{"@type":"SearchAction","target":{"@type":"EntryPoint","urlTemplate":"https:\/\/jovoh.com\/de\/?s={search_term_string}"},"query-input":{"@type":"PropertyValueSpecification","valueRequired":true,"valueName":"search_term_string"}}],"inLanguage":"de-DE"},{"@type":"Organization","@id":"https:\/\/jovoh.com\/de\/#organization","name":"Jovoh Design","url":"https:\/\/jovoh.com\/de\/","logo":{"@type":"ImageObject","inLanguage":"de-DE","@id":"https:\/\/jovoh.com\/de\/#\/schema\/logo\/image\/","url":"https:\/\/jovoh.com\/wp-content\/uploads\/2024\/09\/Untitled_Artwork.png","contentUrl":"https:\/\/jovoh.com\/wp-content\/uploads\/2024\/09\/Untitled_Artwork.png","width":1420,"height":929,"caption":"Jovoh Design"},"image":{"@id":"https:\/\/jovoh.com\/de\/#\/schema\/logo\/image\/"},"sameAs":["https:\/\/www.instagram.com\/jovoh_nappy\/"]}]}},"_links":{"self":[{"href":"https:\/\/jovoh.com\/de\/wp-json\/wp\/v2\/product\/31701","targetHints":{"allow":["GET"]}}],"collection":[{"href":"https:\/\/jovoh.com\/de\/wp-json\/wp\/v2\/product"}],"about":[{"href":"https:\/\/jovoh.com\/de\/wp-json\/wp\/v2\/types\/product"}],"wp:featuredmedia":[{"embeddable":true,"href":"https:\/\/jovoh.com\/de\/wp-json\/wp\/v2\/media\/31844"}],"wp:attachment":[{"href":"https:\/\/jovoh.com\/de\/wp-json\/wp\/v2\/media?parent=31701"}],"wp:term":[{"taxonomy":"product_brand","embeddable":true,"href":"https:\/\/jovoh.com\/de\/wp-json\/wp\/v2\/product_brand?post=31701"},{"taxonomy":"product_cat","embeddable":true,"href":"https:\/\/jovoh.com\/de\/wp-json\/wp\/v2\/product_cat?post=31701"},{"taxonomy":"product_tag","embeddable":true,"href":"https:\/\/jovoh.com\/de\/wp-json\/wp\/v2\/product_tag?post=31701"}],"curies":[{"name":"wp","href":"https:\/\/api.w.org\/{rel}","templated":true}]}}