{"id":59554,"date":"2025-10-28T13:39:40","date_gmt":"2025-10-28T12:39:40","guid":{"rendered":"https:\/\/jovoh.com\/?post_type=product&#038;p=59554"},"modified":"2026-04-23T11:40:24","modified_gmt":"2026-04-23T10:40:24","slug":"startpaket-neu","status":"publish","type":"product","link":"https:\/\/jovoh.com\/de\/produkt\/startpaket-neu\/","title":{"rendered":"Startpaket"},"content":{"rendered":"<h5><span style=\"color: #000000;\"><strong style=\"font-family: inherit;\">M\u00f6gliche Kombinationen der Saugeinlagen<\/strong><\/span><\/h5>\n<p>Bei der Kombination von Saugeinlagen gibt es eine Faustregel, die beachtet werden muss: Schnell saugende Baumwolle liegt immer Kontakt zum Kind, Hanfeinlagen werden darunter gelegt. Hanf saugt mehr Feuchtigkeit auf als Baumwolle, daf\u00fcr aber verh\u00e4ltnism\u00e4\u00dfig langsam.<\/p>\n<ul>\n<li>Das <a href=\"https:\/\/jovoh.com\/de\/produkt\/cotton-terrycloth-folding-insert\/\" target=\"_blank\" rel=\"noopener\">Baumwolle Flat<\/a> wird an der langen Seite dreifach gefaltet und direkt in die \u00dcberhose gelegt. Achte darauf, dass die Saugeinlage bis zum Rand der \u00dcberhose reicht, aber nicht dar\u00fcber hinaus. Andernfalls kann es zu Leckagen kommen.  <\/li>\n<li>F\u00fcr mehr Saugkraft wird der Frottee-Flat mit einem <a href=\"\/?product_cat=hemp-cotton-booster\" target=\"_blank\" rel=\"noopener\">Hanf-Booster<\/a> kombiniert: Auf der gesamten L\u00e4nge (<a href=\"https:\/\/jovoh.com\/de\/produkt\/hemp-cotton-booster-long\/\" target=\"_blank\" rel=\"noopener\">Booster \u2013 lang<\/a>) oder punktuell (<a href=\"https:\/\/jovoh.com\/de\/produkt\/hemp-cotton-booster-short\/\" target=\"_blank\" rel=\"noopener\">Booster \u2013 kurz<\/a>), wo die Absorption am gr\u00f6\u00dften sein muss. Bei Jungen eher vorne und bei M\u00e4dchen in der Mitte der Windel. <\/li>\n<li>Das <a href=\"https:\/\/jovoh.com\/de\/produkt\/hemp-cotton-folding-insert\/\">Hanf Flat<\/a> wird direkt in die Woll\u00fcberhose gelegt. Falte die Saugeinlagen bei Woll\u00fcberhosen der Gr\u00f6\u00dfe 1 entlang der langen Seite und f\u00fcr die Gr\u00f6\u00dfen 2 und 3 entlang der kurzen Seite. Kombiniere diese mit einem Baumwolle-Liner oder einer Mullwindel.  Reine Baumwolle nimmt Feuchtigkeit schnell auf und leitet sie nach unten, wo sie in der Hanfeinlage gespeichert wird.<\/li>\n<\/ul>\n<p>&nbsp;<\/p>\n<h5><span style=\"color: #000000;\"><strong>Einstiegsguide von \u201e<a style=\"color: #000000;\" href=\"https:\/\/www.facebook.com\/die.stoff.wickler\/\">Die Stoffwickler<\/a>\u201c<\/strong><\/span><\/h5>\n<p>Der Leitfaden behandelt die folgenden Themen und hilft dir dabei, dein Startpaket erfolgreich zu nutzen:<\/p>\n<ul>\n<li>Erstens, wie man Stoffwindeln benutzt (z.B. wie man eine Windel anlegt)<\/li>\n<li>Die verschiedenen Arten\/Materialien von Stoffwindeln und Saugeinlagen<\/li>\n<li>Falttechniken von Prefolds und Mullwindeln<\/li>\n<li>Fetten und Reinigen von Wollwindeln<\/li>\n<li>Waschen von Stoffwindeln und Saugeinlagen<\/li>\n<li>Unterwegs mit Stoffwindeln<\/li>\n<li>Und schlie\u00dflich weitere n\u00fctzliche Themen, die dir das Leben leichter machen<\/li>\n<\/ul>\n<p>&nbsp;<\/p>\n<h5><span style=\"color: #000000;\"><strong>Weitere Informationen zum Startpaket<\/strong><\/span><\/h5>\n<p><span style=\"text-decoration: underline;\">Woll\u00fcberhosen<\/span><\/p>\n<ul>\n<li>Informationen zum Waschen und Fetten der Wollbez\u00fcge findest du <a href=\"https:\/\/jovoh.com\/de\/pflege-von-wollwindeln\/\">hier<\/a>.<\/li>\n<li>Vor dem ersten Gebrauch muss die Woll\u00fcberhose in einem Lanolinebad gefettet werden.<\/li>\n<li>Bei niedriger Geschwindigkeit im Wollwaschprogramm der Waschmaschine oder von Hand waschen.<\/li>\n<li>Kein Trockner. Keine chemische Reinigung. Nicht b\u00fcgeln.  <\/li>\n<li>Hersteller: Jovoh Design, Karel Doormanlaan 193, 3572NW Utrecht, Niederlande | info@jovoh.com<\/li>\n<\/ul>\n<p><span style=\"text-decoration: underline;\">Saugeinlagen<\/span><\/p>\n<ul>\n<li>Die Saugeinlagen m\u00fcssen mehrmals gewaschen werden, um eine vollst\u00e4ndige Absorption zu erreichen.<br \/>\nUm den Prozess zu beschleunigen, weiche sie vor dem ersten Gebrauch \u00fcber Nacht in Wasser ein.<br \/>\nWasche sie anschlie\u00dfend bei maximal 60 \u00b0C und trockne sie bei niedriger Temperatur im Trockner.<\/li>\n<li>Baumwolle Flat und Baumwolle Liner: 100% Bio-Baumwolle (kbA)<\/li>\n<li>Hanf Flat und Hanf Booster: 55% Hanf, 45% Bio-Baumwolle (kbA)<\/li>\n<li>Hersteller: Jovoh Design, Karel Doormanlaan 193, 3572NW Utrecht, Niederlande | info@jovoh.com<\/li>\n<\/ul>\n<p><span style=\"text-decoration: underline;\">Bio-Wollwaschseife (Lanolinseife)<\/span><\/p>\n<ul>\n<li>Gewicht: ca. 100 g<\/li>\n<li>Natural: Cocos Nucifera \u00d6l*, Lanoline, Sodium Hydroxide*, Europ\u00e4isches Olea-Frucht\u00f6l*, Wasser, Ricinus-Communis-Samen\u00f6l*<\/li>\n<li>Citrus: Cocos Nucifera \u00d6l*, Lanolin, Natriumhydroxid*, Europ\u00e4isches Olea-Frucht\u00f6l*, Wasser, \u00c4therische \u00d6le* (Orange, Zitronengras, Citrus, Petitgrain), Ricinus-Communis-Samen\u00f6l*, Limonene*, Citral*, Geranoil*, Linalool*<br \/>\n(* zertifizierter biologischer Ursprung)<\/li>\n<li>Hersteller: Werfzeep, Westerkade 30, 3511 HC Utrecht, Niederlande | post@werfzeep.nl<\/li>\n<\/ul>\n<p><span style=\"text-decoration: underline;\">Lanolin<\/span><\/p>\n<ul>\n<li>Gewicht: 200 g<\/li>\n<li>Reine wasserfreie Lanoline (100%)<\/li>\n<li>Nach dem \u00d6ffnen 6 Monate haltbar<\/li>\n<li>Von mulesingfreien Sch\u00e4fereien<\/li>\n<li>Hersteller: K\u00fcstenseifen Manufaktur, Koitenhagen 5, 18461 Weitenhagen, Deutschland<\/li>\n<\/ul>\n<p><span style=\"text-decoration: underline;\">Olivenseifenflocken<\/span><\/p>\n<ul>\n<li>Gewicht: ca. 250 g<\/li>\n<li>Lieferung in einem wiederverwendbaren Leinenbeutel<\/li>\n<li>Oliven\u00f6l, Natriumhydroxid, Wasser, und Salz<\/li>\n<li>Keine Zusatzstoffe, Farbstoffe oder Duftstoffe<\/li>\n<li>Kein Palm\u00f6l<\/li>\n<li>pH 9-11<\/li>\n<li>Hersteller: Mercaterra, 70 tr. du Tonkin 13010 Marseille, Frankreich <\/li>\n<\/ul>\n","protected":false},"excerpt":{"rendered":"<p>Das Startpaket ist der perfekte Einstieg in die wunderbare Welt der Wollwindeln. Es enth\u00e4lt eine Woll\u00fcberhose deiner Wahl, festes Lanolin zum Fetten, eine Probepackung gr\u00fcne Olivenseifenflocken, eine spezielle Wollwaschseife (Lanolinseife) und sechs Saugeinlagen. Weitere Informationen zur Kombination der verschiedenen Einlagen findest du weiter unten.  <\/p>\n<p>Das Paket enth\u00e4lt standard eine Woll\u00fcberhose, aber eine zweite ist im Grunde eine gro\u00dfartige Idee! Mit zwei Woll\u00fcberhosen hast du immer eine Ersatzwindel parat, wenn eine trocknet oder in der W\u00e4sche ist. Und das Beste daran? <strong>Du kannst deiner Bestellung ganz einfach eine zus\u00e4tzliche Woll\u00fcberhose hinzuf\u00fcgen<\/strong>. W\u00e4hle einfach eine aus dem Shop aus, lege sie in den Warenkorb und f\u00fcge an der Kasse den Code \u201e<strong>Starter10<\/strong>\u201c ein. Dein Rabatt von 10% wird automatisch abgezogen.    <\/p>\n<p>&nbsp;<\/p>\n<p><strong>Lieferumfang<\/strong><\/p>\n<ul>\n<li>1 <a href=\"https:\/\/jovoh.com\/de\/produkt-kategorie\/wollwindeln\/\">Woll\u00fcberhose<\/a><\/li>\n<li>1 <a href=\"https:\/\/jovoh.com\/de\/produkt\/cotton-terrycloth-liner\/\">Bio-Baumwolle Liner<\/a><\/li>\n<li>2 <a href=\"https:\/\/jovoh.com\/de\/produkt\/cotton-terrycloth-folding-insert\/\">Bio-Baumwolle Flat<\/a><\/li>\n<li>1 <a href=\"https:\/\/jovoh.com\/de\/produkt\/hemp-cotton-booster-long\/\">Hanf Booster \u2013 lang<\/a><\/li>\n<li>1 <a href=\"https:\/\/jovoh.com\/de\/produkt\/hemp-cotton-booster-short\/\">Hanf Booster <\/a><a href=\"https:\/\/jovoh.com\/de\/produkt\/hemp-cotton-booster-long\/\">\u2013<\/a> <a href=\"https:\/\/jovoh.com\/de\/produkt\/hemp-cotton-booster-short\/\">kurz<\/a><\/li>\n<li>1 <a href=\"https:\/\/jovoh.com\/de\/produkt\/hemp-cotton-folding-insert\/\">Hanf Flat<\/a><\/li>\n<li>1 <a href=\"https:\/\/jovoh.com\/de\/produkt\/lanolin\/\">Lanoline, 40 g<\/a><\/li>\n<li>1 <a href=\"https:\/\/jovoh.com\/de\/produkt\/green-olive-soap-flakes\/\">Gr\u00fcne Olivenseifenflocken<\/a>, 50 g<\/li>\n<li>1 <a href=\"https:\/\/jovoh.com\/de\/produkt-kategorie\/pflegeprodukte\/wollwaschseife\/\">Wollwaschseife<\/a><\/li>\n<\/ul>\n<p>&nbsp;<\/p>\n<p><strong>Einstiegsguide von \u201eDie Stoffwickler\u201c<\/strong><\/p>\n<p>Au\u00dferdem beinhaltet das Paket den Einstiegsguide zum Wickeln mit Stoffwindeln von \u201eDie Stoffwickler\u201c mit besonderem Schwerpunkt auf Wolle. Gesprochene Sprache ist Deutsch. Der Kurs beinhaltet zw\u00f6lf Videos und ein Kursbuch. Der Einstiegsguide ist 49\u20ac wert, aber du erh\u00e4ltst ihn kostenlos zum Basispaket dazu. Weiterf\u00fchrende Information siehe unten.<\/p>\n<p>&nbsp;<\/p>\n<p><strong>Dies k\u00f6nnte auch f\u00fcr dich von Interesse sein<\/strong><\/p>\n<ul>\n<li>Du kannst einen Windelbeutel (auch <a href=\"https:\/\/jovoh.com\/de\/produkt-kategorie\/accessoires-de\/wet-bag-de\/\">Wetbag<\/a> genannt) verwenden, um die gebrauchten Saugeinlagen aufzubewahren. Der Beutel besteht aus recyceltem PUL und kann einfach neben den Wickeltisch geh\u00e4ngt werden. <\/li>\n<li>Um das Wickeln noch nachhaltiger zu gestalten, gibt es bei Jovoh wunderbar weiche <a href=\"https:\/\/jovoh.com\/de\/produkt-kategorie\/accessoires-de\/feuchtuecher\/\">Babyt\u00fccher<\/a>, die in Kombination mit einer Wasser-\u00d6l-Mischung die perfekte Option f\u00fcr eine sanfte Babypflege darstellen.<\/li>\n<li>Wenn dein Baby w\u00e4chst und mehr feste Nahrung zu sich nimmt, ver\u00e4ndert sich auch der Stuhlgang und wird fester. Die Verwendung von <a href=\"https:\/\/jovoh.com\/de\/produkt\/windelvlies\/\">Windelvlies<\/a> ist eine gute M\u00f6glichkeit, die Ausscheidungen aufzufangen und getrennt zu entsorgen.<\/li>\n<\/ul>\n<p>&nbsp;<\/p>\n<p>Bearbeitungszeit: 5-10 Werktage<\/p>\n<p>&nbsp;<\/p>\n<p>&nbsp;<\/p>\n","protected":false},"featured_media":59925,"template":"","meta":{"kt_blocks_editor_width":""},"product_brand":[],"product_cat":[138,276],"product_tag":[],"class_list":{"0":"post-59554","1":"product","2":"type-product","3":"status-publish","4":"has-post-thumbnail","6":"product_cat-pakete","7":"product_cat-startpaket","9":"first","10":"instock","11":"sale","12":"taxable","13":"shipping-taxable","14":"purchasable","15":"product-type-variable"},"yoast_head":"<!-- This site is optimized with the Yoast SEO plugin v27.5 - https:\/\/yoast.com\/product\/yoast-seo-wordpress\/ -->\n<title>Startpaket -<\/title>\n<meta name=\"description\" content=\"Das Startpaket ist der perfekte Einstieg in die Welt der Wollwindeln und bietet dir alles, was du f\u00fcr einen bequemen Start ben\u00f6tigst.\" \/>\n<meta name=\"robots\" content=\"index, follow, max-snippet:-1, max-image-preview:large, max-video-preview:-1\" \/>\n<link rel=\"canonical\" href=\"https:\/\/jovoh.com\/de\/produkt\/startpaket-neu\/\" \/>\n<meta property=\"og:locale\" content=\"de_DE\" \/>\n<meta property=\"og:type\" content=\"article\" \/>\n<meta property=\"og:title\" content=\"Startpaket -\" \/>\n<meta property=\"og:description\" content=\"Das Startpaket ist der perfekte Einstieg in die Welt der Wollwindeln und bietet dir alles, was du f\u00fcr einen bequemen Start ben\u00f6tigst.\" \/>\n<meta property=\"og:url\" content=\"https:\/\/jovoh.com\/de\/produkt\/startpaket-neu\/\" \/>\n<meta property=\"article:publisher\" content=\"https:\/\/www.instagram.com\/jovoh_nappy\/\" \/>\n<meta property=\"article:modified_time\" content=\"2026-04-23T10:40:24+00:00\" \/>\n<meta property=\"og:image\" content=\"https:\/\/jovoh.com\/wp-content\/uploads\/2025\/10\/10.png\" \/>\n\t<meta property=\"og:image:width\" content=\"1080\" \/>\n\t<meta property=\"og:image:height\" content=\"1080\" \/>\n\t<meta property=\"og:image:type\" content=\"image\/png\" \/>\n<meta name=\"twitter:card\" content=\"summary_large_image\" \/>\n<meta name=\"twitter:label1\" content=\"Est. reading time\" \/>\n\t<meta name=\"twitter:data1\" content=\"3 minutes\" \/>\n<script type=\"application\/ld+json\" class=\"yoast-schema-graph\">{\"@context\":\"https:\\\/\\\/schema.org\",\"@graph\":[{\"@type\":\"WebPage\",\"@id\":\"https:\\\/\\\/jovoh.com\\\/de\\\/produkt\\\/startpaket-neu\\\/\",\"url\":\"https:\\\/\\\/jovoh.com\\\/de\\\/produkt\\\/startpaket-neu\\\/\",\"name\":\"Startpaket -\",\"isPartOf\":{\"@id\":\"https:\\\/\\\/jovoh.com\\\/de\\\/#website\"},\"primaryImageOfPage\":{\"@id\":\"https:\\\/\\\/jovoh.com\\\/de\\\/produkt\\\/startpaket-neu\\\/#primaryimage\"},\"image\":{\"@id\":\"https:\\\/\\\/jovoh.com\\\/de\\\/produkt\\\/startpaket-neu\\\/#primaryimage\"},\"thumbnailUrl\":\"https:\\\/\\\/jovoh.com\\\/wp-content\\\/uploads\\\/2025\\\/10\\\/10.png\",\"datePublished\":\"2025-10-28T12:39:40+00:00\",\"dateModified\":\"2026-04-23T10:40:24+00:00\",\"description\":\"Das Startpaket ist der perfekte Einstieg in die Welt der Wollwindeln und bietet dir alles, was du f\u00fcr einen bequemen Start ben\u00f6tigst.\",\"breadcrumb\":{\"@id\":\"https:\\\/\\\/jovoh.com\\\/de\\\/produkt\\\/startpaket-neu\\\/#breadcrumb\"},\"inLanguage\":\"de-DE\",\"potentialAction\":[{\"@type\":\"ReadAction\",\"target\":[\"https:\\\/\\\/jovoh.com\\\/de\\\/produkt\\\/startpaket-neu\\\/\"]}]},{\"@type\":\"ImageObject\",\"inLanguage\":\"de-DE\",\"@id\":\"https:\\\/\\\/jovoh.com\\\/de\\\/produkt\\\/startpaket-neu\\\/#primaryimage\",\"url\":\"https:\\\/\\\/jovoh.com\\\/wp-content\\\/uploads\\\/2025\\\/10\\\/10.png\",\"contentUrl\":\"https:\\\/\\\/jovoh.com\\\/wp-content\\\/uploads\\\/2025\\\/10\\\/10.png\",\"width\":1080,\"height\":1080,\"caption\":\"Starter Package\"},{\"@type\":\"BreadcrumbList\",\"@id\":\"https:\\\/\\\/jovoh.com\\\/de\\\/produkt\\\/startpaket-neu\\\/#breadcrumb\",\"itemListElement\":[{\"@type\":\"ListItem\",\"position\":1,\"name\":\"Home\",\"item\":\"https:\\\/\\\/jovoh.com\\\/de\\\/\"},{\"@type\":\"ListItem\",\"position\":2,\"name\":\"Shop\",\"item\":\"https:\\\/\\\/jovoh.com\\\/shop\\\/\"},{\"@type\":\"ListItem\",\"position\":3,\"name\":\"Startpaket\"}]},{\"@type\":\"WebSite\",\"@id\":\"https:\\\/\\\/jovoh.com\\\/de\\\/#website\",\"url\":\"https:\\\/\\\/jovoh.com\\\/de\\\/\",\"name\":\"jovoh\",\"description\":\"\",\"publisher\":{\"@id\":\"https:\\\/\\\/jovoh.com\\\/de\\\/#organization\"},\"potentialAction\":[{\"@type\":\"SearchAction\",\"target\":{\"@type\":\"EntryPoint\",\"urlTemplate\":\"https:\\\/\\\/jovoh.com\\\/de\\\/?s={search_term_string}\"},\"query-input\":{\"@type\":\"PropertyValueSpecification\",\"valueRequired\":true,\"valueName\":\"search_term_string\"}}],\"inLanguage\":\"de-DE\"},{\"@type\":\"Organization\",\"@id\":\"https:\\\/\\\/jovoh.com\\\/de\\\/#organization\",\"name\":\"Jovoh Design\",\"url\":\"https:\\\/\\\/jovoh.com\\\/de\\\/\",\"logo\":{\"@type\":\"ImageObject\",\"inLanguage\":\"de-DE\",\"@id\":\"https:\\\/\\\/jovoh.com\\\/de\\\/#\\\/schema\\\/logo\\\/image\\\/\",\"url\":\"https:\\\/\\\/jovoh.com\\\/wp-content\\\/uploads\\\/2024\\\/09\\\/Untitled_Artwork.png\",\"contentUrl\":\"https:\\\/\\\/jovoh.com\\\/wp-content\\\/uploads\\\/2024\\\/09\\\/Untitled_Artwork.png\",\"width\":1420,\"height\":929,\"caption\":\"Jovoh Design\"},\"image\":{\"@id\":\"https:\\\/\\\/jovoh.com\\\/de\\\/#\\\/schema\\\/logo\\\/image\\\/\"},\"sameAs\":[\"https:\\\/\\\/www.instagram.com\\\/jovoh_nappy\\\/\"]}]}<\/script>\n<!-- \/ Yoast SEO plugin. -->","yoast_head_json":{"title":"Startpaket -","description":"Das Startpaket ist der perfekte Einstieg in die Welt der Wollwindeln und bietet dir alles, was du f\u00fcr einen bequemen Start ben\u00f6tigst.","robots":{"index":"index","follow":"follow","max-snippet":"max-snippet:-1","max-image-preview":"max-image-preview:large","max-video-preview":"max-video-preview:-1"},"canonical":"https:\/\/jovoh.com\/de\/produkt\/startpaket-neu\/","og_locale":"de_DE","og_type":"article","og_title":"Startpaket -","og_description":"Das Startpaket ist der perfekte Einstieg in die Welt der Wollwindeln und bietet dir alles, was du f\u00fcr einen bequemen Start ben\u00f6tigst.","og_url":"https:\/\/jovoh.com\/de\/produkt\/startpaket-neu\/","article_publisher":"https:\/\/www.instagram.com\/jovoh_nappy\/","article_modified_time":"2026-04-23T10:40:24+00:00","og_image":[{"width":1080,"height":1080,"url":"https:\/\/jovoh.com\/wp-content\/uploads\/2025\/10\/10.png","type":"image\/png"}],"twitter_card":"summary_large_image","twitter_misc":{"Est. reading time":"3 minutes"},"schema":{"@context":"https:\/\/schema.org","@graph":[{"@type":"WebPage","@id":"https:\/\/jovoh.com\/de\/produkt\/startpaket-neu\/","url":"https:\/\/jovoh.com\/de\/produkt\/startpaket-neu\/","name":"Startpaket -","isPartOf":{"@id":"https:\/\/jovoh.com\/de\/#website"},"primaryImageOfPage":{"@id":"https:\/\/jovoh.com\/de\/produkt\/startpaket-neu\/#primaryimage"},"image":{"@id":"https:\/\/jovoh.com\/de\/produkt\/startpaket-neu\/#primaryimage"},"thumbnailUrl":"https:\/\/jovoh.com\/wp-content\/uploads\/2025\/10\/10.png","datePublished":"2025-10-28T12:39:40+00:00","dateModified":"2026-04-23T10:40:24+00:00","description":"Das Startpaket ist der perfekte Einstieg in die Welt der Wollwindeln und bietet dir alles, was du f\u00fcr einen bequemen Start ben\u00f6tigst.","breadcrumb":{"@id":"https:\/\/jovoh.com\/de\/produkt\/startpaket-neu\/#breadcrumb"},"inLanguage":"de-DE","potentialAction":[{"@type":"ReadAction","target":["https:\/\/jovoh.com\/de\/produkt\/startpaket-neu\/"]}]},{"@type":"ImageObject","inLanguage":"de-DE","@id":"https:\/\/jovoh.com\/de\/produkt\/startpaket-neu\/#primaryimage","url":"https:\/\/jovoh.com\/wp-content\/uploads\/2025\/10\/10.png","contentUrl":"https:\/\/jovoh.com\/wp-content\/uploads\/2025\/10\/10.png","width":1080,"height":1080,"caption":"Starter Package"},{"@type":"BreadcrumbList","@id":"https:\/\/jovoh.com\/de\/produkt\/startpaket-neu\/#breadcrumb","itemListElement":[{"@type":"ListItem","position":1,"name":"Home","item":"https:\/\/jovoh.com\/de\/"},{"@type":"ListItem","position":2,"name":"Shop","item":"https:\/\/jovoh.com\/shop\/"},{"@type":"ListItem","position":3,"name":"Startpaket"}]},{"@type":"WebSite","@id":"https:\/\/jovoh.com\/de\/#website","url":"https:\/\/jovoh.com\/de\/","name":"jovoh","description":"","publisher":{"@id":"https:\/\/jovoh.com\/de\/#organization"},"potentialAction":[{"@type":"SearchAction","target":{"@type":"EntryPoint","urlTemplate":"https:\/\/jovoh.com\/de\/?s={search_term_string}"},"query-input":{"@type":"PropertyValueSpecification","valueRequired":true,"valueName":"search_term_string"}}],"inLanguage":"de-DE"},{"@type":"Organization","@id":"https:\/\/jovoh.com\/de\/#organization","name":"Jovoh Design","url":"https:\/\/jovoh.com\/de\/","logo":{"@type":"ImageObject","inLanguage":"de-DE","@id":"https:\/\/jovoh.com\/de\/#\/schema\/logo\/image\/","url":"https:\/\/jovoh.com\/wp-content\/uploads\/2024\/09\/Untitled_Artwork.png","contentUrl":"https:\/\/jovoh.com\/wp-content\/uploads\/2024\/09\/Untitled_Artwork.png","width":1420,"height":929,"caption":"Jovoh Design"},"image":{"@id":"https:\/\/jovoh.com\/de\/#\/schema\/logo\/image\/"},"sameAs":["https:\/\/www.instagram.com\/jovoh_nappy\/"]}]}},"_links":{"self":[{"href":"https:\/\/jovoh.com\/de\/wp-json\/wp\/v2\/product\/59554","targetHints":{"allow":["GET"]}}],"collection":[{"href":"https:\/\/jovoh.com\/de\/wp-json\/wp\/v2\/product"}],"about":[{"href":"https:\/\/jovoh.com\/de\/wp-json\/wp\/v2\/types\/product"}],"wp:featuredmedia":[{"embeddable":true,"href":"https:\/\/jovoh.com\/de\/wp-json\/wp\/v2\/media\/59925"}],"wp:attachment":[{"href":"https:\/\/jovoh.com\/de\/wp-json\/wp\/v2\/media?parent=59554"}],"wp:term":[{"taxonomy":"product_brand","embeddable":true,"href":"https:\/\/jovoh.com\/de\/wp-json\/wp\/v2\/product_brand?post=59554"},{"taxonomy":"product_cat","embeddable":true,"href":"https:\/\/jovoh.com\/de\/wp-json\/wp\/v2\/product_cat?post=59554"},{"taxonomy":"product_tag","embeddable":true,"href":"https:\/\/jovoh.com\/de\/wp-json\/wp\/v2\/product_tag?post=59554"}],"curies":[{"name":"wp","href":"https:\/\/api.w.org\/{rel}","templated":true}]}}