{"id":59951,"date":"2025-11-09T20:37:07","date_gmt":"2025-11-09T19:37:07","guid":{"rendered":"https:\/\/jovoh.com\/?post_type=product&#038;p=59951"},"modified":"2025-11-09T20:42:08","modified_gmt":"2025-11-09T19:42:08","slug":"wetbag-mitternacht","status":"publish","type":"product","link":"https:\/\/jovoh.com\/de\/produkt\/wetbag-mitternacht\/","title":{"rendered":"Wetbag | Mitternacht"},"content":{"rendered":"<ul>\n<li>Maschinenwaschbar bei maximal 60\u00b0C<\/li>\n<li>Kein Trockner. Keine chemische Reinigung. Nicht b\u00fcgeln.<\/li>\n<\/ul>\n<p>Hersteller: Eco Mini, Stockholm, Schweden | info@ecomini.se<\/p>\n","protected":false},"excerpt":{"rendered":"<p class=\"p1\">Eine Windeltasche (auch Wetbag genannt) eignet sich f\u00fcr die zeitliche Lagerung der verwendeten Saugeinlagen. Sie ist gro\u00df genug um die Saugeinlagen von etwa 2 Tagen aufzunehmen bevor diese gewaschen werden. Die Tasche hat eine praktische Lasche an der Seite, an der sie z.B. neben dem Wickeltisch aufgeh\u00e4ngt werden kann. Au\u00dferdem ist die Windeltasche perfekt f\u00fcr unterwegs, da sie \u00fcber zwei F\u00e4cher verf\u00fcgt. Eine Au\u00dfentasche f\u00fcr saubere \u00dcberhosen und Saugeinlagen, und eine Innentasche f\u00fcr gebrauchte Saugeinlagen. Bitte lagere die Woll\u00fcberhosen getrennt von den gebrauchten Saugeinlagen. Windeltaschen sind \u00fcbrigens auch praktisch zum Transport von nasser Badekleidung.<\/p>\n<p class=\"p1\">Der Wetbag von <span style=\"color: #67788c;\"><a style=\"color: #67788c;\" href=\"https:\/\/ecomini.se\/\">Eco Mini<\/a><\/span> ist einer der wenigen auf dem Markt, der aus recyceltem PUL hergestellt ist. Der wasserabweisende PUL ist einlagig gen\u00e4ht und trocknet schnell. Der Stoff ist au\u00dferdem SGS-zertifiziert und nach den EU-Richtlinien sicherheitsgepr\u00fcft. Frei von sch\u00e4dlichen Chemikalien.<\/p>\n<p>&nbsp;<\/p>\n<p class=\"p1\"><strong>Material<\/strong>: Recycelter premium PUL (<em>polyurethane laminate<\/em>)<br \/>\n<strong>Gr\u00f6\u00dfe<\/strong>: 30 x 40 cm<\/p>\n<p>&nbsp;<\/p>\n<p>&nbsp;<\/p>\n","protected":false},"featured_media":59955,"template":"","meta":{"kt_blocks_editor_width":""},"product_brand":[],"product_cat":[124,344],"product_tag":[],"class_list":{"0":"post-59951","1":"product","2":"type-product","3":"status-publish","4":"has-post-thumbnail","6":"product_cat-accessoires-de","7":"product_cat-wet-bag-de","9":"first","10":"instock","11":"taxable","12":"shipping-taxable","13":"purchasable","14":"product-type-simple"},"yoast_head":"<!-- This site is optimized with the Yoast SEO plugin v27.5 - https:\/\/yoast.com\/product\/yoast-seo-wordpress\/ -->\n<title>Wetbag | Mitternacht -<\/title>\n<meta name=\"description\" content=\"Eine Windeltasche (auch Wetbag genannt) wird verwendet um gebrauchte Stoffwindeln zu lagern oder zu transportieren. Die Tasche ist aus recyceltem Material hergestellt.\" \/>\n<meta name=\"robots\" content=\"index, follow, max-snippet:-1, max-image-preview:large, max-video-preview:-1\" \/>\n<link rel=\"canonical\" href=\"https:\/\/jovoh.com\/de\/produkt\/wetbag-mitternacht\/\" \/>\n<meta property=\"og:locale\" content=\"de_DE\" \/>\n<meta property=\"og:type\" content=\"article\" \/>\n<meta property=\"og:title\" content=\"Wetbag | Mitternacht -\" \/>\n<meta property=\"og:description\" content=\"Eine Windeltasche (auch Wetbag genannt) wird verwendet um gebrauchte Stoffwindeln zu lagern oder zu transportieren. Die Tasche ist aus recyceltem Material hergestellt.\" \/>\n<meta property=\"og:url\" content=\"https:\/\/jovoh.com\/de\/produkt\/wetbag-mitternacht\/\" \/>\n<meta property=\"article:publisher\" content=\"https:\/\/www.instagram.com\/jovoh_nappy\/\" \/>\n<meta property=\"article:modified_time\" content=\"2025-11-09T19:42:08+00:00\" \/>\n<meta property=\"og:image\" content=\"https:\/\/jovoh.com\/wp-content\/uploads\/2025\/11\/Eco-Mini-Medium-Wet-bag-Midnight.jpg\" \/>\n\t<meta property=\"og:image:width\" content=\"1080\" \/>\n\t<meta property=\"og:image:height\" content=\"1080\" \/>\n\t<meta property=\"og:image:type\" content=\"image\/jpeg\" \/>\n<meta name=\"twitter:card\" content=\"summary_large_image\" \/>\n<meta name=\"twitter:label1\" content=\"Est. reading time\" \/>\n\t<meta name=\"twitter:data1\" content=\"1 minute\" \/>\n<script type=\"application\/ld+json\" class=\"yoast-schema-graph\">{\"@context\":\"https:\\\/\\\/schema.org\",\"@graph\":[{\"@type\":\"WebPage\",\"@id\":\"https:\\\/\\\/jovoh.com\\\/de\\\/produkt\\\/wetbag-mitternacht\\\/\",\"url\":\"https:\\\/\\\/jovoh.com\\\/de\\\/produkt\\\/wetbag-mitternacht\\\/\",\"name\":\"Wetbag | Mitternacht -\",\"isPartOf\":{\"@id\":\"https:\\\/\\\/jovoh.com\\\/de\\\/#website\"},\"primaryImageOfPage\":{\"@id\":\"https:\\\/\\\/jovoh.com\\\/de\\\/produkt\\\/wetbag-mitternacht\\\/#primaryimage\"},\"image\":{\"@id\":\"https:\\\/\\\/jovoh.com\\\/de\\\/produkt\\\/wetbag-mitternacht\\\/#primaryimage\"},\"thumbnailUrl\":\"https:\\\/\\\/jovoh.com\\\/wp-content\\\/uploads\\\/2025\\\/11\\\/Eco-Mini-Medium-Wet-bag-Midnight.jpg\",\"datePublished\":\"2025-11-09T19:37:07+00:00\",\"dateModified\":\"2025-11-09T19:42:08+00:00\",\"description\":\"Eine Windeltasche (auch Wetbag genannt) wird verwendet um gebrauchte Stoffwindeln zu lagern oder zu transportieren. Die Tasche ist aus recyceltem Material hergestellt.\",\"breadcrumb\":{\"@id\":\"https:\\\/\\\/jovoh.com\\\/de\\\/produkt\\\/wetbag-mitternacht\\\/#breadcrumb\"},\"inLanguage\":\"de-DE\",\"potentialAction\":[{\"@type\":\"ReadAction\",\"target\":[\"https:\\\/\\\/jovoh.com\\\/de\\\/produkt\\\/wetbag-mitternacht\\\/\"]}]},{\"@type\":\"ImageObject\",\"inLanguage\":\"de-DE\",\"@id\":\"https:\\\/\\\/jovoh.com\\\/de\\\/produkt\\\/wetbag-mitternacht\\\/#primaryimage\",\"url\":\"https:\\\/\\\/jovoh.com\\\/wp-content\\\/uploads\\\/2025\\\/11\\\/Eco-Mini-Medium-Wet-bag-Midnight.jpg\",\"contentUrl\":\"https:\\\/\\\/jovoh.com\\\/wp-content\\\/uploads\\\/2025\\\/11\\\/Eco-Mini-Medium-Wet-bag-Midnight.jpg\",\"width\":1080,\"height\":1080,\"caption\":\"xr:d:DAFTEqL3zzA:12,j:42244802073,t:22112619\"},{\"@type\":\"BreadcrumbList\",\"@id\":\"https:\\\/\\\/jovoh.com\\\/de\\\/produkt\\\/wetbag-mitternacht\\\/#breadcrumb\",\"itemListElement\":[{\"@type\":\"ListItem\",\"position\":1,\"name\":\"Home\",\"item\":\"https:\\\/\\\/jovoh.com\\\/de\\\/\"},{\"@type\":\"ListItem\",\"position\":2,\"name\":\"Shop\",\"item\":\"https:\\\/\\\/jovoh.com\\\/shop\\\/\"},{\"@type\":\"ListItem\",\"position\":3,\"name\":\"Wetbag | Mitternacht\"}]},{\"@type\":\"WebSite\",\"@id\":\"https:\\\/\\\/jovoh.com\\\/de\\\/#website\",\"url\":\"https:\\\/\\\/jovoh.com\\\/de\\\/\",\"name\":\"jovoh\",\"description\":\"\",\"publisher\":{\"@id\":\"https:\\\/\\\/jovoh.com\\\/de\\\/#organization\"},\"potentialAction\":[{\"@type\":\"SearchAction\",\"target\":{\"@type\":\"EntryPoint\",\"urlTemplate\":\"https:\\\/\\\/jovoh.com\\\/de\\\/?s={search_term_string}\"},\"query-input\":{\"@type\":\"PropertyValueSpecification\",\"valueRequired\":true,\"valueName\":\"search_term_string\"}}],\"inLanguage\":\"de-DE\"},{\"@type\":\"Organization\",\"@id\":\"https:\\\/\\\/jovoh.com\\\/de\\\/#organization\",\"name\":\"Jovoh Design\",\"url\":\"https:\\\/\\\/jovoh.com\\\/de\\\/\",\"logo\":{\"@type\":\"ImageObject\",\"inLanguage\":\"de-DE\",\"@id\":\"https:\\\/\\\/jovoh.com\\\/de\\\/#\\\/schema\\\/logo\\\/image\\\/\",\"url\":\"https:\\\/\\\/jovoh.com\\\/wp-content\\\/uploads\\\/2024\\\/09\\\/Untitled_Artwork.png\",\"contentUrl\":\"https:\\\/\\\/jovoh.com\\\/wp-content\\\/uploads\\\/2024\\\/09\\\/Untitled_Artwork.png\",\"width\":1420,\"height\":929,\"caption\":\"Jovoh Design\"},\"image\":{\"@id\":\"https:\\\/\\\/jovoh.com\\\/de\\\/#\\\/schema\\\/logo\\\/image\\\/\"},\"sameAs\":[\"https:\\\/\\\/www.instagram.com\\\/jovoh_nappy\\\/\"]}]}<\/script>\n<!-- \/ Yoast SEO plugin. -->","yoast_head_json":{"title":"Wetbag | Mitternacht -","description":"Eine Windeltasche (auch Wetbag genannt) wird verwendet um gebrauchte Stoffwindeln zu lagern oder zu transportieren. Die Tasche ist aus recyceltem Material hergestellt.","robots":{"index":"index","follow":"follow","max-snippet":"max-snippet:-1","max-image-preview":"max-image-preview:large","max-video-preview":"max-video-preview:-1"},"canonical":"https:\/\/jovoh.com\/de\/produkt\/wetbag-mitternacht\/","og_locale":"de_DE","og_type":"article","og_title":"Wetbag | Mitternacht -","og_description":"Eine Windeltasche (auch Wetbag genannt) wird verwendet um gebrauchte Stoffwindeln zu lagern oder zu transportieren. Die Tasche ist aus recyceltem Material hergestellt.","og_url":"https:\/\/jovoh.com\/de\/produkt\/wetbag-mitternacht\/","article_publisher":"https:\/\/www.instagram.com\/jovoh_nappy\/","article_modified_time":"2025-11-09T19:42:08+00:00","og_image":[{"width":1080,"height":1080,"url":"https:\/\/jovoh.com\/wp-content\/uploads\/2025\/11\/Eco-Mini-Medium-Wet-bag-Midnight.jpg","type":"image\/jpeg"}],"twitter_card":"summary_large_image","twitter_misc":{"Est. reading time":"1 minute"},"schema":{"@context":"https:\/\/schema.org","@graph":[{"@type":"WebPage","@id":"https:\/\/jovoh.com\/de\/produkt\/wetbag-mitternacht\/","url":"https:\/\/jovoh.com\/de\/produkt\/wetbag-mitternacht\/","name":"Wetbag | Mitternacht -","isPartOf":{"@id":"https:\/\/jovoh.com\/de\/#website"},"primaryImageOfPage":{"@id":"https:\/\/jovoh.com\/de\/produkt\/wetbag-mitternacht\/#primaryimage"},"image":{"@id":"https:\/\/jovoh.com\/de\/produkt\/wetbag-mitternacht\/#primaryimage"},"thumbnailUrl":"https:\/\/jovoh.com\/wp-content\/uploads\/2025\/11\/Eco-Mini-Medium-Wet-bag-Midnight.jpg","datePublished":"2025-11-09T19:37:07+00:00","dateModified":"2025-11-09T19:42:08+00:00","description":"Eine Windeltasche (auch Wetbag genannt) wird verwendet um gebrauchte Stoffwindeln zu lagern oder zu transportieren. Die Tasche ist aus recyceltem Material hergestellt.","breadcrumb":{"@id":"https:\/\/jovoh.com\/de\/produkt\/wetbag-mitternacht\/#breadcrumb"},"inLanguage":"de-DE","potentialAction":[{"@type":"ReadAction","target":["https:\/\/jovoh.com\/de\/produkt\/wetbag-mitternacht\/"]}]},{"@type":"ImageObject","inLanguage":"de-DE","@id":"https:\/\/jovoh.com\/de\/produkt\/wetbag-mitternacht\/#primaryimage","url":"https:\/\/jovoh.com\/wp-content\/uploads\/2025\/11\/Eco-Mini-Medium-Wet-bag-Midnight.jpg","contentUrl":"https:\/\/jovoh.com\/wp-content\/uploads\/2025\/11\/Eco-Mini-Medium-Wet-bag-Midnight.jpg","width":1080,"height":1080,"caption":"xr:d:DAFTEqL3zzA:12,j:42244802073,t:22112619"},{"@type":"BreadcrumbList","@id":"https:\/\/jovoh.com\/de\/produkt\/wetbag-mitternacht\/#breadcrumb","itemListElement":[{"@type":"ListItem","position":1,"name":"Home","item":"https:\/\/jovoh.com\/de\/"},{"@type":"ListItem","position":2,"name":"Shop","item":"https:\/\/jovoh.com\/shop\/"},{"@type":"ListItem","position":3,"name":"Wetbag | Mitternacht"}]},{"@type":"WebSite","@id":"https:\/\/jovoh.com\/de\/#website","url":"https:\/\/jovoh.com\/de\/","name":"jovoh","description":"","publisher":{"@id":"https:\/\/jovoh.com\/de\/#organization"},"potentialAction":[{"@type":"SearchAction","target":{"@type":"EntryPoint","urlTemplate":"https:\/\/jovoh.com\/de\/?s={search_term_string}"},"query-input":{"@type":"PropertyValueSpecification","valueRequired":true,"valueName":"search_term_string"}}],"inLanguage":"de-DE"},{"@type":"Organization","@id":"https:\/\/jovoh.com\/de\/#organization","name":"Jovoh Design","url":"https:\/\/jovoh.com\/de\/","logo":{"@type":"ImageObject","inLanguage":"de-DE","@id":"https:\/\/jovoh.com\/de\/#\/schema\/logo\/image\/","url":"https:\/\/jovoh.com\/wp-content\/uploads\/2024\/09\/Untitled_Artwork.png","contentUrl":"https:\/\/jovoh.com\/wp-content\/uploads\/2024\/09\/Untitled_Artwork.png","width":1420,"height":929,"caption":"Jovoh Design"},"image":{"@id":"https:\/\/jovoh.com\/de\/#\/schema\/logo\/image\/"},"sameAs":["https:\/\/www.instagram.com\/jovoh_nappy\/"]}]}},"_links":{"self":[{"href":"https:\/\/jovoh.com\/de\/wp-json\/wp\/v2\/product\/59951","targetHints":{"allow":["GET"]}}],"collection":[{"href":"https:\/\/jovoh.com\/de\/wp-json\/wp\/v2\/product"}],"about":[{"href":"https:\/\/jovoh.com\/de\/wp-json\/wp\/v2\/types\/product"}],"wp:featuredmedia":[{"embeddable":true,"href":"https:\/\/jovoh.com\/de\/wp-json\/wp\/v2\/media\/59955"}],"wp:attachment":[{"href":"https:\/\/jovoh.com\/de\/wp-json\/wp\/v2\/media?parent=59951"}],"wp:term":[{"taxonomy":"product_brand","embeddable":true,"href":"https:\/\/jovoh.com\/de\/wp-json\/wp\/v2\/product_brand?post=59951"},{"taxonomy":"product_cat","embeddable":true,"href":"https:\/\/jovoh.com\/de\/wp-json\/wp\/v2\/product_cat?post=59951"},{"taxonomy":"product_tag","embeddable":true,"href":"https:\/\/jovoh.com\/de\/wp-json\/wp\/v2\/product_tag?post=59951"}],"curies":[{"name":"wp","href":"https:\/\/api.w.org\/{rel}","templated":true}]}}