{"id":6023,"date":"2024-02-14T14:35:48","date_gmt":"2024-02-14T12:35:48","guid":{"rendered":"https:\/\/jovoh.com\/product\/baumwolle-mullwindeln-weis-3-stuck\/"},"modified":"2025-04-07T13:51:09","modified_gmt":"2025-04-07T12:51:09","slug":"cotton-muslin-folding-insert-white-large","status":"publish","type":"product","link":"https:\/\/jovoh.com\/de\/produkt\/cotton-muslin-folding-insert-white-large\/","title":{"rendered":"Mullwindel | gro\u00df"},"content":{"rendered":"<ul>\n<li>Die Mullwindeln m\u00fcssen ein paar Mal gewaschen werden, um die volle Saugf\u00e4higkeit zu erreichen<\/li>\n<li>Um den Vorgang zu beschleunigen, k\u00f6nnen die Saugeinlagen auch \u00fcber Nacht in Wasser eingeweicht werden<\/li>\n<li>Bei maximal 60\u00b0C waschen. K\u00f6nnen bei niedriger Temperatur in den Trockner.<\/li>\n<\/ul>\n<p>Hersteller: Jovoh Design, Karel Doormanlaan 193, 3572NW Utrecht, Niederlande | info@jovoh.com<\/p>\n","protected":false},"excerpt":{"rendered":"<p class=\"\" data-start=\"0\" data-end=\"350\">Unsere Mullwindel aus 100% Bio-Baumwolle (kbA) ist die perfekte Wahl f\u00fcr dein Kind, insbesondere f\u00fcr Neugeborene und Kleinkinder. Der nat\u00fcrliche Baumwollstoff nimmt Feuchtigkeit schnell auf und sorgt f\u00fcr hervorragenden Komfort und Trockenheit. Egal, ob du sie vom ersten Tag an oder w\u00e4hrend der gesamten Windelzeit verwenden, diese Musselinwindel w\u00e4chst mit deinem Kind mit.  <\/p>\n<p class=\"\" data-start=\"352\" data-end=\"678\">Das vielseitige Design erm\u00f6glicht es dir, das Musselin-Tuch als einfache Windel um dein Baby zu legen, die mit einem <a href=\"https:\/\/jovoh.com\/product\/nappy-fastener\/\">Windelverschluss<\/a> gesichert wird, oder es f\u00fcr zus\u00e4tzlichen Schutz einfach in eine Wolldecke zu stecken. Mit seinem relativ hohen Eigengewicht nimmt der Musselin-Stoff ausreichend Feuchtigkeit auf, damit dein Baby den ganzen Tag und die ganze Nacht \u00fcber trocken bleibt. <\/p>\n<p class=\"\" data-start=\"680\" data-end=\"939\">Der Rand der Musselinwindel ist sorgf\u00e4ltig geschnitten, um das Risiko von Druckstellen auf der empfindlichen Haut des Kindes zu verringern und einen bequemen Sitz zu gew\u00e4hrleisten. Zuverl\u00e4ssig, weich und langlebig wird diese Windel ein zuverl\u00e4ssiger Begleiter durch die Jahre des Windeltragens deines Kindes sein. <\/p>\n<p>&nbsp;<\/p>\n<p><strong>Material<\/strong>: 100% Bio-Baumwolle (kbA)<strong><br \/>\nMa\u00dfe<\/strong>: Ca. 70 x 70 cm<\/p>\n<p>&nbsp;<\/p>\n<p>&nbsp;<\/p>\n","protected":false},"featured_media":5908,"template":"","meta":{"kt_blocks_editor_width":""},"product_brand":[],"product_cat":[333,133],"product_tag":[],"class_list":{"0":"post-6023","1":"product","2":"type-product","3":"status-publish","4":"has-post-thumbnail","6":"product_cat-mullwindel","7":"product_cat-saugeinlagen","9":"first","10":"instock","11":"taxable","12":"shipping-taxable","13":"purchasable","14":"product-type-simple"},"yoast_head":"<!-- This site is optimized with the Yoast SEO plugin v27.5 - https:\/\/yoast.com\/product\/yoast-seo-wordpress\/ -->\n<title>Mullwindel | gro\u00df -<\/title>\n<meta name=\"description\" content=\"Doppelt gewebter Musselin-Stoff, der aus 100% nachhaltiger und sorgf\u00e4ltig ausgew\u00e4hlter Bio-Baumwolle hergestellt ist.\" \/>\n<meta name=\"robots\" content=\"index, follow, max-snippet:-1, max-image-preview:large, max-video-preview:-1\" \/>\n<link rel=\"canonical\" href=\"https:\/\/jovoh.com\/de\/produkt\/cotton-muslin-folding-insert-white-large\/\" \/>\n<meta property=\"og:locale\" content=\"de_DE\" \/>\n<meta property=\"og:type\" content=\"article\" \/>\n<meta property=\"og:title\" content=\"Mullwindel | gro\u00df -\" \/>\n<meta property=\"og:description\" content=\"Doppelt gewebter Musselin-Stoff, der aus 100% nachhaltiger und sorgf\u00e4ltig ausgew\u00e4hlter Bio-Baumwolle hergestellt ist.\" \/>\n<meta property=\"og:url\" content=\"https:\/\/jovoh.com\/de\/produkt\/cotton-muslin-folding-insert-white-large\/\" \/>\n<meta property=\"article:publisher\" content=\"https:\/\/www.instagram.com\/jovoh_nappy\/\" \/>\n<meta property=\"article:modified_time\" content=\"2025-04-07T12:51:09+00:00\" \/>\n<meta property=\"og:image\" content=\"https:\/\/jovoh.com\/wp-content\/uploads\/2021\/05\/IMG_0356-scaled.jpg\" \/>\n\t<meta property=\"og:image:width\" content=\"2560\" \/>\n\t<meta property=\"og:image:height\" content=\"2560\" \/>\n\t<meta property=\"og:image:type\" content=\"image\/jpeg\" \/>\n<meta name=\"twitter:card\" content=\"summary_large_image\" \/>\n<script type=\"application\/ld+json\" class=\"yoast-schema-graph\">{\"@context\":\"https:\\\/\\\/schema.org\",\"@graph\":[{\"@type\":\"WebPage\",\"@id\":\"https:\\\/\\\/jovoh.com\\\/de\\\/produkt\\\/cotton-muslin-folding-insert-white-large\\\/\",\"url\":\"https:\\\/\\\/jovoh.com\\\/de\\\/produkt\\\/cotton-muslin-folding-insert-white-large\\\/\",\"name\":\"Mullwindel | gro\u00df -\",\"isPartOf\":{\"@id\":\"https:\\\/\\\/jovoh.com\\\/de\\\/#website\"},\"primaryImageOfPage\":{\"@id\":\"https:\\\/\\\/jovoh.com\\\/de\\\/produkt\\\/cotton-muslin-folding-insert-white-large\\\/#primaryimage\"},\"image\":{\"@id\":\"https:\\\/\\\/jovoh.com\\\/de\\\/produkt\\\/cotton-muslin-folding-insert-white-large\\\/#primaryimage\"},\"thumbnailUrl\":\"https:\\\/\\\/jovoh.com\\\/wp-content\\\/uploads\\\/2021\\\/05\\\/IMG_0356-scaled.jpg\",\"datePublished\":\"2024-02-14T12:35:48+00:00\",\"dateModified\":\"2025-04-07T12:51:09+00:00\",\"description\":\"Doppelt gewebter Musselin-Stoff, der aus 100% nachhaltiger und sorgf\u00e4ltig ausgew\u00e4hlter Bio-Baumwolle hergestellt ist.\",\"breadcrumb\":{\"@id\":\"https:\\\/\\\/jovoh.com\\\/de\\\/produkt\\\/cotton-muslin-folding-insert-white-large\\\/#breadcrumb\"},\"inLanguage\":\"de-DE\",\"potentialAction\":[{\"@type\":\"ReadAction\",\"target\":[\"https:\\\/\\\/jovoh.com\\\/de\\\/produkt\\\/cotton-muslin-folding-insert-white-large\\\/\"]}]},{\"@type\":\"ImageObject\",\"inLanguage\":\"de-DE\",\"@id\":\"https:\\\/\\\/jovoh.com\\\/de\\\/produkt\\\/cotton-muslin-folding-insert-white-large\\\/#primaryimage\",\"url\":\"https:\\\/\\\/jovoh.com\\\/wp-content\\\/uploads\\\/2021\\\/05\\\/IMG_0356-scaled.jpg\",\"contentUrl\":\"https:\\\/\\\/jovoh.com\\\/wp-content\\\/uploads\\\/2021\\\/05\\\/IMG_0356-scaled.jpg\",\"width\":2560,\"height\":2560},{\"@type\":\"BreadcrumbList\",\"@id\":\"https:\\\/\\\/jovoh.com\\\/de\\\/produkt\\\/cotton-muslin-folding-insert-white-large\\\/#breadcrumb\",\"itemListElement\":[{\"@type\":\"ListItem\",\"position\":1,\"name\":\"Home\",\"item\":\"https:\\\/\\\/jovoh.com\\\/de\\\/\"},{\"@type\":\"ListItem\",\"position\":2,\"name\":\"Shop\",\"item\":\"https:\\\/\\\/jovoh.com\\\/shop\\\/\"},{\"@type\":\"ListItem\",\"position\":3,\"name\":\"Mullwindel | gro\u00df\"}]},{\"@type\":\"WebSite\",\"@id\":\"https:\\\/\\\/jovoh.com\\\/de\\\/#website\",\"url\":\"https:\\\/\\\/jovoh.com\\\/de\\\/\",\"name\":\"jovoh\",\"description\":\"\",\"publisher\":{\"@id\":\"https:\\\/\\\/jovoh.com\\\/de\\\/#organization\"},\"potentialAction\":[{\"@type\":\"SearchAction\",\"target\":{\"@type\":\"EntryPoint\",\"urlTemplate\":\"https:\\\/\\\/jovoh.com\\\/de\\\/?s={search_term_string}\"},\"query-input\":{\"@type\":\"PropertyValueSpecification\",\"valueRequired\":true,\"valueName\":\"search_term_string\"}}],\"inLanguage\":\"de-DE\"},{\"@type\":\"Organization\",\"@id\":\"https:\\\/\\\/jovoh.com\\\/de\\\/#organization\",\"name\":\"Jovoh Design\",\"url\":\"https:\\\/\\\/jovoh.com\\\/de\\\/\",\"logo\":{\"@type\":\"ImageObject\",\"inLanguage\":\"de-DE\",\"@id\":\"https:\\\/\\\/jovoh.com\\\/de\\\/#\\\/schema\\\/logo\\\/image\\\/\",\"url\":\"https:\\\/\\\/jovoh.com\\\/wp-content\\\/uploads\\\/2024\\\/09\\\/Untitled_Artwork.png\",\"contentUrl\":\"https:\\\/\\\/jovoh.com\\\/wp-content\\\/uploads\\\/2024\\\/09\\\/Untitled_Artwork.png\",\"width\":1420,\"height\":929,\"caption\":\"Jovoh Design\"},\"image\":{\"@id\":\"https:\\\/\\\/jovoh.com\\\/de\\\/#\\\/schema\\\/logo\\\/image\\\/\"},\"sameAs\":[\"https:\\\/\\\/www.instagram.com\\\/jovoh_nappy\\\/\"]}]}<\/script>\n<!-- \/ Yoast SEO plugin. -->","yoast_head_json":{"title":"Mullwindel | gro\u00df -","description":"Doppelt gewebter Musselin-Stoff, der aus 100% nachhaltiger und sorgf\u00e4ltig ausgew\u00e4hlter Bio-Baumwolle hergestellt ist.","robots":{"index":"index","follow":"follow","max-snippet":"max-snippet:-1","max-image-preview":"max-image-preview:large","max-video-preview":"max-video-preview:-1"},"canonical":"https:\/\/jovoh.com\/de\/produkt\/cotton-muslin-folding-insert-white-large\/","og_locale":"de_DE","og_type":"article","og_title":"Mullwindel | gro\u00df -","og_description":"Doppelt gewebter Musselin-Stoff, der aus 100% nachhaltiger und sorgf\u00e4ltig ausgew\u00e4hlter Bio-Baumwolle hergestellt ist.","og_url":"https:\/\/jovoh.com\/de\/produkt\/cotton-muslin-folding-insert-white-large\/","article_publisher":"https:\/\/www.instagram.com\/jovoh_nappy\/","article_modified_time":"2025-04-07T12:51:09+00:00","og_image":[{"width":2560,"height":2560,"url":"https:\/\/jovoh.com\/wp-content\/uploads\/2021\/05\/IMG_0356-scaled.jpg","type":"image\/jpeg"}],"twitter_card":"summary_large_image","schema":{"@context":"https:\/\/schema.org","@graph":[{"@type":"WebPage","@id":"https:\/\/jovoh.com\/de\/produkt\/cotton-muslin-folding-insert-white-large\/","url":"https:\/\/jovoh.com\/de\/produkt\/cotton-muslin-folding-insert-white-large\/","name":"Mullwindel | gro\u00df -","isPartOf":{"@id":"https:\/\/jovoh.com\/de\/#website"},"primaryImageOfPage":{"@id":"https:\/\/jovoh.com\/de\/produkt\/cotton-muslin-folding-insert-white-large\/#primaryimage"},"image":{"@id":"https:\/\/jovoh.com\/de\/produkt\/cotton-muslin-folding-insert-white-large\/#primaryimage"},"thumbnailUrl":"https:\/\/jovoh.com\/wp-content\/uploads\/2021\/05\/IMG_0356-scaled.jpg","datePublished":"2024-02-14T12:35:48+00:00","dateModified":"2025-04-07T12:51:09+00:00","description":"Doppelt gewebter Musselin-Stoff, der aus 100% nachhaltiger und sorgf\u00e4ltig ausgew\u00e4hlter Bio-Baumwolle hergestellt ist.","breadcrumb":{"@id":"https:\/\/jovoh.com\/de\/produkt\/cotton-muslin-folding-insert-white-large\/#breadcrumb"},"inLanguage":"de-DE","potentialAction":[{"@type":"ReadAction","target":["https:\/\/jovoh.com\/de\/produkt\/cotton-muslin-folding-insert-white-large\/"]}]},{"@type":"ImageObject","inLanguage":"de-DE","@id":"https:\/\/jovoh.com\/de\/produkt\/cotton-muslin-folding-insert-white-large\/#primaryimage","url":"https:\/\/jovoh.com\/wp-content\/uploads\/2021\/05\/IMG_0356-scaled.jpg","contentUrl":"https:\/\/jovoh.com\/wp-content\/uploads\/2021\/05\/IMG_0356-scaled.jpg","width":2560,"height":2560},{"@type":"BreadcrumbList","@id":"https:\/\/jovoh.com\/de\/produkt\/cotton-muslin-folding-insert-white-large\/#breadcrumb","itemListElement":[{"@type":"ListItem","position":1,"name":"Home","item":"https:\/\/jovoh.com\/de\/"},{"@type":"ListItem","position":2,"name":"Shop","item":"https:\/\/jovoh.com\/shop\/"},{"@type":"ListItem","position":3,"name":"Mullwindel | gro\u00df"}]},{"@type":"WebSite","@id":"https:\/\/jovoh.com\/de\/#website","url":"https:\/\/jovoh.com\/de\/","name":"jovoh","description":"","publisher":{"@id":"https:\/\/jovoh.com\/de\/#organization"},"potentialAction":[{"@type":"SearchAction","target":{"@type":"EntryPoint","urlTemplate":"https:\/\/jovoh.com\/de\/?s={search_term_string}"},"query-input":{"@type":"PropertyValueSpecification","valueRequired":true,"valueName":"search_term_string"}}],"inLanguage":"de-DE"},{"@type":"Organization","@id":"https:\/\/jovoh.com\/de\/#organization","name":"Jovoh Design","url":"https:\/\/jovoh.com\/de\/","logo":{"@type":"ImageObject","inLanguage":"de-DE","@id":"https:\/\/jovoh.com\/de\/#\/schema\/logo\/image\/","url":"https:\/\/jovoh.com\/wp-content\/uploads\/2024\/09\/Untitled_Artwork.png","contentUrl":"https:\/\/jovoh.com\/wp-content\/uploads\/2024\/09\/Untitled_Artwork.png","width":1420,"height":929,"caption":"Jovoh Design"},"image":{"@id":"https:\/\/jovoh.com\/de\/#\/schema\/logo\/image\/"},"sameAs":["https:\/\/www.instagram.com\/jovoh_nappy\/"]}]}},"_links":{"self":[{"href":"https:\/\/jovoh.com\/de\/wp-json\/wp\/v2\/product\/6023","targetHints":{"allow":["GET"]}}],"collection":[{"href":"https:\/\/jovoh.com\/de\/wp-json\/wp\/v2\/product"}],"about":[{"href":"https:\/\/jovoh.com\/de\/wp-json\/wp\/v2\/types\/product"}],"wp:featuredmedia":[{"embeddable":true,"href":"https:\/\/jovoh.com\/de\/wp-json\/wp\/v2\/media\/5908"}],"wp:attachment":[{"href":"https:\/\/jovoh.com\/de\/wp-json\/wp\/v2\/media?parent=6023"}],"wp:term":[{"taxonomy":"product_brand","embeddable":true,"href":"https:\/\/jovoh.com\/de\/wp-json\/wp\/v2\/product_brand?post=6023"},{"taxonomy":"product_cat","embeddable":true,"href":"https:\/\/jovoh.com\/de\/wp-json\/wp\/v2\/product_cat?post=6023"},{"taxonomy":"product_tag","embeddable":true,"href":"https:\/\/jovoh.com\/de\/wp-json\/wp\/v2\/product_tag?post=6023"}],"curies":[{"name":"wp","href":"https:\/\/api.w.org\/{rel}","templated":true}]}}