{"id":6044,"date":"2024-02-14T14:36:05","date_gmt":"2024-02-14T12:36:05","guid":{"rendered":"https:\/\/jovoh.com\/product\/windelklammer\/"},"modified":"2025-04-05T17:37:29","modified_gmt":"2025-04-05T16:37:29","slug":"windelklammer","status":"publish","type":"product","link":"https:\/\/jovoh.com\/de\/produkt\/windelklammer\/","title":{"rendered":"Windelklammer"},"content":{"rendered":"<div class=\"woocommerce-tabs wc-tabs-wrapper\">\n<div id=\"tab-description\" class=\"woocommerce-Tabs-panel woocommerce-Tabs-panel--description panel entry-content wc-tab\" role=\"tabpanel\" aria-labelledby=\"tab-title-description\">\n<p>Hersteller: Snappi, 94 Haakdoring, Burkea Park, Pebble Rock Golf Estate, Roodeplaat Dam, Pretoria 0039, S\u00fcdafrika | Vertrieb durch Minzze GmbH, Niederkircher Stra\u00dfe 12, 54294 Trier, Deutschland<\/p>\n<\/div>\n<\/div>\n","protected":false},"excerpt":{"rendered":"<p>Der Windelverschluss bietet eine schnelle und einfache M\u00f6glichkeit, Prefolds, Falteinlagen und Mullwindeln zusammenzuhalten. Die Windelklammer besteht aus nicht giftigem, dehnbaren Polyurethane. Die Klammer hat kleine Haken, die sich fast von selbst in die Stoffoberfl\u00e4che krallen. Anleitung: Die Windel auf einer Seite \u00fcberlappen und die Windelklammer einhaken, dann die Windel auf der anderen Seite \u00fcberlappen und wieder einhaken. Danach den dritten Ring ziehen und v-f\u00f6rmig einhaken. Die Windelklammer kann wiederverwendet werden. Bei Bedarf unter flie\u00dfendem Wasser reinigen.<\/p>\n<p><em>Nicht bei Kindern anwenden, die ihre Windeln selbst \u00f6ffnen k\u00f6nnen. Windelklammern unter keinen Umst\u00e4nden ohne \u00dcberhose verwenden. Es besteht Verletzungsgefahr! Bitte au\u00dferhalb der Reichweite von Kindern aufbewahren.<\/em><\/p>\n<p>&nbsp;<\/p>\n<p><strong>Gr\u00f6\u00dfe 1<\/strong>: 13-14 cm \/ von 0-18 Monaten<br \/>\n<strong>Gr\u00f6\u00dfe 2<\/strong>: 15-16 cm \/ &gt; 18 Monate<\/p>\n<p>&nbsp;<\/p>\n<p><span style=\"font-size: 8pt;\">Hersteller: Snappi, 94 Haakdoring, Burkea Park, Pebble Rock Golf Estate, Roodeplaat Dam, Pretoria 0039, S\u00fcdafrika<\/span><\/p>\n","protected":false},"featured_media":5912,"template":"","meta":{"kt_blocks_editor_width":""},"product_brand":[],"product_cat":[133],"product_tag":[],"class_list":{"0":"post-6044","1":"product","2":"type-product","3":"status-publish","4":"has-post-thumbnail","6":"product_cat-saugeinlagen","8":"first","9":"instock","10":"taxable","11":"shipping-taxable","12":"purchasable","13":"product-type-variable"},"yoast_head":"<!-- This site is optimized with the Yoast SEO plugin v27.5 - https:\/\/yoast.com\/product\/yoast-seo-wordpress\/ -->\n<title>Windelklammer -<\/title>\n<meta name=\"description\" content=\"Der Snappi Windelklammer erm\u00f6glicht das einfache Wickeln mit Mullwindeln, Prefolds oder Flats - mit einer Hand zu befestigen.\" \/>\n<meta name=\"robots\" content=\"index, follow, max-snippet:-1, max-image-preview:large, max-video-preview:-1\" \/>\n<link rel=\"canonical\" href=\"https:\/\/jovoh.com\/de\/produkt\/windelklammer\/\" \/>\n<meta property=\"og:locale\" content=\"de_DE\" \/>\n<meta property=\"og:type\" content=\"article\" \/>\n<meta property=\"og:title\" content=\"Windelklammer -\" \/>\n<meta property=\"og:description\" content=\"Der Snappi Windelklammer erm\u00f6glicht das einfache Wickeln mit Mullwindeln, Prefolds oder Flats - mit einer Hand zu befestigen.\" \/>\n<meta property=\"og:url\" content=\"https:\/\/jovoh.com\/de\/produkt\/windelklammer\/\" \/>\n<meta property=\"article:publisher\" content=\"https:\/\/www.instagram.com\/jovoh_nappy\/\" \/>\n<meta property=\"article:modified_time\" content=\"2025-04-05T16:37:29+00:00\" \/>\n<meta property=\"og:image\" content=\"https:\/\/jovoh.com\/wp-content\/uploads\/2021\/04\/IMG_0338.jpg\" \/>\n\t<meta property=\"og:image:width\" content=\"1024\" \/>\n\t<meta property=\"og:image:height\" content=\"1024\" \/>\n\t<meta property=\"og:image:type\" content=\"image\/jpeg\" \/>\n<meta name=\"twitter:card\" content=\"summary_large_image\" \/>\n<script type=\"application\/ld+json\" class=\"yoast-schema-graph\">{\"@context\":\"https:\\\/\\\/schema.org\",\"@graph\":[{\"@type\":\"WebPage\",\"@id\":\"https:\\\/\\\/jovoh.com\\\/de\\\/produkt\\\/windelklammer\\\/\",\"url\":\"https:\\\/\\\/jovoh.com\\\/de\\\/produkt\\\/windelklammer\\\/\",\"name\":\"Windelklammer -\",\"isPartOf\":{\"@id\":\"https:\\\/\\\/jovoh.com\\\/de\\\/#website\"},\"primaryImageOfPage\":{\"@id\":\"https:\\\/\\\/jovoh.com\\\/de\\\/produkt\\\/windelklammer\\\/#primaryimage\"},\"image\":{\"@id\":\"https:\\\/\\\/jovoh.com\\\/de\\\/produkt\\\/windelklammer\\\/#primaryimage\"},\"thumbnailUrl\":\"https:\\\/\\\/jovoh.com\\\/wp-content\\\/uploads\\\/2021\\\/04\\\/IMG_0338.jpg\",\"datePublished\":\"2024-02-14T12:36:05+00:00\",\"dateModified\":\"2025-04-05T16:37:29+00:00\",\"description\":\"Der Snappi Windelklammer erm\u00f6glicht das einfache Wickeln mit Mullwindeln, Prefolds oder Flats - mit einer Hand zu befestigen.\",\"breadcrumb\":{\"@id\":\"https:\\\/\\\/jovoh.com\\\/de\\\/produkt\\\/windelklammer\\\/#breadcrumb\"},\"inLanguage\":\"de-DE\",\"potentialAction\":[{\"@type\":\"ReadAction\",\"target\":[\"https:\\\/\\\/jovoh.com\\\/de\\\/produkt\\\/windelklammer\\\/\"]}]},{\"@type\":\"ImageObject\",\"inLanguage\":\"de-DE\",\"@id\":\"https:\\\/\\\/jovoh.com\\\/de\\\/produkt\\\/windelklammer\\\/#primaryimage\",\"url\":\"https:\\\/\\\/jovoh.com\\\/wp-content\\\/uploads\\\/2021\\\/04\\\/IMG_0338.jpg\",\"contentUrl\":\"https:\\\/\\\/jovoh.com\\\/wp-content\\\/uploads\\\/2021\\\/04\\\/IMG_0338.jpg\",\"width\":1024,\"height\":1024},{\"@type\":\"BreadcrumbList\",\"@id\":\"https:\\\/\\\/jovoh.com\\\/de\\\/produkt\\\/windelklammer\\\/#breadcrumb\",\"itemListElement\":[{\"@type\":\"ListItem\",\"position\":1,\"name\":\"Home\",\"item\":\"https:\\\/\\\/jovoh.com\\\/de\\\/\"},{\"@type\":\"ListItem\",\"position\":2,\"name\":\"Shop\",\"item\":\"https:\\\/\\\/jovoh.com\\\/shop\\\/\"},{\"@type\":\"ListItem\",\"position\":3,\"name\":\"Windelklammer\"}]},{\"@type\":\"WebSite\",\"@id\":\"https:\\\/\\\/jovoh.com\\\/de\\\/#website\",\"url\":\"https:\\\/\\\/jovoh.com\\\/de\\\/\",\"name\":\"jovoh\",\"description\":\"\",\"publisher\":{\"@id\":\"https:\\\/\\\/jovoh.com\\\/de\\\/#organization\"},\"potentialAction\":[{\"@type\":\"SearchAction\",\"target\":{\"@type\":\"EntryPoint\",\"urlTemplate\":\"https:\\\/\\\/jovoh.com\\\/de\\\/?s={search_term_string}\"},\"query-input\":{\"@type\":\"PropertyValueSpecification\",\"valueRequired\":true,\"valueName\":\"search_term_string\"}}],\"inLanguage\":\"de-DE\"},{\"@type\":\"Organization\",\"@id\":\"https:\\\/\\\/jovoh.com\\\/de\\\/#organization\",\"name\":\"Jovoh Design\",\"url\":\"https:\\\/\\\/jovoh.com\\\/de\\\/\",\"logo\":{\"@type\":\"ImageObject\",\"inLanguage\":\"de-DE\",\"@id\":\"https:\\\/\\\/jovoh.com\\\/de\\\/#\\\/schema\\\/logo\\\/image\\\/\",\"url\":\"https:\\\/\\\/jovoh.com\\\/wp-content\\\/uploads\\\/2024\\\/09\\\/Untitled_Artwork.png\",\"contentUrl\":\"https:\\\/\\\/jovoh.com\\\/wp-content\\\/uploads\\\/2024\\\/09\\\/Untitled_Artwork.png\",\"width\":1420,\"height\":929,\"caption\":\"Jovoh Design\"},\"image\":{\"@id\":\"https:\\\/\\\/jovoh.com\\\/de\\\/#\\\/schema\\\/logo\\\/image\\\/\"},\"sameAs\":[\"https:\\\/\\\/www.instagram.com\\\/jovoh_nappy\\\/\"]}]}<\/script>\n<!-- \/ Yoast SEO plugin. -->","yoast_head_json":{"title":"Windelklammer -","description":"Der Snappi Windelklammer erm\u00f6glicht das einfache Wickeln mit Mullwindeln, Prefolds oder Flats - mit einer Hand zu befestigen.","robots":{"index":"index","follow":"follow","max-snippet":"max-snippet:-1","max-image-preview":"max-image-preview:large","max-video-preview":"max-video-preview:-1"},"canonical":"https:\/\/jovoh.com\/de\/produkt\/windelklammer\/","og_locale":"de_DE","og_type":"article","og_title":"Windelklammer -","og_description":"Der Snappi Windelklammer erm\u00f6glicht das einfache Wickeln mit Mullwindeln, Prefolds oder Flats - mit einer Hand zu befestigen.","og_url":"https:\/\/jovoh.com\/de\/produkt\/windelklammer\/","article_publisher":"https:\/\/www.instagram.com\/jovoh_nappy\/","article_modified_time":"2025-04-05T16:37:29+00:00","og_image":[{"width":1024,"height":1024,"url":"https:\/\/jovoh.com\/wp-content\/uploads\/2021\/04\/IMG_0338.jpg","type":"image\/jpeg"}],"twitter_card":"summary_large_image","schema":{"@context":"https:\/\/schema.org","@graph":[{"@type":"WebPage","@id":"https:\/\/jovoh.com\/de\/produkt\/windelklammer\/","url":"https:\/\/jovoh.com\/de\/produkt\/windelklammer\/","name":"Windelklammer -","isPartOf":{"@id":"https:\/\/jovoh.com\/de\/#website"},"primaryImageOfPage":{"@id":"https:\/\/jovoh.com\/de\/produkt\/windelklammer\/#primaryimage"},"image":{"@id":"https:\/\/jovoh.com\/de\/produkt\/windelklammer\/#primaryimage"},"thumbnailUrl":"https:\/\/jovoh.com\/wp-content\/uploads\/2021\/04\/IMG_0338.jpg","datePublished":"2024-02-14T12:36:05+00:00","dateModified":"2025-04-05T16:37:29+00:00","description":"Der Snappi Windelklammer erm\u00f6glicht das einfache Wickeln mit Mullwindeln, Prefolds oder Flats - mit einer Hand zu befestigen.","breadcrumb":{"@id":"https:\/\/jovoh.com\/de\/produkt\/windelklammer\/#breadcrumb"},"inLanguage":"de-DE","potentialAction":[{"@type":"ReadAction","target":["https:\/\/jovoh.com\/de\/produkt\/windelklammer\/"]}]},{"@type":"ImageObject","inLanguage":"de-DE","@id":"https:\/\/jovoh.com\/de\/produkt\/windelklammer\/#primaryimage","url":"https:\/\/jovoh.com\/wp-content\/uploads\/2021\/04\/IMG_0338.jpg","contentUrl":"https:\/\/jovoh.com\/wp-content\/uploads\/2021\/04\/IMG_0338.jpg","width":1024,"height":1024},{"@type":"BreadcrumbList","@id":"https:\/\/jovoh.com\/de\/produkt\/windelklammer\/#breadcrumb","itemListElement":[{"@type":"ListItem","position":1,"name":"Home","item":"https:\/\/jovoh.com\/de\/"},{"@type":"ListItem","position":2,"name":"Shop","item":"https:\/\/jovoh.com\/shop\/"},{"@type":"ListItem","position":3,"name":"Windelklammer"}]},{"@type":"WebSite","@id":"https:\/\/jovoh.com\/de\/#website","url":"https:\/\/jovoh.com\/de\/","name":"jovoh","description":"","publisher":{"@id":"https:\/\/jovoh.com\/de\/#organization"},"potentialAction":[{"@type":"SearchAction","target":{"@type":"EntryPoint","urlTemplate":"https:\/\/jovoh.com\/de\/?s={search_term_string}"},"query-input":{"@type":"PropertyValueSpecification","valueRequired":true,"valueName":"search_term_string"}}],"inLanguage":"de-DE"},{"@type":"Organization","@id":"https:\/\/jovoh.com\/de\/#organization","name":"Jovoh Design","url":"https:\/\/jovoh.com\/de\/","logo":{"@type":"ImageObject","inLanguage":"de-DE","@id":"https:\/\/jovoh.com\/de\/#\/schema\/logo\/image\/","url":"https:\/\/jovoh.com\/wp-content\/uploads\/2024\/09\/Untitled_Artwork.png","contentUrl":"https:\/\/jovoh.com\/wp-content\/uploads\/2024\/09\/Untitled_Artwork.png","width":1420,"height":929,"caption":"Jovoh Design"},"image":{"@id":"https:\/\/jovoh.com\/de\/#\/schema\/logo\/image\/"},"sameAs":["https:\/\/www.instagram.com\/jovoh_nappy\/"]}]}},"_links":{"self":[{"href":"https:\/\/jovoh.com\/de\/wp-json\/wp\/v2\/product\/6044","targetHints":{"allow":["GET"]}}],"collection":[{"href":"https:\/\/jovoh.com\/de\/wp-json\/wp\/v2\/product"}],"about":[{"href":"https:\/\/jovoh.com\/de\/wp-json\/wp\/v2\/types\/product"}],"wp:featuredmedia":[{"embeddable":true,"href":"https:\/\/jovoh.com\/de\/wp-json\/wp\/v2\/media\/5912"}],"wp:attachment":[{"href":"https:\/\/jovoh.com\/de\/wp-json\/wp\/v2\/media?parent=6044"}],"wp:term":[{"taxonomy":"product_brand","embeddable":true,"href":"https:\/\/jovoh.com\/de\/wp-json\/wp\/v2\/product_brand?post=6044"},{"taxonomy":"product_cat","embeddable":true,"href":"https:\/\/jovoh.com\/de\/wp-json\/wp\/v2\/product_cat?post=6044"},{"taxonomy":"product_tag","embeddable":true,"href":"https:\/\/jovoh.com\/de\/wp-json\/wp\/v2\/product_tag?post=6044"}],"curies":[{"name":"wp","href":"https:\/\/api.w.org\/{rel}","templated":true}]}}