{"id":6054,"date":"2024-02-04T14:12:16","date_gmt":"2024-02-04T12:12:16","guid":{"rendered":"https:\/\/jovoh.com\/product\/baumwolle-frottee-liner\/"},"modified":"2025-09-15T19:08:13","modified_gmt":"2025-09-15T18:08:13","slug":"cotton-terrycloth-liner","status":"publish","type":"product","link":"https:\/\/jovoh.com\/de\/produkt\/cotton-terrycloth-liner\/","title":{"rendered":"Bio-Baumwolle Liner"},"content":{"rendered":"<ul>\n<li>Die Saugeinlage muss ein paar Mal gewaschen werden, um die volle Saugf\u00e4higkeit zu erreichen<\/li>\n<li>Um den Vorgang zu beschleunigen, kannst du die Saugeinlage auch \u00fcber Nacht in Wasser einweichen und danach waschen<\/li>\n<li>Bei maximal 60\u00b0C waschen und bei niedriger Temperatur im Trockner trocknen.<\/li>\n<\/ul>\n<p>Hersteller: Jovoh Design, Karel Doormanlaan 193, 3572NW Utrecht, Niederlande | info@jovoh.com<\/p>\n","protected":false},"excerpt":{"rendered":"<p>Der Baumwolle Liner besteht aus 100% Bio-Baumwolle, vom Stoff \u00fcber das Garn bis hin zum Etikett. Baumwolle absorbiert und transportiert Feuchtigkeit schnell nach unten, erm\u00f6glicht aber dennoch ein N\u00e4ssefeedback.  Der Liner ist anschmiegsam, weich und d\u00fcnn. Frotteeeinlagen sind ideal f\u00fcr Neugeborene, da die Schlingenstruktur des Gewebes fl\u00fcssige Ausscheidungen aufnimmt. Dadurch wird verhindert, dass der Wollbezug schmutzig wird. <\/p>\n<p>Du kannst zum Beispiel den Baumwolle Liner mit einer Mullwindel kombinieren. Entweder legst du den Liner in das gefaltete Tuch, bevor du es um dein Kind wickelst, oder du legst die Mullwindel direkt in die Woll\u00fcberhose. In letzterem Fall kommt der Baumwolle Liner direkt mit deinem Baby in Kontakt. F\u00fcr \u00e4ltere Babys wird der Liner in Kombination mit einem Hanf-Flat verwendet. Baumwolle nimmt die Feuchtigkeit schnell auf, w\u00e4hrend Hanf mehr Feuchtigkeit speichern kann.    <\/p>\n<p><a href=\"https:\/\/jovoh.com\/absorbing-inserts\/\"><span style=\"color: #67788c;\">Hier haben wir die verschiedenen Typen von Jovohs Saugeinlagen und deren Verwendung zusammengefasst<\/span><\/a>. Und wenn du mehr \u00fcber die verwendeten Fasern (f\u00fcr die Einlage, das Garn und das Etikett) wissen m\u00f6chtest, <span style=\"color: #67788c;\"><a style=\"color: #67788c;\" href=\"https:\/\/jovoh.com\/natural-absorbent-fibres-for-cloth-nappies-cotton-and-hemp\/\">schaue dir den Blog an<\/a><\/span>. <\/p>\n<p>&nbsp;<\/p>\n<p><strong>Material<\/strong>: 100% Bio-Baumwolle (kbA) <strong><br \/>\nGr\u00f6\u00dfe<\/strong>: Ca. 12 x 30 cm<\/p>\n<p>&nbsp;<\/p>\n<p>&nbsp;<\/p>\n","protected":false},"featured_media":5724,"template":"","meta":{"kt_blocks_editor_width":""},"product_brand":[],"product_cat":[165,133],"product_tag":[],"class_list":{"0":"post-6054","1":"product","2":"type-product","3":"status-publish","4":"has-post-thumbnail","6":"product_cat-baumwolle-liner","7":"product_cat-saugeinlagen","9":"first","10":"instock","11":"taxable","12":"shipping-taxable","13":"purchasable","14":"product-type-simple"},"yoast_head":"<!-- This site is optimized with the Yoast SEO plugin v27.5 - https:\/\/yoast.com\/product\/yoast-seo-wordpress\/ -->\n<title>Bio-Baumwolle Liner -<\/title>\n<meta name=\"description\" content=\"Ein Baumwolle Liner ist aus 100% Bio-Baumwolle hergestellt. Ideal f\u00fcr Neugeborene, da die schlaufenartige Struktur fl\u00fcssigen Stuhlgang gut auff\u00e4ngt.\" \/>\n<meta name=\"robots\" content=\"index, follow, max-snippet:-1, max-image-preview:large, max-video-preview:-1\" \/>\n<link rel=\"canonical\" href=\"https:\/\/jovoh.com\/de\/produkt\/cotton-terrycloth-liner\/\" \/>\n<meta property=\"og:locale\" content=\"de_DE\" \/>\n<meta property=\"og:type\" content=\"article\" \/>\n<meta property=\"og:title\" content=\"Bio-Baumwolle Liner -\" \/>\n<meta property=\"og:description\" content=\"Ein Baumwolle Liner ist aus 100% Bio-Baumwolle hergestellt. Ideal f\u00fcr Neugeborene, da die schlaufenartige Struktur fl\u00fcssigen Stuhlgang gut auff\u00e4ngt.\" \/>\n<meta property=\"og:url\" content=\"https:\/\/jovoh.com\/de\/produkt\/cotton-terrycloth-liner\/\" \/>\n<meta property=\"article:publisher\" content=\"https:\/\/www.instagram.com\/jovoh_nappy\/\" \/>\n<meta property=\"article:modified_time\" content=\"2025-09-15T18:08:13+00:00\" \/>\n<meta property=\"og:image\" content=\"https:\/\/jovoh.com\/wp-content\/uploads\/2021\/03\/IMG_0032.jpg\" \/>\n\t<meta property=\"og:image:width\" content=\"1024\" \/>\n\t<meta property=\"og:image:height\" content=\"1023\" \/>\n\t<meta property=\"og:image:type\" content=\"image\/jpeg\" \/>\n<meta name=\"twitter:card\" content=\"summary_large_image\" \/>\n<meta name=\"twitter:label1\" content=\"Est. reading time\" \/>\n\t<meta name=\"twitter:data1\" content=\"1 minute\" \/>\n<script type=\"application\/ld+json\" class=\"yoast-schema-graph\">{\"@context\":\"https:\\\/\\\/schema.org\",\"@graph\":[{\"@type\":\"WebPage\",\"@id\":\"https:\\\/\\\/jovoh.com\\\/de\\\/produkt\\\/cotton-terrycloth-liner\\\/\",\"url\":\"https:\\\/\\\/jovoh.com\\\/de\\\/produkt\\\/cotton-terrycloth-liner\\\/\",\"name\":\"Bio-Baumwolle Liner -\",\"isPartOf\":{\"@id\":\"https:\\\/\\\/jovoh.com\\\/de\\\/#website\"},\"primaryImageOfPage\":{\"@id\":\"https:\\\/\\\/jovoh.com\\\/de\\\/produkt\\\/cotton-terrycloth-liner\\\/#primaryimage\"},\"image\":{\"@id\":\"https:\\\/\\\/jovoh.com\\\/de\\\/produkt\\\/cotton-terrycloth-liner\\\/#primaryimage\"},\"thumbnailUrl\":\"https:\\\/\\\/jovoh.com\\\/wp-content\\\/uploads\\\/2021\\\/03\\\/IMG_0032.jpg\",\"datePublished\":\"2024-02-04T12:12:16+00:00\",\"dateModified\":\"2025-09-15T18:08:13+00:00\",\"description\":\"Ein Baumwolle Liner ist aus 100% Bio-Baumwolle hergestellt. Ideal f\u00fcr Neugeborene, da die schlaufenartige Struktur fl\u00fcssigen Stuhlgang gut auff\u00e4ngt.\",\"breadcrumb\":{\"@id\":\"https:\\\/\\\/jovoh.com\\\/de\\\/produkt\\\/cotton-terrycloth-liner\\\/#breadcrumb\"},\"inLanguage\":\"de-DE\",\"potentialAction\":[{\"@type\":\"ReadAction\",\"target\":[\"https:\\\/\\\/jovoh.com\\\/de\\\/produkt\\\/cotton-terrycloth-liner\\\/\"]}]},{\"@type\":\"ImageObject\",\"inLanguage\":\"de-DE\",\"@id\":\"https:\\\/\\\/jovoh.com\\\/de\\\/produkt\\\/cotton-terrycloth-liner\\\/#primaryimage\",\"url\":\"https:\\\/\\\/jovoh.com\\\/wp-content\\\/uploads\\\/2021\\\/03\\\/IMG_0032.jpg\",\"contentUrl\":\"https:\\\/\\\/jovoh.com\\\/wp-content\\\/uploads\\\/2021\\\/03\\\/IMG_0032.jpg\",\"width\":1024,\"height\":1023,\"caption\":\"Cotton liner\"},{\"@type\":\"BreadcrumbList\",\"@id\":\"https:\\\/\\\/jovoh.com\\\/de\\\/produkt\\\/cotton-terrycloth-liner\\\/#breadcrumb\",\"itemListElement\":[{\"@type\":\"ListItem\",\"position\":1,\"name\":\"Home\",\"item\":\"https:\\\/\\\/jovoh.com\\\/de\\\/\"},{\"@type\":\"ListItem\",\"position\":2,\"name\":\"Shop\",\"item\":\"https:\\\/\\\/jovoh.com\\\/shop\\\/\"},{\"@type\":\"ListItem\",\"position\":3,\"name\":\"Bio-Baumwolle Liner\"}]},{\"@type\":\"WebSite\",\"@id\":\"https:\\\/\\\/jovoh.com\\\/de\\\/#website\",\"url\":\"https:\\\/\\\/jovoh.com\\\/de\\\/\",\"name\":\"jovoh\",\"description\":\"\",\"publisher\":{\"@id\":\"https:\\\/\\\/jovoh.com\\\/de\\\/#organization\"},\"potentialAction\":[{\"@type\":\"SearchAction\",\"target\":{\"@type\":\"EntryPoint\",\"urlTemplate\":\"https:\\\/\\\/jovoh.com\\\/de\\\/?s={search_term_string}\"},\"query-input\":{\"@type\":\"PropertyValueSpecification\",\"valueRequired\":true,\"valueName\":\"search_term_string\"}}],\"inLanguage\":\"de-DE\"},{\"@type\":\"Organization\",\"@id\":\"https:\\\/\\\/jovoh.com\\\/de\\\/#organization\",\"name\":\"Jovoh Design\",\"url\":\"https:\\\/\\\/jovoh.com\\\/de\\\/\",\"logo\":{\"@type\":\"ImageObject\",\"inLanguage\":\"de-DE\",\"@id\":\"https:\\\/\\\/jovoh.com\\\/de\\\/#\\\/schema\\\/logo\\\/image\\\/\",\"url\":\"https:\\\/\\\/jovoh.com\\\/wp-content\\\/uploads\\\/2024\\\/09\\\/Untitled_Artwork.png\",\"contentUrl\":\"https:\\\/\\\/jovoh.com\\\/wp-content\\\/uploads\\\/2024\\\/09\\\/Untitled_Artwork.png\",\"width\":1420,\"height\":929,\"caption\":\"Jovoh Design\"},\"image\":{\"@id\":\"https:\\\/\\\/jovoh.com\\\/de\\\/#\\\/schema\\\/logo\\\/image\\\/\"},\"sameAs\":[\"https:\\\/\\\/www.instagram.com\\\/jovoh_nappy\\\/\"]}]}<\/script>\n<!-- \/ Yoast SEO plugin. -->","yoast_head_json":{"title":"Bio-Baumwolle Liner -","description":"Ein Baumwolle Liner ist aus 100% Bio-Baumwolle hergestellt. Ideal f\u00fcr Neugeborene, da die schlaufenartige Struktur fl\u00fcssigen Stuhlgang gut auff\u00e4ngt.","robots":{"index":"index","follow":"follow","max-snippet":"max-snippet:-1","max-image-preview":"max-image-preview:large","max-video-preview":"max-video-preview:-1"},"canonical":"https:\/\/jovoh.com\/de\/produkt\/cotton-terrycloth-liner\/","og_locale":"de_DE","og_type":"article","og_title":"Bio-Baumwolle Liner -","og_description":"Ein Baumwolle Liner ist aus 100% Bio-Baumwolle hergestellt. Ideal f\u00fcr Neugeborene, da die schlaufenartige Struktur fl\u00fcssigen Stuhlgang gut auff\u00e4ngt.","og_url":"https:\/\/jovoh.com\/de\/produkt\/cotton-terrycloth-liner\/","article_publisher":"https:\/\/www.instagram.com\/jovoh_nappy\/","article_modified_time":"2025-09-15T18:08:13+00:00","og_image":[{"width":1024,"height":1023,"url":"https:\/\/jovoh.com\/wp-content\/uploads\/2021\/03\/IMG_0032.jpg","type":"image\/jpeg"}],"twitter_card":"summary_large_image","twitter_misc":{"Est. reading time":"1 minute"},"schema":{"@context":"https:\/\/schema.org","@graph":[{"@type":"WebPage","@id":"https:\/\/jovoh.com\/de\/produkt\/cotton-terrycloth-liner\/","url":"https:\/\/jovoh.com\/de\/produkt\/cotton-terrycloth-liner\/","name":"Bio-Baumwolle Liner -","isPartOf":{"@id":"https:\/\/jovoh.com\/de\/#website"},"primaryImageOfPage":{"@id":"https:\/\/jovoh.com\/de\/produkt\/cotton-terrycloth-liner\/#primaryimage"},"image":{"@id":"https:\/\/jovoh.com\/de\/produkt\/cotton-terrycloth-liner\/#primaryimage"},"thumbnailUrl":"https:\/\/jovoh.com\/wp-content\/uploads\/2021\/03\/IMG_0032.jpg","datePublished":"2024-02-04T12:12:16+00:00","dateModified":"2025-09-15T18:08:13+00:00","description":"Ein Baumwolle Liner ist aus 100% Bio-Baumwolle hergestellt. Ideal f\u00fcr Neugeborene, da die schlaufenartige Struktur fl\u00fcssigen Stuhlgang gut auff\u00e4ngt.","breadcrumb":{"@id":"https:\/\/jovoh.com\/de\/produkt\/cotton-terrycloth-liner\/#breadcrumb"},"inLanguage":"de-DE","potentialAction":[{"@type":"ReadAction","target":["https:\/\/jovoh.com\/de\/produkt\/cotton-terrycloth-liner\/"]}]},{"@type":"ImageObject","inLanguage":"de-DE","@id":"https:\/\/jovoh.com\/de\/produkt\/cotton-terrycloth-liner\/#primaryimage","url":"https:\/\/jovoh.com\/wp-content\/uploads\/2021\/03\/IMG_0032.jpg","contentUrl":"https:\/\/jovoh.com\/wp-content\/uploads\/2021\/03\/IMG_0032.jpg","width":1024,"height":1023,"caption":"Cotton liner"},{"@type":"BreadcrumbList","@id":"https:\/\/jovoh.com\/de\/produkt\/cotton-terrycloth-liner\/#breadcrumb","itemListElement":[{"@type":"ListItem","position":1,"name":"Home","item":"https:\/\/jovoh.com\/de\/"},{"@type":"ListItem","position":2,"name":"Shop","item":"https:\/\/jovoh.com\/shop\/"},{"@type":"ListItem","position":3,"name":"Bio-Baumwolle Liner"}]},{"@type":"WebSite","@id":"https:\/\/jovoh.com\/de\/#website","url":"https:\/\/jovoh.com\/de\/","name":"jovoh","description":"","publisher":{"@id":"https:\/\/jovoh.com\/de\/#organization"},"potentialAction":[{"@type":"SearchAction","target":{"@type":"EntryPoint","urlTemplate":"https:\/\/jovoh.com\/de\/?s={search_term_string}"},"query-input":{"@type":"PropertyValueSpecification","valueRequired":true,"valueName":"search_term_string"}}],"inLanguage":"de-DE"},{"@type":"Organization","@id":"https:\/\/jovoh.com\/de\/#organization","name":"Jovoh Design","url":"https:\/\/jovoh.com\/de\/","logo":{"@type":"ImageObject","inLanguage":"de-DE","@id":"https:\/\/jovoh.com\/de\/#\/schema\/logo\/image\/","url":"https:\/\/jovoh.com\/wp-content\/uploads\/2024\/09\/Untitled_Artwork.png","contentUrl":"https:\/\/jovoh.com\/wp-content\/uploads\/2024\/09\/Untitled_Artwork.png","width":1420,"height":929,"caption":"Jovoh Design"},"image":{"@id":"https:\/\/jovoh.com\/de\/#\/schema\/logo\/image\/"},"sameAs":["https:\/\/www.instagram.com\/jovoh_nappy\/"]}]}},"_links":{"self":[{"href":"https:\/\/jovoh.com\/de\/wp-json\/wp\/v2\/product\/6054","targetHints":{"allow":["GET"]}}],"collection":[{"href":"https:\/\/jovoh.com\/de\/wp-json\/wp\/v2\/product"}],"about":[{"href":"https:\/\/jovoh.com\/de\/wp-json\/wp\/v2\/types\/product"}],"wp:featuredmedia":[{"embeddable":true,"href":"https:\/\/jovoh.com\/de\/wp-json\/wp\/v2\/media\/5724"}],"wp:attachment":[{"href":"https:\/\/jovoh.com\/de\/wp-json\/wp\/v2\/media?parent=6054"}],"wp:term":[{"taxonomy":"product_brand","embeddable":true,"href":"https:\/\/jovoh.com\/de\/wp-json\/wp\/v2\/product_brand?post=6054"},{"taxonomy":"product_cat","embeddable":true,"href":"https:\/\/jovoh.com\/de\/wp-json\/wp\/v2\/product_cat?post=6054"},{"taxonomy":"product_tag","embeddable":true,"href":"https:\/\/jovoh.com\/de\/wp-json\/wp\/v2\/product_tag?post=6054"}],"curies":[{"name":"wp","href":"https:\/\/api.w.org\/{rel}","templated":true}]}}