{"id":6059,"date":"2021-02-05T21:29:19","date_gmt":"2021-06-01T12:32:00","guid":{"rendered":"https:\/\/jovoh.com\/product\/patounis-grune-olivenseifenflocken\/"},"modified":"2026-04-29T14:53:32","modified_gmt":"2026-04-29T13:53:32","slug":"green-olive-soap-flakes","status":"publish","type":"product","link":"https:\/\/jovoh.com\/de\/produkt\/green-olive-soap-flakes\/","title":{"rendered":"Olivenseifenflocken"},"content":{"rendered":"<p><span style=\"text-decoration: underline;\">Inhaltsstoffe und weitere Informationen<\/span>:<\/p>\n<ul>\n<li>Oliven\u00f6l, Natriumhydroxid, Wasser und Salz<\/li>\n<li>Kein Palm\u00f6l<\/li>\n<li>Keine Zusatzstoffe, Farbstoffe, Parf\u00fcme oder Duftstoffe<\/li>\n<li>pH 9-11<\/li>\n<\/ul>\n<p>Hersteller: Mercaterra, 70 tr. du Tonkin 13010 Marseille, Frankreich <\/p>\n","protected":false},"excerpt":{"rendered":"<p class=\"p1\">Die Olivenseife \u00fcberzeugt durch ihre Reinheit und den Verzicht auf den Zusatz von Palm\u00f6l, Duft- und Farbstoffen. Sie wird aus Oliven\u00f6l in Kombination mit Natriumhydroxid und Salz hergestellt. Die gr\u00fcne Farbe stammt vom Chlorophyll der Oliven, die Farbe verblasst jedoch, wenn die Seife trocknet und reift. Traditionell wird diese Seife f\u00fcr die Haut, als Reinigungsmittel, oder zum Waschen verwendet, eignet sich aber auch hervorragend zum Mischen der Lanolin-Emulsion.   <span class=\"Apple-converted-space\"> <\/span><\/p>\n<p>Die Seifenflocken werden in einem wiederverwendbaren Leinenbeutel geliefert. Wenn die Seife aufgebraucht ist, wasche den Beutel in klarem Wasser aus und verwende ihn f\u00fcr kleine Sch\u00e4tze, Erinnerungen, und Tr\u00e4ume. <\/p>\n<p>&nbsp;<\/p>\n<p class=\"p1\">So bereitest du die Lanolin-Emulsion zu:<span class=\"Apple-converted-space\"> <\/span><\/p>\n<p class=\"p1\">Nimm eine Tasse hei\u00dfes Wasser, l\u00f6se ein wenig Lanolin darin auf (etwa 1\/2 Teel\u00f6ffel pro Woll\u00fcberhose) und f\u00fcge ein paar Kr\u00fcmel Olivenseifenflocken hinzu. Es bildet sich eine milchige Emulsion. Wenn noch Fettaugen auf der Oberfl\u00e4che zu sehen sind, f\u00fcge etwas mehr Seife hinzu, bis sie verschwinden. <a style=\"color: #67788c;\" href=\"https:\/\/jovoh.com\/care-of-wool-diaper\/\"><span style=\"color: #67788c;\">Hier<\/span><\/a> finden Sie weitere Informationen zum Fetten der Wollwindel und zur Verwendung der Seifenflocken.  <span class=\"Apple-converted-space\"> <\/span><\/p>\n<p>&nbsp;<\/p>\n<p><strong>Gewicht<\/strong>: Ca. 250 g<\/p>\n<p>&nbsp;<\/p>\n<p>&nbsp;<\/p>\n","protected":false},"featured_media":30186,"template":"","meta":{"kt_blocks_editor_width":""},"product_brand":[],"product_cat":[142,140],"product_tag":[],"class_list":{"0":"post-6059","1":"product","2":"type-product","3":"status-publish","4":"has-post-thumbnail","6":"product_cat-olivenseife","7":"product_cat-pflegeprodukte","9":"first","10":"instock","11":"taxable","12":"shipping-taxable","13":"purchasable","14":"product-type-simple"},"yoast_head":"<!-- This site is optimized with the Yoast SEO plugin v27.5 - https:\/\/yoast.com\/product\/yoast-seo-wordpress\/ -->\n<title>Olivenseifenflocken -<\/title>\n<meta name=\"description\" content=\"Die Olivenseife wird aus reinem Pflanzen\u00f6l hergestellt. Ohne Palm\u00f6l, Parf\u00fcm oder synthetische Zusatzstoffe. Ideal f\u00fcr empfindliche Haut und zum Waschen von Wolle.\" \/>\n<meta name=\"robots\" content=\"index, follow, max-snippet:-1, max-image-preview:large, max-video-preview:-1\" \/>\n<link rel=\"canonical\" href=\"https:\/\/jovoh.com\/de\/produkt\/green-olive-soap-flakes\/\" \/>\n<meta property=\"og:locale\" content=\"de_DE\" \/>\n<meta property=\"og:type\" content=\"article\" \/>\n<meta property=\"og:title\" content=\"Olivenseifenflocken -\" \/>\n<meta property=\"og:description\" content=\"Die Olivenseife wird aus reinem Pflanzen\u00f6l hergestellt. Ohne Palm\u00f6l, Parf\u00fcm oder synthetische Zusatzstoffe. Ideal f\u00fcr empfindliche Haut und zum Waschen von Wolle.\" \/>\n<meta property=\"og:url\" content=\"https:\/\/jovoh.com\/de\/produkt\/green-olive-soap-flakes\/\" \/>\n<meta property=\"article:publisher\" content=\"https:\/\/www.instagram.com\/jovoh_nappy\/\" \/>\n<meta property=\"article:modified_time\" content=\"2026-04-29T13:53:32+00:00\" \/>\n<meta property=\"og:image\" content=\"https:\/\/jovoh.com\/wp-content\/uploads\/2021\/02\/IMG_7706-scaled.jpg\" \/>\n\t<meta property=\"og:image:width\" content=\"2560\" \/>\n\t<meta property=\"og:image:height\" content=\"2560\" \/>\n\t<meta property=\"og:image:type\" content=\"image\/jpeg\" \/>\n<meta name=\"twitter:card\" content=\"summary_large_image\" \/>\n<script type=\"application\/ld+json\" class=\"yoast-schema-graph\">{\"@context\":\"https:\\\/\\\/schema.org\",\"@graph\":[{\"@type\":\"WebPage\",\"@id\":\"https:\\\/\\\/jovoh.com\\\/de\\\/produkt\\\/green-olive-soap-flakes\\\/\",\"url\":\"https:\\\/\\\/jovoh.com\\\/de\\\/produkt\\\/green-olive-soap-flakes\\\/\",\"name\":\"Olivenseifenflocken -\",\"isPartOf\":{\"@id\":\"https:\\\/\\\/jovoh.com\\\/de\\\/#website\"},\"primaryImageOfPage\":{\"@id\":\"https:\\\/\\\/jovoh.com\\\/de\\\/produkt\\\/green-olive-soap-flakes\\\/#primaryimage\"},\"image\":{\"@id\":\"https:\\\/\\\/jovoh.com\\\/de\\\/produkt\\\/green-olive-soap-flakes\\\/#primaryimage\"},\"thumbnailUrl\":\"https:\\\/\\\/jovoh.com\\\/wp-content\\\/uploads\\\/2021\\\/02\\\/IMG_7706-scaled.jpg\",\"datePublished\":\"2021-06-01T12:32:00+00:00\",\"dateModified\":\"2026-04-29T13:53:32+00:00\",\"description\":\"Die Olivenseife wird aus reinem Pflanzen\u00f6l hergestellt. Ohne Palm\u00f6l, Parf\u00fcm oder synthetische Zusatzstoffe. Ideal f\u00fcr empfindliche Haut und zum Waschen von Wolle.\",\"breadcrumb\":{\"@id\":\"https:\\\/\\\/jovoh.com\\\/de\\\/produkt\\\/green-olive-soap-flakes\\\/#breadcrumb\"},\"inLanguage\":\"de-DE\",\"potentialAction\":[{\"@type\":\"ReadAction\",\"target\":[\"https:\\\/\\\/jovoh.com\\\/de\\\/produkt\\\/green-olive-soap-flakes\\\/\"]}]},{\"@type\":\"ImageObject\",\"inLanguage\":\"de-DE\",\"@id\":\"https:\\\/\\\/jovoh.com\\\/de\\\/produkt\\\/green-olive-soap-flakes\\\/#primaryimage\",\"url\":\"https:\\\/\\\/jovoh.com\\\/wp-content\\\/uploads\\\/2021\\\/02\\\/IMG_7706-scaled.jpg\",\"contentUrl\":\"https:\\\/\\\/jovoh.com\\\/wp-content\\\/uploads\\\/2021\\\/02\\\/IMG_7706-scaled.jpg\",\"width\":2560,\"height\":2560,\"caption\":\"Olive soap flakes\"},{\"@type\":\"BreadcrumbList\",\"@id\":\"https:\\\/\\\/jovoh.com\\\/de\\\/produkt\\\/green-olive-soap-flakes\\\/#breadcrumb\",\"itemListElement\":[{\"@type\":\"ListItem\",\"position\":1,\"name\":\"Home\",\"item\":\"https:\\\/\\\/jovoh.com\\\/de\\\/\"},{\"@type\":\"ListItem\",\"position\":2,\"name\":\"Shop\",\"item\":\"https:\\\/\\\/jovoh.com\\\/shop\\\/\"},{\"@type\":\"ListItem\",\"position\":3,\"name\":\"Olivenseifenflocken\"}]},{\"@type\":\"WebSite\",\"@id\":\"https:\\\/\\\/jovoh.com\\\/de\\\/#website\",\"url\":\"https:\\\/\\\/jovoh.com\\\/de\\\/\",\"name\":\"jovoh\",\"description\":\"\",\"publisher\":{\"@id\":\"https:\\\/\\\/jovoh.com\\\/de\\\/#organization\"},\"potentialAction\":[{\"@type\":\"SearchAction\",\"target\":{\"@type\":\"EntryPoint\",\"urlTemplate\":\"https:\\\/\\\/jovoh.com\\\/de\\\/?s={search_term_string}\"},\"query-input\":{\"@type\":\"PropertyValueSpecification\",\"valueRequired\":true,\"valueName\":\"search_term_string\"}}],\"inLanguage\":\"de-DE\"},{\"@type\":\"Organization\",\"@id\":\"https:\\\/\\\/jovoh.com\\\/de\\\/#organization\",\"name\":\"Jovoh Design\",\"url\":\"https:\\\/\\\/jovoh.com\\\/de\\\/\",\"logo\":{\"@type\":\"ImageObject\",\"inLanguage\":\"de-DE\",\"@id\":\"https:\\\/\\\/jovoh.com\\\/de\\\/#\\\/schema\\\/logo\\\/image\\\/\",\"url\":\"https:\\\/\\\/jovoh.com\\\/wp-content\\\/uploads\\\/2024\\\/09\\\/Untitled_Artwork.png\",\"contentUrl\":\"https:\\\/\\\/jovoh.com\\\/wp-content\\\/uploads\\\/2024\\\/09\\\/Untitled_Artwork.png\",\"width\":1420,\"height\":929,\"caption\":\"Jovoh Design\"},\"image\":{\"@id\":\"https:\\\/\\\/jovoh.com\\\/de\\\/#\\\/schema\\\/logo\\\/image\\\/\"},\"sameAs\":[\"https:\\\/\\\/www.instagram.com\\\/jovoh_nappy\\\/\"]}]}<\/script>\n<!-- \/ Yoast SEO plugin. -->","yoast_head_json":{"title":"Olivenseifenflocken -","description":"Die Olivenseife wird aus reinem Pflanzen\u00f6l hergestellt. Ohne Palm\u00f6l, Parf\u00fcm oder synthetische Zusatzstoffe. Ideal f\u00fcr empfindliche Haut und zum Waschen von Wolle.","robots":{"index":"index","follow":"follow","max-snippet":"max-snippet:-1","max-image-preview":"max-image-preview:large","max-video-preview":"max-video-preview:-1"},"canonical":"https:\/\/jovoh.com\/de\/produkt\/green-olive-soap-flakes\/","og_locale":"de_DE","og_type":"article","og_title":"Olivenseifenflocken -","og_description":"Die Olivenseife wird aus reinem Pflanzen\u00f6l hergestellt. Ohne Palm\u00f6l, Parf\u00fcm oder synthetische Zusatzstoffe. Ideal f\u00fcr empfindliche Haut und zum Waschen von Wolle.","og_url":"https:\/\/jovoh.com\/de\/produkt\/green-olive-soap-flakes\/","article_publisher":"https:\/\/www.instagram.com\/jovoh_nappy\/","article_modified_time":"2026-04-29T13:53:32+00:00","og_image":[{"width":2560,"height":2560,"url":"https:\/\/jovoh.com\/wp-content\/uploads\/2021\/02\/IMG_7706-scaled.jpg","type":"image\/jpeg"}],"twitter_card":"summary_large_image","schema":{"@context":"https:\/\/schema.org","@graph":[{"@type":"WebPage","@id":"https:\/\/jovoh.com\/de\/produkt\/green-olive-soap-flakes\/","url":"https:\/\/jovoh.com\/de\/produkt\/green-olive-soap-flakes\/","name":"Olivenseifenflocken -","isPartOf":{"@id":"https:\/\/jovoh.com\/de\/#website"},"primaryImageOfPage":{"@id":"https:\/\/jovoh.com\/de\/produkt\/green-olive-soap-flakes\/#primaryimage"},"image":{"@id":"https:\/\/jovoh.com\/de\/produkt\/green-olive-soap-flakes\/#primaryimage"},"thumbnailUrl":"https:\/\/jovoh.com\/wp-content\/uploads\/2021\/02\/IMG_7706-scaled.jpg","datePublished":"2021-06-01T12:32:00+00:00","dateModified":"2026-04-29T13:53:32+00:00","description":"Die Olivenseife wird aus reinem Pflanzen\u00f6l hergestellt. Ohne Palm\u00f6l, Parf\u00fcm oder synthetische Zusatzstoffe. Ideal f\u00fcr empfindliche Haut und zum Waschen von Wolle.","breadcrumb":{"@id":"https:\/\/jovoh.com\/de\/produkt\/green-olive-soap-flakes\/#breadcrumb"},"inLanguage":"de-DE","potentialAction":[{"@type":"ReadAction","target":["https:\/\/jovoh.com\/de\/produkt\/green-olive-soap-flakes\/"]}]},{"@type":"ImageObject","inLanguage":"de-DE","@id":"https:\/\/jovoh.com\/de\/produkt\/green-olive-soap-flakes\/#primaryimage","url":"https:\/\/jovoh.com\/wp-content\/uploads\/2021\/02\/IMG_7706-scaled.jpg","contentUrl":"https:\/\/jovoh.com\/wp-content\/uploads\/2021\/02\/IMG_7706-scaled.jpg","width":2560,"height":2560,"caption":"Olive soap flakes"},{"@type":"BreadcrumbList","@id":"https:\/\/jovoh.com\/de\/produkt\/green-olive-soap-flakes\/#breadcrumb","itemListElement":[{"@type":"ListItem","position":1,"name":"Home","item":"https:\/\/jovoh.com\/de\/"},{"@type":"ListItem","position":2,"name":"Shop","item":"https:\/\/jovoh.com\/shop\/"},{"@type":"ListItem","position":3,"name":"Olivenseifenflocken"}]},{"@type":"WebSite","@id":"https:\/\/jovoh.com\/de\/#website","url":"https:\/\/jovoh.com\/de\/","name":"jovoh","description":"","publisher":{"@id":"https:\/\/jovoh.com\/de\/#organization"},"potentialAction":[{"@type":"SearchAction","target":{"@type":"EntryPoint","urlTemplate":"https:\/\/jovoh.com\/de\/?s={search_term_string}"},"query-input":{"@type":"PropertyValueSpecification","valueRequired":true,"valueName":"search_term_string"}}],"inLanguage":"de-DE"},{"@type":"Organization","@id":"https:\/\/jovoh.com\/de\/#organization","name":"Jovoh Design","url":"https:\/\/jovoh.com\/de\/","logo":{"@type":"ImageObject","inLanguage":"de-DE","@id":"https:\/\/jovoh.com\/de\/#\/schema\/logo\/image\/","url":"https:\/\/jovoh.com\/wp-content\/uploads\/2024\/09\/Untitled_Artwork.png","contentUrl":"https:\/\/jovoh.com\/wp-content\/uploads\/2024\/09\/Untitled_Artwork.png","width":1420,"height":929,"caption":"Jovoh Design"},"image":{"@id":"https:\/\/jovoh.com\/de\/#\/schema\/logo\/image\/"},"sameAs":["https:\/\/www.instagram.com\/jovoh_nappy\/"]}]}},"_links":{"self":[{"href":"https:\/\/jovoh.com\/de\/wp-json\/wp\/v2\/product\/6059","targetHints":{"allow":["GET"]}}],"collection":[{"href":"https:\/\/jovoh.com\/de\/wp-json\/wp\/v2\/product"}],"about":[{"href":"https:\/\/jovoh.com\/de\/wp-json\/wp\/v2\/types\/product"}],"wp:featuredmedia":[{"embeddable":true,"href":"https:\/\/jovoh.com\/de\/wp-json\/wp\/v2\/media\/30186"}],"wp:attachment":[{"href":"https:\/\/jovoh.com\/de\/wp-json\/wp\/v2\/media?parent=6059"}],"wp:term":[{"taxonomy":"product_brand","embeddable":true,"href":"https:\/\/jovoh.com\/de\/wp-json\/wp\/v2\/product_brand?post=6059"},{"taxonomy":"product_cat","embeddable":true,"href":"https:\/\/jovoh.com\/de\/wp-json\/wp\/v2\/product_cat?post=6059"},{"taxonomy":"product_tag","embeddable":true,"href":"https:\/\/jovoh.com\/de\/wp-json\/wp\/v2\/product_tag?post=6059"}],"curies":[{"name":"wp","href":"https:\/\/api.w.org\/{rel}","templated":true}]}}