{"id":6063,"date":"2021-02-05T20:48:32","date_gmt":"2021-06-01T14:58:54","guid":{"rendered":"https:\/\/jovoh.com\/product\/patounis-olivenkernseife\/"},"modified":"2025-04-01T15:42:19","modified_gmt":"2025-04-01T14:42:19","slug":"patounis-olive-curd-soap","status":"publish","type":"product","link":"https:\/\/jovoh.com\/de\/produkt\/patounis-olive-curd-soap\/","title":{"rendered":"Olivenseife | 2te Wahl"},"content":{"rendered":"<p><span style=\"text-decoration: underline;\">Inhaltsstoffe und weitere Informationen<\/span>:<\/p>\n<ul>\n<li>Rohes Oliventrester\u00f6l, Natriumhydroxid, Wasser und Salz<\/li>\n<li>Freies Alkali 0,1%<\/li>\n<li>Keine Zusatzstoffe, Farbstoffe oder Duftstoffe<\/li>\n<li>Kein Palm\u00f6l<\/li>\n<li>pH ~8<\/li>\n<\/ul>\n<p>Hersteller: Patounis, 9 Ioannou Theotoki Street, Korfu 49100, Griechenland | info@patounis.gr<\/p>\n","protected":false},"excerpt":{"rendered":"<p><strong>Wichtig<\/strong>: Leider hat mir die Firma Patounis Seife geschickt, die ich nicht mit gutem Gewissen als A-Ware verkaufen kann. Und da Patounis sich weigert, die Ware zur\u00fcckzunehmen, kannst du sie zu einem sagenhaft g\u00fcnstigen Preis erwerben. Auf diese Weise versuche ich, wenigstens die Kosten f\u00fcr den Einkauf zu decken. Es handelt sich also um nicht ganz perfekte Seifenst\u00fccke. Die Funktionalit\u00e4t der Seife bleibt davon unber\u00fchrt.    <\/p>\n<p>&nbsp;<\/p>\n<p>Die Patounis Seifen werden seit 1850 im Familienbetrieb auf Korfu, Griechenland nach alter Tradition von Hand gefertigt. Die Kernseife ist eine der wenigen, die kein Palm\u00f6l enth\u00e4lt. Sie besteht haupts\u00e4chlich aus Oliventrester\u00f6l, das aus Olivenkernen, Schalen- und Fruchtfleischresten gewonnen wird, kombiniert mit Natronlauge, Wasser und Salz. Im Vergleich zu gr\u00fcner Olivenseife enth\u00e4lt die Olivenkernseife einen h\u00f6heren Anteil an Waschsoda (0,1%) und hat daher einen h\u00f6heren pH-Wert von ~8.<\/p>\n<p>Die Seife ist ideal zum Waschen von Wolle, Babykleidung, Unterw\u00e4sche und hartn\u00e4ckigen Flecken. Sie kann auch zum Waschen von Obst und Gem\u00fcse verwendet werden. Fein gerieben kann sie auch in der Waschmaschine verwendet werden.<\/p>\n<p>Die Seifenst\u00fccke werden vom Hersteller unverpackt und plastikfrei in einem Karton geliefert. Als Trennmittel wird Natriumcarbonat (Waschsoda) verwendet, damit die einzelnen Seifenst\u00fccke nicht zusammenkleben. Dieser ist als wei\u00dfes Pulver auf den Seifenst\u00fccken sichtbar und l\u00e4sst sich leicht abwaschen.<\/p>\n<p><strong> <\/strong><\/p>\n<p><strong>Gewicht<\/strong>: ca. 140 g<\/p>\n<p>&nbsp;<\/p>\n<p>&nbsp;<\/p>\n","protected":false},"featured_media":5678,"template":"","meta":{"kt_blocks_editor_width":""},"product_brand":[],"product_cat":[142,140,288],"product_tag":[],"class_list":{"0":"post-6063","1":"product","2":"type-product","3":"status-publish","4":"has-post-thumbnail","6":"product_cat-olivenseife","7":"product_cat-pflegeprodukte","8":"product_cat-sale-de","10":"first","11":"instock","12":"sale","13":"taxable","14":"shipping-taxable","15":"purchasable","16":"product-type-simple"},"yoast_head":"<!-- This site is optimized with the Yoast SEO plugin v27.5 - https:\/\/yoast.com\/product\/yoast-seo-wordpress\/ -->\n<title>Olivenseife | 2te Wahl -<\/title>\n<meta name=\"robots\" content=\"index, follow, max-snippet:-1, max-image-preview:large, max-video-preview:-1\" \/>\n<link rel=\"canonical\" href=\"https:\/\/jovoh.com\/de\/produkt\/patounis-olive-curd-soap\/\" \/>\n<meta property=\"og:locale\" content=\"de_DE\" \/>\n<meta property=\"og:type\" content=\"article\" \/>\n<meta property=\"og:title\" content=\"Olivenseife | 2te Wahl -\" \/>\n<meta property=\"og:description\" content=\"Wichtig: Leider hat mir die Firma Patounis Seife geschickt, die ich nicht mit gutem Gewissen als A-Ware verkaufen kann. Und da Patounis sich weigert, die Ware zur\u00fcckzunehmen, kannst du sie zu einem sagenhaft g\u00fcnstigen Preis erwerben. Auf diese Weise versuche ich, wenigstens die Kosten f\u00fcr den Einkauf zu decken. Es handelt sich also um nicht ganz perfekte Seifenst\u00fccke. Die Funktionalit\u00e4t der Seife bleibt davon unber\u00fchrt.   &nbsp; Die Patounis Seifen werden seit 1850 im Familienbetrieb auf Korfu, Griechenland nach alter Tradition von Hand gefertigt. Die Kernseife ist eine der wenigen, die kein Palm\u00f6l enth\u00e4lt. Sie besteht haupts\u00e4chlich aus Oliventrester\u00f6l, das aus Olivenkernen, Schalen- und Fruchtfleischresten gewonnen wird, kombiniert mit Natronlauge, Wasser und Salz. Im Vergleich zu gr\u00fcner Olivenseife enth\u00e4lt die Olivenkernseife einen h\u00f6heren Anteil an Waschsoda (0,1%) und hat daher einen h\u00f6heren pH-Wert von ~8. Die Seife ist ideal zum Waschen von Wolle, Babykleidung, Unterw\u00e4sche und hartn\u00e4ckigen Flecken. Sie kann auch zum Waschen von Obst und Gem\u00fcse verwendet werden. Fein gerieben kann sie auch in der Waschmaschine verwendet werden. Die Seifenst\u00fccke werden vom Hersteller unverpackt und plastikfrei in einem Karton geliefert. Als Trennmittel wird Natriumcarbonat (Waschsoda) verwendet, damit die einzelnen Seifenst\u00fccke nicht zusammenkleben. Dieser ist als wei\u00dfes Pulver auf den Seifenst\u00fccken sichtbar und l\u00e4sst sich leicht abwaschen.   Gewicht: ca. 140 g &nbsp; &nbsp;\" \/>\n<meta property=\"og:url\" content=\"https:\/\/jovoh.com\/de\/produkt\/patounis-olive-curd-soap\/\" \/>\n<meta property=\"article:publisher\" content=\"https:\/\/www.instagram.com\/jovoh_nappy\/\" \/>\n<meta property=\"article:modified_time\" content=\"2025-04-01T14:42:19+00:00\" \/>\n<meta property=\"og:image\" content=\"https:\/\/jovoh.com\/wp-content\/uploads\/2021\/02\/IMG_9876-Kopie.jpg\" \/>\n\t<meta property=\"og:image:width\" content=\"1024\" \/>\n\t<meta property=\"og:image:height\" content=\"1023\" \/>\n\t<meta property=\"og:image:type\" content=\"image\/jpeg\" \/>\n<meta name=\"twitter:card\" content=\"summary_large_image\" \/>\n<script type=\"application\/ld+json\" class=\"yoast-schema-graph\">{\"@context\":\"https:\\\/\\\/schema.org\",\"@graph\":[{\"@type\":\"WebPage\",\"@id\":\"https:\\\/\\\/jovoh.com\\\/de\\\/produkt\\\/patounis-olive-curd-soap\\\/\",\"url\":\"https:\\\/\\\/jovoh.com\\\/de\\\/produkt\\\/patounis-olive-curd-soap\\\/\",\"name\":\"Olivenseife | 2te Wahl -\",\"isPartOf\":{\"@id\":\"https:\\\/\\\/jovoh.com\\\/de\\\/#website\"},\"primaryImageOfPage\":{\"@id\":\"https:\\\/\\\/jovoh.com\\\/de\\\/produkt\\\/patounis-olive-curd-soap\\\/#primaryimage\"},\"image\":{\"@id\":\"https:\\\/\\\/jovoh.com\\\/de\\\/produkt\\\/patounis-olive-curd-soap\\\/#primaryimage\"},\"thumbnailUrl\":\"https:\\\/\\\/jovoh.com\\\/wp-content\\\/uploads\\\/2021\\\/02\\\/IMG_9876-Kopie.jpg\",\"datePublished\":\"2021-06-01T14:58:54+00:00\",\"dateModified\":\"2025-04-01T14:42:19+00:00\",\"breadcrumb\":{\"@id\":\"https:\\\/\\\/jovoh.com\\\/de\\\/produkt\\\/patounis-olive-curd-soap\\\/#breadcrumb\"},\"inLanguage\":\"de-DE\",\"potentialAction\":[{\"@type\":\"ReadAction\",\"target\":[\"https:\\\/\\\/jovoh.com\\\/de\\\/produkt\\\/patounis-olive-curd-soap\\\/\"]}]},{\"@type\":\"ImageObject\",\"inLanguage\":\"de-DE\",\"@id\":\"https:\\\/\\\/jovoh.com\\\/de\\\/produkt\\\/patounis-olive-curd-soap\\\/#primaryimage\",\"url\":\"https:\\\/\\\/jovoh.com\\\/wp-content\\\/uploads\\\/2021\\\/02\\\/IMG_9876-Kopie.jpg\",\"contentUrl\":\"https:\\\/\\\/jovoh.com\\\/wp-content\\\/uploads\\\/2021\\\/02\\\/IMG_9876-Kopie.jpg\",\"width\":1024,\"height\":1023},{\"@type\":\"BreadcrumbList\",\"@id\":\"https:\\\/\\\/jovoh.com\\\/de\\\/produkt\\\/patounis-olive-curd-soap\\\/#breadcrumb\",\"itemListElement\":[{\"@type\":\"ListItem\",\"position\":1,\"name\":\"Home\",\"item\":\"https:\\\/\\\/jovoh.com\\\/de\\\/\"},{\"@type\":\"ListItem\",\"position\":2,\"name\":\"Shop\",\"item\":\"https:\\\/\\\/jovoh.com\\\/shop\\\/\"},{\"@type\":\"ListItem\",\"position\":3,\"name\":\"Olivenseife | 2te Wahl\"}]},{\"@type\":\"WebSite\",\"@id\":\"https:\\\/\\\/jovoh.com\\\/de\\\/#website\",\"url\":\"https:\\\/\\\/jovoh.com\\\/de\\\/\",\"name\":\"jovoh\",\"description\":\"\",\"publisher\":{\"@id\":\"https:\\\/\\\/jovoh.com\\\/de\\\/#organization\"},\"potentialAction\":[{\"@type\":\"SearchAction\",\"target\":{\"@type\":\"EntryPoint\",\"urlTemplate\":\"https:\\\/\\\/jovoh.com\\\/de\\\/?s={search_term_string}\"},\"query-input\":{\"@type\":\"PropertyValueSpecification\",\"valueRequired\":true,\"valueName\":\"search_term_string\"}}],\"inLanguage\":\"de-DE\"},{\"@type\":\"Organization\",\"@id\":\"https:\\\/\\\/jovoh.com\\\/de\\\/#organization\",\"name\":\"Jovoh Design\",\"url\":\"https:\\\/\\\/jovoh.com\\\/de\\\/\",\"logo\":{\"@type\":\"ImageObject\",\"inLanguage\":\"de-DE\",\"@id\":\"https:\\\/\\\/jovoh.com\\\/de\\\/#\\\/schema\\\/logo\\\/image\\\/\",\"url\":\"https:\\\/\\\/jovoh.com\\\/wp-content\\\/uploads\\\/2024\\\/09\\\/Untitled_Artwork.png\",\"contentUrl\":\"https:\\\/\\\/jovoh.com\\\/wp-content\\\/uploads\\\/2024\\\/09\\\/Untitled_Artwork.png\",\"width\":1420,\"height\":929,\"caption\":\"Jovoh Design\"},\"image\":{\"@id\":\"https:\\\/\\\/jovoh.com\\\/de\\\/#\\\/schema\\\/logo\\\/image\\\/\"},\"sameAs\":[\"https:\\\/\\\/www.instagram.com\\\/jovoh_nappy\\\/\"]}]}<\/script>\n<!-- \/ Yoast SEO plugin. -->","yoast_head_json":{"title":"Olivenseife | 2te Wahl -","robots":{"index":"index","follow":"follow","max-snippet":"max-snippet:-1","max-image-preview":"max-image-preview:large","max-video-preview":"max-video-preview:-1"},"canonical":"https:\/\/jovoh.com\/de\/produkt\/patounis-olive-curd-soap\/","og_locale":"de_DE","og_type":"article","og_title":"Olivenseife | 2te Wahl -","og_description":"Wichtig: Leider hat mir die Firma Patounis Seife geschickt, die ich nicht mit gutem Gewissen als A-Ware verkaufen kann. Und da Patounis sich weigert, die Ware zur\u00fcckzunehmen, kannst du sie zu einem sagenhaft g\u00fcnstigen Preis erwerben. Auf diese Weise versuche ich, wenigstens die Kosten f\u00fcr den Einkauf zu decken. Es handelt sich also um nicht ganz perfekte Seifenst\u00fccke. Die Funktionalit\u00e4t der Seife bleibt davon unber\u00fchrt.   &nbsp; Die Patounis Seifen werden seit 1850 im Familienbetrieb auf Korfu, Griechenland nach alter Tradition von Hand gefertigt. Die Kernseife ist eine der wenigen, die kein Palm\u00f6l enth\u00e4lt. Sie besteht haupts\u00e4chlich aus Oliventrester\u00f6l, das aus Olivenkernen, Schalen- und Fruchtfleischresten gewonnen wird, kombiniert mit Natronlauge, Wasser und Salz. Im Vergleich zu gr\u00fcner Olivenseife enth\u00e4lt die Olivenkernseife einen h\u00f6heren Anteil an Waschsoda (0,1%) und hat daher einen h\u00f6heren pH-Wert von ~8. Die Seife ist ideal zum Waschen von Wolle, Babykleidung, Unterw\u00e4sche und hartn\u00e4ckigen Flecken. Sie kann auch zum Waschen von Obst und Gem\u00fcse verwendet werden. Fein gerieben kann sie auch in der Waschmaschine verwendet werden. Die Seifenst\u00fccke werden vom Hersteller unverpackt und plastikfrei in einem Karton geliefert. Als Trennmittel wird Natriumcarbonat (Waschsoda) verwendet, damit die einzelnen Seifenst\u00fccke nicht zusammenkleben. Dieser ist als wei\u00dfes Pulver auf den Seifenst\u00fccken sichtbar und l\u00e4sst sich leicht abwaschen.   Gewicht: ca. 140 g &nbsp; &nbsp;","og_url":"https:\/\/jovoh.com\/de\/produkt\/patounis-olive-curd-soap\/","article_publisher":"https:\/\/www.instagram.com\/jovoh_nappy\/","article_modified_time":"2025-04-01T14:42:19+00:00","og_image":[{"width":1024,"height":1023,"url":"https:\/\/jovoh.com\/wp-content\/uploads\/2021\/02\/IMG_9876-Kopie.jpg","type":"image\/jpeg"}],"twitter_card":"summary_large_image","schema":{"@context":"https:\/\/schema.org","@graph":[{"@type":"WebPage","@id":"https:\/\/jovoh.com\/de\/produkt\/patounis-olive-curd-soap\/","url":"https:\/\/jovoh.com\/de\/produkt\/patounis-olive-curd-soap\/","name":"Olivenseife | 2te Wahl -","isPartOf":{"@id":"https:\/\/jovoh.com\/de\/#website"},"primaryImageOfPage":{"@id":"https:\/\/jovoh.com\/de\/produkt\/patounis-olive-curd-soap\/#primaryimage"},"image":{"@id":"https:\/\/jovoh.com\/de\/produkt\/patounis-olive-curd-soap\/#primaryimage"},"thumbnailUrl":"https:\/\/jovoh.com\/wp-content\/uploads\/2021\/02\/IMG_9876-Kopie.jpg","datePublished":"2021-06-01T14:58:54+00:00","dateModified":"2025-04-01T14:42:19+00:00","breadcrumb":{"@id":"https:\/\/jovoh.com\/de\/produkt\/patounis-olive-curd-soap\/#breadcrumb"},"inLanguage":"de-DE","potentialAction":[{"@type":"ReadAction","target":["https:\/\/jovoh.com\/de\/produkt\/patounis-olive-curd-soap\/"]}]},{"@type":"ImageObject","inLanguage":"de-DE","@id":"https:\/\/jovoh.com\/de\/produkt\/patounis-olive-curd-soap\/#primaryimage","url":"https:\/\/jovoh.com\/wp-content\/uploads\/2021\/02\/IMG_9876-Kopie.jpg","contentUrl":"https:\/\/jovoh.com\/wp-content\/uploads\/2021\/02\/IMG_9876-Kopie.jpg","width":1024,"height":1023},{"@type":"BreadcrumbList","@id":"https:\/\/jovoh.com\/de\/produkt\/patounis-olive-curd-soap\/#breadcrumb","itemListElement":[{"@type":"ListItem","position":1,"name":"Home","item":"https:\/\/jovoh.com\/de\/"},{"@type":"ListItem","position":2,"name":"Shop","item":"https:\/\/jovoh.com\/shop\/"},{"@type":"ListItem","position":3,"name":"Olivenseife | 2te Wahl"}]},{"@type":"WebSite","@id":"https:\/\/jovoh.com\/de\/#website","url":"https:\/\/jovoh.com\/de\/","name":"jovoh","description":"","publisher":{"@id":"https:\/\/jovoh.com\/de\/#organization"},"potentialAction":[{"@type":"SearchAction","target":{"@type":"EntryPoint","urlTemplate":"https:\/\/jovoh.com\/de\/?s={search_term_string}"},"query-input":{"@type":"PropertyValueSpecification","valueRequired":true,"valueName":"search_term_string"}}],"inLanguage":"de-DE"},{"@type":"Organization","@id":"https:\/\/jovoh.com\/de\/#organization","name":"Jovoh Design","url":"https:\/\/jovoh.com\/de\/","logo":{"@type":"ImageObject","inLanguage":"de-DE","@id":"https:\/\/jovoh.com\/de\/#\/schema\/logo\/image\/","url":"https:\/\/jovoh.com\/wp-content\/uploads\/2024\/09\/Untitled_Artwork.png","contentUrl":"https:\/\/jovoh.com\/wp-content\/uploads\/2024\/09\/Untitled_Artwork.png","width":1420,"height":929,"caption":"Jovoh Design"},"image":{"@id":"https:\/\/jovoh.com\/de\/#\/schema\/logo\/image\/"},"sameAs":["https:\/\/www.instagram.com\/jovoh_nappy\/"]}]}},"_links":{"self":[{"href":"https:\/\/jovoh.com\/de\/wp-json\/wp\/v2\/product\/6063","targetHints":{"allow":["GET"]}}],"collection":[{"href":"https:\/\/jovoh.com\/de\/wp-json\/wp\/v2\/product"}],"about":[{"href":"https:\/\/jovoh.com\/de\/wp-json\/wp\/v2\/types\/product"}],"wp:featuredmedia":[{"embeddable":true,"href":"https:\/\/jovoh.com\/de\/wp-json\/wp\/v2\/media\/5678"}],"wp:attachment":[{"href":"https:\/\/jovoh.com\/de\/wp-json\/wp\/v2\/media?parent=6063"}],"wp:term":[{"taxonomy":"product_brand","embeddable":true,"href":"https:\/\/jovoh.com\/de\/wp-json\/wp\/v2\/product_brand?post=6063"},{"taxonomy":"product_cat","embeddable":true,"href":"https:\/\/jovoh.com\/de\/wp-json\/wp\/v2\/product_cat?post=6063"},{"taxonomy":"product_tag","embeddable":true,"href":"https:\/\/jovoh.com\/de\/wp-json\/wp\/v2\/product_tag?post=6063"}],"curies":[{"name":"wp","href":"https:\/\/api.w.org\/{rel}","templated":true}]}}