{"id":6065,"date":"2021-02-04T15:27:49","date_gmt":"2021-06-01T15:06:00","guid":{"rendered":"https:\/\/jovoh.com\/product\/gluckswindel-wollwaschseife-lemongrass\/"},"modified":"2025-09-15T19:08:14","modified_gmt":"2025-09-15T18:08:14","slug":"wool-washing-soap-citrus","status":"publish","type":"product","link":"https:\/\/jovoh.com\/de\/produkt\/wool-washing-soap-citrus\/","title":{"rendered":"Wollwaschseife &#8211; Citrus (100g)"},"content":{"rendered":"<p><span style=\"text-decoration: underline;\">Inhaltsstoffe und weitere Informationen<\/span>:<br \/>\nCocos Nucifera Oil*, Lanolin, Sodium Hydroxide*, Olea Europaea Fuit Oil*, Aqua, Essential Oils* (Orange, Lemongras, Citrus, Petitgrain), Ricinus Communis Seed Oil*, Limonene*, Citral*, Geranoil*, Linalool*<br \/>\n* certified organic origin<\/p>\n<p>Hersteller: Werfzeep, Westerkade 30, 3511 HC Utrecht, Niederlande | post@werfzeep.nl<\/p>\n","protected":false},"excerpt":{"rendered":"<p>Wollwaschseife enth\u00e4lt einen hohen Anteil an Lanolin und eignet sich hervorragend zum Waschen von Wollwindeln, da sie die Wolle sanft reinigt und gleichzeitig fettet. Sie ist au\u00dferdem nach der EU-Kosmetikverordnung zertifiziert und kann somit zur Hautpflege verwendet werden. Wollwaschseife enth\u00e4lt nat\u00fcrliche und pflegende Inhaltsstoffe wie Lanoline und Kokos\u00f6l.<\/p>\n<p class=\"p2\">Unsere Lanolinseife wird bei <span style=\"color: #67788c;\"><a style=\"color: #67788c;\" href=\"http:\/\/www.werfzeep.nl\">Werfzeep<\/a><\/span>, einer handwerklichen Bio-Seifenmanufaktur in Utrecht, hergestellt. Sie verarbeiten Pflanzen zu Extrakten, Hydrolaten und \u00e4therischen \u00d6len, direkt aus Wald- und Kr\u00e4uterg\u00e4rten. Das kleine Team stellt alle Seifen von Hand an einem sch\u00f6nen, aber kleinen Standort in der N\u00e4he der alten Grachten von Utrecht her.<span class=\"Apple-converted-space\"> <\/span><\/p>\n<p>&nbsp;<\/p>\n<p class=\"p2\"><strong>Wie verwendet man Jovoh Wollwaschseife?<\/strong><\/p>\n<p class=\"p2\">Reibe die Seife vorsichtig mit der Hand in warmem Wasser, bis das Wasser milchig wird. Je mehr Seife gel\u00f6st wird, deso fettiger wird die Emulsion. Du kannst verschmutzte Stellen der Woll\u00fcberhose auch direkt behandeln. Reibe daf\u00fcr die Seife sanft auf die Wolle und reinige sie entsprechend. Die Seife ist zum Reinigen und Nachfetten von bereits gefetteten Woll\u00fcberhosen bestimmt. F\u00fcr die Erstbehandlung von Woll\u00fcberhosen wird jedoch eine Emulsion aus reinem <a href=\"https:\/\/jovoh.com\/product\/lanolin\/\"><span style=\"color: #67788c;\">Lanolin<\/span><\/a> empfohlen. Weitere Informationen findest du im Blog \u201e<span style=\"color: #67788c;\"><a style=\"color: #67788c;\" href=\"https:\/\/jovoh.com\/all-you-need-to-know-about-wool-washing-soap-lanolin-soap\/\">Alles, was du \u00fcber Wollwaschseife (Lanolinseife) wissen musst<\/a><\/span>&#8220;.<\/p>\n<p>&nbsp;<\/p>\n<p><strong>Aroma: <\/strong>Citrus<br \/>\n<strong>Gewicht: <\/strong>Ca. 100g<\/p>\n<p>&nbsp;<\/p>\n<p>&nbsp;<\/p>\n","protected":false},"featured_media":13278,"template":"","meta":{"kt_blocks_editor_width":""},"product_brand":[],"product_cat":[140,143],"product_tag":[],"class_list":{"0":"post-6065","1":"product","2":"type-product","3":"status-publish","4":"has-post-thumbnail","6":"product_cat-pflegeprodukte","7":"product_cat-wollwaschseife","9":"first","10":"instock","11":"taxable","12":"shipping-taxable","13":"purchasable","14":"product-type-simple"},"yoast_head":"<!-- This site is optimized with the Yoast SEO plugin v27.5 - https:\/\/yoast.com\/product\/yoast-seo-wordpress\/ -->\n<title>Wollwaschseife - Citrus (100g) -<\/title>\n<meta name=\"description\" content=\"Wollwaschseife (Lanolinseife) ist perfekt f\u00fcr die Reinigung von Wolle. Die Seife enth\u00e4lt Lanolin und fettet und reinigt deine Kleidungsst\u00fccke und Woll\u00fcberhosen in einem Schritt.\" \/>\n<meta name=\"robots\" content=\"index, follow, max-snippet:-1, max-image-preview:large, max-video-preview:-1\" \/>\n<link rel=\"canonical\" href=\"https:\/\/jovoh.com\/de\/produkt\/wool-washing-soap-citrus\/\" \/>\n<meta property=\"og:locale\" content=\"de_DE\" \/>\n<meta property=\"og:type\" content=\"article\" \/>\n<meta property=\"og:title\" content=\"Wollwaschseife - Citrus (100g) -\" \/>\n<meta property=\"og:description\" content=\"Wollwaschseife (Lanolinseife) ist perfekt f\u00fcr die Reinigung von Wolle. Die Seife enth\u00e4lt Lanolin und fettet und reinigt deine Kleidungsst\u00fccke und Woll\u00fcberhosen in einem Schritt.\" \/>\n<meta property=\"og:url\" content=\"https:\/\/jovoh.com\/de\/produkt\/wool-washing-soap-citrus\/\" \/>\n<meta property=\"article:publisher\" content=\"https:\/\/www.instagram.com\/jovoh_nappy\/\" \/>\n<meta property=\"article:modified_time\" content=\"2025-09-15T18:08:14+00:00\" \/>\n<meta property=\"og:image\" content=\"https:\/\/jovoh.com\/wp-content\/uploads\/2021\/02\/IMG_2955-2.jpg\" \/>\n\t<meta property=\"og:image:width\" content=\"2084\" \/>\n\t<meta property=\"og:image:height\" content=\"2084\" \/>\n\t<meta property=\"og:image:type\" content=\"image\/jpeg\" \/>\n<meta name=\"twitter:card\" content=\"summary_large_image\" \/>\n<script type=\"application\/ld+json\" class=\"yoast-schema-graph\">{\"@context\":\"https:\\\/\\\/schema.org\",\"@graph\":[{\"@type\":\"WebPage\",\"@id\":\"https:\\\/\\\/jovoh.com\\\/de\\\/produkt\\\/wool-washing-soap-citrus\\\/\",\"url\":\"https:\\\/\\\/jovoh.com\\\/de\\\/produkt\\\/wool-washing-soap-citrus\\\/\",\"name\":\"Wollwaschseife - Citrus (100g) -\",\"isPartOf\":{\"@id\":\"https:\\\/\\\/jovoh.com\\\/de\\\/#website\"},\"primaryImageOfPage\":{\"@id\":\"https:\\\/\\\/jovoh.com\\\/de\\\/produkt\\\/wool-washing-soap-citrus\\\/#primaryimage\"},\"image\":{\"@id\":\"https:\\\/\\\/jovoh.com\\\/de\\\/produkt\\\/wool-washing-soap-citrus\\\/#primaryimage\"},\"thumbnailUrl\":\"https:\\\/\\\/jovoh.com\\\/wp-content\\\/uploads\\\/2021\\\/02\\\/IMG_2955-2.jpg\",\"datePublished\":\"2021-06-01T15:06:00+00:00\",\"dateModified\":\"2025-09-15T18:08:14+00:00\",\"description\":\"Wollwaschseife (Lanolinseife) ist perfekt f\u00fcr die Reinigung von Wolle. Die Seife enth\u00e4lt Lanolin und fettet und reinigt deine Kleidungsst\u00fccke und Woll\u00fcberhosen in einem Schritt.\",\"breadcrumb\":{\"@id\":\"https:\\\/\\\/jovoh.com\\\/de\\\/produkt\\\/wool-washing-soap-citrus\\\/#breadcrumb\"},\"inLanguage\":\"de-DE\",\"potentialAction\":[{\"@type\":\"ReadAction\",\"target\":[\"https:\\\/\\\/jovoh.com\\\/de\\\/produkt\\\/wool-washing-soap-citrus\\\/\"]}]},{\"@type\":\"ImageObject\",\"inLanguage\":\"de-DE\",\"@id\":\"https:\\\/\\\/jovoh.com\\\/de\\\/produkt\\\/wool-washing-soap-citrus\\\/#primaryimage\",\"url\":\"https:\\\/\\\/jovoh.com\\\/wp-content\\\/uploads\\\/2021\\\/02\\\/IMG_2955-2.jpg\",\"contentUrl\":\"https:\\\/\\\/jovoh.com\\\/wp-content\\\/uploads\\\/2021\\\/02\\\/IMG_2955-2.jpg\",\"width\":2084,\"height\":2084,\"caption\":\"Wool washing soap (lanolin soap) - Citrus\"},{\"@type\":\"BreadcrumbList\",\"@id\":\"https:\\\/\\\/jovoh.com\\\/de\\\/produkt\\\/wool-washing-soap-citrus\\\/#breadcrumb\",\"itemListElement\":[{\"@type\":\"ListItem\",\"position\":1,\"name\":\"Home\",\"item\":\"https:\\\/\\\/jovoh.com\\\/de\\\/\"},{\"@type\":\"ListItem\",\"position\":2,\"name\":\"Shop\",\"item\":\"https:\\\/\\\/jovoh.com\\\/shop\\\/\"},{\"@type\":\"ListItem\",\"position\":3,\"name\":\"Wollwaschseife &#8211; Citrus (100g)\"}]},{\"@type\":\"WebSite\",\"@id\":\"https:\\\/\\\/jovoh.com\\\/de\\\/#website\",\"url\":\"https:\\\/\\\/jovoh.com\\\/de\\\/\",\"name\":\"jovoh\",\"description\":\"\",\"publisher\":{\"@id\":\"https:\\\/\\\/jovoh.com\\\/de\\\/#organization\"},\"potentialAction\":[{\"@type\":\"SearchAction\",\"target\":{\"@type\":\"EntryPoint\",\"urlTemplate\":\"https:\\\/\\\/jovoh.com\\\/de\\\/?s={search_term_string}\"},\"query-input\":{\"@type\":\"PropertyValueSpecification\",\"valueRequired\":true,\"valueName\":\"search_term_string\"}}],\"inLanguage\":\"de-DE\"},{\"@type\":\"Organization\",\"@id\":\"https:\\\/\\\/jovoh.com\\\/de\\\/#organization\",\"name\":\"Jovoh Design\",\"url\":\"https:\\\/\\\/jovoh.com\\\/de\\\/\",\"logo\":{\"@type\":\"ImageObject\",\"inLanguage\":\"de-DE\",\"@id\":\"https:\\\/\\\/jovoh.com\\\/de\\\/#\\\/schema\\\/logo\\\/image\\\/\",\"url\":\"https:\\\/\\\/jovoh.com\\\/wp-content\\\/uploads\\\/2024\\\/09\\\/Untitled_Artwork.png\",\"contentUrl\":\"https:\\\/\\\/jovoh.com\\\/wp-content\\\/uploads\\\/2024\\\/09\\\/Untitled_Artwork.png\",\"width\":1420,\"height\":929,\"caption\":\"Jovoh Design\"},\"image\":{\"@id\":\"https:\\\/\\\/jovoh.com\\\/de\\\/#\\\/schema\\\/logo\\\/image\\\/\"},\"sameAs\":[\"https:\\\/\\\/www.instagram.com\\\/jovoh_nappy\\\/\"]}]}<\/script>\n<!-- \/ Yoast SEO plugin. -->","yoast_head_json":{"title":"Wollwaschseife - Citrus (100g) -","description":"Wollwaschseife (Lanolinseife) ist perfekt f\u00fcr die Reinigung von Wolle. Die Seife enth\u00e4lt Lanolin und fettet und reinigt deine Kleidungsst\u00fccke und Woll\u00fcberhosen in einem Schritt.","robots":{"index":"index","follow":"follow","max-snippet":"max-snippet:-1","max-image-preview":"max-image-preview:large","max-video-preview":"max-video-preview:-1"},"canonical":"https:\/\/jovoh.com\/de\/produkt\/wool-washing-soap-citrus\/","og_locale":"de_DE","og_type":"article","og_title":"Wollwaschseife - Citrus (100g) -","og_description":"Wollwaschseife (Lanolinseife) ist perfekt f\u00fcr die Reinigung von Wolle. Die Seife enth\u00e4lt Lanolin und fettet und reinigt deine Kleidungsst\u00fccke und Woll\u00fcberhosen in einem Schritt.","og_url":"https:\/\/jovoh.com\/de\/produkt\/wool-washing-soap-citrus\/","article_publisher":"https:\/\/www.instagram.com\/jovoh_nappy\/","article_modified_time":"2025-09-15T18:08:14+00:00","og_image":[{"width":2084,"height":2084,"url":"https:\/\/jovoh.com\/wp-content\/uploads\/2021\/02\/IMG_2955-2.jpg","type":"image\/jpeg"}],"twitter_card":"summary_large_image","schema":{"@context":"https:\/\/schema.org","@graph":[{"@type":"WebPage","@id":"https:\/\/jovoh.com\/de\/produkt\/wool-washing-soap-citrus\/","url":"https:\/\/jovoh.com\/de\/produkt\/wool-washing-soap-citrus\/","name":"Wollwaschseife - Citrus (100g) -","isPartOf":{"@id":"https:\/\/jovoh.com\/de\/#website"},"primaryImageOfPage":{"@id":"https:\/\/jovoh.com\/de\/produkt\/wool-washing-soap-citrus\/#primaryimage"},"image":{"@id":"https:\/\/jovoh.com\/de\/produkt\/wool-washing-soap-citrus\/#primaryimage"},"thumbnailUrl":"https:\/\/jovoh.com\/wp-content\/uploads\/2021\/02\/IMG_2955-2.jpg","datePublished":"2021-06-01T15:06:00+00:00","dateModified":"2025-09-15T18:08:14+00:00","description":"Wollwaschseife (Lanolinseife) ist perfekt f\u00fcr die Reinigung von Wolle. Die Seife enth\u00e4lt Lanolin und fettet und reinigt deine Kleidungsst\u00fccke und Woll\u00fcberhosen in einem Schritt.","breadcrumb":{"@id":"https:\/\/jovoh.com\/de\/produkt\/wool-washing-soap-citrus\/#breadcrumb"},"inLanguage":"de-DE","potentialAction":[{"@type":"ReadAction","target":["https:\/\/jovoh.com\/de\/produkt\/wool-washing-soap-citrus\/"]}]},{"@type":"ImageObject","inLanguage":"de-DE","@id":"https:\/\/jovoh.com\/de\/produkt\/wool-washing-soap-citrus\/#primaryimage","url":"https:\/\/jovoh.com\/wp-content\/uploads\/2021\/02\/IMG_2955-2.jpg","contentUrl":"https:\/\/jovoh.com\/wp-content\/uploads\/2021\/02\/IMG_2955-2.jpg","width":2084,"height":2084,"caption":"Wool washing soap (lanolin soap) - Citrus"},{"@type":"BreadcrumbList","@id":"https:\/\/jovoh.com\/de\/produkt\/wool-washing-soap-citrus\/#breadcrumb","itemListElement":[{"@type":"ListItem","position":1,"name":"Home","item":"https:\/\/jovoh.com\/de\/"},{"@type":"ListItem","position":2,"name":"Shop","item":"https:\/\/jovoh.com\/shop\/"},{"@type":"ListItem","position":3,"name":"Wollwaschseife &#8211; Citrus (100g)"}]},{"@type":"WebSite","@id":"https:\/\/jovoh.com\/de\/#website","url":"https:\/\/jovoh.com\/de\/","name":"jovoh","description":"","publisher":{"@id":"https:\/\/jovoh.com\/de\/#organization"},"potentialAction":[{"@type":"SearchAction","target":{"@type":"EntryPoint","urlTemplate":"https:\/\/jovoh.com\/de\/?s={search_term_string}"},"query-input":{"@type":"PropertyValueSpecification","valueRequired":true,"valueName":"search_term_string"}}],"inLanguage":"de-DE"},{"@type":"Organization","@id":"https:\/\/jovoh.com\/de\/#organization","name":"Jovoh Design","url":"https:\/\/jovoh.com\/de\/","logo":{"@type":"ImageObject","inLanguage":"de-DE","@id":"https:\/\/jovoh.com\/de\/#\/schema\/logo\/image\/","url":"https:\/\/jovoh.com\/wp-content\/uploads\/2024\/09\/Untitled_Artwork.png","contentUrl":"https:\/\/jovoh.com\/wp-content\/uploads\/2024\/09\/Untitled_Artwork.png","width":1420,"height":929,"caption":"Jovoh Design"},"image":{"@id":"https:\/\/jovoh.com\/de\/#\/schema\/logo\/image\/"},"sameAs":["https:\/\/www.instagram.com\/jovoh_nappy\/"]}]}},"_links":{"self":[{"href":"https:\/\/jovoh.com\/de\/wp-json\/wp\/v2\/product\/6065","targetHints":{"allow":["GET"]}}],"collection":[{"href":"https:\/\/jovoh.com\/de\/wp-json\/wp\/v2\/product"}],"about":[{"href":"https:\/\/jovoh.com\/de\/wp-json\/wp\/v2\/types\/product"}],"wp:featuredmedia":[{"embeddable":true,"href":"https:\/\/jovoh.com\/de\/wp-json\/wp\/v2\/media\/13278"}],"wp:attachment":[{"href":"https:\/\/jovoh.com\/de\/wp-json\/wp\/v2\/media?parent=6065"}],"wp:term":[{"taxonomy":"product_brand","embeddable":true,"href":"https:\/\/jovoh.com\/de\/wp-json\/wp\/v2\/product_brand?post=6065"},{"taxonomy":"product_cat","embeddable":true,"href":"https:\/\/jovoh.com\/de\/wp-json\/wp\/v2\/product_cat?post=6065"},{"taxonomy":"product_tag","embeddable":true,"href":"https:\/\/jovoh.com\/de\/wp-json\/wp\/v2\/product_tag?post=6065"}],"curies":[{"name":"wp","href":"https:\/\/api.w.org\/{rel}","templated":true}]}}