{"id":9105,"date":"2022-01-02T12:27:40","date_gmt":"2022-01-02T10:27:40","guid":{"rendered":"https:\/\/jovoh.com\/?post_type=product&#038;p=9105"},"modified":"2024-02-07T11:23:05","modified_gmt":"2024-02-07T09:23:05","slug":"cotton-muslin-folding-insert-small","status":"publish","type":"product","link":"https:\/\/jovoh.com\/de\/produkt\/cotton-muslin-folding-insert-small\/","title":{"rendered":"Mullwindel | klein"},"content":{"rendered":"<ul>\n<li>Die Mullwindeln m\u00fcssen ein paar Mal gewaschen werden, um die volle Saugf\u00e4higkeit zu erreichen<\/li>\n<li>Um den Vorgang zu beschleunigen, k\u00f6nnen die Saugeinlagen auch \u00fcber Nacht in Wasser eingeweicht werden<\/li>\n<li>Bei maximal 60\u00b0C waschen. K\u00f6nnen bei niedriger Temperatur in den Trockner.<\/li>\n<\/ul>\n","protected":false},"excerpt":{"rendered":"<p>Mullwindeln aus 100% Bio-Baumwolle sind vor allem f\u00fcr Neugeborene und Kleinkinder tolle Begleiter. Baumwolle nimmt die Feuchtigkeit schnell auf und leitet sie nach unten weiter, erm\u00f6glicht aber dennoch eine N\u00e4ssefeedback. Mullwindeln begleiten dich \u00fcber die gesamte Wickelzeit, vom ersten bis zum letzten Tag. Das Tuch kann als einfache Windel um das Kind gefaltet (wird mit einer <span style=\"color: #67788c;\"><a style=\"color: #67788c;\" href=\"https:\/\/jovoh.com\/product\/nappy-fastener\/\">Windelklammer<\/a><\/span> zusammengehalten) oder direkt in die Wollh\u00fclle gelegt werden. Die kleine Gr\u00f6\u00dfe (60 x 60 cm) ist ideal f\u00fcr Neugeborene. Der Stoff hat ein relativ hohes Eigengewicht und nimmt ausreichend Feuchtigkeit auf. Au\u00dferdem wird der Rand der Mullwindel einfach vern\u00e4ht, sodass die Entstehung von Druckstellen auf der Kinderhaut reduziert wird (bei den meisten Mullwindeln ist der Rand umgeschlagen und damit doppelt vern\u00e4ht).<\/p>\n<p>&nbsp;<\/p>\n<p><strong>Material<\/strong>: 100% Bio-Baumwolle (kbA)<strong><br \/>\nMa\u00dfe<\/strong>: Ca. 60 x 60 cm<\/p>\n<p>&nbsp;<\/p>\n<p>Bearbeitungszeit: 2-4 Arbeitstage<\/p>\n<p>&nbsp;<\/p>\n","protected":false},"featured_media":5908,"template":"","meta":{"kt_blocks_editor_width":""},"product_brand":[],"product_cat":[333,133],"product_tag":[],"class_list":{"0":"post-9105","1":"product","2":"type-product","3":"status-publish","4":"has-post-thumbnail","6":"product_cat-mullwindel","7":"product_cat-saugeinlagen","9":"first","10":"instock","11":"taxable","12":"shipping-taxable","13":"purchasable","14":"product-type-simple"},"yoast_head":"<!-- This site is optimized with the Yoast SEO plugin v27.5 - https:\/\/yoast.com\/product\/yoast-seo-wordpress\/ -->\n<title>Mullwindel | klein -<\/title>\n<meta name=\"robots\" content=\"index, follow, max-snippet:-1, max-image-preview:large, max-video-preview:-1\" \/>\n<link rel=\"canonical\" href=\"https:\/\/jovoh.com\/de\/produkt\/cotton-muslin-folding-insert-small\/\" \/>\n<meta property=\"og:locale\" content=\"de_DE\" \/>\n<meta property=\"og:type\" content=\"article\" \/>\n<meta property=\"og:title\" content=\"Mullwindel | klein -\" \/>\n<meta property=\"og:description\" content=\"Mullwindeln aus 100% Bio-Baumwolle sind vor allem f\u00fcr Neugeborene und Kleinkinder tolle Begleiter. Baumwolle nimmt die Feuchtigkeit schnell auf und leitet sie nach unten weiter, erm\u00f6glicht aber dennoch eine N\u00e4ssefeedback. Mullwindeln begleiten dich \u00fcber die gesamte Wickelzeit, vom ersten bis zum letzten Tag. Das Tuch kann als einfache Windel um das Kind gefaltet (wird mit einer Windelklammer zusammengehalten) oder direkt in die Wollh\u00fclle gelegt werden. Die kleine Gr\u00f6\u00dfe (60 x 60 cm) ist ideal f\u00fcr Neugeborene. Der Stoff hat ein relativ hohes Eigengewicht und nimmt ausreichend Feuchtigkeit auf. Au\u00dferdem wird der Rand der Mullwindel einfach vern\u00e4ht, sodass die Entstehung von Druckstellen auf der Kinderhaut reduziert wird (bei den meisten Mullwindeln ist der Rand umgeschlagen und damit doppelt vern\u00e4ht). &nbsp; Material: 100% Bio-Baumwolle (kbA) Ma\u00dfe: Ca. 60 x 60 cm &nbsp; Bearbeitungszeit: 2-4 Arbeitstage &nbsp;\" \/>\n<meta property=\"og:url\" content=\"https:\/\/jovoh.com\/de\/produkt\/cotton-muslin-folding-insert-small\/\" \/>\n<meta property=\"article:publisher\" content=\"https:\/\/www.instagram.com\/jovoh_nappy\/\" \/>\n<meta property=\"article:modified_time\" content=\"2024-02-07T09:23:05+00:00\" \/>\n<meta property=\"og:image\" content=\"https:\/\/jovoh.com\/wp-content\/uploads\/2021\/05\/IMG_0356-scaled.jpg\" \/>\n\t<meta property=\"og:image:width\" content=\"2560\" \/>\n\t<meta property=\"og:image:height\" content=\"2560\" \/>\n\t<meta property=\"og:image:type\" content=\"image\/jpeg\" \/>\n<meta name=\"twitter:card\" content=\"summary_large_image\" \/>\n<script type=\"application\/ld+json\" class=\"yoast-schema-graph\">{\"@context\":\"https:\\\/\\\/schema.org\",\"@graph\":[{\"@type\":\"WebPage\",\"@id\":\"https:\\\/\\\/jovoh.com\\\/de\\\/produkt\\\/cotton-muslin-folding-insert-small\\\/\",\"url\":\"https:\\\/\\\/jovoh.com\\\/de\\\/produkt\\\/cotton-muslin-folding-insert-small\\\/\",\"name\":\"Mullwindel | klein -\",\"isPartOf\":{\"@id\":\"https:\\\/\\\/jovoh.com\\\/de\\\/#website\"},\"primaryImageOfPage\":{\"@id\":\"https:\\\/\\\/jovoh.com\\\/de\\\/produkt\\\/cotton-muslin-folding-insert-small\\\/#primaryimage\"},\"image\":{\"@id\":\"https:\\\/\\\/jovoh.com\\\/de\\\/produkt\\\/cotton-muslin-folding-insert-small\\\/#primaryimage\"},\"thumbnailUrl\":\"https:\\\/\\\/jovoh.com\\\/wp-content\\\/uploads\\\/2021\\\/05\\\/IMG_0356-scaled.jpg\",\"datePublished\":\"2022-01-02T10:27:40+00:00\",\"dateModified\":\"2024-02-07T09:23:05+00:00\",\"breadcrumb\":{\"@id\":\"https:\\\/\\\/jovoh.com\\\/de\\\/produkt\\\/cotton-muslin-folding-insert-small\\\/#breadcrumb\"},\"inLanguage\":\"de-DE\",\"potentialAction\":[{\"@type\":\"ReadAction\",\"target\":[\"https:\\\/\\\/jovoh.com\\\/de\\\/produkt\\\/cotton-muslin-folding-insert-small\\\/\"]}]},{\"@type\":\"ImageObject\",\"inLanguage\":\"de-DE\",\"@id\":\"https:\\\/\\\/jovoh.com\\\/de\\\/produkt\\\/cotton-muslin-folding-insert-small\\\/#primaryimage\",\"url\":\"https:\\\/\\\/jovoh.com\\\/wp-content\\\/uploads\\\/2021\\\/05\\\/IMG_0356-scaled.jpg\",\"contentUrl\":\"https:\\\/\\\/jovoh.com\\\/wp-content\\\/uploads\\\/2021\\\/05\\\/IMG_0356-scaled.jpg\",\"width\":2560,\"height\":2560},{\"@type\":\"BreadcrumbList\",\"@id\":\"https:\\\/\\\/jovoh.com\\\/de\\\/produkt\\\/cotton-muslin-folding-insert-small\\\/#breadcrumb\",\"itemListElement\":[{\"@type\":\"ListItem\",\"position\":1,\"name\":\"Home\",\"item\":\"https:\\\/\\\/jovoh.com\\\/de\\\/\"},{\"@type\":\"ListItem\",\"position\":2,\"name\":\"Shop\",\"item\":\"https:\\\/\\\/jovoh.com\\\/shop\\\/\"},{\"@type\":\"ListItem\",\"position\":3,\"name\":\"Mullwindel | klein\"}]},{\"@type\":\"WebSite\",\"@id\":\"https:\\\/\\\/jovoh.com\\\/de\\\/#website\",\"url\":\"https:\\\/\\\/jovoh.com\\\/de\\\/\",\"name\":\"jovoh\",\"description\":\"\",\"publisher\":{\"@id\":\"https:\\\/\\\/jovoh.com\\\/de\\\/#organization\"},\"potentialAction\":[{\"@type\":\"SearchAction\",\"target\":{\"@type\":\"EntryPoint\",\"urlTemplate\":\"https:\\\/\\\/jovoh.com\\\/de\\\/?s={search_term_string}\"},\"query-input\":{\"@type\":\"PropertyValueSpecification\",\"valueRequired\":true,\"valueName\":\"search_term_string\"}}],\"inLanguage\":\"de-DE\"},{\"@type\":\"Organization\",\"@id\":\"https:\\\/\\\/jovoh.com\\\/de\\\/#organization\",\"name\":\"Jovoh Design\",\"url\":\"https:\\\/\\\/jovoh.com\\\/de\\\/\",\"logo\":{\"@type\":\"ImageObject\",\"inLanguage\":\"de-DE\",\"@id\":\"https:\\\/\\\/jovoh.com\\\/de\\\/#\\\/schema\\\/logo\\\/image\\\/\",\"url\":\"https:\\\/\\\/jovoh.com\\\/wp-content\\\/uploads\\\/2024\\\/09\\\/Untitled_Artwork.png\",\"contentUrl\":\"https:\\\/\\\/jovoh.com\\\/wp-content\\\/uploads\\\/2024\\\/09\\\/Untitled_Artwork.png\",\"width\":1420,\"height\":929,\"caption\":\"Jovoh Design\"},\"image\":{\"@id\":\"https:\\\/\\\/jovoh.com\\\/de\\\/#\\\/schema\\\/logo\\\/image\\\/\"},\"sameAs\":[\"https:\\\/\\\/www.instagram.com\\\/jovoh_nappy\\\/\"]}]}<\/script>\n<!-- \/ Yoast SEO plugin. -->","yoast_head_json":{"title":"Mullwindel | klein -","robots":{"index":"index","follow":"follow","max-snippet":"max-snippet:-1","max-image-preview":"max-image-preview:large","max-video-preview":"max-video-preview:-1"},"canonical":"https:\/\/jovoh.com\/de\/produkt\/cotton-muslin-folding-insert-small\/","og_locale":"de_DE","og_type":"article","og_title":"Mullwindel | klein -","og_description":"Mullwindeln aus 100% Bio-Baumwolle sind vor allem f\u00fcr Neugeborene und Kleinkinder tolle Begleiter. Baumwolle nimmt die Feuchtigkeit schnell auf und leitet sie nach unten weiter, erm\u00f6glicht aber dennoch eine N\u00e4ssefeedback. Mullwindeln begleiten dich \u00fcber die gesamte Wickelzeit, vom ersten bis zum letzten Tag. Das Tuch kann als einfache Windel um das Kind gefaltet (wird mit einer Windelklammer zusammengehalten) oder direkt in die Wollh\u00fclle gelegt werden. Die kleine Gr\u00f6\u00dfe (60 x 60 cm) ist ideal f\u00fcr Neugeborene. Der Stoff hat ein relativ hohes Eigengewicht und nimmt ausreichend Feuchtigkeit auf. Au\u00dferdem wird der Rand der Mullwindel einfach vern\u00e4ht, sodass die Entstehung von Druckstellen auf der Kinderhaut reduziert wird (bei den meisten Mullwindeln ist der Rand umgeschlagen und damit doppelt vern\u00e4ht). &nbsp; Material: 100% Bio-Baumwolle (kbA) Ma\u00dfe: Ca. 60 x 60 cm &nbsp; Bearbeitungszeit: 2-4 Arbeitstage &nbsp;","og_url":"https:\/\/jovoh.com\/de\/produkt\/cotton-muslin-folding-insert-small\/","article_publisher":"https:\/\/www.instagram.com\/jovoh_nappy\/","article_modified_time":"2024-02-07T09:23:05+00:00","og_image":[{"width":2560,"height":2560,"url":"https:\/\/jovoh.com\/wp-content\/uploads\/2021\/05\/IMG_0356-scaled.jpg","type":"image\/jpeg"}],"twitter_card":"summary_large_image","schema":{"@context":"https:\/\/schema.org","@graph":[{"@type":"WebPage","@id":"https:\/\/jovoh.com\/de\/produkt\/cotton-muslin-folding-insert-small\/","url":"https:\/\/jovoh.com\/de\/produkt\/cotton-muslin-folding-insert-small\/","name":"Mullwindel | klein -","isPartOf":{"@id":"https:\/\/jovoh.com\/de\/#website"},"primaryImageOfPage":{"@id":"https:\/\/jovoh.com\/de\/produkt\/cotton-muslin-folding-insert-small\/#primaryimage"},"image":{"@id":"https:\/\/jovoh.com\/de\/produkt\/cotton-muslin-folding-insert-small\/#primaryimage"},"thumbnailUrl":"https:\/\/jovoh.com\/wp-content\/uploads\/2021\/05\/IMG_0356-scaled.jpg","datePublished":"2022-01-02T10:27:40+00:00","dateModified":"2024-02-07T09:23:05+00:00","breadcrumb":{"@id":"https:\/\/jovoh.com\/de\/produkt\/cotton-muslin-folding-insert-small\/#breadcrumb"},"inLanguage":"de-DE","potentialAction":[{"@type":"ReadAction","target":["https:\/\/jovoh.com\/de\/produkt\/cotton-muslin-folding-insert-small\/"]}]},{"@type":"ImageObject","inLanguage":"de-DE","@id":"https:\/\/jovoh.com\/de\/produkt\/cotton-muslin-folding-insert-small\/#primaryimage","url":"https:\/\/jovoh.com\/wp-content\/uploads\/2021\/05\/IMG_0356-scaled.jpg","contentUrl":"https:\/\/jovoh.com\/wp-content\/uploads\/2021\/05\/IMG_0356-scaled.jpg","width":2560,"height":2560},{"@type":"BreadcrumbList","@id":"https:\/\/jovoh.com\/de\/produkt\/cotton-muslin-folding-insert-small\/#breadcrumb","itemListElement":[{"@type":"ListItem","position":1,"name":"Home","item":"https:\/\/jovoh.com\/de\/"},{"@type":"ListItem","position":2,"name":"Shop","item":"https:\/\/jovoh.com\/shop\/"},{"@type":"ListItem","position":3,"name":"Mullwindel | klein"}]},{"@type":"WebSite","@id":"https:\/\/jovoh.com\/de\/#website","url":"https:\/\/jovoh.com\/de\/","name":"jovoh","description":"","publisher":{"@id":"https:\/\/jovoh.com\/de\/#organization"},"potentialAction":[{"@type":"SearchAction","target":{"@type":"EntryPoint","urlTemplate":"https:\/\/jovoh.com\/de\/?s={search_term_string}"},"query-input":{"@type":"PropertyValueSpecification","valueRequired":true,"valueName":"search_term_string"}}],"inLanguage":"de-DE"},{"@type":"Organization","@id":"https:\/\/jovoh.com\/de\/#organization","name":"Jovoh Design","url":"https:\/\/jovoh.com\/de\/","logo":{"@type":"ImageObject","inLanguage":"de-DE","@id":"https:\/\/jovoh.com\/de\/#\/schema\/logo\/image\/","url":"https:\/\/jovoh.com\/wp-content\/uploads\/2024\/09\/Untitled_Artwork.png","contentUrl":"https:\/\/jovoh.com\/wp-content\/uploads\/2024\/09\/Untitled_Artwork.png","width":1420,"height":929,"caption":"Jovoh Design"},"image":{"@id":"https:\/\/jovoh.com\/de\/#\/schema\/logo\/image\/"},"sameAs":["https:\/\/www.instagram.com\/jovoh_nappy\/"]}]}},"_links":{"self":[{"href":"https:\/\/jovoh.com\/de\/wp-json\/wp\/v2\/product\/9105","targetHints":{"allow":["GET"]}}],"collection":[{"href":"https:\/\/jovoh.com\/de\/wp-json\/wp\/v2\/product"}],"about":[{"href":"https:\/\/jovoh.com\/de\/wp-json\/wp\/v2\/types\/product"}],"wp:featuredmedia":[{"embeddable":true,"href":"https:\/\/jovoh.com\/de\/wp-json\/wp\/v2\/media\/5908"}],"wp:attachment":[{"href":"https:\/\/jovoh.com\/de\/wp-json\/wp\/v2\/media?parent=9105"}],"wp:term":[{"taxonomy":"product_brand","embeddable":true,"href":"https:\/\/jovoh.com\/de\/wp-json\/wp\/v2\/product_brand?post=9105"},{"taxonomy":"product_cat","embeddable":true,"href":"https:\/\/jovoh.com\/de\/wp-json\/wp\/v2\/product_cat?post=9105"},{"taxonomy":"product_tag","embeddable":true,"href":"https:\/\/jovoh.com\/de\/wp-json\/wp\/v2\/product_tag?post=9105"}],"curies":[{"name":"wp","href":"https:\/\/api.w.org\/{rel}","templated":true}]}}