{"id":9579,"date":"2022-02-07T16:29:22","date_gmt":"2022-02-07T14:29:22","guid":{"rendered":"https:\/\/jovoh.com\/?post_type=product&#038;p=9579"},"modified":"2024-02-07T11:21:26","modified_gmt":"2024-02-07T09:21:26","slug":"hemp-cotton-prefold-lottje","status":"publish","type":"product","link":"https:\/\/jovoh.com\/de\/produkt\/hemp-cotton-prefold-lottje\/","title":{"rendered":"Prefold &#8220;Lottje&#8221;"},"content":{"rendered":"<ul>\n<li>Die Saugeinlagen m\u00fcssen ein paar Mal gewaschen werden, um die volle Saugf\u00e4higkeit zu erreichen<\/li>\n<li>Um den Vorgang zu beschleunigen, k\u00f6nnen die Saugeinlagen auch \u00fcber Nacht in Wasser eingeweicht werden<\/li>\n<li>Bei maximal 60\u00b0C waschen. K\u00f6nnen bei niedriger Temperatur in den Trockner.<\/li>\n<li>Keine chemische Reinigung. Nicht b\u00fcgeln.<\/li>\n<\/ul>\n","protected":false},"excerpt":{"rendered":"<p>Anf\u00e4nger stehen oft vor der Frage wie die verschiedenen Saugeinlagen zu kombinieren sind. Dies haben wir uns zu Herzen genommen und eine Saugeinlagen entworfen, die ohne viel Vorwissen und in vielen Situationen verwendet werden kann. Die Saugeinlage kann tags\u00fcber und nachts verwendet werden, entweder gefaltet um das Kind (wird mit einer <span style=\"color: #67788c;\"><a style=\"color: #67788c;\" href=\"https:\/\/jovoh.com\/product\/nappy-fastener\/\">Windelklammer<\/a><\/span> zusammengehalten) oder direkt in die Windel\u00fcberhose gelegt. Sie ist einfach zu verwenden und eignet sich nicht nur f\u00fcr erfahrene Stoffwindel-Eltern, sondern auch f\u00fcr Neulinge, Gro\u00dfeltern oder den Babysitter. Prefold &#8220;Lottje&#8221; wird aus zetifizierter Bio-Baumwolle und Hanf hergestellt. Baumwolle nimmt die Feuchtigkeit schnell auf, w\u00e4hrend eine Mischung aus Hanf\/Bio-Baumwolle im mittleren Teil des Prefolds diese zuverl\u00e4ssig speichert. Die Kombination aus Hanf und Baumwolle speichert, im Vergleich zu anderen Saugeinlagen, relativ viel Feuchtigkeit und kann somit f\u00fcr l\u00e4ngere Wickelintervalle verwendet werden.<\/p>\n<p>&nbsp;<\/p>\n<p><strong>Fakten<\/strong><\/p>\n<ul>\n<li>Der Kern besteht aus zwei Lagen Bio-Baumwolle\/ Hanf und einer extra Lage Mullstoff<\/li>\n<li>Eine schnell absorbierende Baumwollschicht liegt daher immer in direktem Kontakt zum Kind<\/li>\n<li>Der mittlere Teil ist nur auf einer Seite vern\u00e4ht, so dass eine Tasche entsteht, in die zus\u00e4tzliches Saugmaterial hineingeschoben werden kann<\/li>\n<li>Der Musselin ist 2-lagig vern\u00e4ht<\/li>\n<li>Flache N\u00e4hte sorgen daf\u00fcr, dass es keine Druckstellen gibt<\/li>\n<\/ul>\n<p>&nbsp;<\/p>\n<p><strong>Verwendung<\/strong><\/p>\n<ul>\n<li>Als klassische Mullwindel, die direkt um das Kind gelegt und mit einer Windelklammer zusammengehalten wird<\/li>\n<li>Entlang der L\u00e4ngsseite gefaltet kann der Prefold direkt in die Woll\u00fcberhose gelegt werden<\/li>\n<li>Passend f\u00fcr \u00dcberhosen in Gr\u00f6\u00dfe 2 und 3<\/li>\n<li>Der Prefold ist ungewaschen und l\u00e4uft um etwa 5-6% ein<\/li>\n<\/ul>\n<p>&nbsp;<\/p>\n<p><strong>Material<\/strong>: 100% Baumwolle (kbA)<br \/>\n<strong>Kern: <\/strong>55% Hanf, 45% Baumwolle (kbA)<strong><br \/>\nGr\u00f6\u00dfe<\/strong>: Ca. 60 x 40 cm<\/p>\n<p>&nbsp;<\/p>\n<p>Bearbeitungszeit: 2-4 Arbeitstage<\/p>\n<p>&nbsp;<\/p>\n","protected":false},"featured_media":9585,"template":"","meta":{"kt_blocks_editor_width":""},"product_brand":[],"product_cat":[133],"product_tag":[],"class_list":{"0":"post-9579","1":"product","2":"type-product","3":"status-publish","4":"has-post-thumbnail","6":"product_cat-saugeinlagen","8":"first","9":"outofstock","10":"taxable","11":"shipping-taxable","12":"purchasable","13":"product-type-simple"},"yoast_head":"<!-- This site is optimized with the Yoast SEO plugin v27.5 - https:\/\/yoast.com\/product\/yoast-seo-wordpress\/ -->\n<title>Prefold &quot;Lottje&quot; -<\/title>\n<meta name=\"robots\" content=\"index, follow, max-snippet:-1, max-image-preview:large, max-video-preview:-1\" \/>\n<link rel=\"canonical\" href=\"https:\/\/jovoh.com\/de\/produkt\/hemp-cotton-prefold-lottje\/\" \/>\n<meta property=\"og:locale\" content=\"de_DE\" \/>\n<meta property=\"og:type\" content=\"article\" \/>\n<meta property=\"og:title\" content=\"Prefold &quot;Lottje&quot; -\" \/>\n<meta property=\"og:description\" content=\"Anf\u00e4nger stehen oft vor der Frage wie die verschiedenen Saugeinlagen zu kombinieren sind. Dies haben wir uns zu Herzen genommen und eine Saugeinlagen entworfen, die ohne viel Vorwissen und in vielen Situationen verwendet werden kann. Die Saugeinlage kann tags\u00fcber und nachts verwendet werden, entweder gefaltet um das Kind (wird mit einer Windelklammer zusammengehalten) oder direkt in die Windel\u00fcberhose gelegt. Sie ist einfach zu verwenden und eignet sich nicht nur f\u00fcr erfahrene Stoffwindel-Eltern, sondern auch f\u00fcr Neulinge, Gro\u00dfeltern oder den Babysitter. Prefold &quot;Lottje&quot; wird aus zetifizierter Bio-Baumwolle und Hanf hergestellt. Baumwolle nimmt die Feuchtigkeit schnell auf, w\u00e4hrend eine Mischung aus Hanf\/Bio-Baumwolle im mittleren Teil des Prefolds diese zuverl\u00e4ssig speichert. Die Kombination aus Hanf und Baumwolle speichert, im Vergleich zu anderen Saugeinlagen, relativ viel Feuchtigkeit und kann somit f\u00fcr l\u00e4ngere Wickelintervalle verwendet werden. &nbsp; Fakten  Der Kern besteht aus zwei Lagen Bio-Baumwolle\/ Hanf und einer extra Lage Mullstoff  Eine schnell absorbierende Baumwollschicht liegt daher immer in direktem Kontakt zum Kind  Der mittlere Teil ist nur auf einer Seite vern\u00e4ht, so dass eine Tasche entsteht, in die zus\u00e4tzliches Saugmaterial hineingeschoben werden kann  Der Musselin ist 2-lagig vern\u00e4ht  Flache N\u00e4hte sorgen daf\u00fcr, dass es keine Druckstellen gibt &nbsp; Verwendung  Als klassische Mullwindel, die direkt um das Kind gelegt und mit einer Windelklammer zusammengehalten wird  Entlang der L\u00e4ngsseite gefaltet kann der Prefold direkt in die Woll\u00fcberhose gelegt werden  Passend f\u00fcr \u00dcberhosen in Gr\u00f6\u00dfe 2 und 3  Der Prefold ist ungewaschen und l\u00e4uft um etwa 5-6% ein &nbsp; Material: 100% Baumwolle (kbA) Kern: 55% Hanf, 45% Baumwolle (kbA) Gr\u00f6\u00dfe: Ca. 60 x 40 cm &nbsp; Bearbeitungszeit: 2-4 Arbeitstage &nbsp;\" \/>\n<meta property=\"og:url\" content=\"https:\/\/jovoh.com\/de\/produkt\/hemp-cotton-prefold-lottje\/\" \/>\n<meta property=\"article:publisher\" content=\"https:\/\/www.instagram.com\/jovoh_nappy\/\" \/>\n<meta property=\"article:modified_time\" content=\"2024-02-07T09:21:26+00:00\" \/>\n<meta property=\"og:image\" content=\"https:\/\/jovoh.com\/wp-content\/uploads\/2022\/02\/IMG_4980.jpg\" \/>\n\t<meta property=\"og:image:width\" content=\"1024\" \/>\n\t<meta property=\"og:image:height\" content=\"1024\" \/>\n\t<meta property=\"og:image:type\" content=\"image\/jpeg\" \/>\n<meta name=\"twitter:card\" content=\"summary_large_image\" \/>\n<script type=\"application\/ld+json\" class=\"yoast-schema-graph\">{\"@context\":\"https:\\\/\\\/schema.org\",\"@graph\":[{\"@type\":\"WebPage\",\"@id\":\"https:\\\/\\\/jovoh.com\\\/de\\\/produkt\\\/hemp-cotton-prefold-lottje\\\/\",\"url\":\"https:\\\/\\\/jovoh.com\\\/de\\\/produkt\\\/hemp-cotton-prefold-lottje\\\/\",\"name\":\"Prefold \\\"Lottje\\\" -\",\"isPartOf\":{\"@id\":\"https:\\\/\\\/jovoh.com\\\/de\\\/#website\"},\"primaryImageOfPage\":{\"@id\":\"https:\\\/\\\/jovoh.com\\\/de\\\/produkt\\\/hemp-cotton-prefold-lottje\\\/#primaryimage\"},\"image\":{\"@id\":\"https:\\\/\\\/jovoh.com\\\/de\\\/produkt\\\/hemp-cotton-prefold-lottje\\\/#primaryimage\"},\"thumbnailUrl\":\"https:\\\/\\\/jovoh.com\\\/wp-content\\\/uploads\\\/2022\\\/02\\\/IMG_4980.jpg\",\"datePublished\":\"2022-02-07T14:29:22+00:00\",\"dateModified\":\"2024-02-07T09:21:26+00:00\",\"breadcrumb\":{\"@id\":\"https:\\\/\\\/jovoh.com\\\/de\\\/produkt\\\/hemp-cotton-prefold-lottje\\\/#breadcrumb\"},\"inLanguage\":\"de-DE\",\"potentialAction\":[{\"@type\":\"ReadAction\",\"target\":[\"https:\\\/\\\/jovoh.com\\\/de\\\/produkt\\\/hemp-cotton-prefold-lottje\\\/\"]}]},{\"@type\":\"ImageObject\",\"inLanguage\":\"de-DE\",\"@id\":\"https:\\\/\\\/jovoh.com\\\/de\\\/produkt\\\/hemp-cotton-prefold-lottje\\\/#primaryimage\",\"url\":\"https:\\\/\\\/jovoh.com\\\/wp-content\\\/uploads\\\/2022\\\/02\\\/IMG_4980.jpg\",\"contentUrl\":\"https:\\\/\\\/jovoh.com\\\/wp-content\\\/uploads\\\/2022\\\/02\\\/IMG_4980.jpg\",\"width\":1024,\"height\":1024,\"caption\":\"Prefold Lottje | Absorbing insert\"},{\"@type\":\"BreadcrumbList\",\"@id\":\"https:\\\/\\\/jovoh.com\\\/de\\\/produkt\\\/hemp-cotton-prefold-lottje\\\/#breadcrumb\",\"itemListElement\":[{\"@type\":\"ListItem\",\"position\":1,\"name\":\"Home\",\"item\":\"https:\\\/\\\/jovoh.com\\\/de\\\/\"},{\"@type\":\"ListItem\",\"position\":2,\"name\":\"Shop\",\"item\":\"https:\\\/\\\/jovoh.com\\\/shop\\\/\"},{\"@type\":\"ListItem\",\"position\":3,\"name\":\"Prefold &#8220;Lottje&#8221;\"}]},{\"@type\":\"WebSite\",\"@id\":\"https:\\\/\\\/jovoh.com\\\/de\\\/#website\",\"url\":\"https:\\\/\\\/jovoh.com\\\/de\\\/\",\"name\":\"jovoh\",\"description\":\"\",\"publisher\":{\"@id\":\"https:\\\/\\\/jovoh.com\\\/de\\\/#organization\"},\"potentialAction\":[{\"@type\":\"SearchAction\",\"target\":{\"@type\":\"EntryPoint\",\"urlTemplate\":\"https:\\\/\\\/jovoh.com\\\/de\\\/?s={search_term_string}\"},\"query-input\":{\"@type\":\"PropertyValueSpecification\",\"valueRequired\":true,\"valueName\":\"search_term_string\"}}],\"inLanguage\":\"de-DE\"},{\"@type\":\"Organization\",\"@id\":\"https:\\\/\\\/jovoh.com\\\/de\\\/#organization\",\"name\":\"Jovoh Design\",\"url\":\"https:\\\/\\\/jovoh.com\\\/de\\\/\",\"logo\":{\"@type\":\"ImageObject\",\"inLanguage\":\"de-DE\",\"@id\":\"https:\\\/\\\/jovoh.com\\\/de\\\/#\\\/schema\\\/logo\\\/image\\\/\",\"url\":\"https:\\\/\\\/jovoh.com\\\/wp-content\\\/uploads\\\/2024\\\/09\\\/Untitled_Artwork.png\",\"contentUrl\":\"https:\\\/\\\/jovoh.com\\\/wp-content\\\/uploads\\\/2024\\\/09\\\/Untitled_Artwork.png\",\"width\":1420,\"height\":929,\"caption\":\"Jovoh Design\"},\"image\":{\"@id\":\"https:\\\/\\\/jovoh.com\\\/de\\\/#\\\/schema\\\/logo\\\/image\\\/\"},\"sameAs\":[\"https:\\\/\\\/www.instagram.com\\\/jovoh_nappy\\\/\"]}]}<\/script>\n<!-- \/ Yoast SEO plugin. -->","yoast_head_json":{"title":"Prefold \"Lottje\" -","robots":{"index":"index","follow":"follow","max-snippet":"max-snippet:-1","max-image-preview":"max-image-preview:large","max-video-preview":"max-video-preview:-1"},"canonical":"https:\/\/jovoh.com\/de\/produkt\/hemp-cotton-prefold-lottje\/","og_locale":"de_DE","og_type":"article","og_title":"Prefold \"Lottje\" -","og_description":"Anf\u00e4nger stehen oft vor der Frage wie die verschiedenen Saugeinlagen zu kombinieren sind. Dies haben wir uns zu Herzen genommen und eine Saugeinlagen entworfen, die ohne viel Vorwissen und in vielen Situationen verwendet werden kann. Die Saugeinlage kann tags\u00fcber und nachts verwendet werden, entweder gefaltet um das Kind (wird mit einer Windelklammer zusammengehalten) oder direkt in die Windel\u00fcberhose gelegt. Sie ist einfach zu verwenden und eignet sich nicht nur f\u00fcr erfahrene Stoffwindel-Eltern, sondern auch f\u00fcr Neulinge, Gro\u00dfeltern oder den Babysitter. Prefold \"Lottje\" wird aus zetifizierter Bio-Baumwolle und Hanf hergestellt. Baumwolle nimmt die Feuchtigkeit schnell auf, w\u00e4hrend eine Mischung aus Hanf\/Bio-Baumwolle im mittleren Teil des Prefolds diese zuverl\u00e4ssig speichert. Die Kombination aus Hanf und Baumwolle speichert, im Vergleich zu anderen Saugeinlagen, relativ viel Feuchtigkeit und kann somit f\u00fcr l\u00e4ngere Wickelintervalle verwendet werden. &nbsp; Fakten  Der Kern besteht aus zwei Lagen Bio-Baumwolle\/ Hanf und einer extra Lage Mullstoff  Eine schnell absorbierende Baumwollschicht liegt daher immer in direktem Kontakt zum Kind  Der mittlere Teil ist nur auf einer Seite vern\u00e4ht, so dass eine Tasche entsteht, in die zus\u00e4tzliches Saugmaterial hineingeschoben werden kann  Der Musselin ist 2-lagig vern\u00e4ht  Flache N\u00e4hte sorgen daf\u00fcr, dass es keine Druckstellen gibt &nbsp; Verwendung  Als klassische Mullwindel, die direkt um das Kind gelegt und mit einer Windelklammer zusammengehalten wird  Entlang der L\u00e4ngsseite gefaltet kann der Prefold direkt in die Woll\u00fcberhose gelegt werden  Passend f\u00fcr \u00dcberhosen in Gr\u00f6\u00dfe 2 und 3  Der Prefold ist ungewaschen und l\u00e4uft um etwa 5-6% ein &nbsp; Material: 100% Baumwolle (kbA) Kern: 55% Hanf, 45% Baumwolle (kbA) Gr\u00f6\u00dfe: Ca. 60 x 40 cm &nbsp; Bearbeitungszeit: 2-4 Arbeitstage &nbsp;","og_url":"https:\/\/jovoh.com\/de\/produkt\/hemp-cotton-prefold-lottje\/","article_publisher":"https:\/\/www.instagram.com\/jovoh_nappy\/","article_modified_time":"2024-02-07T09:21:26+00:00","og_image":[{"width":1024,"height":1024,"url":"https:\/\/jovoh.com\/wp-content\/uploads\/2022\/02\/IMG_4980.jpg","type":"image\/jpeg"}],"twitter_card":"summary_large_image","schema":{"@context":"https:\/\/schema.org","@graph":[{"@type":"WebPage","@id":"https:\/\/jovoh.com\/de\/produkt\/hemp-cotton-prefold-lottje\/","url":"https:\/\/jovoh.com\/de\/produkt\/hemp-cotton-prefold-lottje\/","name":"Prefold \"Lottje\" -","isPartOf":{"@id":"https:\/\/jovoh.com\/de\/#website"},"primaryImageOfPage":{"@id":"https:\/\/jovoh.com\/de\/produkt\/hemp-cotton-prefold-lottje\/#primaryimage"},"image":{"@id":"https:\/\/jovoh.com\/de\/produkt\/hemp-cotton-prefold-lottje\/#primaryimage"},"thumbnailUrl":"https:\/\/jovoh.com\/wp-content\/uploads\/2022\/02\/IMG_4980.jpg","datePublished":"2022-02-07T14:29:22+00:00","dateModified":"2024-02-07T09:21:26+00:00","breadcrumb":{"@id":"https:\/\/jovoh.com\/de\/produkt\/hemp-cotton-prefold-lottje\/#breadcrumb"},"inLanguage":"de-DE","potentialAction":[{"@type":"ReadAction","target":["https:\/\/jovoh.com\/de\/produkt\/hemp-cotton-prefold-lottje\/"]}]},{"@type":"ImageObject","inLanguage":"de-DE","@id":"https:\/\/jovoh.com\/de\/produkt\/hemp-cotton-prefold-lottje\/#primaryimage","url":"https:\/\/jovoh.com\/wp-content\/uploads\/2022\/02\/IMG_4980.jpg","contentUrl":"https:\/\/jovoh.com\/wp-content\/uploads\/2022\/02\/IMG_4980.jpg","width":1024,"height":1024,"caption":"Prefold Lottje | Absorbing insert"},{"@type":"BreadcrumbList","@id":"https:\/\/jovoh.com\/de\/produkt\/hemp-cotton-prefold-lottje\/#breadcrumb","itemListElement":[{"@type":"ListItem","position":1,"name":"Home","item":"https:\/\/jovoh.com\/de\/"},{"@type":"ListItem","position":2,"name":"Shop","item":"https:\/\/jovoh.com\/shop\/"},{"@type":"ListItem","position":3,"name":"Prefold &#8220;Lottje&#8221;"}]},{"@type":"WebSite","@id":"https:\/\/jovoh.com\/de\/#website","url":"https:\/\/jovoh.com\/de\/","name":"jovoh","description":"","publisher":{"@id":"https:\/\/jovoh.com\/de\/#organization"},"potentialAction":[{"@type":"SearchAction","target":{"@type":"EntryPoint","urlTemplate":"https:\/\/jovoh.com\/de\/?s={search_term_string}"},"query-input":{"@type":"PropertyValueSpecification","valueRequired":true,"valueName":"search_term_string"}}],"inLanguage":"de-DE"},{"@type":"Organization","@id":"https:\/\/jovoh.com\/de\/#organization","name":"Jovoh Design","url":"https:\/\/jovoh.com\/de\/","logo":{"@type":"ImageObject","inLanguage":"de-DE","@id":"https:\/\/jovoh.com\/de\/#\/schema\/logo\/image\/","url":"https:\/\/jovoh.com\/wp-content\/uploads\/2024\/09\/Untitled_Artwork.png","contentUrl":"https:\/\/jovoh.com\/wp-content\/uploads\/2024\/09\/Untitled_Artwork.png","width":1420,"height":929,"caption":"Jovoh Design"},"image":{"@id":"https:\/\/jovoh.com\/de\/#\/schema\/logo\/image\/"},"sameAs":["https:\/\/www.instagram.com\/jovoh_nappy\/"]}]}},"_links":{"self":[{"href":"https:\/\/jovoh.com\/de\/wp-json\/wp\/v2\/product\/9579","targetHints":{"allow":["GET"]}}],"collection":[{"href":"https:\/\/jovoh.com\/de\/wp-json\/wp\/v2\/product"}],"about":[{"href":"https:\/\/jovoh.com\/de\/wp-json\/wp\/v2\/types\/product"}],"wp:featuredmedia":[{"embeddable":true,"href":"https:\/\/jovoh.com\/de\/wp-json\/wp\/v2\/media\/9585"}],"wp:attachment":[{"href":"https:\/\/jovoh.com\/de\/wp-json\/wp\/v2\/media?parent=9579"}],"wp:term":[{"taxonomy":"product_brand","embeddable":true,"href":"https:\/\/jovoh.com\/de\/wp-json\/wp\/v2\/product_brand?post=9579"},{"taxonomy":"product_cat","embeddable":true,"href":"https:\/\/jovoh.com\/de\/wp-json\/wp\/v2\/product_cat?post=9579"},{"taxonomy":"product_tag","embeddable":true,"href":"https:\/\/jovoh.com\/de\/wp-json\/wp\/v2\/product_tag?post=9579"}],"curies":[{"name":"wp","href":"https:\/\/api.w.org\/{rel}","templated":true}]}}