{"id":9689,"date":"2025-01-02T21:30:35","date_gmt":"2025-01-02T20:30:35","guid":{"rendered":"https:\/\/jovoh.com\/?post_type=product&#038;p=9689"},"modified":"2026-04-29T14:53:34","modified_gmt":"2026-04-29T13:53:34","slug":"baby-wipes-large","status":"publish","type":"product","link":"https:\/\/jovoh.com\/de\/produkt\/baby-wipes-large\/","title":{"rendered":"Waschbare Feuchtt\u00fcchter"},"content":{"rendered":"<ul>\n<li>Die Feuchtt\u00fccher m\u00fcssen ein paar Mal gewaschen werden, um die volle Saugf\u00e4higkeit zu erreichen<\/li>\n<li>Um den Vorgang zu beschleunigen, kannst du die Saugeinlage auch \u00fcber Nacht in Wasser einweichen und danach waschen<\/li>\n<li>Bei maximal 60\u00b0C waschen und bei niedriger Temperatur im Trockner trocknen.<\/li>\n<\/ul>\n<p>Hersteller: Jovoh Design, Karel Doormanlaan 193, 3572NW Utrecht, Niederlande | info@jovoh.com<\/p>\n","protected":false},"excerpt":{"rendered":"<p>Wiederverwendbare Feuchtt\u00fccher f\u00fcr Babys sind der perfekte Begleiter auf dem Wickeltisch, aber auch f\u00fcr kleine schmutzige H\u00e4nde und M\u00fcnder geeignet. Die T\u00fccher sind aus 100% Bio-Baumwolle, n\u00e4mlich Musselin, kombiniert mit weichem Velours. Die Bio-Baumwolle nimmt die Feuchtigkeit schnell auf, bleibt aber auch nach dem Waschen bei 60\u00b0C und dem Trocknen auf einem W\u00e4schest\u00e4nder unglaublich weich. Im Vergleich dazu wird Frottee hart, wenn es nicht im Trockner getrocknet wird, aber der Bio-Baumwoll-Velours beh\u00e4lt seine Weichheit. Perfekt f\u00fcr die zarte Haut des Babys.    <\/p>\n<p>Bewahre die T\u00fccher trocken und leicht zug\u00e4nglich auf dem Wickeltisch auf. Eine kleine Spr\u00fchflasche mit abgekochtem Wasser und einem Tr\u00e4ger\u00f6l ist hilfreich, um die T\u00fccher (oder direkt den Po des Babys) bei Bedarf zu befeuchten. Die T\u00fccher k\u00f6nnen zusammen mit den saugf\u00e4higen Einlagen gewaschen werden. <span style=\"color: #67788c;\"><a style=\"color: #67788c;\" href=\"https:\/\/jovoh.com\/de\/hausgemachte-babytuecher-einfach-sanft-und-effektiv\/\">Lies mehr \u00fcber die Zubereitung der L\u00f6sung und die Verwendung der T\u00fccher in unserem Blog<\/a><\/span>.  <\/p>\n<p>Du kannst dich nicht entscheiden? Dann nimm das \u201e\u00dcberraschungspaket\u201c und wir stellen dir etwas Sch\u00f6nes zusammen. Du bekommst Feuchtt\u00fccher mit verschiedene Farben\/Muster.  <\/p>\n<p>&nbsp;<\/p>\n<p><strong>Material<\/strong>: 100% Bio-Baumwolle (kbA) <strong><br \/>\nGr\u00f6\u00dfe<\/strong>: Ca. 17 x 22 cm<\/p>\n<p>Lieferung im Set zu 5 St\u00fcck.<\/p>\n<p>&nbsp;<\/p>\n<p>&nbsp;<\/p>\n","protected":false},"featured_media":58926,"template":"","meta":{"kt_blocks_editor_width":""},"product_brand":[],"product_cat":[124,125],"product_tag":[],"class_list":{"0":"post-9689","1":"product","2":"type-product","3":"status-publish","4":"has-post-thumbnail","6":"product_cat-accessoires-de","7":"product_cat-feuchtuecher","9":"first","10":"instock","11":"taxable","12":"shipping-taxable","13":"purchasable","14":"product-type-variable"},"yoast_head":"<!-- This site is optimized with the Yoast SEO plugin v27.5 - https:\/\/yoast.com\/product\/yoast-seo-wordpress\/ -->\n<title>Waschbare Feuchtt\u00fcchter -<\/title>\n<meta name=\"description\" content=\"Waschbare Feuchtt\u00fccher sind der perfekte Begleiter auf dem Wickeltisch, aber auch f\u00fcr kleine schmutzige H\u00e4nde und M\u00fcnder. Hergestellt aus 100% weicher Bio-Baumwolle.\" \/>\n<meta name=\"robots\" content=\"index, follow, max-snippet:-1, max-image-preview:large, max-video-preview:-1\" \/>\n<link rel=\"canonical\" href=\"https:\/\/jovoh.com\/de\/produkt\/baby-wipes-large\/\" \/>\n<meta property=\"og:locale\" content=\"de_DE\" \/>\n<meta property=\"og:type\" content=\"article\" \/>\n<meta property=\"og:title\" content=\"Waschbare Feuchtt\u00fcchter -\" \/>\n<meta property=\"og:description\" content=\"Waschbare Feuchtt\u00fccher sind der perfekte Begleiter auf dem Wickeltisch, aber auch f\u00fcr kleine schmutzige H\u00e4nde und M\u00fcnder. Hergestellt aus 100% weicher Bio-Baumwolle.\" \/>\n<meta property=\"og:url\" content=\"https:\/\/jovoh.com\/de\/produkt\/baby-wipes-large\/\" \/>\n<meta property=\"article:publisher\" content=\"https:\/\/www.instagram.com\/jovoh_nappy\/\" \/>\n<meta property=\"article:modified_time\" content=\"2026-04-29T13:53:34+00:00\" \/>\n<meta property=\"og:image\" content=\"https:\/\/jovoh.com\/wp-content\/uploads\/2025\/01\/IMG_9452-1.jpg\" \/>\n\t<meta property=\"og:image:width\" content=\"2557\" \/>\n\t<meta property=\"og:image:height\" content=\"2557\" \/>\n\t<meta property=\"og:image:type\" content=\"image\/jpeg\" \/>\n<meta name=\"twitter:card\" content=\"summary_large_image\" \/>\n<meta name=\"twitter:label1\" content=\"Est. reading time\" \/>\n\t<meta name=\"twitter:data1\" content=\"1 minute\" \/>\n<script type=\"application\/ld+json\" class=\"yoast-schema-graph\">{\"@context\":\"https:\\\/\\\/schema.org\",\"@graph\":[{\"@type\":\"WebPage\",\"@id\":\"https:\\\/\\\/jovoh.com\\\/de\\\/produkt\\\/baby-wipes-large\\\/\",\"url\":\"https:\\\/\\\/jovoh.com\\\/de\\\/produkt\\\/baby-wipes-large\\\/\",\"name\":\"Waschbare Feuchtt\u00fcchter -\",\"isPartOf\":{\"@id\":\"https:\\\/\\\/jovoh.com\\\/de\\\/#website\"},\"primaryImageOfPage\":{\"@id\":\"https:\\\/\\\/jovoh.com\\\/de\\\/produkt\\\/baby-wipes-large\\\/#primaryimage\"},\"image\":{\"@id\":\"https:\\\/\\\/jovoh.com\\\/de\\\/produkt\\\/baby-wipes-large\\\/#primaryimage\"},\"thumbnailUrl\":\"https:\\\/\\\/jovoh.com\\\/wp-content\\\/uploads\\\/2025\\\/01\\\/IMG_9452-1.jpg\",\"datePublished\":\"2025-01-02T20:30:35+00:00\",\"dateModified\":\"2026-04-29T13:53:34+00:00\",\"description\":\"Waschbare Feuchtt\u00fccher sind der perfekte Begleiter auf dem Wickeltisch, aber auch f\u00fcr kleine schmutzige H\u00e4nde und M\u00fcnder. Hergestellt aus 100% weicher Bio-Baumwolle.\",\"breadcrumb\":{\"@id\":\"https:\\\/\\\/jovoh.com\\\/de\\\/produkt\\\/baby-wipes-large\\\/#breadcrumb\"},\"inLanguage\":\"de-DE\",\"potentialAction\":[{\"@type\":\"ReadAction\",\"target\":[\"https:\\\/\\\/jovoh.com\\\/de\\\/produkt\\\/baby-wipes-large\\\/\"]}]},{\"@type\":\"ImageObject\",\"inLanguage\":\"de-DE\",\"@id\":\"https:\\\/\\\/jovoh.com\\\/de\\\/produkt\\\/baby-wipes-large\\\/#primaryimage\",\"url\":\"https:\\\/\\\/jovoh.com\\\/wp-content\\\/uploads\\\/2025\\\/01\\\/IMG_9452-1.jpg\",\"contentUrl\":\"https:\\\/\\\/jovoh.com\\\/wp-content\\\/uploads\\\/2025\\\/01\\\/IMG_9452-1.jpg\",\"width\":2557,\"height\":2557,\"caption\":\"Reusable baby wipes\"},{\"@type\":\"BreadcrumbList\",\"@id\":\"https:\\\/\\\/jovoh.com\\\/de\\\/produkt\\\/baby-wipes-large\\\/#breadcrumb\",\"itemListElement\":[{\"@type\":\"ListItem\",\"position\":1,\"name\":\"Home\",\"item\":\"https:\\\/\\\/jovoh.com\\\/de\\\/\"},{\"@type\":\"ListItem\",\"position\":2,\"name\":\"Shop\",\"item\":\"https:\\\/\\\/jovoh.com\\\/shop\\\/\"},{\"@type\":\"ListItem\",\"position\":3,\"name\":\"Waschbare Feuchtt\u00fcchter\"}]},{\"@type\":\"WebSite\",\"@id\":\"https:\\\/\\\/jovoh.com\\\/de\\\/#website\",\"url\":\"https:\\\/\\\/jovoh.com\\\/de\\\/\",\"name\":\"jovoh\",\"description\":\"\",\"publisher\":{\"@id\":\"https:\\\/\\\/jovoh.com\\\/de\\\/#organization\"},\"potentialAction\":[{\"@type\":\"SearchAction\",\"target\":{\"@type\":\"EntryPoint\",\"urlTemplate\":\"https:\\\/\\\/jovoh.com\\\/de\\\/?s={search_term_string}\"},\"query-input\":{\"@type\":\"PropertyValueSpecification\",\"valueRequired\":true,\"valueName\":\"search_term_string\"}}],\"inLanguage\":\"de-DE\"},{\"@type\":\"Organization\",\"@id\":\"https:\\\/\\\/jovoh.com\\\/de\\\/#organization\",\"name\":\"Jovoh Design\",\"url\":\"https:\\\/\\\/jovoh.com\\\/de\\\/\",\"logo\":{\"@type\":\"ImageObject\",\"inLanguage\":\"de-DE\",\"@id\":\"https:\\\/\\\/jovoh.com\\\/de\\\/#\\\/schema\\\/logo\\\/image\\\/\",\"url\":\"https:\\\/\\\/jovoh.com\\\/wp-content\\\/uploads\\\/2024\\\/09\\\/Untitled_Artwork.png\",\"contentUrl\":\"https:\\\/\\\/jovoh.com\\\/wp-content\\\/uploads\\\/2024\\\/09\\\/Untitled_Artwork.png\",\"width\":1420,\"height\":929,\"caption\":\"Jovoh Design\"},\"image\":{\"@id\":\"https:\\\/\\\/jovoh.com\\\/de\\\/#\\\/schema\\\/logo\\\/image\\\/\"},\"sameAs\":[\"https:\\\/\\\/www.instagram.com\\\/jovoh_nappy\\\/\"]}]}<\/script>\n<!-- \/ Yoast SEO plugin. -->","yoast_head_json":{"title":"Waschbare Feuchtt\u00fcchter -","description":"Waschbare Feuchtt\u00fccher sind der perfekte Begleiter auf dem Wickeltisch, aber auch f\u00fcr kleine schmutzige H\u00e4nde und M\u00fcnder. Hergestellt aus 100% weicher Bio-Baumwolle.","robots":{"index":"index","follow":"follow","max-snippet":"max-snippet:-1","max-image-preview":"max-image-preview:large","max-video-preview":"max-video-preview:-1"},"canonical":"https:\/\/jovoh.com\/de\/produkt\/baby-wipes-large\/","og_locale":"de_DE","og_type":"article","og_title":"Waschbare Feuchtt\u00fcchter -","og_description":"Waschbare Feuchtt\u00fccher sind der perfekte Begleiter auf dem Wickeltisch, aber auch f\u00fcr kleine schmutzige H\u00e4nde und M\u00fcnder. Hergestellt aus 100% weicher Bio-Baumwolle.","og_url":"https:\/\/jovoh.com\/de\/produkt\/baby-wipes-large\/","article_publisher":"https:\/\/www.instagram.com\/jovoh_nappy\/","article_modified_time":"2026-04-29T13:53:34+00:00","og_image":[{"width":2557,"height":2557,"url":"https:\/\/jovoh.com\/wp-content\/uploads\/2025\/01\/IMG_9452-1.jpg","type":"image\/jpeg"}],"twitter_card":"summary_large_image","twitter_misc":{"Est. reading time":"1 minute"},"schema":{"@context":"https:\/\/schema.org","@graph":[{"@type":"WebPage","@id":"https:\/\/jovoh.com\/de\/produkt\/baby-wipes-large\/","url":"https:\/\/jovoh.com\/de\/produkt\/baby-wipes-large\/","name":"Waschbare Feuchtt\u00fcchter -","isPartOf":{"@id":"https:\/\/jovoh.com\/de\/#website"},"primaryImageOfPage":{"@id":"https:\/\/jovoh.com\/de\/produkt\/baby-wipes-large\/#primaryimage"},"image":{"@id":"https:\/\/jovoh.com\/de\/produkt\/baby-wipes-large\/#primaryimage"},"thumbnailUrl":"https:\/\/jovoh.com\/wp-content\/uploads\/2025\/01\/IMG_9452-1.jpg","datePublished":"2025-01-02T20:30:35+00:00","dateModified":"2026-04-29T13:53:34+00:00","description":"Waschbare Feuchtt\u00fccher sind der perfekte Begleiter auf dem Wickeltisch, aber auch f\u00fcr kleine schmutzige H\u00e4nde und M\u00fcnder. Hergestellt aus 100% weicher Bio-Baumwolle.","breadcrumb":{"@id":"https:\/\/jovoh.com\/de\/produkt\/baby-wipes-large\/#breadcrumb"},"inLanguage":"de-DE","potentialAction":[{"@type":"ReadAction","target":["https:\/\/jovoh.com\/de\/produkt\/baby-wipes-large\/"]}]},{"@type":"ImageObject","inLanguage":"de-DE","@id":"https:\/\/jovoh.com\/de\/produkt\/baby-wipes-large\/#primaryimage","url":"https:\/\/jovoh.com\/wp-content\/uploads\/2025\/01\/IMG_9452-1.jpg","contentUrl":"https:\/\/jovoh.com\/wp-content\/uploads\/2025\/01\/IMG_9452-1.jpg","width":2557,"height":2557,"caption":"Reusable baby wipes"},{"@type":"BreadcrumbList","@id":"https:\/\/jovoh.com\/de\/produkt\/baby-wipes-large\/#breadcrumb","itemListElement":[{"@type":"ListItem","position":1,"name":"Home","item":"https:\/\/jovoh.com\/de\/"},{"@type":"ListItem","position":2,"name":"Shop","item":"https:\/\/jovoh.com\/shop\/"},{"@type":"ListItem","position":3,"name":"Waschbare Feuchtt\u00fcchter"}]},{"@type":"WebSite","@id":"https:\/\/jovoh.com\/de\/#website","url":"https:\/\/jovoh.com\/de\/","name":"jovoh","description":"","publisher":{"@id":"https:\/\/jovoh.com\/de\/#organization"},"potentialAction":[{"@type":"SearchAction","target":{"@type":"EntryPoint","urlTemplate":"https:\/\/jovoh.com\/de\/?s={search_term_string}"},"query-input":{"@type":"PropertyValueSpecification","valueRequired":true,"valueName":"search_term_string"}}],"inLanguage":"de-DE"},{"@type":"Organization","@id":"https:\/\/jovoh.com\/de\/#organization","name":"Jovoh Design","url":"https:\/\/jovoh.com\/de\/","logo":{"@type":"ImageObject","inLanguage":"de-DE","@id":"https:\/\/jovoh.com\/de\/#\/schema\/logo\/image\/","url":"https:\/\/jovoh.com\/wp-content\/uploads\/2024\/09\/Untitled_Artwork.png","contentUrl":"https:\/\/jovoh.com\/wp-content\/uploads\/2024\/09\/Untitled_Artwork.png","width":1420,"height":929,"caption":"Jovoh Design"},"image":{"@id":"https:\/\/jovoh.com\/de\/#\/schema\/logo\/image\/"},"sameAs":["https:\/\/www.instagram.com\/jovoh_nappy\/"]}]}},"_links":{"self":[{"href":"https:\/\/jovoh.com\/de\/wp-json\/wp\/v2\/product\/9689","targetHints":{"allow":["GET"]}}],"collection":[{"href":"https:\/\/jovoh.com\/de\/wp-json\/wp\/v2\/product"}],"about":[{"href":"https:\/\/jovoh.com\/de\/wp-json\/wp\/v2\/types\/product"}],"wp:featuredmedia":[{"embeddable":true,"href":"https:\/\/jovoh.com\/de\/wp-json\/wp\/v2\/media\/58926"}],"wp:attachment":[{"href":"https:\/\/jovoh.com\/de\/wp-json\/wp\/v2\/media?parent=9689"}],"wp:term":[{"taxonomy":"product_brand","embeddable":true,"href":"https:\/\/jovoh.com\/de\/wp-json\/wp\/v2\/product_brand?post=9689"},{"taxonomy":"product_cat","embeddable":true,"href":"https:\/\/jovoh.com\/de\/wp-json\/wp\/v2\/product_cat?post=9689"},{"taxonomy":"product_tag","embeddable":true,"href":"https:\/\/jovoh.com\/de\/wp-json\/wp\/v2\/product_tag?post=9689"}],"curies":[{"name":"wp","href":"https:\/\/api.w.org\/{rel}","templated":true}]}}