{"id":9717,"date":"2022-02-17T17:00:37","date_gmt":"2022-02-17T15:00:38","guid":{"rendered":"https:\/\/jovoh.com\/?post_type=product&#038;p=9717"},"modified":"2025-01-07T11:12:08","modified_gmt":"2025-01-07T10:12:08","slug":"merino-wool-liner","status":"publish","type":"product","link":"https:\/\/jovoh.com\/de\/produkt\/merino-wool-liner\/","title":{"rendered":"Wolle Liner"},"content":{"rendered":"<ul>\n<li>Mit der Hand oder im Wollprogramm der Waschmaschine bei maximal 30\u00b0C waschen.<\/li>\n<li>Nicht bleichen. Nicht b\u00fcgeln. Kein Trockner.<\/li>\n<li>Hergestellt aus 100% Bio-Merinowolle (kbT)<\/li>\n<\/ul>\n","protected":false},"excerpt":{"rendered":"<p>Der Wolle Liner besteht aus 100 % Bio-Merinowolle und kann vielseitig eingesetzt werden:<\/p>\n<ol>\n<li>Nach dem Fetten kann der Liner als zus\u00e4tzliche Lage direkt in die Woll\u00fcberhose gelegt werden und dient hier als zus\u00e4tzlicher N\u00e4sseschutz. Dies kann vor allem f\u00fcr Kinder interessant sein, die viel einn\u00e4ssen, oder wenn du dein Kind gerne im Tragetuch tr\u00e4gst. Durch den zus\u00e4tzlichen Druck kann Feuchtigkeit durch die Woll\u00fcberhose gedr\u00fcckt werden. Durch die Verwendung eines Wolle Liners wird das Auslaufen der Windel reduziert.   <\/li>\n<li>Manche Babys reagieren empfindlich auf Feuchtigkeit. Hier kann ein Wolle Liner helfen, denn Wolle transportiert die Feuchtigkeit nach unten und das Kind f\u00fchlt sich weniger nass. Der Liner wird ungefettet auf die anderen Saugeinlagen gelegt, in direktem Kontakt zum Kind.  <\/li>\n<\/ol>\n<p>&nbsp;<\/p>\n<p>Der Wolle Liner ist entweder aus Bio-Wollfleece oder aus Bio-Feinwalk (beides Merinowolle) erh\u00e4ltlich. <a style=\"color: #67788c;\" href=\"https:\/\/jovoh.com\/wool-types\/\"><span style=\"color: #67788c;\">Lese mehr \u00fcber Bio-Merinowolle im Allgemeinen und die verschiedenen Wollsorten in unserem Artikel<\/span><\/a>. Du kannst den Wolle Liner zusammen mit der Woll\u00fcberhose in der gleichen Sch\u00fcssel fetten. Wie man Wolle mit Lanoline impregniert, wird <a style=\"color: #67788c;\" href=\"https:\/\/jovoh.com\/care-of-wool-diaper\/\"><span style=\"color: #67788c;\">hier<\/span><\/a> erkl\u00e4rt.  <\/p>\n<p>&nbsp;<\/p>\n<p><strong>Material<\/strong>: 100% Wolle (kbT)<\/p>\n<p><strong>Verf\u00fcgbar in zwei Gr\u00f6\u00dfen:<br \/>\n<\/strong>Neugeborenes (approx. 25 x 11 cm)<br \/>\nGro\u00df (approx. 26 x 13 cm)<\/p>\n<p>&nbsp;<\/p>\n<p>&nbsp;<\/p>\n","protected":false},"featured_media":9733,"template":"","meta":{"kt_blocks_editor_width":""},"product_brand":[],"product_cat":[133],"product_tag":[],"class_list":{"0":"post-9717","1":"product","2":"type-product","3":"status-publish","4":"has-post-thumbnail","6":"product_cat-saugeinlagen","8":"first","9":"instock","10":"taxable","11":"shipping-taxable","12":"purchasable","13":"product-type-variable"},"yoast_head":"<!-- This site is optimized with the Yoast SEO plugin v27.5 - https:\/\/yoast.com\/product\/yoast-seo-wordpress\/ -->\n<title>Wolle Liner -<\/title>\n<meta name=\"description\" content=\"Eine Wolle Liner hat zwei Funktionen. Entweder f\u00fcr Babys, die empfindlich auf Feuchtigkeit reagieren, oder als zus\u00e4tzliche wasserabweisende Wollschicht.\" \/>\n<meta name=\"robots\" content=\"index, follow, max-snippet:-1, max-image-preview:large, max-video-preview:-1\" \/>\n<link rel=\"canonical\" href=\"https:\/\/jovoh.com\/de\/produkt\/merino-wool-liner\/\" \/>\n<meta property=\"og:locale\" content=\"de_DE\" \/>\n<meta property=\"og:type\" content=\"article\" \/>\n<meta property=\"og:title\" content=\"Wolle Liner -\" \/>\n<meta property=\"og:description\" content=\"Eine Wolle Liner hat zwei Funktionen. Entweder f\u00fcr Babys, die empfindlich auf Feuchtigkeit reagieren, oder als zus\u00e4tzliche wasserabweisende Wollschicht.\" \/>\n<meta property=\"og:url\" content=\"https:\/\/jovoh.com\/de\/produkt\/merino-wool-liner\/\" \/>\n<meta property=\"article:publisher\" content=\"https:\/\/www.instagram.com\/jovoh_nappy\/\" \/>\n<meta property=\"article:modified_time\" content=\"2025-01-07T10:12:08+00:00\" \/>\n<meta property=\"og:image\" content=\"https:\/\/jovoh.com\/wp-content\/uploads\/2022\/02\/IMG_5129.jpg\" \/>\n\t<meta property=\"og:image:width\" content=\"1024\" \/>\n\t<meta property=\"og:image:height\" content=\"1024\" \/>\n\t<meta property=\"og:image:type\" content=\"image\/jpeg\" \/>\n<meta name=\"twitter:card\" content=\"summary_large_image\" \/>\n<script type=\"application\/ld+json\" class=\"yoast-schema-graph\">{\"@context\":\"https:\\\/\\\/schema.org\",\"@graph\":[{\"@type\":\"WebPage\",\"@id\":\"https:\\\/\\\/jovoh.com\\\/de\\\/produkt\\\/merino-wool-liner\\\/\",\"url\":\"https:\\\/\\\/jovoh.com\\\/de\\\/produkt\\\/merino-wool-liner\\\/\",\"name\":\"Wolle Liner -\",\"isPartOf\":{\"@id\":\"https:\\\/\\\/jovoh.com\\\/de\\\/#website\"},\"primaryImageOfPage\":{\"@id\":\"https:\\\/\\\/jovoh.com\\\/de\\\/produkt\\\/merino-wool-liner\\\/#primaryimage\"},\"image\":{\"@id\":\"https:\\\/\\\/jovoh.com\\\/de\\\/produkt\\\/merino-wool-liner\\\/#primaryimage\"},\"thumbnailUrl\":\"https:\\\/\\\/jovoh.com\\\/wp-content\\\/uploads\\\/2022\\\/02\\\/IMG_5129.jpg\",\"datePublished\":\"2022-02-17T15:00:38+00:00\",\"dateModified\":\"2025-01-07T10:12:08+00:00\",\"description\":\"Eine Wolle Liner hat zwei Funktionen. Entweder f\u00fcr Babys, die empfindlich auf Feuchtigkeit reagieren, oder als zus\u00e4tzliche wasserabweisende Wollschicht.\",\"breadcrumb\":{\"@id\":\"https:\\\/\\\/jovoh.com\\\/de\\\/produkt\\\/merino-wool-liner\\\/#breadcrumb\"},\"inLanguage\":\"de-DE\",\"potentialAction\":[{\"@type\":\"ReadAction\",\"target\":[\"https:\\\/\\\/jovoh.com\\\/de\\\/produkt\\\/merino-wool-liner\\\/\"]}]},{\"@type\":\"ImageObject\",\"inLanguage\":\"de-DE\",\"@id\":\"https:\\\/\\\/jovoh.com\\\/de\\\/produkt\\\/merino-wool-liner\\\/#primaryimage\",\"url\":\"https:\\\/\\\/jovoh.com\\\/wp-content\\\/uploads\\\/2022\\\/02\\\/IMG_5129.jpg\",\"contentUrl\":\"https:\\\/\\\/jovoh.com\\\/wp-content\\\/uploads\\\/2022\\\/02\\\/IMG_5129.jpg\",\"width\":1024,\"height\":1024,\"caption\":\"Wool liner\"},{\"@type\":\"BreadcrumbList\",\"@id\":\"https:\\\/\\\/jovoh.com\\\/de\\\/produkt\\\/merino-wool-liner\\\/#breadcrumb\",\"itemListElement\":[{\"@type\":\"ListItem\",\"position\":1,\"name\":\"Home\",\"item\":\"https:\\\/\\\/jovoh.com\\\/de\\\/\"},{\"@type\":\"ListItem\",\"position\":2,\"name\":\"Shop\",\"item\":\"https:\\\/\\\/jovoh.com\\\/shop\\\/\"},{\"@type\":\"ListItem\",\"position\":3,\"name\":\"Wolle Liner\"}]},{\"@type\":\"WebSite\",\"@id\":\"https:\\\/\\\/jovoh.com\\\/de\\\/#website\",\"url\":\"https:\\\/\\\/jovoh.com\\\/de\\\/\",\"name\":\"jovoh\",\"description\":\"\",\"publisher\":{\"@id\":\"https:\\\/\\\/jovoh.com\\\/de\\\/#organization\"},\"potentialAction\":[{\"@type\":\"SearchAction\",\"target\":{\"@type\":\"EntryPoint\",\"urlTemplate\":\"https:\\\/\\\/jovoh.com\\\/de\\\/?s={search_term_string}\"},\"query-input\":{\"@type\":\"PropertyValueSpecification\",\"valueRequired\":true,\"valueName\":\"search_term_string\"}}],\"inLanguage\":\"de-DE\"},{\"@type\":\"Organization\",\"@id\":\"https:\\\/\\\/jovoh.com\\\/de\\\/#organization\",\"name\":\"Jovoh Design\",\"url\":\"https:\\\/\\\/jovoh.com\\\/de\\\/\",\"logo\":{\"@type\":\"ImageObject\",\"inLanguage\":\"de-DE\",\"@id\":\"https:\\\/\\\/jovoh.com\\\/de\\\/#\\\/schema\\\/logo\\\/image\\\/\",\"url\":\"https:\\\/\\\/jovoh.com\\\/wp-content\\\/uploads\\\/2024\\\/09\\\/Untitled_Artwork.png\",\"contentUrl\":\"https:\\\/\\\/jovoh.com\\\/wp-content\\\/uploads\\\/2024\\\/09\\\/Untitled_Artwork.png\",\"width\":1420,\"height\":929,\"caption\":\"Jovoh Design\"},\"image\":{\"@id\":\"https:\\\/\\\/jovoh.com\\\/de\\\/#\\\/schema\\\/logo\\\/image\\\/\"},\"sameAs\":[\"https:\\\/\\\/www.instagram.com\\\/jovoh_nappy\\\/\"]}]}<\/script>\n<!-- \/ Yoast SEO plugin. -->","yoast_head_json":{"title":"Wolle Liner -","description":"Eine Wolle Liner hat zwei Funktionen. Entweder f\u00fcr Babys, die empfindlich auf Feuchtigkeit reagieren, oder als zus\u00e4tzliche wasserabweisende Wollschicht.","robots":{"index":"index","follow":"follow","max-snippet":"max-snippet:-1","max-image-preview":"max-image-preview:large","max-video-preview":"max-video-preview:-1"},"canonical":"https:\/\/jovoh.com\/de\/produkt\/merino-wool-liner\/","og_locale":"de_DE","og_type":"article","og_title":"Wolle Liner -","og_description":"Eine Wolle Liner hat zwei Funktionen. Entweder f\u00fcr Babys, die empfindlich auf Feuchtigkeit reagieren, oder als zus\u00e4tzliche wasserabweisende Wollschicht.","og_url":"https:\/\/jovoh.com\/de\/produkt\/merino-wool-liner\/","article_publisher":"https:\/\/www.instagram.com\/jovoh_nappy\/","article_modified_time":"2025-01-07T10:12:08+00:00","og_image":[{"width":1024,"height":1024,"url":"https:\/\/jovoh.com\/wp-content\/uploads\/2022\/02\/IMG_5129.jpg","type":"image\/jpeg"}],"twitter_card":"summary_large_image","schema":{"@context":"https:\/\/schema.org","@graph":[{"@type":"WebPage","@id":"https:\/\/jovoh.com\/de\/produkt\/merino-wool-liner\/","url":"https:\/\/jovoh.com\/de\/produkt\/merino-wool-liner\/","name":"Wolle Liner -","isPartOf":{"@id":"https:\/\/jovoh.com\/de\/#website"},"primaryImageOfPage":{"@id":"https:\/\/jovoh.com\/de\/produkt\/merino-wool-liner\/#primaryimage"},"image":{"@id":"https:\/\/jovoh.com\/de\/produkt\/merino-wool-liner\/#primaryimage"},"thumbnailUrl":"https:\/\/jovoh.com\/wp-content\/uploads\/2022\/02\/IMG_5129.jpg","datePublished":"2022-02-17T15:00:38+00:00","dateModified":"2025-01-07T10:12:08+00:00","description":"Eine Wolle Liner hat zwei Funktionen. Entweder f\u00fcr Babys, die empfindlich auf Feuchtigkeit reagieren, oder als zus\u00e4tzliche wasserabweisende Wollschicht.","breadcrumb":{"@id":"https:\/\/jovoh.com\/de\/produkt\/merino-wool-liner\/#breadcrumb"},"inLanguage":"de-DE","potentialAction":[{"@type":"ReadAction","target":["https:\/\/jovoh.com\/de\/produkt\/merino-wool-liner\/"]}]},{"@type":"ImageObject","inLanguage":"de-DE","@id":"https:\/\/jovoh.com\/de\/produkt\/merino-wool-liner\/#primaryimage","url":"https:\/\/jovoh.com\/wp-content\/uploads\/2022\/02\/IMG_5129.jpg","contentUrl":"https:\/\/jovoh.com\/wp-content\/uploads\/2022\/02\/IMG_5129.jpg","width":1024,"height":1024,"caption":"Wool liner"},{"@type":"BreadcrumbList","@id":"https:\/\/jovoh.com\/de\/produkt\/merino-wool-liner\/#breadcrumb","itemListElement":[{"@type":"ListItem","position":1,"name":"Home","item":"https:\/\/jovoh.com\/de\/"},{"@type":"ListItem","position":2,"name":"Shop","item":"https:\/\/jovoh.com\/shop\/"},{"@type":"ListItem","position":3,"name":"Wolle Liner"}]},{"@type":"WebSite","@id":"https:\/\/jovoh.com\/de\/#website","url":"https:\/\/jovoh.com\/de\/","name":"jovoh","description":"","publisher":{"@id":"https:\/\/jovoh.com\/de\/#organization"},"potentialAction":[{"@type":"SearchAction","target":{"@type":"EntryPoint","urlTemplate":"https:\/\/jovoh.com\/de\/?s={search_term_string}"},"query-input":{"@type":"PropertyValueSpecification","valueRequired":true,"valueName":"search_term_string"}}],"inLanguage":"de-DE"},{"@type":"Organization","@id":"https:\/\/jovoh.com\/de\/#organization","name":"Jovoh Design","url":"https:\/\/jovoh.com\/de\/","logo":{"@type":"ImageObject","inLanguage":"de-DE","@id":"https:\/\/jovoh.com\/de\/#\/schema\/logo\/image\/","url":"https:\/\/jovoh.com\/wp-content\/uploads\/2024\/09\/Untitled_Artwork.png","contentUrl":"https:\/\/jovoh.com\/wp-content\/uploads\/2024\/09\/Untitled_Artwork.png","width":1420,"height":929,"caption":"Jovoh Design"},"image":{"@id":"https:\/\/jovoh.com\/de\/#\/schema\/logo\/image\/"},"sameAs":["https:\/\/www.instagram.com\/jovoh_nappy\/"]}]}},"_links":{"self":[{"href":"https:\/\/jovoh.com\/de\/wp-json\/wp\/v2\/product\/9717","targetHints":{"allow":["GET"]}}],"collection":[{"href":"https:\/\/jovoh.com\/de\/wp-json\/wp\/v2\/product"}],"about":[{"href":"https:\/\/jovoh.com\/de\/wp-json\/wp\/v2\/types\/product"}],"wp:featuredmedia":[{"embeddable":true,"href":"https:\/\/jovoh.com\/de\/wp-json\/wp\/v2\/media\/9733"}],"wp:attachment":[{"href":"https:\/\/jovoh.com\/de\/wp-json\/wp\/v2\/media?parent=9717"}],"wp:term":[{"taxonomy":"product_brand","embeddable":true,"href":"https:\/\/jovoh.com\/de\/wp-json\/wp\/v2\/product_brand?post=9717"},{"taxonomy":"product_cat","embeddable":true,"href":"https:\/\/jovoh.com\/de\/wp-json\/wp\/v2\/product_cat?post=9717"},{"taxonomy":"product_tag","embeddable":true,"href":"https:\/\/jovoh.com\/de\/wp-json\/wp\/v2\/product_tag?post=9717"}],"curies":[{"name":"wp","href":"https:\/\/api.w.org\/{rel}","templated":true}]}}